{"id":27365,"date":"2025-03-03T17:15:34","date_gmt":"2025-03-03T16:15:34","guid":{"rendered":"https:\/\/avinent.com\/avinent-universe\/documentacio\/"},"modified":"2025-03-18T15:54:52","modified_gmt":"2025-03-18T14:54:52","slug":"documentacio","status":"publish","type":"page","link":"https:\/\/avinent.com\/ca\/avinent-universe\/documentacio\/","title":{"rendered":"Documentaci\u00f3"},"content":{"rendered":"\t\t<div data-elementor-type=\"wp-page\" data-elementor-id=\"27365\" class=\"elementor elementor-27365 elementor-26470\" data-elementor-post-type=\"page\">\n\t\t\t\t<div class=\"elementor-element elementor-element-a3f51a2 e-con-full e-flex e-con e-parent\" data-id=\"a3f51a2\" data-element_type=\"container\" data-e-type=\"container\" data-settings=\"{&quot;background_background&quot;:&quot;classic&quot;}\">\n\t\t<div class=\"elementor-element elementor-element-17f01d3 e-flex e-con-boxed elementor-invisible e-con e-child\" data-id=\"17f01d3\" data-element_type=\"container\" data-e-type=\"container\" data-settings=\"{&quot;animation&quot;:&quot;fadeInRight&quot;}\">\n\t\t\t\t\t<div class=\"e-con-inner\">\n\t\t\t\t<div class=\"elementor-element elementor-element-8a7bd07 elementor-widget__width-initial elementor-widget-mobile__width-initial elementor-widget elementor-widget-heading\" data-id=\"8a7bd07\" data-element_type=\"widget\" data-e-type=\"widget\" data-widget_type=\"heading.default\">\n\t\t\t\t<div class=\"elementor-widget-container\">\n\t\t\t\t\t<h1 class=\"elementor-heading-title elementor-size-default\">DOCUMENTACI\u00d3 DENTAL<\/h1>\t\t\t\t<\/div>\n\t\t\t\t<\/div>\n\t\t\t\t<div class=\"elementor-element elementor-element-dae0928 elementor-widget__width-initial elementor-widget elementor-widget-text-editor\" data-id=\"dae0928\" data-element_type=\"widget\" data-e-type=\"widget\" data-widget_type=\"text-editor.default\">\n\t\t\t\t<div class=\"elementor-widget-container\">\n\t\t\t\t\t\t\t\t\t<p>Les nostres solucions dentals garanteixen el compliment de la normativa sanit\u00e0ria i una qualitat excel\u00b7lent per obtenir resultats segurs i fiables.<\/p>\n<p>A la vostra disposici\u00f3 tota la documentaci\u00f3 t\u00e8cnica dental dels nostres productes, per accedir a la desc\u00e0rrega dels cat\u00e0legs, o b\u00e9 a les instruccions d&#8217;\u00fas de les refer\u00e8ncies de producte d&#8217;Avinent.<\/p>\n\t\t\t\t\t\t\t\t<\/div>\n\t\t\t\t<\/div>\n\t\t\t\t<div class=\"elementor-element elementor-element-380f86d elementor-align-left elementor-widget__width-initial elementor-invisible elementor-widget elementor-widget-button\" data-id=\"380f86d\" data-element_type=\"widget\" data-e-type=\"widget\" data-settings=\"{&quot;_animation&quot;:&quot;fadeIn&quot;}\" data-widget_type=\"button.default\">\n\t\t\t\t<div class=\"elementor-widget-container\">\n\t\t\t\t\t\t\t\t\t<div class=\"elementor-button-wrapper\">\n\t\t\t\t\t<a class=\"elementor-button elementor-button-link elementor-size-sm\" href=\"https:\/\/avinent.com\/catalogos-2\/\">\n\t\t\t\t\t\t<span class=\"elementor-button-content-wrapper\">\n\t\t\t\t\t\t\t\t\t<span class=\"elementor-button-text\"> Accedir als cat\u00e0legs<\/span>\n\t\t\t\t\t<\/span>\n\t\t\t\t\t<\/a>\n\t\t\t\t<\/div>\n\t\t\t\t\t\t\t\t<\/div>\n\t\t\t\t<\/div>\n\t\t\t\t\t<\/div>\n\t\t\t\t<\/div>\n\t\t\t\t<\/div>\n\t\t<div class=\"elementor-element elementor-element-4ddc5f2 solution-category-section e-flex e-con-boxed e-con e-parent\" data-id=\"4ddc5f2\" data-element_type=\"container\" data-e-type=\"container\" data-settings=\"{&quot;background_background&quot;:&quot;classic&quot;}\">\n\t\t\t\t\t<div class=\"e-con-inner\">\n\t\t\t\t<div class=\"elementor-element elementor-element-02f1edf elementor-cta--layout-image-above elementor-widget__width-initial elementor-widget-laptop__width-initial elementor-cta--skin-classic elementor-animated-content elementor-widget elementor-widget-call-to-action\" data-id=\"02f1edf\" data-element_type=\"widget\" data-e-type=\"widget\" data-widget_type=\"call-to-action.default\">\n\t\t\t\t<div class=\"elementor-widget-container\">\n\t\t\t\t\t\t\t<a class=\"elementor-cta\" href=\"https:\/\/ifu.avinent.com\/\">\n\t\t\t\t\t<div class=\"elementor-cta__bg-wrapper\">\n\t\t\t\t<div class=\"elementor-cta__bg elementor-bg\" style=\"background-image: url(https:\/\/avinent.com\/wp-content\/uploads\/2025\/03\/Documentacion-tecnica-dentales.jpg);\" role=\"img\" aria-label=\"Documentacion-tecnica-dentales\"><\/div>\n\t\t\t\t<div class=\"elementor-cta__bg-overlay\"><\/div>\n\t\t\t<\/div>\n\t\t\t\t\t\t\t<div class=\"elementor-cta__content\">\n\t\t\t\t\n\t\t\t\t\t\t\t\t\t<h2 class=\"elementor-cta__title elementor-cta__content-item elementor-content-item\">\n\t\t\t\t\t\t<b>INSTRUCCIONS D'\u00daS<\/b>\t\t\t\t\t<\/h2>\n\t\t\t\t\n\t\t\t\t\t\t\t\t\t<div class=\"elementor-cta__description elementor-cta__content-item elementor-content-item\">\n\t\t\t\t\t\t<p>Accedeix a la p\u00e0gina web i introdueix la refer\u00e8ncia dels productes d'Avinent que hagis adquirit per obtenir-ne les instruccions d'\u00fas<\/p>\n\t\t\t\t\t<\/div>\n\t\t\t\t\n\t\t\t\t\t\t\t\t\t<div class=\"elementor-cta__button-wrapper elementor-cta__content-item elementor-content-item \">\n\t\t\t\t\t<span class=\"elementor-cta__button elementor-button elementor-size-\">\n\t\t\t\t\t\tAccedir a la p\u00e0gina &gt;\t\t\t\t\t<\/span>\n\t\t\t\t\t<\/div>\n\t\t\t\t\t\t\t<\/div>\n\t\t\t\t\t\t<\/a>\n\t\t\t\t\t\t<\/div>\n\t\t\t\t<\/div>\n\t\t\t\t\t<\/div>\n\t\t\t\t<\/div>\n\t\t<div class=\"elementor-element elementor-element-1a5b68d e-flex e-con-boxed e-con e-parent\" data-id=\"1a5b68d\" data-element_type=\"container\" data-e-type=\"container\" data-settings=\"{&quot;background_background&quot;:&quot;classic&quot;}\">\n\t\t\t\t\t<div class=\"e-con-inner\">\n\t\t<div class=\"elementor-element elementor-element-bb751f3 e-con-full e-flex e-con e-child\" data-id=\"bb751f3\" data-element_type=\"container\" data-e-type=\"container\">\n\t\t\t\t<div class=\"elementor-element elementor-element-54ec99e elementor-widget__width-initial elementor-widget-mobile__width-initial elementor-invisible elementor-widget elementor-widget-heading\" data-id=\"54ec99e\" data-element_type=\"widget\" data-e-type=\"widget\" data-settings=\"{&quot;_animation&quot;:&quot;fadeInLeft&quot;}\" data-widget_type=\"heading.default\">\n\t\t\t\t<div class=\"elementor-widget-container\">\n\t\t\t\t\t<h2 class=\"elementor-heading-title elementor-size-default\">Tota la info de les solucions dentals<\/h2>\t\t\t\t<\/div>\n\t\t\t\t<\/div>\n\t\t\t\t<div class=\"elementor-element elementor-element-c1ba505 elementor-widget__width-initial elementor-widget-mobile__width-initial elementor-invisible elementor-widget elementor-widget-heading\" data-id=\"c1ba505\" data-element_type=\"widget\" data-e-type=\"widget\" data-settings=\"{&quot;_animation&quot;:&quot;fadeInLeft&quot;}\" data-widget_type=\"heading.default\">\n\t\t\t\t<div class=\"elementor-widget-container\">\n\t\t\t\t\t<h4 class=\"elementor-heading-title elementor-size-default\"><strong>Accediu a la desc\u00e0rrega del nostre cat\u00e0leg de producte<\/strong><\/h4>\t\t\t\t<\/div>\n\t\t\t\t<\/div>\n\t\t<div class=\"elementor-element elementor-element-6d569df e-con-full e-flex e-con e-child\" data-id=\"6d569df\" data-element_type=\"container\" data-e-type=\"container\">\n\t\t<a class=\"elementor-element elementor-element-7f1007a e-con-full e-flex elementor-invisible e-con e-child\" data-id=\"7f1007a\" data-element_type=\"container\" data-e-type=\"container\" data-settings=\"{&quot;background_background&quot;:&quot;classic&quot;,&quot;animation&quot;:&quot;zoomIn&quot;}\" href=\"https:\/\/avinent.com\/ca\/catalegs\/\">\n\t\t\t\t<\/a>\n\t\t<div class=\"elementor-element elementor-element-ee30cbf e-con-full e-flex elementor-invisible e-con e-child\" data-id=\"ee30cbf\" data-element_type=\"container\" data-e-type=\"container\" data-settings=\"{&quot;animation&quot;:&quot;fadeInRight&quot;}\">\n\t\t\t\t<div class=\"elementor-element elementor-element-b524a44 elementor-widget__width-initial elementor-widget elementor-widget-text-editor\" data-id=\"b524a44\" data-element_type=\"widget\" data-e-type=\"widget\" data-widget_type=\"text-editor.default\">\n\t\t\t\t<div class=\"elementor-widget-container\">\n\t\t\t\t\t\t\t\t\t<p>Aqu\u00ed trobar\u00e0s tota la documentaci\u00f3 del nostre cat\u00e0leg de solucions m\u00e8diques-dentals.<\/p>\n<p>Si segueixes tenint dubtes, posa&#8217;t en contacte amb el nostre equip per resoldre qualsevol q\u00fcesti\u00f3. Estem disponibles de dilluns a divendres de 9:00 a 19:00 h.<\/p>\n\t\t\t\t\t\t\t\t<\/div>\n\t\t\t\t<\/div>\n\t\t\t\t<div class=\"elementor-element elementor-element-f26d2b5 elementor-align-left elementor-widget__width-initial elementor-mobile-align-left elementor-invisible elementor-widget elementor-widget-button\" data-id=\"f26d2b5\" data-element_type=\"widget\" data-e-type=\"widget\" data-settings=\"{&quot;_animation&quot;:&quot;fadeIn&quot;}\" data-widget_type=\"button.default\">\n\t\t\t\t<div class=\"elementor-widget-container\">\n\t\t\t\t\t\t\t\t\t<div class=\"elementor-button-wrapper\">\n\t\t\t\t\t<a class=\"elementor-button elementor-button-link elementor-size-sm\" href=\"https:\/\/avinent.com\/ca\/contacta\/\">\n\t\t\t\t\t\t<span class=\"elementor-button-content-wrapper\">\n\t\t\t\t\t\t\t\t\t<span class=\"elementor-button-text\">Posar-me en contacte<\/span>\n\t\t\t\t\t<\/span>\n\t\t\t\t\t<\/a>\n\t\t\t\t<\/div>\n\t\t\t\t\t\t\t\t<\/div>\n\t\t\t\t<\/div>\n\t\t\t\t<\/div>\n\t\t\t\t<\/div>\n\t\t\t\t<\/div>\n\t\t\t\t\t<\/div>\n\t\t\t\t<\/div>\n\t\t\t\t<\/div>\n\t\t","protected":false},"excerpt":{"rendered":"<p>Tota la documentaci\u00f3 t\u00e8cnica de les nostres solucions dentals per complir amb la normativa i assegurar una qualitat excel\u00b7lent a cadascuna de les nostres solucions.<\/p>\n","protected":false},"author":4,"featured_media":26476,"parent":26711,"menu_order":211,"comment_status":"closed","ping_status":"closed","template":"","meta":{"_acf_changed":false,"inline_featured_image":false,"footnotes":""},"class_list":["post-27365","page","type-page","status-publish","has-post-thumbnail","hentry"],"acf":[],"yoast_head":"<!-- This site is optimized with the Yoast SEO plugin v26.8 - https:\/\/yoast.com\/product\/yoast-seo-wordpress\/ -->\n<title>Accedeix a la Documentaci\u00f3 T\u00e8cnica Dental | Avinent<\/title>\n<meta name=\"description\" content=\"A la vostra disposici\u00f3 les instruccions d&#039;\u00fas de cadascuna de les nostres solucions dentals, per complir amb la normativa i assegurar-ne la qualitat.\" \/>\n<meta name=\"robots\" content=\"index, follow, max-snippet:-1, max-image-preview:large, max-video-preview:-1\" \/>\n<meta property=\"og:locale\" content=\"ca_ES\" \/>\n<meta property=\"og:type\" content=\"article\" \/>\n<meta property=\"og:title\" content=\"Accedeix a la Documentaci\u00f3 T\u00e8cnica Dental | Avinent\" \/>\n<meta property=\"og:description\" content=\"A la vostra disposici\u00f3 les instruccions d&#039;\u00fas de cadascuna de les nostres solucions dentals, per complir amb la normativa i assegurar-ne la qualitat.\" \/>\n<meta property=\"og:url\" content=\"https:\/\/avinent.wwwarcelona.net\/avinent-universe\/documentacion\/\" \/>\n<meta property=\"og:site_name\" content=\"Avinent\" \/>\n<meta property=\"article:modified_time\" content=\"2025-03-18T14:54:52+00:00\" \/>\n<meta property=\"og:image\" content=\"https:\/\/avinent.wwwarcelona.net\/wp-content\/uploads\/2025\/03\/Documentacion-tecnica-dentales.jpg\" \/>\n\t<meta property=\"og:image:width\" content=\"1080\" \/>\n\t<meta property=\"og:image:height\" content=\"1080\" \/>\n\t<meta property=\"og:image:type\" content=\"image\/jpeg\" \/>\n<meta name=\"twitter:card\" content=\"summary_large_image\" \/>\n<meta name=\"twitter:label1\" content=\"Temps estimat de lectura\" \/>\n\t<meta name=\"twitter:data1\" content=\"1 minut\" \/>\n<script type=\"application\/ld+json\" class=\"yoast-schema-graph\">{\"@context\":\"https:\/\/schema.org\",\"@graph\":[{\"@type\":\"WebPage\",\"@id\":\"https:\/\/avinent.wwwarcelona.net\/avinent-universe\/documentacion\/\",\"url\":\"https:\/\/avinent.wwwarcelona.net\/avinent-universe\/documentacion\/\",\"name\":\"Accedeix a la Documentaci\u00f3 T\u00e8cnica Dental | Avinent\",\"isPartOf\":{\"@id\":\"https:\/\/avinent.com\/#website\"},\"primaryImageOfPage\":{\"@id\":\"https:\/\/avinent.wwwarcelona.net\/avinent-universe\/documentacion\/#primaryimage\"},\"image\":{\"@id\":\"https:\/\/avinent.wwwarcelona.net\/avinent-universe\/documentacion\/#primaryimage\"},\"thumbnailUrl\":\"https:\/\/avinent.com\/wp-content\/uploads\/2025\/03\/Documentacion-tecnica-dentales.jpg\",\"datePublished\":\"2025-03-03T16:15:34+00:00\",\"dateModified\":\"2025-03-18T14:54:52+00:00\",\"description\":\"A la vostra disposici\u00f3 les instruccions d'\u00fas de cadascuna de les nostres solucions dentals, per complir amb la normativa i assegurar-ne la qualitat.\",\"breadcrumb\":{\"@id\":\"https:\/\/avinent.wwwarcelona.net\/avinent-universe\/documentacion\/#breadcrumb\"},\"inLanguage\":\"ca\",\"potentialAction\":[{\"@type\":\"ReadAction\",\"target\":[\"https:\/\/avinent.wwwarcelona.net\/avinent-universe\/documentacion\/\"]}]},{\"@type\":\"ImageObject\",\"inLanguage\":\"ca\",\"@id\":\"https:\/\/avinent.wwwarcelona.net\/avinent-universe\/documentacion\/#primaryimage\",\"url\":\"https:\/\/avinent.com\/wp-content\/uploads\/2025\/03\/Documentacion-tecnica-dentales.jpg\",\"contentUrl\":\"https:\/\/avinent.com\/wp-content\/uploads\/2025\/03\/Documentacion-tecnica-dentales.jpg\",\"width\":1080,\"height\":1080},{\"@type\":\"BreadcrumbList\",\"@id\":\"https:\/\/avinent.wwwarcelona.net\/avinent-universe\/documentacion\/#breadcrumb\",\"itemListElement\":[{\"@type\":\"ListItem\",\"position\":1,\"name\":\"Portada\",\"item\":\"https:\/\/avinent.com\/ca\/home\/\"},{\"@type\":\"ListItem\",\"position\":2,\"name\":\"Avinent Universe\",\"item\":\"https:\/\/avinent.wwwarcelona.net\/ca\/avinent-universe\/\"},{\"@type\":\"ListItem\",\"position\":3,\"name\":\"Documentaci\u00f3\"}]},{\"@type\":\"WebSite\",\"@id\":\"https:\/\/avinent.com\/#website\",\"url\":\"https:\/\/avinent.com\/\",\"name\":\"Avinent\",\"description\":\"Todas las soluciones m\u00e9dicas y dentales\",\"publisher\":{\"@id\":\"https:\/\/avinent.com\/#organization\"},\"potentialAction\":[{\"@type\":\"SearchAction\",\"target\":{\"@type\":\"EntryPoint\",\"urlTemplate\":\"https:\/\/avinent.com\/?s={search_term_string}\"},\"query-input\":{\"@type\":\"PropertyValueSpecification\",\"valueRequired\":true,\"valueName\":\"search_term_string\"}}],\"inLanguage\":\"ca\"},{\"@type\":\"Organization\",\"@id\":\"https:\/\/avinent.com\/#organization\",\"name\":\"Avinent\",\"url\":\"https:\/\/avinent.com\/\",\"logo\":{\"@type\":\"ImageObject\",\"inLanguage\":\"ca\",\"@id\":\"https:\/\/avinent.com\/#\/schema\/logo\/image\/\",\"url\":\"https:\/\/avinent.com\/wp-content\/uploads\/2021\/10\/cropped-9216650250dc9798b51ff14a0e1c16c7.png\",\"contentUrl\":\"https:\/\/avinent.com\/wp-content\/uploads\/2021\/10\/cropped-9216650250dc9798b51ff14a0e1c16c7.png\",\"width\":122,\"height\":79,\"caption\":\"Avinent\"},\"image\":{\"@id\":\"https:\/\/avinent.com\/#\/schema\/logo\/image\/\"}}]}<\/script>\n<!-- \/ Yoast SEO plugin. -->","yoast_head_json":{"title":"Accedeix a la Documentaci\u00f3 T\u00e8cnica Dental | Avinent","description":"A la vostra disposici\u00f3 les instruccions d'\u00fas de cadascuna de les nostres solucions dentals, per complir amb la normativa i assegurar-ne la qualitat.","robots":{"index":"index","follow":"follow","max-snippet":"max-snippet:-1","max-image-preview":"max-image-preview:large","max-video-preview":"max-video-preview:-1"},"og_locale":"ca_ES","og_type":"article","og_title":"Accedeix a la Documentaci\u00f3 T\u00e8cnica Dental | Avinent","og_description":"A la vostra disposici\u00f3 les instruccions d'\u00fas de cadascuna de les nostres solucions dentals, per complir amb la normativa i assegurar-ne la qualitat.","og_url":"https:\/\/avinent.wwwarcelona.net\/avinent-universe\/documentacion\/","og_site_name":"Avinent","article_modified_time":"2025-03-18T14:54:52+00:00","og_image":[{"width":1080,"height":1080,"url":"https:\/\/avinent.wwwarcelona.net\/wp-content\/uploads\/2025\/03\/Documentacion-tecnica-dentales.jpg","type":"image\/jpeg"}],"twitter_card":"summary_large_image","twitter_misc":{"Temps estimat de lectura":"1 minut"},"schema":{"@context":"https:\/\/schema.org","@graph":[{"@type":"WebPage","@id":"https:\/\/avinent.wwwarcelona.net\/avinent-universe\/documentacion\/","url":"https:\/\/avinent.wwwarcelona.net\/avinent-universe\/documentacion\/","name":"Accedeix a la Documentaci\u00f3 T\u00e8cnica Dental | Avinent","isPartOf":{"@id":"https:\/\/avinent.com\/#website"},"primaryImageOfPage":{"@id":"https:\/\/avinent.wwwarcelona.net\/avinent-universe\/documentacion\/#primaryimage"},"image":{"@id":"https:\/\/avinent.wwwarcelona.net\/avinent-universe\/documentacion\/#primaryimage"},"thumbnailUrl":"https:\/\/avinent.com\/wp-content\/uploads\/2025\/03\/Documentacion-tecnica-dentales.jpg","datePublished":"2025-03-03T16:15:34+00:00","dateModified":"2025-03-18T14:54:52+00:00","description":"A la vostra disposici\u00f3 les instruccions d'\u00fas de cadascuna de les nostres solucions dentals, per complir amb la normativa i assegurar-ne la qualitat.","breadcrumb":{"@id":"https:\/\/avinent.wwwarcelona.net\/avinent-universe\/documentacion\/#breadcrumb"},"inLanguage":"ca","potentialAction":[{"@type":"ReadAction","target":["https:\/\/avinent.wwwarcelona.net\/avinent-universe\/documentacion\/"]}]},{"@type":"ImageObject","inLanguage":"ca","@id":"https:\/\/avinent.wwwarcelona.net\/avinent-universe\/documentacion\/#primaryimage","url":"https:\/\/avinent.com\/wp-content\/uploads\/2025\/03\/Documentacion-tecnica-dentales.jpg","contentUrl":"https:\/\/avinent.com\/wp-content\/uploads\/2025\/03\/Documentacion-tecnica-dentales.jpg","width":1080,"height":1080},{"@type":"BreadcrumbList","@id":"https:\/\/avinent.wwwarcelona.net\/avinent-universe\/documentacion\/#breadcrumb","itemListElement":[{"@type":"ListItem","position":1,"name":"Portada","item":"https:\/\/avinent.com\/ca\/home\/"},{"@type":"ListItem","position":2,"name":"Avinent Universe","item":"https:\/\/avinent.wwwarcelona.net\/ca\/avinent-universe\/"},{"@type":"ListItem","position":3,"name":"Documentaci\u00f3"}]},{"@type":"WebSite","@id":"https:\/\/avinent.com\/#website","url":"https:\/\/avinent.com\/","name":"Avinent","description":"Todas las soluciones m\u00e9dicas y dentales","publisher":{"@id":"https:\/\/avinent.com\/#organization"},"potentialAction":[{"@type":"SearchAction","target":{"@type":"EntryPoint","urlTemplate":"https:\/\/avinent.com\/?s={search_term_string}"},"query-input":{"@type":"PropertyValueSpecification","valueRequired":true,"valueName":"search_term_string"}}],"inLanguage":"ca"},{"@type":"Organization","@id":"https:\/\/avinent.com\/#organization","name":"Avinent","url":"https:\/\/avinent.com\/","logo":{"@type":"ImageObject","inLanguage":"ca","@id":"https:\/\/avinent.com\/#\/schema\/logo\/image\/","url":"https:\/\/avinent.com\/wp-content\/uploads\/2021\/10\/cropped-9216650250dc9798b51ff14a0e1c16c7.png","contentUrl":"https:\/\/avinent.com\/wp-content\/uploads\/2021\/10\/cropped-9216650250dc9798b51ff14a0e1c16c7.png","width":122,"height":79,"caption":"Avinent"},"image":{"@id":"https:\/\/avinent.com\/#\/schema\/logo\/image\/"}}]}},"_links":{"self":[{"href":"https:\/\/avinent.com\/ca\/wp-json\/wp\/v2\/pages\/27365","targetHints":{"allow":["GET"]}}],"collection":[{"href":"https:\/\/avinent.com\/ca\/wp-json\/wp\/v2\/pages"}],"about":[{"href":"https:\/\/avinent.com\/ca\/wp-json\/wp\/v2\/types\/page"}],"author":[{"embeddable":true,"href":"https:\/\/avinent.com\/ca\/wp-json\/wp\/v2\/users\/4"}],"replies":[{"embeddable":true,"href":"https:\/\/avinent.com\/ca\/wp-json\/wp\/v2\/comments?post=27365"}],"version-history":[{"count":4,"href":"https:\/\/avinent.com\/ca\/wp-json\/wp\/v2\/pages\/27365\/revisions"}],"predecessor-version":[{"id":31178,"href":"https:\/\/avinent.com\/ca\/wp-json\/wp\/v2\/pages\/27365\/revisions\/31178"}],"up":[{"embeddable":true,"href":"https:\/\/avinent.com\/ca\/wp-json\/wp\/v2\/pages\/26711"}],"wp:featuredmedia":[{"embeddable":true,"href":"https:\/\/avinent.com\/ca\/wp-json\/wp\/v2\/media\/26476"}],"wp:attachment":[{"href":"https:\/\/avinent.com\/ca\/wp-json\/wp\/v2\/media?parent=27365"}],"curies":[{"name":"wp","href":"https:\/\/api.w.org\/{rel}","templated":true}]}}