{"id":27389,"date":"2025-03-02T22:10:46","date_gmt":"2025-03-02T21:10:46","guid":{"rendered":"https:\/\/avinent.com\/sobre-nosaltres\/normativa-sanitaria\/"},"modified":"2025-03-24T08:51:47","modified_gmt":"2025-03-24T07:51:47","slug":"normativa-sanitaria","status":"publish","type":"page","link":"https:\/\/avinent.com\/ca\/sobre-nosaltres\/normativa-sanitaria\/","title":{"rendered":"Normativa sanit\u00e0ria"},"content":{"rendered":"\t\t<div data-elementor-type=\"wp-page\" data-elementor-id=\"27389\" class=\"elementor elementor-27389 elementor-26357\" data-elementor-post-type=\"page\">\n\t\t\t\t<div class=\"elementor-element elementor-element-ecdbb7b e-flex e-con-boxed e-con e-parent\" data-id=\"ecdbb7b\" data-element_type=\"container\" data-e-type=\"container\">\n\t\t\t\t\t<div class=\"e-con-inner\">\n\t\t<div class=\"elementor-element elementor-element-362e7f1 e-con-full e-flex e-con e-child\" data-id=\"362e7f1\" data-element_type=\"container\" data-e-type=\"container\">\n\t\t\t\t<div class=\"elementor-element elementor-element-d8e84e0 elementor-widget elementor-widget-heading\" data-id=\"d8e84e0\" data-element_type=\"widget\" data-e-type=\"widget\" data-widget_type=\"heading.default\">\n\t\t\t\t<div class=\"elementor-widget-container\">\n\t\t\t\t\t<h1 class=\"elementor-heading-title elementor-size-default\"><strong>NORMATIVA <br>SANIT\u00c0RIA<\/strong><\/h1>\t\t\t\t<\/div>\n\t\t\t\t<\/div>\n\t\t<div class=\"elementor-element elementor-element-08495fc e-con-full sobre-nosotros-buttons e-flex e-con e-child\" data-id=\"08495fc\" data-element_type=\"container\" data-e-type=\"container\">\n\t\t\t\t<div class=\"elementor-element elementor-element-e85cd59 elementor-widget elementor-widget-text-editor\" data-id=\"e85cd59\" data-element_type=\"widget\" data-e-type=\"widget\" data-widget_type=\"text-editor.default\">\n\t\t\t\t<div class=\"elementor-widget-container\">\n\t\t\t\t\t\t\t\t\t<p>Avinent t\u00e9 cura de tots els aspectes que fan refer\u00e8ncia a la qualitat, des dels processos de fabricaci\u00f3, passant per la seguretat i funcionalitat del producte, fins a instal\u00b7lacions o la normativa espec\u00edfica per a cada pa\u00eds. Aix\u00ed, quan un producte Avinent arriba a una cl\u00ednica, laboratori o hospital de qualsevol punt del m\u00f3n, la garantia de qualitat es mant\u00e9 intacta. <\/p>\n\t\t\t\t\t\t\t\t<\/div>\n\t\t\t\t<\/div>\n\t\t\t\t<\/div>\n\t\t\t\t<\/div>\n\t\t<div class=\"elementor-element elementor-element-7a437ca e-con-full e-flex e-con e-child\" data-id=\"7a437ca\" data-element_type=\"container\" data-e-type=\"container\" data-settings=\"{&quot;background_background&quot;:&quot;classic&quot;}\">\n\t\t\t\t<div class=\"elementor-element elementor-element-e6e4ec1 elementor-widget elementor-widget-spacer\" data-id=\"e6e4ec1\" data-element_type=\"widget\" data-e-type=\"widget\" data-widget_type=\"spacer.default\">\n\t\t\t\t<div class=\"elementor-widget-container\">\n\t\t\t\t\t\t\t<div class=\"elementor-spacer\">\n\t\t\t<div class=\"elementor-spacer-inner\"><\/div>\n\t\t<\/div>\n\t\t\t\t\t\t<\/div>\n\t\t\t\t<\/div>\n\t\t\t\t<\/div>\n\t\t\t\t\t<\/div>\n\t\t\t\t<\/div>\n\t\t<div class=\"elementor-element elementor-element-98bcd2e e-flex e-con-boxed e-con e-parent\" data-id=\"98bcd2e\" data-element_type=\"container\" data-e-type=\"container\">\n\t\t\t\t\t<div class=\"e-con-inner\">\n\t\t\t\t<div class=\"elementor-element elementor-element-a118fa2 elementor-widget__width-inherit elementor-position-top elementor-widget elementor-widget-image-box\" data-id=\"a118fa2\" data-element_type=\"widget\" data-e-type=\"widget\" data-widget_type=\"image-box.default\">\n\t\t\t\t<div class=\"elementor-widget-container\">\n\t\t\t\t\t<div class=\"elementor-image-box-wrapper\"><figure class=\"elementor-image-box-img\"><img fetchpriority=\"high\" decoding=\"async\" width=\"820\" height=\"820\" src=\"https:\/\/avinent.com\/wp-content\/uploads\/2025\/03\/ns-img01.png\" class=\"attachment-full size-full wp-image-26363\" alt=\"\" srcset=\"https:\/\/avinent.com\/wp-content\/uploads\/2025\/03\/ns-img01.png 820w, https:\/\/avinent.com\/wp-content\/uploads\/2025\/03\/ns-img01-300x300.png 300w, https:\/\/avinent.com\/wp-content\/uploads\/2025\/03\/ns-img01-150x150.png 150w, https:\/\/avinent.com\/wp-content\/uploads\/2025\/03\/ns-img01-768x768.png 768w, https:\/\/avinent.com\/wp-content\/uploads\/2025\/03\/ns-img01-180x180.png 180w, https:\/\/avinent.com\/wp-content\/uploads\/2025\/03\/ns-img01-360x360.png 360w, https:\/\/avinent.com\/wp-content\/uploads\/2025\/03\/ns-img01-640x640.png 640w\" sizes=\"(max-width: 820px) 100vw, 820px\" \/><\/figure><div class=\"elementor-image-box-content\"><h4 class=\"elementor-image-box-title\">PROC\u00c9S DE FABRICACI\u00d3<\/h4><p class=\"elementor-image-box-description\">EN ISO 13485: 2016, la normativa per a empreses que fabriquin productes sanitaris. Aquest certificat de qualitat es renova cada 3 anys, amb la realitzaci\u00f3 d'autories de seguiment anuals, al nostre cas per l'organisme notificat T\u00dcV Rheinland. L'EN ISO 13485: 2016 i les auditories s\u00f3n elements indispensables per poder fabricar. La ISO cobreix tot el proc\u00e9s de fabricaci\u00f3 del producte, que inclou tant l'avaluaci\u00f3 que l'empresa realitza als seus prove\u00efdors fins a la gesti\u00f3 de tra\u00e7abilitat del client passant pel control de qualitat a la fase productiva.   <\/p><\/div><\/div>\t\t\t\t<\/div>\n\t\t\t\t<\/div>\n\t\t\t\t<div class=\"elementor-element elementor-element-11840ff elementor-widget__width-inherit elementor-position-top elementor-widget elementor-widget-image-box\" data-id=\"11840ff\" data-element_type=\"widget\" data-e-type=\"widget\" data-widget_type=\"image-box.default\">\n\t\t\t\t<div class=\"elementor-widget-container\">\n\t\t\t\t\t<div class=\"elementor-image-box-wrapper\"><figure class=\"elementor-image-box-img\"><img decoding=\"async\" width=\"820\" height=\"820\" src=\"https:\/\/avinent.com\/wp-content\/uploads\/2025\/03\/ns-img02.png\" class=\"attachment-full size-full wp-image-29949\" alt=\"\" srcset=\"https:\/\/avinent.com\/wp-content\/uploads\/2025\/03\/ns-img02.png 820w, https:\/\/avinent.com\/wp-content\/uploads\/2025\/03\/ns-img02-300x300.png 300w, https:\/\/avinent.com\/wp-content\/uploads\/2025\/03\/ns-img02-150x150.png 150w, https:\/\/avinent.com\/wp-content\/uploads\/2025\/03\/ns-img02-768x768.png 768w, https:\/\/avinent.com\/wp-content\/uploads\/2025\/03\/ns-img02-180x180.png 180w, https:\/\/avinent.com\/wp-content\/uploads\/2025\/03\/ns-img02-360x360.png 360w, https:\/\/avinent.com\/wp-content\/uploads\/2025\/03\/ns-img02-640x640.png 640w\" sizes=\"(max-width: 820px) 100vw, 820px\" \/><\/figure><div class=\"elementor-image-box-content\"><p class=\"elementor-image-box-title\">SEGURETAT I FUNCIONALITAT DEL PRODUCTE<\/p><p class=\"elementor-image-box-description\">La seguretat i funcionalitat del producte \u00e9s garantit per la marca CE. Tots els productes sanitaris d'Avinent compleixen l'actual Reglament Europeu MDR 2017\/74 (Medical Device Regulation). La marca CE \u00e9s sostinguda per una s\u00e8rie de documentaci\u00f3 i arxius t\u00e8cnics que, en el cas d'Avinent, cobreix les diferents l\u00ednies de producte d'<strong>Avinent Implant System, Avinent CAD CAM, Avinent CMF i Avinent Orthodontics.<\/strong>   <\/p><\/div><\/div>\t\t\t\t<\/div>\n\t\t\t\t<\/div>\n\t\t\t\t\t<\/div>\n\t\t\t\t<\/div>\n\t\t<div class=\"elementor-element elementor-element-ae71ceb e-flex e-con-boxed e-con e-parent\" data-id=\"ae71ceb\" data-element_type=\"container\" data-e-type=\"container\">\n\t\t\t\t\t<div class=\"e-con-inner\">\n\t\t\t\t<div class=\"elementor-element elementor-element-b690f3f elementor-widget__width-inherit elementor-position-top elementor-widget elementor-widget-image-box\" data-id=\"b690f3f\" data-element_type=\"widget\" data-e-type=\"widget\" data-widget_type=\"image-box.default\">\n\t\t\t\t<div class=\"elementor-widget-container\">\n\t\t\t\t\t<div class=\"elementor-image-box-wrapper\"><figure class=\"elementor-image-box-img\"><img decoding=\"async\" width=\"820\" height=\"820\" src=\"https:\/\/avinent.com\/wp-content\/uploads\/2025\/03\/ns-img03.png\" class=\"attachment-full size-full wp-image-29954\" alt=\"\" srcset=\"https:\/\/avinent.com\/wp-content\/uploads\/2025\/03\/ns-img03.png 820w, https:\/\/avinent.com\/wp-content\/uploads\/2025\/03\/ns-img03-300x300.png 300w, https:\/\/avinent.com\/wp-content\/uploads\/2025\/03\/ns-img03-150x150.png 150w, https:\/\/avinent.com\/wp-content\/uploads\/2025\/03\/ns-img03-768x768.png 768w, https:\/\/avinent.com\/wp-content\/uploads\/2025\/03\/ns-img03-180x180.png 180w, https:\/\/avinent.com\/wp-content\/uploads\/2025\/03\/ns-img03-360x360.png 360w, https:\/\/avinent.com\/wp-content\/uploads\/2025\/03\/ns-img03-640x640.png 640w\" sizes=\"(max-width: 820px) 100vw, 820px\" \/><\/figure><div class=\"elementor-image-box-content\"><p class=\"elementor-image-box-title\">INSTAL\u00b7LACIONS<\/p><p class=\"elementor-image-box-description\">Avinent t\u00e9 una llic\u00e8ncia per a cada l\u00ednia de producte, de manera que, disposa de la llic\u00e8ncia pel producte seriat d'<strong>Avinent Implant System<\/strong> (atorgada per l'AEMPS) i pel producte personalitzat d'<strong>Avinent CAD CAM, Avinent CMF y Avinent Orthodontics, <\/strong>totes atorgades per l'autoritat sanit\u00e0ria de la Comunitat Aut\u00f2noma de Catalunya.<\/p><\/div><\/div>\t\t\t\t<\/div>\n\t\t\t\t<\/div>\n\t\t\t\t<div class=\"elementor-element elementor-element-39a4484 elementor-widget__width-inherit elementor-position-top elementor-widget elementor-widget-image-box\" data-id=\"39a4484\" data-element_type=\"widget\" data-e-type=\"widget\" data-widget_type=\"image-box.default\">\n\t\t\t\t<div class=\"elementor-widget-container\">\n\t\t\t\t\t<div class=\"elementor-image-box-wrapper\"><figure class=\"elementor-image-box-img\"><img loading=\"lazy\" decoding=\"async\" width=\"820\" height=\"820\" src=\"https:\/\/avinent.com\/wp-content\/uploads\/2025\/03\/ns-img04.png\" class=\"attachment-full size-full wp-image-29959\" alt=\"\" srcset=\"https:\/\/avinent.com\/wp-content\/uploads\/2025\/03\/ns-img04.png 820w, https:\/\/avinent.com\/wp-content\/uploads\/2025\/03\/ns-img04-300x300.png 300w, https:\/\/avinent.com\/wp-content\/uploads\/2025\/03\/ns-img04-150x150.png 150w, https:\/\/avinent.com\/wp-content\/uploads\/2025\/03\/ns-img04-768x768.png 768w, https:\/\/avinent.com\/wp-content\/uploads\/2025\/03\/ns-img04-180x180.png 180w, https:\/\/avinent.com\/wp-content\/uploads\/2025\/03\/ns-img04-360x360.png 360w, https:\/\/avinent.com\/wp-content\/uploads\/2025\/03\/ns-img04-640x640.png 640w\" sizes=\"(max-width: 820px) 100vw, 820px\" \/><\/figure><div class=\"elementor-image-box-content\"><p class=\"elementor-image-box-title\">INTERNACIONAL<\/p><p class=\"elementor-image-box-description\">Cada pa\u00eds sol tenir uns requeriments espec\u00edfics. Per exemple, als Estats Units cal presentar una documentaci\u00f3 t\u00e8cnica per comercialitzar un producte. En aquest cas \u00e9s l'organisme Food &amp; Drug Administration, m\u00e9s coneguda per les sigles FDA que revisa la documentaci\u00f3 i d\u00f3na el vistiplau o no a l'empresa perqu\u00e8 pugui comen\u00e7ar la seva activitat comercial. Avinent tamb\u00e9 disposa dels certificats necessaris per estar present en altres pa\u00efsos, com ara Canad\u00e0, Austr\u00e0lia, Jap\u00f3, Taiwan, M\u00e8xic o Col\u00f2mbia.<\/p><\/div><\/div>\t\t\t\t<\/div>\n\t\t\t\t<\/div>\n\t\t\t\t\t<\/div>\n\t\t\t\t<\/div>\n\t\t\t\t<\/div>\n\t\t","protected":false},"excerpt":{"rendered":"<p>NORMATIVA SANIT\u00c0RIA Avinent t\u00e9 cura de tots els aspectes que fan refer\u00e8ncia a la qualitat, des dels processos de fabricaci\u00f3, passant per la seguretat i funcionalitat del producte, fins a instal\u00b7lacions o la normativa espec\u00edfica per a cada pa\u00eds. Aix\u00ed, quan un producte Avinent arriba a una cl\u00ednica, laboratori o hospital de qualsevol punt del [&hellip;]<\/p>\n","protected":false},"author":2,"featured_media":26839,"parent":27363,"menu_order":180,"comment_status":"closed","ping_status":"closed","template":"","meta":{"_acf_changed":false,"inline_featured_image":false,"footnotes":""},"class_list":["post-27389","page","type-page","status-publish","has-post-thumbnail","hentry"],"acf":[],"yoast_head":"<!-- This site is optimized with the Yoast SEO plugin v26.8 - https:\/\/yoast.com\/product\/yoast-seo-wordpress\/ -->\n<title>Normativa Sanit\u00e0ria m\u00e8dica-dental | Avinent<\/title>\n<meta name=\"description\" content=\"Avinent t\u00e9 cura de tots els aspectes que fan refer\u00e8ncia a la qualitat. Coneix els processos de fabricaci\u00f3, seguretat i funcionalitat del producte.\" \/>\n<meta name=\"robots\" content=\"index, follow, max-snippet:-1, max-image-preview:large, max-video-preview:-1\" \/>\n<meta property=\"og:locale\" content=\"ca_ES\" \/>\n<meta property=\"og:type\" content=\"article\" \/>\n<meta property=\"og:title\" content=\"Normativa Sanit\u00e0ria m\u00e8dica-dental | Avinent\" \/>\n<meta property=\"og:description\" content=\"Avinent t\u00e9 cura de tots els aspectes que fan refer\u00e8ncia a la qualitat. Coneix els processos de fabricaci\u00f3, seguretat i funcionalitat del producte.\" \/>\n<meta property=\"og:url\" content=\"https:\/\/avinent.com\/sobre-nosotros\/normativa-sanitaria\/\" \/>\n<meta property=\"og:site_name\" content=\"Avinent\" \/>\n<meta property=\"article:modified_time\" content=\"2025-03-24T07:51:47+00:00\" \/>\n<meta property=\"og:image\" content=\"https:\/\/avinent.com\/wp-content\/uploads\/2025\/03\/Normativa-Sanitaria-Avinent.jpg\" \/>\n\t<meta property=\"og:image:width\" content=\"1080\" \/>\n\t<meta property=\"og:image:height\" content=\"1080\" \/>\n\t<meta property=\"og:image:type\" content=\"image\/jpeg\" \/>\n<meta name=\"twitter:card\" content=\"summary_large_image\" \/>\n<meta name=\"twitter:label1\" content=\"Temps estimat de lectura\" \/>\n\t<meta name=\"twitter:data1\" content=\"2 minuts\" \/>\n<script type=\"application\/ld+json\" class=\"yoast-schema-graph\">{\"@context\":\"https:\/\/schema.org\",\"@graph\":[{\"@type\":\"WebPage\",\"@id\":\"https:\/\/avinent.com\/sobre-nosotros\/normativa-sanitaria\/\",\"url\":\"https:\/\/avinent.com\/sobre-nosotros\/normativa-sanitaria\/\",\"name\":\"Normativa Sanit\u00e0ria m\u00e8dica-dental | Avinent\",\"isPartOf\":{\"@id\":\"https:\/\/avinent.com\/#website\"},\"primaryImageOfPage\":{\"@id\":\"https:\/\/avinent.com\/sobre-nosotros\/normativa-sanitaria\/#primaryimage\"},\"image\":{\"@id\":\"https:\/\/avinent.com\/sobre-nosotros\/normativa-sanitaria\/#primaryimage\"},\"thumbnailUrl\":\"https:\/\/avinent.com\/wp-content\/uploads\/2025\/03\/Normativa-Sanitaria-Avinent.jpg\",\"datePublished\":\"2025-03-02T21:10:46+00:00\",\"dateModified\":\"2025-03-24T07:51:47+00:00\",\"description\":\"Avinent t\u00e9 cura de tots els aspectes que fan refer\u00e8ncia a la qualitat. Coneix els processos de fabricaci\u00f3, seguretat i funcionalitat del producte.\",\"breadcrumb\":{\"@id\":\"https:\/\/avinent.com\/sobre-nosotros\/normativa-sanitaria\/#breadcrumb\"},\"inLanguage\":\"ca\",\"potentialAction\":[{\"@type\":\"ReadAction\",\"target\":[\"https:\/\/avinent.com\/sobre-nosotros\/normativa-sanitaria\/\"]}]},{\"@type\":\"ImageObject\",\"inLanguage\":\"ca\",\"@id\":\"https:\/\/avinent.com\/sobre-nosotros\/normativa-sanitaria\/#primaryimage\",\"url\":\"https:\/\/avinent.com\/wp-content\/uploads\/2025\/03\/Normativa-Sanitaria-Avinent.jpg\",\"contentUrl\":\"https:\/\/avinent.com\/wp-content\/uploads\/2025\/03\/Normativa-Sanitaria-Avinent.jpg\",\"width\":1080,\"height\":1080,\"caption\":\"Normativa Sanitaria Avinent\"},{\"@type\":\"BreadcrumbList\",\"@id\":\"https:\/\/avinent.com\/sobre-nosotros\/normativa-sanitaria\/#breadcrumb\",\"itemListElement\":[{\"@type\":\"ListItem\",\"position\":1,\"name\":\"Portada\",\"item\":\"https:\/\/avinent.com\/ca\/home\/\"},{\"@type\":\"ListItem\",\"position\":2,\"name\":\"Sobre nosaltres\",\"item\":\"https:\/\/avinent.wwwarcelona.net\/ca\/sobre-nosaltres\/\"},{\"@type\":\"ListItem\",\"position\":3,\"name\":\"Normativa sanit\u00e0ria\"}]},{\"@type\":\"WebSite\",\"@id\":\"https:\/\/avinent.com\/#website\",\"url\":\"https:\/\/avinent.com\/\",\"name\":\"Avinent\",\"description\":\"Todas las soluciones m\u00e9dicas y dentales\",\"publisher\":{\"@id\":\"https:\/\/avinent.com\/#organization\"},\"potentialAction\":[{\"@type\":\"SearchAction\",\"target\":{\"@type\":\"EntryPoint\",\"urlTemplate\":\"https:\/\/avinent.com\/?s={search_term_string}\"},\"query-input\":{\"@type\":\"PropertyValueSpecification\",\"valueRequired\":true,\"valueName\":\"search_term_string\"}}],\"inLanguage\":\"ca\"},{\"@type\":\"Organization\",\"@id\":\"https:\/\/avinent.com\/#organization\",\"name\":\"Avinent\",\"url\":\"https:\/\/avinent.com\/\",\"logo\":{\"@type\":\"ImageObject\",\"inLanguage\":\"ca\",\"@id\":\"https:\/\/avinent.com\/#\/schema\/logo\/image\/\",\"url\":\"https:\/\/avinent.com\/wp-content\/uploads\/2021\/10\/cropped-9216650250dc9798b51ff14a0e1c16c7.png\",\"contentUrl\":\"https:\/\/avinent.com\/wp-content\/uploads\/2021\/10\/cropped-9216650250dc9798b51ff14a0e1c16c7.png\",\"width\":122,\"height\":79,\"caption\":\"Avinent\"},\"image\":{\"@id\":\"https:\/\/avinent.com\/#\/schema\/logo\/image\/\"}}]}<\/script>\n<!-- \/ Yoast SEO plugin. -->","yoast_head_json":{"title":"Normativa Sanit\u00e0ria m\u00e8dica-dental | Avinent","description":"Avinent t\u00e9 cura de tots els aspectes que fan refer\u00e8ncia a la qualitat. Coneix els processos de fabricaci\u00f3, seguretat i funcionalitat del producte.","robots":{"index":"index","follow":"follow","max-snippet":"max-snippet:-1","max-image-preview":"max-image-preview:large","max-video-preview":"max-video-preview:-1"},"og_locale":"ca_ES","og_type":"article","og_title":"Normativa Sanit\u00e0ria m\u00e8dica-dental | Avinent","og_description":"Avinent t\u00e9 cura de tots els aspectes que fan refer\u00e8ncia a la qualitat. Coneix els processos de fabricaci\u00f3, seguretat i funcionalitat del producte.","og_url":"https:\/\/avinent.com\/sobre-nosotros\/normativa-sanitaria\/","og_site_name":"Avinent","article_modified_time":"2025-03-24T07:51:47+00:00","og_image":[{"width":1080,"height":1080,"url":"https:\/\/avinent.com\/wp-content\/uploads\/2025\/03\/Normativa-Sanitaria-Avinent.jpg","type":"image\/jpeg"}],"twitter_card":"summary_large_image","twitter_misc":{"Temps estimat de lectura":"2 minuts"},"schema":{"@context":"https:\/\/schema.org","@graph":[{"@type":"WebPage","@id":"https:\/\/avinent.com\/sobre-nosotros\/normativa-sanitaria\/","url":"https:\/\/avinent.com\/sobre-nosotros\/normativa-sanitaria\/","name":"Normativa Sanit\u00e0ria m\u00e8dica-dental | Avinent","isPartOf":{"@id":"https:\/\/avinent.com\/#website"},"primaryImageOfPage":{"@id":"https:\/\/avinent.com\/sobre-nosotros\/normativa-sanitaria\/#primaryimage"},"image":{"@id":"https:\/\/avinent.com\/sobre-nosotros\/normativa-sanitaria\/#primaryimage"},"thumbnailUrl":"https:\/\/avinent.com\/wp-content\/uploads\/2025\/03\/Normativa-Sanitaria-Avinent.jpg","datePublished":"2025-03-02T21:10:46+00:00","dateModified":"2025-03-24T07:51:47+00:00","description":"Avinent t\u00e9 cura de tots els aspectes que fan refer\u00e8ncia a la qualitat. Coneix els processos de fabricaci\u00f3, seguretat i funcionalitat del producte.","breadcrumb":{"@id":"https:\/\/avinent.com\/sobre-nosotros\/normativa-sanitaria\/#breadcrumb"},"inLanguage":"ca","potentialAction":[{"@type":"ReadAction","target":["https:\/\/avinent.com\/sobre-nosotros\/normativa-sanitaria\/"]}]},{"@type":"ImageObject","inLanguage":"ca","@id":"https:\/\/avinent.com\/sobre-nosotros\/normativa-sanitaria\/#primaryimage","url":"https:\/\/avinent.com\/wp-content\/uploads\/2025\/03\/Normativa-Sanitaria-Avinent.jpg","contentUrl":"https:\/\/avinent.com\/wp-content\/uploads\/2025\/03\/Normativa-Sanitaria-Avinent.jpg","width":1080,"height":1080,"caption":"Normativa Sanitaria Avinent"},{"@type":"BreadcrumbList","@id":"https:\/\/avinent.com\/sobre-nosotros\/normativa-sanitaria\/#breadcrumb","itemListElement":[{"@type":"ListItem","position":1,"name":"Portada","item":"https:\/\/avinent.com\/ca\/home\/"},{"@type":"ListItem","position":2,"name":"Sobre nosaltres","item":"https:\/\/avinent.wwwarcelona.net\/ca\/sobre-nosaltres\/"},{"@type":"ListItem","position":3,"name":"Normativa sanit\u00e0ria"}]},{"@type":"WebSite","@id":"https:\/\/avinent.com\/#website","url":"https:\/\/avinent.com\/","name":"Avinent","description":"Todas las soluciones m\u00e9dicas y dentales","publisher":{"@id":"https:\/\/avinent.com\/#organization"},"potentialAction":[{"@type":"SearchAction","target":{"@type":"EntryPoint","urlTemplate":"https:\/\/avinent.com\/?s={search_term_string}"},"query-input":{"@type":"PropertyValueSpecification","valueRequired":true,"valueName":"search_term_string"}}],"inLanguage":"ca"},{"@type":"Organization","@id":"https:\/\/avinent.com\/#organization","name":"Avinent","url":"https:\/\/avinent.com\/","logo":{"@type":"ImageObject","inLanguage":"ca","@id":"https:\/\/avinent.com\/#\/schema\/logo\/image\/","url":"https:\/\/avinent.com\/wp-content\/uploads\/2021\/10\/cropped-9216650250dc9798b51ff14a0e1c16c7.png","contentUrl":"https:\/\/avinent.com\/wp-content\/uploads\/2021\/10\/cropped-9216650250dc9798b51ff14a0e1c16c7.png","width":122,"height":79,"caption":"Avinent"},"image":{"@id":"https:\/\/avinent.com\/#\/schema\/logo\/image\/"}}]}},"_links":{"self":[{"href":"https:\/\/avinent.com\/ca\/wp-json\/wp\/v2\/pages\/27389","targetHints":{"allow":["GET"]}}],"collection":[{"href":"https:\/\/avinent.com\/ca\/wp-json\/wp\/v2\/pages"}],"about":[{"href":"https:\/\/avinent.com\/ca\/wp-json\/wp\/v2\/types\/page"}],"author":[{"embeddable":true,"href":"https:\/\/avinent.com\/ca\/wp-json\/wp\/v2\/users\/2"}],"replies":[{"embeddable":true,"href":"https:\/\/avinent.com\/ca\/wp-json\/wp\/v2\/comments?post=27389"}],"version-history":[{"count":6,"href":"https:\/\/avinent.com\/ca\/wp-json\/wp\/v2\/pages\/27389\/revisions"}],"predecessor-version":[{"id":32340,"href":"https:\/\/avinent.com\/ca\/wp-json\/wp\/v2\/pages\/27389\/revisions\/32340"}],"up":[{"embeddable":true,"href":"https:\/\/avinent.com\/ca\/wp-json\/wp\/v2\/pages\/27363"}],"wp:featuredmedia":[{"embeddable":true,"href":"https:\/\/avinent.com\/ca\/wp-json\/wp\/v2\/media\/26839"}],"wp:attachment":[{"href":"https:\/\/avinent.com\/ca\/wp-json\/wp\/v2\/media?parent=27389"}],"curies":[{"name":"wp","href":"https:\/\/api.w.org\/{rel}","templated":true}]}}