{"id":28292,"date":"2025-03-10T12:57:55","date_gmt":"2025-03-10T11:57:55","guid":{"rendered":"https:\/\/avinent.com\/politica-de-cookies-2\/"},"modified":"2025-03-21T13:52:29","modified_gmt":"2025-03-21T12:52:29","slug":"politica-de-cookies-2","status":"publish","type":"page","link":"https:\/\/avinent.com\/ca\/politica-de-cookies-2\/","title":{"rendered":"Pol\u00edtica de cookies"},"content":{"rendered":"\t\t<div data-elementor-type=\"wp-page\" data-elementor-id=\"28292\" class=\"elementor elementor-28292 elementor-28070\" data-elementor-post-type=\"page\">\n\t\t\t\t<div class=\"elementor-element elementor-element-9b4cd27 e-flex e-con-boxed e-con e-parent\" data-id=\"9b4cd27\" data-element_type=\"container\" data-e-type=\"container\">\n\t\t\t\t\t<div class=\"e-con-inner\">\n\t\t\t\t<div class=\"elementor-element elementor-element-8b03094 elementor-widget elementor-widget-heading\" data-id=\"8b03094\" data-element_type=\"widget\" data-e-type=\"widget\" data-widget_type=\"heading.default\">\n\t\t\t\t<div class=\"elementor-widget-container\">\n\t\t\t\t\t<h1 class=\"elementor-heading-title elementor-size-default\">Pol\u00edtica de cookies<\/h1>\t\t\t\t<\/div>\n\t\t\t\t<\/div>\n\t\t\t\t<div class=\"elementor-element elementor-element-e956df5 elementor-widget elementor-widget-text-editor\" data-id=\"e956df5\" data-element_type=\"widget\" data-e-type=\"widget\" data-widget_type=\"text-editor.default\">\n\t\t\t\t<div class=\"elementor-widget-container\">\n\t\t\t\t\t\t\t\t\t<p>Les galetes s\u00f3n essencials per al funcionament d&#8217;internet, aportant innombrables avantatges en la prestaci\u00f3 de serveis interactius, facilitant-li la navegaci\u00f3 i usabilitat de la nostra web.<\/p>\n<p>El web d&#8217;Avinent Implant System, S.L.U. utilitza cookies pr\u00f2pies i de tercers per oferir un millor servei a lusuari. Quan navegueu o utilitzeu els nostres serveis, l&#8217;usuari accepta l&#8217;\u00fas que fa Avinent Implant System, S.L.U. de les galetes. Tot i aix\u00f2, l&#8217;usuari t\u00e9 l&#8217;opci\u00f3 d&#8217;impedir la generaci\u00f3 de cookies i l&#8217;eliminaci\u00f3 d&#8217;aquestes mitjan\u00e7ant la selecci\u00f3 de la corresponent opci\u00f3 al vostre Navegador. No obstant aix\u00f2, us informem que, en cas de bloquejar parcialment o totalment l&#8217;\u00fas de cookies al vostre navegador, \u00e9s possible que alguns serveis o funcionalitats de la p\u00e0gina Web no estiguin disponibles.<\/p>\n<p>Aquesta pol\u00edtica de cookies ha estat creada i actualitzada per <a href=\"https:\/\/cookiefirst.com\/es\/cookie-manager\/\">Cookie Management CookieFirst<\/a>.<\/p>\n<h3><\/h3>\n<h3><strong>TIPUS DE COOKIES UTILITZADES<\/strong><\/h3>\n<p><strong>COOKIES PERMANENTS<br \/>\n<\/strong>Una galeta permanent s&#8217;emmagatzema al disc dur i es llegeix cada vegada que es fa una visita a la web. Deixar\u00e0 de funcionar despr\u00e9s d&#8217;una data de<br \/>\nexpiraci\u00f3 determinada.<\/p>\n<p><strong>COOKIES DE PERSONALITZACI\u00d3<br \/>\n<\/strong>Una galeta de personalitzaci\u00f3 \u00e9s la que permet a l&#8217;usuari accedir al servei amb algunes caracter\u00edstiques de car\u00e0cter general predefinides al seu terminal o que el mateix usuari defineixi. Exemples de galetes de personalitzaci\u00f3 s\u00f3n: l&#8217;idioma, geolocalitzaci\u00f3 del terminal, etc.<\/p>\n<p><strong>COOKIES D&#8217;AN\u00c0LISI ESTAD\u00cdSTICA<br \/>\n<\/strong>Una galeta d&#8217;an\u00e0lisi estad\u00edstica \u00e9s la que permet fer el seguiment i l&#8217;an\u00e0lisi del comportament dels usuaris als llocs web. La informaci\u00f3 recollida mitjan\u00e7ant aquest tipus de galetes s&#8217;utilitza per a l&#8217;elaboraci\u00f3 de perfils de navegaci\u00f3 dels usuaris d&#8217;aquests llocs, amb la finalitat d&#8217;introduir millores al servei en funci\u00f3 de l&#8217;\u00fas que fan els usuaris.<\/p>\n<p><strong>COOKIES T\u00c8CNIQUES<br \/>\n<\/strong>Una galeta t\u00e8cnica \u00e9s la que permet a l&#8217;usuari la navegaci\u00f3 a trav\u00e9s de la<br \/>\np\u00e0gina web o aplicaci\u00f3 i la utilitzaci\u00f3 de les diferents opcions o serveis que hi existeixen. Per exemple: identificar i mantenir la sessi\u00f3 de l&#8217;usuari, accedir a les parts web d&#8217;acc\u00e9s restringit, fer la sol\u00b7licitud d&#8217;inscripci\u00f3 o participaci\u00f3 en un esdeveniment, recordar els elements que integren una comanda, utilitzar elements de seguretat durant la navegaci\u00f3 i emmagatzemar continguts per a la difusi\u00f3 de v\u00eddeos o so.<\/p>\n<p><strong>COOKIES DE TERCERS<br \/>\n<\/strong>Una galeta de tercer \u00e9s la que s&#8217;instal\u00b7la en algunes p\u00e0gines web i permet gestionar i millorar els serveis oferts. Per exemple, serveis estad\u00edstics de LinkedIn, youtube, Facebook, Google Analytics, Twitter, Google+, etc.<\/p>\n<p>Podeu accedir a informaci\u00f3 sobre el tractament de les vostres dades dutes a terme per les galetes de tercers en les corresponents pol\u00edtiques de galetes.<\/p>\n<p>Segons el que disposa l&#8217;article 22.2 de la Llei 34\/2002, de 11 de juliol, de Serveis de la Societat de la Informaci\u00f3 i de Comer\u00e7 Electr\u00f2nic (LSSI-CE), AVINENT IMPLANT SYSTEM, S.L.U. informa, a trav\u00e9s d&#8217;aquesta taula, de les galetes utilitzades a la seva p\u00e0gina web.<\/p>\n\t\t\t\t\t\t\t\t<\/div>\n\t\t\t\t<\/div>\n\t\t\t\t\t<\/div>\n\t\t\t\t<\/div>\n\t\t<div class=\"elementor-element elementor-element-b2544c9 e-flex e-con-boxed e-con e-parent\" data-id=\"b2544c9\" data-element_type=\"container\" data-e-type=\"container\">\n\t\t\t\t\t<div class=\"e-con-inner\">\n\t\t\t\t<div class=\"elementor-element elementor-element-c254cf7 elementor-widget elementor-widget-html\" data-id=\"c254cf7\" data-element_type=\"widget\" data-e-type=\"widget\" data-widget_type=\"html.default\">\n\t\t\t\t<div class=\"elementor-widget-container\">\n\t\t\t\t\t<div id=\"cookiefirst-policy-page\"><\/div> <div>Aquesta pol\u00edtica de cookies ha estat creada i actualitzada per <a href=\"https:\/\/cookiefirst.com\/es\/cookie-manager\/\">Cookie Management CookieFirst<\/a>.<\/div>\t\t\t\t<\/div>\n\t\t\t\t<\/div>\n\t\t\t\t\t<\/div>\n\t\t\t\t<\/div>\n\t\t\t\t<\/div>\n\t\t","protected":false},"excerpt":{"rendered":"<p>Pol\u00edtica de cookies Les galetes s\u00f3n essencials per al funcionament d&#8217;internet, aportant innombrables avantatges en la prestaci\u00f3 de serveis interactius, facilitant-li la navegaci\u00f3 i usabilitat de la nostra web. El web d&#8217;Avinent Implant System, S.L.U. utilitza cookies pr\u00f2pies i de tercers per oferir un millor servei a lusuari. Quan navegueu o utilitzeu els nostres serveis, [&hellip;]<\/p>\n","protected":false},"author":2,"featured_media":0,"parent":0,"menu_order":204,"comment_status":"closed","ping_status":"closed","template":"elementor_header_footer","meta":{"_acf_changed":false,"inline_featured_image":false,"footnotes":""},"class_list":["post-28292","page","type-page","status-publish","hentry"],"acf":[],"yoast_head":"<!-- This site is optimized with the Yoast SEO plugin v26.8 - https:\/\/yoast.com\/product\/yoast-seo-wordpress\/ -->\n<title>Pol\u00edtica de cookies | Avinent<\/title>\n<meta name=\"description\" content=\"Pol\u00edtica de cookies Les galetes s\u00f3n essencials per al funcionament d&#039;internet, aportant innombrables avantatges en la prestaci\u00f3 de serveis interactius, \u2713\" \/>\n<meta name=\"robots\" content=\"noindex, nofollow\" \/>\n<meta property=\"og:locale\" content=\"ca_ES\" \/>\n<meta property=\"og:type\" content=\"article\" \/>\n<meta property=\"og:title\" content=\"Pol\u00edtica de cookies | Avinent\" \/>\n<meta property=\"og:description\" content=\"Pol\u00edtica de cookies Les galetes s\u00f3n essencials per al funcionament d&#039;internet, aportant innombrables avantatges en la prestaci\u00f3 de serveis interactius, \u2713\" \/>\n<meta property=\"og:url\" content=\"https:\/\/avinent.com\/politica-de-cookies\/\" \/>\n<meta property=\"og:site_name\" content=\"Avinent\" \/>\n<meta property=\"article:modified_time\" content=\"2025-03-21T12:52:29+00:00\" \/>\n<meta name=\"twitter:card\" content=\"summary_large_image\" \/>\n<meta name=\"twitter:label1\" content=\"Temps estimat de lectura\" \/>\n\t<meta name=\"twitter:data1\" content=\"3 minuts\" \/>\n<script type=\"application\/ld+json\" class=\"yoast-schema-graph\">{\"@context\":\"https:\/\/schema.org\",\"@graph\":[{\"@type\":\"WebPage\",\"@id\":\"https:\/\/avinent.com\/politica-de-cookies\/\",\"url\":\"https:\/\/avinent.com\/politica-de-cookies\/\",\"name\":\"Pol\u00edtica de cookies | Avinent\",\"isPartOf\":{\"@id\":\"https:\/\/avinent.com\/#website\"},\"datePublished\":\"2025-03-10T11:57:55+00:00\",\"dateModified\":\"2025-03-21T12:52:29+00:00\",\"description\":\"Pol\u00edtica de cookies Les galetes s\u00f3n essencials per al funcionament d'internet, aportant innombrables avantatges en la prestaci\u00f3 de serveis interactius, \u2713\",\"breadcrumb\":{\"@id\":\"https:\/\/avinent.com\/politica-de-cookies\/#breadcrumb\"},\"inLanguage\":\"ca\",\"potentialAction\":[{\"@type\":\"ReadAction\",\"target\":[\"https:\/\/avinent.com\/politica-de-cookies\/\"]}]},{\"@type\":\"BreadcrumbList\",\"@id\":\"https:\/\/avinent.com\/politica-de-cookies\/#breadcrumb\",\"itemListElement\":[{\"@type\":\"ListItem\",\"position\":1,\"name\":\"Portada\",\"item\":\"https:\/\/avinent.com\/ca\/home\/\"},{\"@type\":\"ListItem\",\"position\":2,\"name\":\"Pol\u00edtica de cookies\"}]},{\"@type\":\"WebSite\",\"@id\":\"https:\/\/avinent.com\/#website\",\"url\":\"https:\/\/avinent.com\/\",\"name\":\"Avinent\",\"description\":\"Todas las soluciones m\u00e9dicas y dentales\",\"publisher\":{\"@id\":\"https:\/\/avinent.com\/#organization\"},\"potentialAction\":[{\"@type\":\"SearchAction\",\"target\":{\"@type\":\"EntryPoint\",\"urlTemplate\":\"https:\/\/avinent.com\/?s={search_term_string}\"},\"query-input\":{\"@type\":\"PropertyValueSpecification\",\"valueRequired\":true,\"valueName\":\"search_term_string\"}}],\"inLanguage\":\"ca\"},{\"@type\":\"Organization\",\"@id\":\"https:\/\/avinent.com\/#organization\",\"name\":\"Avinent\",\"url\":\"https:\/\/avinent.com\/\",\"logo\":{\"@type\":\"ImageObject\",\"inLanguage\":\"ca\",\"@id\":\"https:\/\/avinent.com\/#\/schema\/logo\/image\/\",\"url\":\"https:\/\/avinent.com\/wp-content\/uploads\/2021\/10\/cropped-9216650250dc9798b51ff14a0e1c16c7.png\",\"contentUrl\":\"https:\/\/avinent.com\/wp-content\/uploads\/2021\/10\/cropped-9216650250dc9798b51ff14a0e1c16c7.png\",\"width\":122,\"height\":79,\"caption\":\"Avinent\"},\"image\":{\"@id\":\"https:\/\/avinent.com\/#\/schema\/logo\/image\/\"}}]}<\/script>\n<!-- \/ Yoast SEO plugin. -->","yoast_head_json":{"title":"Pol\u00edtica de cookies | Avinent","description":"Pol\u00edtica de cookies Les galetes s\u00f3n essencials per al funcionament d'internet, aportant innombrables avantatges en la prestaci\u00f3 de serveis interactius, \u2713","robots":{"index":"noindex","follow":"nofollow"},"og_locale":"ca_ES","og_type":"article","og_title":"Pol\u00edtica de cookies | Avinent","og_description":"Pol\u00edtica de cookies Les galetes s\u00f3n essencials per al funcionament d'internet, aportant innombrables avantatges en la prestaci\u00f3 de serveis interactius, \u2713","og_url":"https:\/\/avinent.com\/politica-de-cookies\/","og_site_name":"Avinent","article_modified_time":"2025-03-21T12:52:29+00:00","twitter_card":"summary_large_image","twitter_misc":{"Temps estimat de lectura":"3 minuts"},"schema":{"@context":"https:\/\/schema.org","@graph":[{"@type":"WebPage","@id":"https:\/\/avinent.com\/politica-de-cookies\/","url":"https:\/\/avinent.com\/politica-de-cookies\/","name":"Pol\u00edtica de cookies | Avinent","isPartOf":{"@id":"https:\/\/avinent.com\/#website"},"datePublished":"2025-03-10T11:57:55+00:00","dateModified":"2025-03-21T12:52:29+00:00","description":"Pol\u00edtica de cookies Les galetes s\u00f3n essencials per al funcionament d'internet, aportant innombrables avantatges en la prestaci\u00f3 de serveis interactius, \u2713","breadcrumb":{"@id":"https:\/\/avinent.com\/politica-de-cookies\/#breadcrumb"},"inLanguage":"ca","potentialAction":[{"@type":"ReadAction","target":["https:\/\/avinent.com\/politica-de-cookies\/"]}]},{"@type":"BreadcrumbList","@id":"https:\/\/avinent.com\/politica-de-cookies\/#breadcrumb","itemListElement":[{"@type":"ListItem","position":1,"name":"Portada","item":"https:\/\/avinent.com\/ca\/home\/"},{"@type":"ListItem","position":2,"name":"Pol\u00edtica de cookies"}]},{"@type":"WebSite","@id":"https:\/\/avinent.com\/#website","url":"https:\/\/avinent.com\/","name":"Avinent","description":"Todas las soluciones m\u00e9dicas y dentales","publisher":{"@id":"https:\/\/avinent.com\/#organization"},"potentialAction":[{"@type":"SearchAction","target":{"@type":"EntryPoint","urlTemplate":"https:\/\/avinent.com\/?s={search_term_string}"},"query-input":{"@type":"PropertyValueSpecification","valueRequired":true,"valueName":"search_term_string"}}],"inLanguage":"ca"},{"@type":"Organization","@id":"https:\/\/avinent.com\/#organization","name":"Avinent","url":"https:\/\/avinent.com\/","logo":{"@type":"ImageObject","inLanguage":"ca","@id":"https:\/\/avinent.com\/#\/schema\/logo\/image\/","url":"https:\/\/avinent.com\/wp-content\/uploads\/2021\/10\/cropped-9216650250dc9798b51ff14a0e1c16c7.png","contentUrl":"https:\/\/avinent.com\/wp-content\/uploads\/2021\/10\/cropped-9216650250dc9798b51ff14a0e1c16c7.png","width":122,"height":79,"caption":"Avinent"},"image":{"@id":"https:\/\/avinent.com\/#\/schema\/logo\/image\/"}}]}},"_links":{"self":[{"href":"https:\/\/avinent.com\/ca\/wp-json\/wp\/v2\/pages\/28292","targetHints":{"allow":["GET"]}}],"collection":[{"href":"https:\/\/avinent.com\/ca\/wp-json\/wp\/v2\/pages"}],"about":[{"href":"https:\/\/avinent.com\/ca\/wp-json\/wp\/v2\/types\/page"}],"author":[{"embeddable":true,"href":"https:\/\/avinent.com\/ca\/wp-json\/wp\/v2\/users\/2"}],"replies":[{"embeddable":true,"href":"https:\/\/avinent.com\/ca\/wp-json\/wp\/v2\/comments?post=28292"}],"version-history":[{"count":2,"href":"https:\/\/avinent.com\/ca\/wp-json\/wp\/v2\/pages\/28292\/revisions"}],"predecessor-version":[{"id":32320,"href":"https:\/\/avinent.com\/ca\/wp-json\/wp\/v2\/pages\/28292\/revisions\/32320"}],"wp:attachment":[{"href":"https:\/\/avinent.com\/ca\/wp-json\/wp\/v2\/media?parent=28292"}],"curies":[{"name":"wp","href":"https:\/\/api.w.org\/{rel}","templated":true}]}}