{"id":35152,"date":"2025-10-28T13:00:30","date_gmt":"2025-10-28T12:00:30","guid":{"rendered":"https:\/\/avinent.com\/canal-i-codi-etic\/"},"modified":"2025-12-12T12:05:38","modified_gmt":"2025-12-12T11:05:38","slug":"canal-i-codi-etic","status":"publish","type":"page","link":"https:\/\/avinent.com\/ca\/canal-i-codi-etic\/","title":{"rendered":"Canal i codi \u00e8tic"},"content":{"rendered":"\t\t<div data-elementor-type=\"wp-page\" data-elementor-id=\"35152\" class=\"elementor elementor-35152 elementor-35014\" data-elementor-post-type=\"page\">\n\t\t\t\t<div class=\"elementor-element elementor-element-9b4cd27 e-flex e-con-boxed e-con e-parent\" data-id=\"9b4cd27\" data-element_type=\"container\" data-e-type=\"container\">\n\t\t\t\t\t<div class=\"e-con-inner\">\n\t\t\t\t<div class=\"elementor-element elementor-element-8b03094 elementor-widget elementor-widget-heading\" data-id=\"8b03094\" data-element_type=\"widget\" data-e-type=\"widget\" data-widget_type=\"heading.default\">\n\t\t\t\t<div class=\"elementor-widget-container\">\n\t\t\t\t\t<h1 class=\"elementor-heading-title elementor-size-default\">Canal i codi \u00e8tic<\/h1>\t\t\t\t<\/div>\n\t\t\t\t<\/div>\n\t\t\t\t<div class=\"elementor-element elementor-element-e956df5 elementor-widget elementor-widget-text-editor\" data-id=\"e956df5\" data-element_type=\"widget\" data-e-type=\"widget\" data-widget_type=\"text-editor.default\">\n\t\t\t\t<div class=\"elementor-widget-container\">\n\t\t\t\t\t\t\t\t\t<p>AVINENT GROUP, mitjan\u00e7ant el seu codi \u00e8tic, fa p\u00fablic els seus valors i est\u00e0ndards de comportament de tot el personal i tamb\u00e9 de la seva relaci\u00f3 amb tercers. Podeu consultar-ho fent <span style=\"text-decoration: underline;\"><a style=\"color: inherit; text-decoration: underline;\" href=\"https:\/\/avinent.com\/wp-content\/uploads\/2025\/12\/Codi-Etic_Avinent-Group.pdf\">clic aqu\u00ed<\/a><\/span>.<\/p>\n<p>AVINENT GROUP t\u00e9 un comprom\u00eds ferm amb el compliment normatiu i altres regulacions volunt\u00e0ries que li s\u00f3n aplicables. \u00c9s per aix\u00f2 que, i a fi de donar compliment a la llei 2\/2023, si creu que hi pot haver algun incompliment d&#8217;aquesta llei, es pot posar en contacte amb nosaltres mitjan\u00e7ant aquest canal \u00e8tic.<\/p>\n<p>Pots accedir a la pol\u00edtica de privadesa fent <a style=\"color: inherit; text-decoration: underline;\" href=\"https:\/\/avinent.com\/ca\/politica-de-privadesa\/\">clic aqu\u00ed<\/a>.<\/p>\n<p>Per posar-te en contacte amb nosaltres facilitem els canals de comunicaci\u00f3 seg\u00fcents:<\/p>\n\t\t\t\t\t\t\t\t<\/div>\n\t\t\t\t<\/div>\n\t\t\t\t\t<\/div>\n\t\t\t\t<\/div>\n\t\t<div class=\"elementor-element elementor-element-790f2e2 e-flex e-con-boxed e-con e-parent\" data-id=\"790f2e2\" data-element_type=\"container\" data-e-type=\"container\">\n\t\t\t\t\t<div class=\"e-con-inner\">\n\t\t<div class=\"elementor-element elementor-element-b0c5aea e-con-full e-flex e-con e-child\" data-id=\"b0c5aea\" data-element_type=\"container\" data-e-type=\"container\">\n\t\t\t\t<div class=\"elementor-element elementor-element-3c5dc11 elementor-widget elementor-widget-text-editor\" data-id=\"3c5dc11\" data-element_type=\"widget\" data-e-type=\"widget\" data-widget_type=\"text-editor.default\">\n\t\t\t\t<div class=\"elementor-widget-container\">\n\t\t\t\t\t\t\t\t\t<h3 style=\"text-align: center;\"><strong>FORMULARI INTERN<\/strong><\/h3>\n<p>Les comunicacions que es formulin a trav\u00e9s del formulari \u201cCanal \u00e8tic\u201d podran realitzar-se per escrit al formulari que es troba fent <a style=\"color: inherit; text-decoration: none;\" href=\"https:\/\/centinela.lefebvre.es\/public\/concept\/2293031\"><span style=\"text-decoration: underline;\">clic aqu\u00ed<\/span><\/a>.<\/p>\n\t\t\t\t\t\t\t\t<\/div>\n\t\t\t\t<\/div>\n\t\t\t\t<\/div>\n\t\t<div class=\"elementor-element elementor-element-6a03474 e-con-full e-flex e-con e-child\" data-id=\"6a03474\" data-element_type=\"container\" data-e-type=\"container\">\n\t\t\t\t<div class=\"elementor-element elementor-element-2070ccb elementor-widget elementor-widget-text-editor\" data-id=\"2070ccb\" data-element_type=\"widget\" data-e-type=\"widget\" data-widget_type=\"text-editor.default\">\n\t\t\t\t<div class=\"elementor-widget-container\">\n\t\t\t\t\t\t\t\t\t<h3 style=\"text-align: center;\"><strong>COMUNICACI\u00d3 ESCRITA<\/strong><\/h3>\n<p>Enviant una comunicaci\u00f3 escrita a l&#8217;atenci\u00f3 del Responsable del Sistema Intern d&#8217;Informaci\u00f3 a la seg\u00fcent adre\u00e7a postal:<\/p>\n<p style=\"padding-left: 40px;\">Carretera de Navarcles, 107<br \/>\nPol. Ind. Santa Anna I<br \/>\n08251, Santpedor, Barcelona.<\/p>\n\t\t\t\t\t\t\t\t<\/div>\n\t\t\t\t<\/div>\n\t\t\t\t<\/div>\n\t\t\t\t\t<\/div>\n\t\t\t\t<\/div>\n\t\t<div class=\"elementor-element elementor-element-8c7311e e-flex e-con-boxed e-con e-parent\" data-id=\"8c7311e\" data-element_type=\"container\" data-e-type=\"container\">\n\t\t\t\t\t<div class=\"e-con-inner\">\n\t\t<div class=\"elementor-element elementor-element-ce41baf e-con-full e-flex e-con e-child\" data-id=\"ce41baf\" data-element_type=\"container\" data-e-type=\"container\">\n\t\t\t\t<div class=\"elementor-element elementor-element-ee70335 elementor-widget elementor-widget-text-editor\" data-id=\"ee70335\" data-element_type=\"widget\" data-e-type=\"widget\" data-widget_type=\"text-editor.default\">\n\t\t\t\t<div class=\"elementor-widget-container\">\n\t\t\t\t\t\t\t\t\t<h3 style=\"text-align: center;\"><strong>COMUNICACI\u00d3 PRESENCIAL<\/strong><\/h3>\n<p>Podeu realitzar aquesta comunicaci\u00f3 presencialment a les nostres instal\u00b7lacions situades a <a href=\"https:\/\/maps.app.goo.gl\/zm55QBPHmiVXmmNQ6\">Carretera de Navarcles, 107, Pol. Ind. Santa Anna I, 08251, Santpedor, Barcelona<\/a>. En aquest cas heu de sol\u00b7licitar parlar amb el Responsable del Sistema Intern d&#8217;Informaci\u00f3 per poder-la realitzar correctament.<\/p>\n\t\t\t\t\t\t\t\t<\/div>\n\t\t\t\t<\/div>\n\t\t\t\t<\/div>\n\t\t<div class=\"elementor-element elementor-element-b472472 e-con-full e-flex e-con e-child\" data-id=\"b472472\" data-element_type=\"container\" data-e-type=\"container\">\n\t\t\t\t<div class=\"elementor-element elementor-element-e610e17 elementor-widget elementor-widget-text-editor\" data-id=\"e610e17\" data-element_type=\"widget\" data-e-type=\"widget\" data-widget_type=\"text-editor.default\">\n\t\t\t\t<div class=\"elementor-widget-container\">\n\t\t\t\t\t\t\t\t\t<h3 style=\"text-align: center;\"><strong>COMUNICACI\u00d3 TELEF\u00d2NICA<\/strong><\/h3>\n<p>Finalment, tamb\u00e9 podeu realitzar la comunicaci\u00f3 per tel\u00e8fon, trucant al <a href=\"tel:938273465\"><span data-olk-copy-source=\"MessageBody\">938 273 465<\/span><\/a> i demanar tamb\u00e9 pel Responsable del Sistema Intern d&#8217;Informaci\u00f3. Us informem tamb\u00e9 que aquesta comunicaci\u00f3 la pot realitzar de forma an\u00f2nima, si ho creu oport\u00fa.<\/p>\n\t\t\t\t\t\t\t\t<\/div>\n\t\t\t\t<\/div>\n\t\t\t\t<\/div>\n\t\t\t\t\t<\/div>\n\t\t\t\t<\/div>\n\t\t\t\t<\/div>\n\t\t","protected":false},"excerpt":{"rendered":"<p>Canal i codi \u00e8tic AVINENT GROUP, mitjan\u00e7ant el seu codi \u00e8tic, fa p\u00fablic els seus valors i est\u00e0ndards de comportament de tot el personal i tamb\u00e9 de la seva relaci\u00f3 amb tercers. Podeu consultar-ho fent clic aqu\u00ed. AVINENT GROUP t\u00e9 un comprom\u00eds ferm amb el compliment normatiu i altres regulacions volunt\u00e0ries que li s\u00f3n aplicables. [&hellip;]<\/p>\n","protected":false},"author":4,"featured_media":0,"parent":0,"menu_order":209,"comment_status":"closed","ping_status":"closed","template":"elementor_header_footer","meta":{"_acf_changed":false,"inline_featured_image":false,"footnotes":""},"class_list":["post-35152","page","type-page","status-publish","hentry"],"acf":[],"yoast_head":"<!-- This site is optimized with the Yoast SEO plugin v26.8 - https:\/\/yoast.com\/product\/yoast-seo-wordpress\/ -->\n<title>Canal i codi \u00e8tic | Avinent<\/title>\n<meta name=\"description\" content=\"Canal i codi \u00e8tic AVINENT GROUP, mitjan\u00e7ant el seu codi \u00e8tic, fa p\u00fablic els seus valors i est\u00e0ndards de comportament de tot el personal i tamb\u00e9 de la seva \u2713\" \/>\n<meta name=\"robots\" content=\"noindex, nofollow\" \/>\n<meta property=\"og:locale\" content=\"ca_ES\" \/>\n<meta property=\"og:type\" content=\"article\" \/>\n<meta property=\"og:title\" content=\"Canal i codi \u00e8tic | Avinent\" \/>\n<meta property=\"og:description\" content=\"Canal i codi \u00e8tic AVINENT GROUP, mitjan\u00e7ant el seu codi \u00e8tic, fa p\u00fablic els seus valors i est\u00e0ndards de comportament de tot el personal i tamb\u00e9 de la seva \u2713\" \/>\n<meta property=\"og:url\" content=\"https:\/\/avinent.com\/canal-y-codigo-etico\/\" \/>\n<meta property=\"og:site_name\" content=\"Avinent\" \/>\n<meta property=\"article:modified_time\" content=\"2025-12-12T11:05:38+00:00\" \/>\n<meta name=\"twitter:card\" content=\"summary_large_image\" \/>\n<meta name=\"twitter:label1\" content=\"Temps estimat de lectura\" \/>\n\t<meta name=\"twitter:data1\" content=\"1 minut\" \/>\n<script type=\"application\/ld+json\" class=\"yoast-schema-graph\">{\"@context\":\"https:\/\/schema.org\",\"@graph\":[{\"@type\":\"WebPage\",\"@id\":\"https:\/\/avinent.com\/canal-y-codigo-etico\/\",\"url\":\"https:\/\/avinent.com\/canal-y-codigo-etico\/\",\"name\":\"Canal i codi \u00e8tic | Avinent\",\"isPartOf\":{\"@id\":\"https:\/\/avinent.com\/#website\"},\"datePublished\":\"2025-10-28T12:00:30+00:00\",\"dateModified\":\"2025-12-12T11:05:38+00:00\",\"description\":\"Canal i codi \u00e8tic AVINENT GROUP, mitjan\u00e7ant el seu codi \u00e8tic, fa p\u00fablic els seus valors i est\u00e0ndards de comportament de tot el personal i tamb\u00e9 de la seva \u2713\",\"breadcrumb\":{\"@id\":\"https:\/\/avinent.com\/canal-y-codigo-etico\/#breadcrumb\"},\"inLanguage\":\"ca\",\"potentialAction\":[{\"@type\":\"ReadAction\",\"target\":[\"https:\/\/avinent.com\/canal-y-codigo-etico\/\"]}]},{\"@type\":\"BreadcrumbList\",\"@id\":\"https:\/\/avinent.com\/canal-y-codigo-etico\/#breadcrumb\",\"itemListElement\":[{\"@type\":\"ListItem\",\"position\":1,\"name\":\"Portada\",\"item\":\"https:\/\/avinent.com\/ca\/home\/\"},{\"@type\":\"ListItem\",\"position\":2,\"name\":\"Canal i codi \u00e8tic\"}]},{\"@type\":\"WebSite\",\"@id\":\"https:\/\/avinent.com\/#website\",\"url\":\"https:\/\/avinent.com\/\",\"name\":\"Avinent\",\"description\":\"Todas las soluciones m\u00e9dicas y dentales\",\"publisher\":{\"@id\":\"https:\/\/avinent.com\/#organization\"},\"potentialAction\":[{\"@type\":\"SearchAction\",\"target\":{\"@type\":\"EntryPoint\",\"urlTemplate\":\"https:\/\/avinent.com\/?s={search_term_string}\"},\"query-input\":{\"@type\":\"PropertyValueSpecification\",\"valueRequired\":true,\"valueName\":\"search_term_string\"}}],\"inLanguage\":\"ca\"},{\"@type\":\"Organization\",\"@id\":\"https:\/\/avinent.com\/#organization\",\"name\":\"Avinent\",\"url\":\"https:\/\/avinent.com\/\",\"logo\":{\"@type\":\"ImageObject\",\"inLanguage\":\"ca\",\"@id\":\"https:\/\/avinent.com\/#\/schema\/logo\/image\/\",\"url\":\"https:\/\/avinent.com\/wp-content\/uploads\/2021\/10\/cropped-9216650250dc9798b51ff14a0e1c16c7.png\",\"contentUrl\":\"https:\/\/avinent.com\/wp-content\/uploads\/2021\/10\/cropped-9216650250dc9798b51ff14a0e1c16c7.png\",\"width\":122,\"height\":79,\"caption\":\"Avinent\"},\"image\":{\"@id\":\"https:\/\/avinent.com\/#\/schema\/logo\/image\/\"}}]}<\/script>\n<!-- \/ Yoast SEO plugin. -->","yoast_head_json":{"title":"Canal i codi \u00e8tic | Avinent","description":"Canal i codi \u00e8tic AVINENT GROUP, mitjan\u00e7ant el seu codi \u00e8tic, fa p\u00fablic els seus valors i est\u00e0ndards de comportament de tot el personal i tamb\u00e9 de la seva \u2713","robots":{"index":"noindex","follow":"nofollow"},"og_locale":"ca_ES","og_type":"article","og_title":"Canal i codi \u00e8tic | Avinent","og_description":"Canal i codi \u00e8tic AVINENT GROUP, mitjan\u00e7ant el seu codi \u00e8tic, fa p\u00fablic els seus valors i est\u00e0ndards de comportament de tot el personal i tamb\u00e9 de la seva \u2713","og_url":"https:\/\/avinent.com\/canal-y-codigo-etico\/","og_site_name":"Avinent","article_modified_time":"2025-12-12T11:05:38+00:00","twitter_card":"summary_large_image","twitter_misc":{"Temps estimat de lectura":"1 minut"},"schema":{"@context":"https:\/\/schema.org","@graph":[{"@type":"WebPage","@id":"https:\/\/avinent.com\/canal-y-codigo-etico\/","url":"https:\/\/avinent.com\/canal-y-codigo-etico\/","name":"Canal i codi \u00e8tic | Avinent","isPartOf":{"@id":"https:\/\/avinent.com\/#website"},"datePublished":"2025-10-28T12:00:30+00:00","dateModified":"2025-12-12T11:05:38+00:00","description":"Canal i codi \u00e8tic AVINENT GROUP, mitjan\u00e7ant el seu codi \u00e8tic, fa p\u00fablic els seus valors i est\u00e0ndards de comportament de tot el personal i tamb\u00e9 de la seva \u2713","breadcrumb":{"@id":"https:\/\/avinent.com\/canal-y-codigo-etico\/#breadcrumb"},"inLanguage":"ca","potentialAction":[{"@type":"ReadAction","target":["https:\/\/avinent.com\/canal-y-codigo-etico\/"]}]},{"@type":"BreadcrumbList","@id":"https:\/\/avinent.com\/canal-y-codigo-etico\/#breadcrumb","itemListElement":[{"@type":"ListItem","position":1,"name":"Portada","item":"https:\/\/avinent.com\/ca\/home\/"},{"@type":"ListItem","position":2,"name":"Canal i codi \u00e8tic"}]},{"@type":"WebSite","@id":"https:\/\/avinent.com\/#website","url":"https:\/\/avinent.com\/","name":"Avinent","description":"Todas las soluciones m\u00e9dicas y dentales","publisher":{"@id":"https:\/\/avinent.com\/#organization"},"potentialAction":[{"@type":"SearchAction","target":{"@type":"EntryPoint","urlTemplate":"https:\/\/avinent.com\/?s={search_term_string}"},"query-input":{"@type":"PropertyValueSpecification","valueRequired":true,"valueName":"search_term_string"}}],"inLanguage":"ca"},{"@type":"Organization","@id":"https:\/\/avinent.com\/#organization","name":"Avinent","url":"https:\/\/avinent.com\/","logo":{"@type":"ImageObject","inLanguage":"ca","@id":"https:\/\/avinent.com\/#\/schema\/logo\/image\/","url":"https:\/\/avinent.com\/wp-content\/uploads\/2021\/10\/cropped-9216650250dc9798b51ff14a0e1c16c7.png","contentUrl":"https:\/\/avinent.com\/wp-content\/uploads\/2021\/10\/cropped-9216650250dc9798b51ff14a0e1c16c7.png","width":122,"height":79,"caption":"Avinent"},"image":{"@id":"https:\/\/avinent.com\/#\/schema\/logo\/image\/"}}]}},"_links":{"self":[{"href":"https:\/\/avinent.com\/ca\/wp-json\/wp\/v2\/pages\/35152","targetHints":{"allow":["GET"]}}],"collection":[{"href":"https:\/\/avinent.com\/ca\/wp-json\/wp\/v2\/pages"}],"about":[{"href":"https:\/\/avinent.com\/ca\/wp-json\/wp\/v2\/types\/page"}],"author":[{"embeddable":true,"href":"https:\/\/avinent.com\/ca\/wp-json\/wp\/v2\/users\/4"}],"replies":[{"embeddable":true,"href":"https:\/\/avinent.com\/ca\/wp-json\/wp\/v2\/comments?post=35152"}],"version-history":[{"count":2,"href":"https:\/\/avinent.com\/ca\/wp-json\/wp\/v2\/pages\/35152\/revisions"}],"predecessor-version":[{"id":35425,"href":"https:\/\/avinent.com\/ca\/wp-json\/wp\/v2\/pages\/35152\/revisions\/35425"}],"wp:attachment":[{"href":"https:\/\/avinent.com\/ca\/wp-json\/wp\/v2\/media?parent=35152"}],"curies":[{"name":"wp","href":"https:\/\/api.w.org\/{rel}","templated":true}]}}