{"id":492,"date":"2021-10-16T15:24:59","date_gmt":"2021-10-16T13:24:59","guid":{"rendered":"https:\/\/avinent.com\/avis-legal\/"},"modified":"2025-03-12T12:13:57","modified_gmt":"2025-03-12T11:13:57","slug":"avis-legal","status":"publish","type":"page","link":"https:\/\/avinent.com\/ca\/avis-legal\/","title":{"rendered":"Av\u00eds Legal"},"content":{"rendered":"\t\t<div data-elementor-type=\"wp-page\" data-elementor-id=\"492\" class=\"elementor elementor-492 elementor-57\" data-elementor-post-type=\"page\">\n\t\t\t\t<div class=\"elementor-element elementor-element-9b4cd27 e-flex e-con-boxed e-con e-parent\" data-id=\"9b4cd27\" data-element_type=\"container\" data-e-type=\"container\">\n\t\t\t\t\t<div class=\"e-con-inner\">\n\t\t\t\t<div class=\"elementor-element elementor-element-8b03094 elementor-widget elementor-widget-heading\" data-id=\"8b03094\" data-element_type=\"widget\" data-e-type=\"widget\" data-widget_type=\"heading.default\">\n\t\t\t\t<div class=\"elementor-widget-container\">\n\t\t\t\t\t<h1 class=\"elementor-heading-title elementor-size-default\">Av\u00eds Legal<\/h1>\t\t\t\t<\/div>\n\t\t\t\t<\/div>\n\t\t\t\t<div class=\"elementor-element elementor-element-e956df5 elementor-widget elementor-widget-text-editor\" data-id=\"e956df5\" data-element_type=\"widget\" data-e-type=\"widget\" data-widget_type=\"text-editor.default\">\n\t\t\t\t<div class=\"elementor-widget-container\">\n\t\t\t\t\t\t\t\t\t<p>D&#8217;acord amb l&#8217;<b>article 10 de la Llei 34\/2002, de l&#8217;11 de juliol, de Serveis de la Societat de la Informaci\u00f3 i Comer\u00e7 electr\u00f2nic<\/b>, informem que aquesta p\u00e0gina web i el domini avinent.com pertanyen a:<\/p>\n<p style=\"padding-left: 40px;\">AVINENT IMPLANT SYSTEM, S.L.U.<br>Carretera de Navarcles, 107, Pol. Ind. Santa Anna I.<br>08251 Santpedor (Barcelona).<br>T. +34 902 38 38 48<br>F.+34 93 827 38 73<br>CIF ESB64286891  <\/p>\n<p><strong><br><\/strong><\/p>\n<p><strong>OBJECTE<br><\/strong>A trav\u00e9s del lloc web, Avinent ofereix als usuaris la possibilitat d&#8217;accedir a informaci\u00f3 relacionada amb els nostres serveis. Qualsevol dada personal introdu\u00efda pel propi usuari, ser\u00e0 tractada segons la pol\u00edtica de privadesa que tamb\u00e9 est\u00e0 disponible a la web. <\/p>\n<p><strong><br><\/strong><\/p>\n<p><strong>USUARIS I R\u00c8GIM DE RESPONSABILITATS<br><\/strong>L&#8217;acc\u00e9s i\/o \u00fas dels portals d&#8217;Avinent atribueix la condici\u00f3 d&#8217;usuari que accepta des de l&#8217;inici de l&#8217;acc\u00e9s i l&#8217;\u00fas de l&#8217;av\u00eds legal de l&#8217;empresa. Avinent Implant System S.LU. considera usuaris tant persones f\u00edsiques com jur\u00eddiques. La p\u00e0gina web proporciona una gran diversitat d&#8217;informaci\u00f3, serveis i dades. L&#8217;usuari assumeix la responsabilitat en l&#8217;\u00fas correcte de la web. Aquesta responsabilitat s&#8217;est\u00e9n, entre d&#8217;altres, a:<br>Veracitat i licitud de les informacions aportades per l&#8217;usuari als formularis facilitats per Avinent Implant System, S.L.U.<br>Mantenir actualitzades les dades comunicades a la web, sent aquestes exactes a la realitat en cada moment. Qualsevol dada inexacta o falsa que es produeixi a conseq\u00fc\u00e8ncia de les informacions i dades comunicades, aix\u00ed com els perjudicis que se&#8217;n puguin derivar, seran responsabilitat dels usuaris.      <br>L&#8217;\u00fas de la informaci\u00f3, serveis i dades ofertes a AVINENT, contr\u00e0riament al que disposen aquestes condicions, la llei, l&#8217;\u00e8tica o qualsevol altra forma que pugui suposar una lesi\u00f3 dels drets de tercers o del mateix funcionament del web.<br>Aix\u00ed mateix, l&#8217;usuari es compromet a no provocar danys f\u00edsics o l\u00f2gics a la p\u00e0gina web; a introduir o difondre a la xarxa virus inform\u00e0tics que puguin afectar el funcionament correcte de la p\u00e0gina i\/o en els sistemes de l&#8217;empresa; intentar manipular dades de la empresa, etc.<\/p>\n<p><strong><br><\/strong><\/p>\n<p><strong>DRETS DE PROPIETAT INTEL\u00b7LECTUAL I INDUSTRIAL<br><\/strong>El web d&#8217;Avinent Implant System, S.L.U. es regeixen per les lleis espanyoles i est\u00e0 protegida per la legislaci\u00f3 estatal i internacional sobre la propietat intel\u00b7lectual i industrial.<br>La totalitat del contingut daquesta p\u00e0gina web, inclosos logotips, textos, fotografies, dissenys, refer\u00e8ncies de productes o altres elements. Aix\u00ed com lestructura de la p\u00e0gina web, el disseny, les combinacions de colors o la forma de presentaci\u00f3 dels continguts, est\u00e0 afectat pels drets de la propietat intel\u00b7lectual i industrial de titularitat dAvinent Implant System, S.L.U. o de terceres persones amb qu\u00e8 Avinent Implant System S.L.U. n&#8217;ha cedit l&#8217;\u00fas. Aquests drets han de ser respectats pels usuaris de la p\u00e0gina web. Avinent Implant System, S.L.U difon tota aquesta informaci\u00f3 a trav\u00e9s de la seva p\u00e0gina web per tal de fer publicitat dels seus productes i activitats. Avinent Implant System, S.L.U. adverteix que tots aquests elements i refer\u00e8ncies \u00fanicament poden ser utilitzats amb aquesta finalitat i citant-ne sempre la proced\u00e8ncia i les refer\u00e8ncies d&#8217;identificaci\u00f3. No \u00e9s l\u00edcita la seva transformaci\u00f3 o alteraci\u00f3, ni tampoc la comunicaci\u00f3 p\u00fablica o qualsevol altra forma dexplotaci\u00f3 per qualsevol t\u00e8cnica o procediment sense autoritzaci\u00f3 expressa dAvinent Implant System, S.L.U.     <\/p>\n<p><strong><br><\/strong><\/p>\n<p><strong>RESPONSABILITAT SOBRE ELS CONTINGUTS<br><\/strong>L&#8217;usuari d&#8217;aquesta p\u00e0gina web accedeix per compte i iniciativa pr\u00f2pia. Avinent Implant System, S.L.U. no es responsabilitza dels errors o omissions que puguin afectar-ne els continguts. Les refer\u00e8ncies que es presenten a la web tenen una funci\u00f3 exclusivament informativa i no obliguen el titular de la p\u00e0gina web fins a la confirmaci\u00f3 de l\u201facceptaci\u00f3 d\u201fun contracte.<br>Avinent Implant System, S.L.U. declina qualsevol responsabilitat respecte a la informaci\u00f3 de qualsevol tipus continguda en altres p\u00e0gines web a qu\u00e8 es pugui accedir mitjan\u00e7ant enlla\u00e7os des d&#8217;aquesta p\u00e0gina web. La funci\u00f3 dels enlla\u00e7os introdu\u00efts a la p\u00e0gina web \u00e9s informar sobre l&#8217;exist\u00e8ncia d&#8217;altres fonts d&#8217;informaci\u00f3 sobre el tema tractat a la p\u00e0gina d&#8217;origen i no suposa cap suggeriment o invitaci\u00f3 a l&#8217;usuari a visitar les p\u00e0gines web de destinaci\u00f3. Avinent Implant System, S.L.U. no \u00e9s responsable del resultat obtingut mitjan\u00e7ant aquests enlla\u00e7os que no s\u00f3n controlats ni verificats per Avinent Implant System, S.L.U.    <br>Avinent podr\u00e0 interrompre el servei o resoldre de manera immediata la relaci\u00f3 amb l&#8217;usuari si es detecta que l&#8217;usuari no utilitza l&#8217;espai segons aquest Av\u00eds Legal.<br>Avinent Implant System, SLU es reserva, sense necessitat de previ av\u00eds i en qualsevol moment, el dret de suspendre temporalment l&#8217;acc\u00e9s a la p\u00e0gina web i a efectuar les modificacions que cregui oportunes als serveis o productes oferts de la presentaci\u00f3 o localitzaci\u00f3 d&#8217;aquestes.<\/p>\n<p><strong><br><\/strong><\/p>\n<p><strong>AUTORITZACI\u00d3 PER ENLLA\u00c7AR AMB AVINENT.COM<\/strong><br>Queda autoritzada la creaci\u00f3 d&#8217;enlla\u00e7os cap a qualsevol apartat d&#8217;aquesta p\u00e0gina web sempre que quedi visible, a la barra d&#8217;adreces de l&#8217;explorador, l&#8217;adre\u00e7a real a qu\u00e8 s&#8217;accedeix. Els enlla\u00e7os es poden crear utilitzant l&#8217;adre\u00e7a, el nom de l&#8217;empresa o altres paraules clau. <\/p>\n<p><strong><br><\/strong><\/p>\n<p><strong>ACCIONS LEGALS, LEGISLACI\u00d3 APLICABLE I JURISPRUD\u00c8NCIA<\/strong><br>Avinent Implant System, SLU es reserva, aix\u00ed mateix, la facultat de presentar les accions civils o penals que consideri oportunes per la utilitzaci\u00f3 indeguda de la seva p\u00e0gina web i continguts all\u00e0 descrits, o per incompliment de les presents condicions.<br>La relaci\u00f3 entre l&#8217;usuari i l&#8217;Avinent Implant Sytem, \u200b\u200bSLU es regir\u00e0 per la normativa vigent d&#8217;aplicaci\u00f3 al territori espanyol. De sortir qualsevol controv\u00e8rsia les parts implicades poden sotmetre els seus conflictes a arbitratge o acudir a la jurisprud\u00e8ncia ordin\u00e0ria, complint amb les normes sobre jurisdicci\u00f3 i compet\u00e8ncia sobre aix\u00f2. Si n&#8217;hi hagu\u00e9s, aquesta controv\u00e8rsia es veur\u00e0 als jutjats de Manresa.  <\/p>\n<p><strong><br><\/strong><\/p>\n<p><strong>EXONERACI\u00d3 DE RESPONSABILITAT<\/strong><br>Avinent Implant System, SLU declara haver adoptat totes les mesures necess\u00e0ries per evitar qualsevol dany als usuaris del vostre lloc web, que poguessin derivar-se de la navegaci\u00f3 pel seu lloc web. En conseq\u00fc\u00e8ncia, Avinent Implant System, SLU no es fa responsable, en cap cas, dels possibles errors de seguretat que puguin produir-se ni de qualsevol dany o perjudici que pugui causar-se al sistema inform\u00e0tic de l&#8217;Usuari, els fitxers o documents emmagatzemats com a conseq\u00fc\u00e8ncia de l&#8217;acc\u00e9s a les P\u00e0gines web d&#8217;Avinent Implant System, SLU o de l&#8217;\u00fas d&#8217;informaci\u00f3 o aplicacions contingudes. Avinent Implant System, SLU<br>Aix\u00ed mateix, Avinent no es far\u00e0 responsable en tot cas de la impossibilitat d&#8217;oferir el servei web a causa de causes de for\u00e7a major, com pot ser, inundacions, error prolongat del flux el\u00e8ctric, explosions, etc.  <\/p>\n<p><strong><br><\/strong><\/p>\n<p><strong>CANVIS A L&#8217;AV\u00cdS LEGAL<\/strong><br>Avinent Implant System, SLU es reserva, sense necessitat de previ av\u00eds i en qualsevol moment, el dret a modificar l&#8217;Av\u00eds legal establert aqu\u00ed. Per aquest motiu, en recomana la lectura a cada connexi\u00f3.<br>Aquestes modificacions seran de compliment obligat durant el temps en qu\u00e8 es trobin publicades a la web i fins que no siguin modificades v\u00e0lidament per altres posteriors. <\/p>\t\t\t\t\t\t\t\t<\/div>\n\t\t\t\t<\/div>\n\t\t\t\t\t<\/div>\n\t\t\t\t<\/div>\n\t\t\t\t<\/div>\n\t\t","protected":false},"excerpt":{"rendered":"<p>Av\u00eds Legal D&#8217;acord amb l&#8217;article 10 de la Llei 34\/2002, de l&#8217;11 de juliol, de Serveis de la Societat de la Informaci\u00f3 i Comer\u00e7 electr\u00f2nic, informem que aquesta p\u00e0gina web i el domini avinent.com pertanyen a: AVINENT IMPLANT SYSTEM, S.L.U.Carretera de Navarcles, 107, Pol. Ind. Santa Anna I.08251 Santpedor (Barcelona).T. +34 902 38 38 48F.+34 [&hellip;]<\/p>\n","protected":false},"author":2,"featured_media":0,"parent":0,"menu_order":206,"comment_status":"closed","ping_status":"closed","template":"elementor_header_footer","meta":{"_acf_changed":false,"inline_featured_image":false,"footnotes":""},"class_list":["post-492","page","type-page","status-publish","hentry"],"acf":[],"yoast_head":"<!-- This site is optimized with the Yoast SEO plugin v26.8 - https:\/\/yoast.com\/product\/yoast-seo-wordpress\/ -->\n<title>Av\u00eds Legal | Avinent<\/title>\n<meta name=\"description\" content=\"Av\u00eds Legal D&#039;acord amb l&#039;article 10 de la Llei 34\/2002, de l&#039;11 de juliol, de Serveis de la Societat de la Informaci\u00f3 i Comer\u00e7 electr\u00f2nic, informem que \u2713\" \/>\n<meta name=\"robots\" content=\"noindex, nofollow\" \/>\n<meta property=\"og:locale\" content=\"ca_ES\" \/>\n<meta property=\"og:type\" content=\"article\" \/>\n<meta property=\"og:title\" content=\"Av\u00eds Legal | Avinent\" \/>\n<meta property=\"og:description\" content=\"Av\u00eds Legal D&#039;acord amb l&#039;article 10 de la Llei 34\/2002, de l&#039;11 de juliol, de Serveis de la Societat de la Informaci\u00f3 i Comer\u00e7 electr\u00f2nic, informem que \u2713\" \/>\n<meta property=\"og:url\" content=\"https:\/\/avinent.wwwarcelona.net\/ca\/avis-legal\/\" \/>\n<meta property=\"og:site_name\" content=\"Avinent\" \/>\n<meta property=\"article:modified_time\" content=\"2025-03-12T11:13:57+00:00\" \/>\n<meta name=\"twitter:card\" content=\"summary_large_image\" \/>\n<meta name=\"twitter:label1\" content=\"Temps estimat de lectura\" \/>\n\t<meta name=\"twitter:data1\" content=\"6 minuts\" \/>\n<script type=\"application\/ld+json\" class=\"yoast-schema-graph\">{\"@context\":\"https:\/\/schema.org\",\"@graph\":[{\"@type\":\"WebPage\",\"@id\":\"https:\/\/avinent.wwwarcelona.net\/ca\/avis-legal\/\",\"url\":\"https:\/\/avinent.wwwarcelona.net\/ca\/avis-legal\/\",\"name\":\"Av\u00eds Legal | Avinent\",\"isPartOf\":{\"@id\":\"https:\/\/avinent.com\/#website\"},\"datePublished\":\"2021-10-16T13:24:59+00:00\",\"dateModified\":\"2025-03-12T11:13:57+00:00\",\"description\":\"Av\u00eds Legal D'acord amb l'article 10 de la Llei 34\/2002, de l'11 de juliol, de Serveis de la Societat de la Informaci\u00f3 i Comer\u00e7 electr\u00f2nic, informem que \u2713\",\"breadcrumb\":{\"@id\":\"https:\/\/avinent.wwwarcelona.net\/ca\/avis-legal\/#breadcrumb\"},\"inLanguage\":\"ca\",\"potentialAction\":[{\"@type\":\"ReadAction\",\"target\":[\"https:\/\/avinent.wwwarcelona.net\/ca\/avis-legal\/\"]}]},{\"@type\":\"BreadcrumbList\",\"@id\":\"https:\/\/avinent.wwwarcelona.net\/ca\/avis-legal\/#breadcrumb\",\"itemListElement\":[{\"@type\":\"ListItem\",\"position\":1,\"name\":\"Portada\",\"item\":\"https:\/\/avinent.com\/ca\/home\/\"},{\"@type\":\"ListItem\",\"position\":2,\"name\":\"Av\u00eds Legal\"}]},{\"@type\":\"WebSite\",\"@id\":\"https:\/\/avinent.com\/#website\",\"url\":\"https:\/\/avinent.com\/\",\"name\":\"Avinent\",\"description\":\"Todas las soluciones m\u00e9dicas y dentales\",\"publisher\":{\"@id\":\"https:\/\/avinent.com\/#organization\"},\"potentialAction\":[{\"@type\":\"SearchAction\",\"target\":{\"@type\":\"EntryPoint\",\"urlTemplate\":\"https:\/\/avinent.com\/?s={search_term_string}\"},\"query-input\":{\"@type\":\"PropertyValueSpecification\",\"valueRequired\":true,\"valueName\":\"search_term_string\"}}],\"inLanguage\":\"ca\"},{\"@type\":\"Organization\",\"@id\":\"https:\/\/avinent.com\/#organization\",\"name\":\"Avinent\",\"url\":\"https:\/\/avinent.com\/\",\"logo\":{\"@type\":\"ImageObject\",\"inLanguage\":\"ca\",\"@id\":\"https:\/\/avinent.com\/#\/schema\/logo\/image\/\",\"url\":\"https:\/\/avinent.com\/wp-content\/uploads\/2021\/10\/cropped-9216650250dc9798b51ff14a0e1c16c7.png\",\"contentUrl\":\"https:\/\/avinent.com\/wp-content\/uploads\/2021\/10\/cropped-9216650250dc9798b51ff14a0e1c16c7.png\",\"width\":122,\"height\":79,\"caption\":\"Avinent\"},\"image\":{\"@id\":\"https:\/\/avinent.com\/#\/schema\/logo\/image\/\"}}]}<\/script>\n<!-- \/ Yoast SEO plugin. -->","yoast_head_json":{"title":"Av\u00eds Legal | Avinent","description":"Av\u00eds Legal D'acord amb l'article 10 de la Llei 34\/2002, de l'11 de juliol, de Serveis de la Societat de la Informaci\u00f3 i Comer\u00e7 electr\u00f2nic, informem que \u2713","robots":{"index":"noindex","follow":"nofollow"},"og_locale":"ca_ES","og_type":"article","og_title":"Av\u00eds Legal | Avinent","og_description":"Av\u00eds Legal D'acord amb l'article 10 de la Llei 34\/2002, de l'11 de juliol, de Serveis de la Societat de la Informaci\u00f3 i Comer\u00e7 electr\u00f2nic, informem que \u2713","og_url":"https:\/\/avinent.wwwarcelona.net\/ca\/avis-legal\/","og_site_name":"Avinent","article_modified_time":"2025-03-12T11:13:57+00:00","twitter_card":"summary_large_image","twitter_misc":{"Temps estimat de lectura":"6 minuts"},"schema":{"@context":"https:\/\/schema.org","@graph":[{"@type":"WebPage","@id":"https:\/\/avinent.wwwarcelona.net\/ca\/avis-legal\/","url":"https:\/\/avinent.wwwarcelona.net\/ca\/avis-legal\/","name":"Av\u00eds Legal | Avinent","isPartOf":{"@id":"https:\/\/avinent.com\/#website"},"datePublished":"2021-10-16T13:24:59+00:00","dateModified":"2025-03-12T11:13:57+00:00","description":"Av\u00eds Legal D'acord amb l'article 10 de la Llei 34\/2002, de l'11 de juliol, de Serveis de la Societat de la Informaci\u00f3 i Comer\u00e7 electr\u00f2nic, informem que \u2713","breadcrumb":{"@id":"https:\/\/avinent.wwwarcelona.net\/ca\/avis-legal\/#breadcrumb"},"inLanguage":"ca","potentialAction":[{"@type":"ReadAction","target":["https:\/\/avinent.wwwarcelona.net\/ca\/avis-legal\/"]}]},{"@type":"BreadcrumbList","@id":"https:\/\/avinent.wwwarcelona.net\/ca\/avis-legal\/#breadcrumb","itemListElement":[{"@type":"ListItem","position":1,"name":"Portada","item":"https:\/\/avinent.com\/ca\/home\/"},{"@type":"ListItem","position":2,"name":"Av\u00eds Legal"}]},{"@type":"WebSite","@id":"https:\/\/avinent.com\/#website","url":"https:\/\/avinent.com\/","name":"Avinent","description":"Todas las soluciones m\u00e9dicas y dentales","publisher":{"@id":"https:\/\/avinent.com\/#organization"},"potentialAction":[{"@type":"SearchAction","target":{"@type":"EntryPoint","urlTemplate":"https:\/\/avinent.com\/?s={search_term_string}"},"query-input":{"@type":"PropertyValueSpecification","valueRequired":true,"valueName":"search_term_string"}}],"inLanguage":"ca"},{"@type":"Organization","@id":"https:\/\/avinent.com\/#organization","name":"Avinent","url":"https:\/\/avinent.com\/","logo":{"@type":"ImageObject","inLanguage":"ca","@id":"https:\/\/avinent.com\/#\/schema\/logo\/image\/","url":"https:\/\/avinent.com\/wp-content\/uploads\/2021\/10\/cropped-9216650250dc9798b51ff14a0e1c16c7.png","contentUrl":"https:\/\/avinent.com\/wp-content\/uploads\/2021\/10\/cropped-9216650250dc9798b51ff14a0e1c16c7.png","width":122,"height":79,"caption":"Avinent"},"image":{"@id":"https:\/\/avinent.com\/#\/schema\/logo\/image\/"}}]}},"_links":{"self":[{"href":"https:\/\/avinent.com\/ca\/wp-json\/wp\/v2\/pages\/492","targetHints":{"allow":["GET"]}}],"collection":[{"href":"https:\/\/avinent.com\/ca\/wp-json\/wp\/v2\/pages"}],"about":[{"href":"https:\/\/avinent.com\/ca\/wp-json\/wp\/v2\/types\/page"}],"author":[{"embeddable":true,"href":"https:\/\/avinent.com\/ca\/wp-json\/wp\/v2\/users\/2"}],"replies":[{"embeddable":true,"href":"https:\/\/avinent.com\/ca\/wp-json\/wp\/v2\/comments?post=492"}],"version-history":[{"count":5,"href":"https:\/\/avinent.com\/ca\/wp-json\/wp\/v2\/pages\/492\/revisions"}],"predecessor-version":[{"id":29288,"href":"https:\/\/avinent.com\/ca\/wp-json\/wp\/v2\/pages\/492\/revisions\/29288"}],"wp:attachment":[{"href":"https:\/\/avinent.com\/ca\/wp-json\/wp\/v2\/media?parent=492"}],"curies":[{"name":"wp","href":"https:\/\/api.w.org\/{rel}","templated":true}]}}