{"id":30646,"date":"2025-03-03T17:15:34","date_gmt":"2025-03-03T16:15:34","guid":{"rendered":"https:\/\/avinent.com\/documents\/"},"modified":"2025-03-24T13:57:37","modified_gmt":"2025-03-24T12:57:37","slug":"documents","status":"publish","type":"page","link":"https:\/\/avinent.com\/fr\/avinent-universe\/documents\/","title":{"rendered":"Documents"},"content":{"rendered":"\t\t<div data-elementor-type=\"wp-page\" data-elementor-id=\"30646\" class=\"elementor elementor-30646 elementor-26470\" data-elementor-post-type=\"page\">\n\t\t\t\t<div class=\"elementor-element elementor-element-a3f51a2 e-con-full e-flex e-con e-parent\" data-id=\"a3f51a2\" data-element_type=\"container\" data-e-type=\"container\" data-settings=\"{&quot;background_background&quot;:&quot;classic&quot;}\">\n\t\t<div class=\"elementor-element elementor-element-17f01d3 e-flex e-con-boxed elementor-invisible e-con e-child\" data-id=\"17f01d3\" data-element_type=\"container\" data-e-type=\"container\" data-settings=\"{&quot;animation&quot;:&quot;fadeInRight&quot;}\">\n\t\t\t\t\t<div class=\"e-con-inner\">\n\t\t\t\t<div class=\"elementor-element elementor-element-8a7bd07 elementor-widget__width-initial elementor-widget-mobile__width-initial elementor-widget elementor-widget-heading\" data-id=\"8a7bd07\" data-element_type=\"widget\" data-e-type=\"widget\" data-widget_type=\"heading.default\">\n\t\t\t\t<div class=\"elementor-widget-container\">\n\t\t\t\t\t<h1 class=\"elementor-heading-title elementor-size-default\">DOCUMENTS DENTAIRES<\/h1>\t\t\t\t<\/div>\n\t\t\t\t<\/div>\n\t\t\t\t<div class=\"elementor-element elementor-element-dae0928 elementor-widget__width-initial elementor-widget elementor-widget-text-editor\" data-id=\"dae0928\" data-element_type=\"widget\" data-e-type=\"widget\" data-widget_type=\"text-editor.default\">\n\t\t\t\t<div class=\"elementor-widget-container\">\n\t\t\t\t\t\t\t\t\t<p>Nos solutions dentaires garantissent le respect des normes sanitaires ainsi qu\u2019une excellente qualit\u00e9 pour des r\u00e9sultats s\u00fbrs et fiables.<\/p>\n<p>Nous mettons \u00e0 votre disposition toute la documentation technique dentaire de nos produits, afin que vous puissiez t\u00e9l\u00e9charger les catalogues ou les modes d\u2019emploi des r\u00e9f\u00e9rences de produits Avinent.<\/p>\n\t\t\t\t\t\t\t\t<\/div>\n\t\t\t\t<\/div>\n\t\t\t\t<div class=\"elementor-element elementor-element-380f86d elementor-align-left elementor-widget__width-initial elementor-invisible elementor-widget elementor-widget-button\" data-id=\"380f86d\" data-element_type=\"widget\" data-e-type=\"widget\" data-settings=\"{&quot;_animation&quot;:&quot;fadeIn&quot;}\" data-widget_type=\"button.default\">\n\t\t\t\t<div class=\"elementor-widget-container\">\n\t\t\t\t\t\t\t\t\t<div class=\"elementor-button-wrapper\">\n\t\t\t\t\t<a class=\"elementor-button elementor-button-link elementor-size-sm\" href=\"https:\/\/avinent.com\/fr\/catalogues\/\">\n\t\t\t\t\t\t<span class=\"elementor-button-content-wrapper\">\n\t\t\t\t\t\t\t\t\t<span class=\"elementor-button-text\">Acc\u00e9der aux catalogues<\/span>\n\t\t\t\t\t<\/span>\n\t\t\t\t\t<\/a>\n\t\t\t\t<\/div>\n\t\t\t\t\t\t\t\t<\/div>\n\t\t\t\t<\/div>\n\t\t\t\t\t<\/div>\n\t\t\t\t<\/div>\n\t\t\t\t<\/div>\n\t\t<div class=\"elementor-element elementor-element-4ddc5f2 solution-category-section e-flex e-con-boxed e-con e-parent\" data-id=\"4ddc5f2\" data-element_type=\"container\" data-e-type=\"container\" data-settings=\"{&quot;background_background&quot;:&quot;classic&quot;}\">\n\t\t\t\t\t<div class=\"e-con-inner\">\n\t\t\t\t<div class=\"elementor-element elementor-element-02f1edf elementor-cta--layout-image-above elementor-widget__width-initial elementor-widget-laptop__width-initial elementor-cta--skin-classic elementor-animated-content elementor-widget elementor-widget-call-to-action\" data-id=\"02f1edf\" data-element_type=\"widget\" data-e-type=\"widget\" data-widget_type=\"call-to-action.default\">\n\t\t\t\t<div class=\"elementor-widget-container\">\n\t\t\t\t\t\t\t<a class=\"elementor-cta\" href=\"https:\/\/ifu.avinent.com\/\">\n\t\t\t\t\t<div class=\"elementor-cta__bg-wrapper\">\n\t\t\t\t<div class=\"elementor-cta__bg elementor-bg\" style=\"background-image: url(https:\/\/avinent.com\/wp-content\/uploads\/2025\/03\/Documentacion-tecnica-dentales.jpg);\" role=\"img\" aria-label=\"Documentacion-tecnica-dentales\"><\/div>\n\t\t\t\t<div class=\"elementor-cta__bg-overlay\"><\/div>\n\t\t\t<\/div>\n\t\t\t\t\t\t\t<div class=\"elementor-cta__content\">\n\t\t\t\t\n\t\t\t\t\t\t\t\t\t<h2 class=\"elementor-cta__title elementor-cta__content-item elementor-content-item\">\n\t\t\t\t\t\t<b>MODES D\u2019EMPLOI<\/b>\t\t\t\t\t<\/h2>\n\t\t\t\t\n\t\t\t\t\t\t\t\t\t<div class=\"elementor-cta__description elementor-cta__content-item elementor-content-item\">\n\t\t\t\t\t\t<p>Acc\u00e9dez au site Web et saisissez la r\u00e9f\u00e9rence des produits Avinent que vous avez achet\u00e9s pour obtenir les instructions d\u2019utilisation le concernant<\/p>\n\t\t\t\t\t<\/div>\n\t\t\t\t\n\t\t\t\t\t\t\t\t\t<div class=\"elementor-cta__button-wrapper elementor-cta__content-item elementor-content-item \">\n\t\t\t\t\t<span class=\"elementor-cta__button elementor-button elementor-size-\">\n\t\t\t\t\t\tAcc\u00e8s \u00e0 la page &gt;\t\t\t\t\t<\/span>\n\t\t\t\t\t<\/div>\n\t\t\t\t\t\t\t<\/div>\n\t\t\t\t\t\t<\/a>\n\t\t\t\t\t\t<\/div>\n\t\t\t\t<\/div>\n\t\t\t\t\t<\/div>\n\t\t\t\t<\/div>\n\t\t<div class=\"elementor-element elementor-element-1a5b68d e-flex e-con-boxed e-con e-parent\" data-id=\"1a5b68d\" data-element_type=\"container\" data-e-type=\"container\" data-settings=\"{&quot;background_background&quot;:&quot;classic&quot;}\">\n\t\t\t\t\t<div class=\"e-con-inner\">\n\t\t<div class=\"elementor-element elementor-element-bb751f3 e-con-full e-flex e-con e-child\" data-id=\"bb751f3\" data-element_type=\"container\" data-e-type=\"container\">\n\t\t\t\t<div class=\"elementor-element elementor-element-54ec99e elementor-widget__width-initial elementor-widget-mobile__width-initial elementor-invisible elementor-widget elementor-widget-heading\" data-id=\"54ec99e\" data-element_type=\"widget\" data-e-type=\"widget\" data-settings=\"{&quot;_animation&quot;:&quot;fadeInLeft&quot;}\" data-widget_type=\"heading.default\">\n\t\t\t\t<div class=\"elementor-widget-container\">\n\t\t\t\t\t<h2 class=\"elementor-heading-title elementor-size-default\">Toutes les informations sur les solutions dentaires<\/h2>\t\t\t\t<\/div>\n\t\t\t\t<\/div>\n\t\t\t\t<div class=\"elementor-element elementor-element-c1ba505 elementor-widget__width-initial elementor-widget-mobile__width-initial elementor-invisible elementor-widget elementor-widget-heading\" data-id=\"c1ba505\" data-element_type=\"widget\" data-e-type=\"widget\" data-settings=\"{&quot;_animation&quot;:&quot;fadeInLeft&quot;}\" data-widget_type=\"heading.default\">\n\t\t\t\t<div class=\"elementor-widget-container\">\n\t\t\t\t\t<h4 class=\"elementor-heading-title elementor-size-default\"><strong>Acc\u00e9dez au t\u00e9l\u00e9chargement de notre catalogue de produits<\/strong><\/h4>\t\t\t\t<\/div>\n\t\t\t\t<\/div>\n\t\t<div class=\"elementor-element elementor-element-6d569df e-con-full e-flex e-con e-child\" data-id=\"6d569df\" data-element_type=\"container\" data-e-type=\"container\">\n\t\t<a class=\"elementor-element elementor-element-7f1007a e-con-full e-flex elementor-invisible e-con e-child\" data-id=\"7f1007a\" data-element_type=\"container\" data-e-type=\"container\" data-settings=\"{&quot;background_background&quot;:&quot;classic&quot;,&quot;animation&quot;:&quot;zoomIn&quot;}\" href=\"https:\/\/avinent.com\/fr\/catalogues\/\">\n\t\t\t\t<\/a>\n\t\t<div class=\"elementor-element elementor-element-ee30cbf e-con-full e-flex elementor-invisible e-con e-child\" data-id=\"ee30cbf\" data-element_type=\"container\" data-e-type=\"container\" data-settings=\"{&quot;animation&quot;:&quot;fadeInRight&quot;}\">\n\t\t\t\t<div class=\"elementor-element elementor-element-b524a44 elementor-widget__width-initial elementor-widget elementor-widget-text-editor\" data-id=\"b524a44\" data-element_type=\"widget\" data-e-type=\"widget\" data-widget_type=\"text-editor.default\">\n\t\t\t\t<div class=\"elementor-widget-container\">\n\t\t\t\t\t\t\t\t\t<p>Retrouvez ici toute la documentation de notre catalogue de solutions m\u00e9dico-dentaires.<\/p>\n<p>N\u2019h\u00e9sitez pas \u00e0 contacter notre \u00e9quipe si vous avez des questions. Nous sommes disponibles du lundi au vendredi de 9\u00a0h \u00e0 19\u00a0h.<\/p>\n\t\t\t\t\t\t\t\t<\/div>\n\t\t\t\t<\/div>\n\t\t\t\t<div class=\"elementor-element elementor-element-f26d2b5 elementor-align-left elementor-widget__width-initial elementor-mobile-align-left elementor-invisible elementor-widget elementor-widget-button\" data-id=\"f26d2b5\" data-element_type=\"widget\" data-e-type=\"widget\" data-settings=\"{&quot;_animation&quot;:&quot;fadeIn&quot;}\" data-widget_type=\"button.default\">\n\t\t\t\t<div class=\"elementor-widget-container\">\n\t\t\t\t\t\t\t\t\t<div class=\"elementor-button-wrapper\">\n\t\t\t\t\t<a class=\"elementor-button elementor-button-link elementor-size-sm\" href=\"https:\/\/avinent.com\/fr\/contact\/\">\n\t\t\t\t\t\t<span class=\"elementor-button-content-wrapper\">\n\t\t\t\t\t\t\t\t\t<span class=\"elementor-button-text\">Contact<\/span>\n\t\t\t\t\t<\/span>\n\t\t\t\t\t<\/a>\n\t\t\t\t<\/div>\n\t\t\t\t\t\t\t\t<\/div>\n\t\t\t\t<\/div>\n\t\t\t\t<\/div>\n\t\t\t\t<\/div>\n\t\t\t\t<\/div>\n\t\t\t\t\t<\/div>\n\t\t\t\t<\/div>\n\t\t\t\t<\/div>\n\t\t","protected":false},"excerpt":{"rendered":"<p>Toute la documentation technique de nos solutions dentaires pour se conformer \u00e0 la r\u00e9glementation et assurer une excellente qualit\u00e9 pour chacune de nos solutions.<\/p>\n","protected":false},"author":4,"featured_media":26478,"parent":30677,"menu_order":215,"comment_status":"closed","ping_status":"closed","template":"","meta":{"_acf_changed":false,"inline_featured_image":false,"footnotes":""},"class_list":["post-30646","page","type-page","status-publish","has-post-thumbnail","hentry"],"acf":[],"yoast_head":"<!-- This site is optimized with the Yoast SEO plugin v26.8 - https:\/\/yoast.com\/product\/yoast-seo-wordpress\/ -->\n<title>Acc\u00e8s \u00e0 la documentation technique dentaire | Avinent<\/title>\n<meta name=\"description\" content=\"Nous mettons \u00e0 votre disposition les instructions d\u2019utilisation de chacune de nos solutions dentaires, afin que vous puissiez respecter la r\u00e9glementation et garantir la qualit\u00e9.\" \/>\n<meta name=\"robots\" content=\"index, follow, max-snippet:-1, max-image-preview:large, max-video-preview:-1\" \/>\n<meta property=\"og:locale\" content=\"fr_FR\" \/>\n<meta property=\"og:type\" content=\"article\" \/>\n<meta property=\"og:title\" content=\"Acc\u00e8s \u00e0 la documentation technique dentaire | Avinent\" \/>\n<meta property=\"og:description\" content=\"Nous mettons \u00e0 votre disposition les instructions d\u2019utilisation de chacune de nos solutions dentaires, afin que vous puissiez respecter la r\u00e9glementation et garantir la qualit\u00e9.\" \/>\n<meta property=\"og:url\" content=\"https:\/\/avinent.com\/avinent-universe\/documentacion\/\" \/>\n<meta property=\"og:site_name\" content=\"Avinent\" \/>\n<meta property=\"article:modified_time\" content=\"2025-03-24T12:57:37+00:00\" \/>\n<meta property=\"og:image\" content=\"https:\/\/avinent.com\/wp-content\/uploads\/2025\/03\/Documentacion-tecnica-dentales.jpg\" \/>\n\t<meta property=\"og:image:width\" content=\"1080\" \/>\n\t<meta property=\"og:image:height\" content=\"1080\" \/>\n\t<meta property=\"og:image:type\" content=\"image\/jpeg\" \/>\n<meta name=\"twitter:card\" content=\"summary_large_image\" \/>\n<meta name=\"twitter:label1\" content=\"Est. reading time\" \/>\n\t<meta name=\"twitter:data1\" content=\"1 minute\" \/>\n<script type=\"application\/ld+json\" class=\"yoast-schema-graph\">{\"@context\":\"https:\/\/schema.org\",\"@graph\":[{\"@type\":\"WebPage\",\"@id\":\"https:\/\/avinent.com\/avinent-universe\/documentacion\/\",\"url\":\"https:\/\/avinent.com\/avinent-universe\/documentacion\/\",\"name\":\"Acc\u00e8s \u00e0 la documentation technique dentaire | Avinent\",\"isPartOf\":{\"@id\":\"https:\/\/avinent.com\/#website\"},\"primaryImageOfPage\":{\"@id\":\"https:\/\/avinent.com\/avinent-universe\/documentacion\/#primaryimage\"},\"image\":{\"@id\":\"https:\/\/avinent.com\/avinent-universe\/documentacion\/#primaryimage\"},\"thumbnailUrl\":\"https:\/\/avinent.com\/wp-content\/uploads\/2025\/03\/Documentacion-tecnica-dentales.jpg\",\"datePublished\":\"2025-03-03T16:15:34+00:00\",\"dateModified\":\"2025-03-24T12:57:37+00:00\",\"description\":\"Nous mettons \u00e0 votre disposition les instructions d\u2019utilisation de chacune de nos solutions dentaires, afin que vous puissiez respecter la r\u00e9glementation et garantir la qualit\u00e9.\",\"breadcrumb\":{\"@id\":\"https:\/\/avinent.com\/avinent-universe\/documentacion\/#breadcrumb\"},\"inLanguage\":\"fr\",\"potentialAction\":[{\"@type\":\"ReadAction\",\"target\":[\"https:\/\/avinent.com\/avinent-universe\/documentacion\/\"]}]},{\"@type\":\"ImageObject\",\"inLanguage\":\"fr\",\"@id\":\"https:\/\/avinent.com\/avinent-universe\/documentacion\/#primaryimage\",\"url\":\"https:\/\/avinent.com\/wp-content\/uploads\/2025\/03\/Documentacion-tecnica-dentales.jpg\",\"contentUrl\":\"https:\/\/avinent.com\/wp-content\/uploads\/2025\/03\/Documentacion-tecnica-dentales.jpg\",\"width\":1080,\"height\":1080},{\"@type\":\"BreadcrumbList\",\"@id\":\"https:\/\/avinent.com\/avinent-universe\/documentacion\/#breadcrumb\",\"itemListElement\":[{\"@type\":\"ListItem\",\"position\":1,\"name\":\"Portada\",\"item\":\"https:\/\/avinent.com\/fr\/home\/\"},{\"@type\":\"ListItem\",\"position\":2,\"name\":\"Avinent Universe\",\"item\":\"https:\/\/avinent.com\/avinent-universe\/\"},{\"@type\":\"ListItem\",\"position\":3,\"name\":\"Documents\"}]},{\"@type\":\"WebSite\",\"@id\":\"https:\/\/avinent.com\/#website\",\"url\":\"https:\/\/avinent.com\/\",\"name\":\"Avinent\",\"description\":\"Todas las soluciones m\u00e9dicas y dentales\",\"publisher\":{\"@id\":\"https:\/\/avinent.com\/#organization\"},\"potentialAction\":[{\"@type\":\"SearchAction\",\"target\":{\"@type\":\"EntryPoint\",\"urlTemplate\":\"https:\/\/avinent.com\/?s={search_term_string}\"},\"query-input\":{\"@type\":\"PropertyValueSpecification\",\"valueRequired\":true,\"valueName\":\"search_term_string\"}}],\"inLanguage\":\"fr\"},{\"@type\":\"Organization\",\"@id\":\"https:\/\/avinent.com\/#organization\",\"name\":\"Avinent\",\"url\":\"https:\/\/avinent.com\/\",\"logo\":{\"@type\":\"ImageObject\",\"inLanguage\":\"fr\",\"@id\":\"https:\/\/avinent.com\/#\/schema\/logo\/image\/\",\"url\":\"https:\/\/avinent.com\/wp-content\/uploads\/2021\/10\/cropped-9216650250dc9798b51ff14a0e1c16c7.png\",\"contentUrl\":\"https:\/\/avinent.com\/wp-content\/uploads\/2021\/10\/cropped-9216650250dc9798b51ff14a0e1c16c7.png\",\"width\":122,\"height\":79,\"caption\":\"Avinent\"},\"image\":{\"@id\":\"https:\/\/avinent.com\/#\/schema\/logo\/image\/\"}}]}<\/script>\n<!-- \/ Yoast SEO plugin. -->","yoast_head_json":{"title":"Acc\u00e8s \u00e0 la documentation technique dentaire | Avinent","description":"Nous mettons \u00e0 votre disposition les instructions d\u2019utilisation de chacune de nos solutions dentaires, afin que vous puissiez respecter la r\u00e9glementation et garantir la qualit\u00e9.","robots":{"index":"index","follow":"follow","max-snippet":"max-snippet:-1","max-image-preview":"max-image-preview:large","max-video-preview":"max-video-preview:-1"},"og_locale":"fr_FR","og_type":"article","og_title":"Acc\u00e8s \u00e0 la documentation technique dentaire | Avinent","og_description":"Nous mettons \u00e0 votre disposition les instructions d\u2019utilisation de chacune de nos solutions dentaires, afin que vous puissiez respecter la r\u00e9glementation et garantir la qualit\u00e9.","og_url":"https:\/\/avinent.com\/avinent-universe\/documentacion\/","og_site_name":"Avinent","article_modified_time":"2025-03-24T12:57:37+00:00","og_image":[{"width":1080,"height":1080,"url":"https:\/\/avinent.com\/wp-content\/uploads\/2025\/03\/Documentacion-tecnica-dentales.jpg","type":"image\/jpeg"}],"twitter_card":"summary_large_image","twitter_misc":{"Est. reading time":"1 minute"},"schema":{"@context":"https:\/\/schema.org","@graph":[{"@type":"WebPage","@id":"https:\/\/avinent.com\/avinent-universe\/documentacion\/","url":"https:\/\/avinent.com\/avinent-universe\/documentacion\/","name":"Acc\u00e8s \u00e0 la documentation technique dentaire | Avinent","isPartOf":{"@id":"https:\/\/avinent.com\/#website"},"primaryImageOfPage":{"@id":"https:\/\/avinent.com\/avinent-universe\/documentacion\/#primaryimage"},"image":{"@id":"https:\/\/avinent.com\/avinent-universe\/documentacion\/#primaryimage"},"thumbnailUrl":"https:\/\/avinent.com\/wp-content\/uploads\/2025\/03\/Documentacion-tecnica-dentales.jpg","datePublished":"2025-03-03T16:15:34+00:00","dateModified":"2025-03-24T12:57:37+00:00","description":"Nous mettons \u00e0 votre disposition les instructions d\u2019utilisation de chacune de nos solutions dentaires, afin que vous puissiez respecter la r\u00e9glementation et garantir la qualit\u00e9.","breadcrumb":{"@id":"https:\/\/avinent.com\/avinent-universe\/documentacion\/#breadcrumb"},"inLanguage":"fr","potentialAction":[{"@type":"ReadAction","target":["https:\/\/avinent.com\/avinent-universe\/documentacion\/"]}]},{"@type":"ImageObject","inLanguage":"fr","@id":"https:\/\/avinent.com\/avinent-universe\/documentacion\/#primaryimage","url":"https:\/\/avinent.com\/wp-content\/uploads\/2025\/03\/Documentacion-tecnica-dentales.jpg","contentUrl":"https:\/\/avinent.com\/wp-content\/uploads\/2025\/03\/Documentacion-tecnica-dentales.jpg","width":1080,"height":1080},{"@type":"BreadcrumbList","@id":"https:\/\/avinent.com\/avinent-universe\/documentacion\/#breadcrumb","itemListElement":[{"@type":"ListItem","position":1,"name":"Portada","item":"https:\/\/avinent.com\/fr\/home\/"},{"@type":"ListItem","position":2,"name":"Avinent Universe","item":"https:\/\/avinent.com\/avinent-universe\/"},{"@type":"ListItem","position":3,"name":"Documents"}]},{"@type":"WebSite","@id":"https:\/\/avinent.com\/#website","url":"https:\/\/avinent.com\/","name":"Avinent","description":"Todas las soluciones m\u00e9dicas y dentales","publisher":{"@id":"https:\/\/avinent.com\/#organization"},"potentialAction":[{"@type":"SearchAction","target":{"@type":"EntryPoint","urlTemplate":"https:\/\/avinent.com\/?s={search_term_string}"},"query-input":{"@type":"PropertyValueSpecification","valueRequired":true,"valueName":"search_term_string"}}],"inLanguage":"fr"},{"@type":"Organization","@id":"https:\/\/avinent.com\/#organization","name":"Avinent","url":"https:\/\/avinent.com\/","logo":{"@type":"ImageObject","inLanguage":"fr","@id":"https:\/\/avinent.com\/#\/schema\/logo\/image\/","url":"https:\/\/avinent.com\/wp-content\/uploads\/2021\/10\/cropped-9216650250dc9798b51ff14a0e1c16c7.png","contentUrl":"https:\/\/avinent.com\/wp-content\/uploads\/2021\/10\/cropped-9216650250dc9798b51ff14a0e1c16c7.png","width":122,"height":79,"caption":"Avinent"},"image":{"@id":"https:\/\/avinent.com\/#\/schema\/logo\/image\/"}}]}},"_links":{"self":[{"href":"https:\/\/avinent.com\/fr\/wp-json\/wp\/v2\/pages\/30646","targetHints":{"allow":["GET"]}}],"collection":[{"href":"https:\/\/avinent.com\/fr\/wp-json\/wp\/v2\/pages"}],"about":[{"href":"https:\/\/avinent.com\/fr\/wp-json\/wp\/v2\/types\/page"}],"author":[{"embeddable":true,"href":"https:\/\/avinent.com\/fr\/wp-json\/wp\/v2\/users\/4"}],"replies":[{"embeddable":true,"href":"https:\/\/avinent.com\/fr\/wp-json\/wp\/v2\/comments?post=30646"}],"version-history":[{"count":8,"href":"https:\/\/avinent.com\/fr\/wp-json\/wp\/v2\/pages\/30646\/revisions"}],"predecessor-version":[{"id":32523,"href":"https:\/\/avinent.com\/fr\/wp-json\/wp\/v2\/pages\/30646\/revisions\/32523"}],"up":[{"embeddable":true,"href":"https:\/\/avinent.com\/fr\/wp-json\/wp\/v2\/pages\/30677"}],"wp:featuredmedia":[{"embeddable":true,"href":"https:\/\/avinent.com\/fr\/wp-json\/wp\/v2\/media\/26478"}],"wp:attachment":[{"href":"https:\/\/avinent.com\/fr\/wp-json\/wp\/v2\/media?parent=30646"}],"curies":[{"name":"wp","href":"https:\/\/api.w.org\/{rel}","templated":true}]}}