{"id":30673,"date":"2025-01-08T09:28:08","date_gmt":"2025-01-08T08:28:08","guid":{"rendered":"https:\/\/avinent.com\/espace-client\/"},"modified":"2025-11-11T13:56:47","modified_gmt":"2025-11-11T12:56:47","slug":"espace-client","status":"publish","type":"page","link":"https:\/\/avinent.com\/fr\/espace-client\/","title":{"rendered":"Espace client"},"content":{"rendered":"\t\t<div data-elementor-type=\"wp-page\" data-elementor-id=\"30673\" class=\"elementor elementor-30673 elementor-18219\" data-elementor-post-type=\"page\">\n\t\t\t\t<div class=\"elementor-element elementor-element-5923b7a e-con-full e-flex e-con e-parent\" data-id=\"5923b7a\" data-element_type=\"container\" data-e-type=\"container\" data-settings=\"{&quot;background_background&quot;:&quot;classic&quot;}\">\n\t\t<div class=\"elementor-element elementor-element-780f37e e-flex e-con-boxed elementor-invisible e-con e-child\" data-id=\"780f37e\" data-element_type=\"container\" data-e-type=\"container\" data-settings=\"{&quot;animation&quot;:&quot;fadeInRight&quot;}\">\n\t\t\t\t\t<div class=\"e-con-inner\">\n\t\t\t\t<div class=\"elementor-element elementor-element-d108c9e elementor-headline--style-rotate elementor-widget__width-initial elementor-widget elementor-widget-animated-headline\" data-id=\"d108c9e\" data-element_type=\"widget\" data-e-type=\"widget\" data-settings=\"{&quot;headline_style&quot;:&quot;rotate&quot;,&quot;animation_type&quot;:&quot;slide&quot;,&quot;rotating_text&quot;:&quot;Espace client\\r\\nBoutique en ligne\\r\\nPortail CMF\\r\\nCAD CAM\\r\\nOrthodontics&quot;,&quot;loop&quot;:&quot;yes&quot;,&quot;rotate_iteration_delay&quot;:2500}\" data-widget_type=\"animated-headline.default\">\n\t\t\t\t<div class=\"elementor-widget-container\">\n\t\t\t\t\t\t\t<h1 class=\"elementor-headline elementor-headline-animation-type-slide\">\n\t\t\t\t\t<span class=\"elementor-headline-plain-text elementor-headline-text-wrapper\">Acc\u00e9dez \u00e0<br> <\/span>\n\t\t\t\t<span class=\"elementor-headline-dynamic-wrapper elementor-headline-text-wrapper\">\n\t\t\t\t\t<span class=\"elementor-headline-dynamic-text elementor-headline-text-active\">\n\t\t\t\tEspace&nbsp;client\r\t\t\t<\/span>\n\t\t\t\t\t<span class=\"elementor-headline-dynamic-text\">\n\t\t\t\tBoutique&nbsp;en&nbsp;ligne\r\t\t\t<\/span>\n\t\t\t\t\t<span class=\"elementor-headline-dynamic-text\">\n\t\t\t\tPortail&nbsp;CMF\r\t\t\t<\/span>\n\t\t\t\t\t<span class=\"elementor-headline-dynamic-text\">\n\t\t\t\tCAD&nbsp;CAM\r\t\t\t<\/span>\n\t\t\t\t\t<span class=\"elementor-headline-dynamic-text\">\n\t\t\t\tOrthodontics\t\t\t<\/span>\n\t\t\t\t\t\t<\/span>\n\t\t\t\t\t<span class=\"elementor-headline-plain-text elementor-headline-text-wrapper\"> <br> d\u2019Avinent<\/span>\n\t\t\t\t\t<\/h1>\n\t\t\t\t\t\t<\/div>\n\t\t\t\t<\/div>\n\t\t<div class=\"elementor-element elementor-element-eb24be8 e-con-full e-flex elementor-invisible e-con e-child\" data-id=\"eb24be8\" data-element_type=\"container\" data-e-type=\"container\" data-settings=\"{&quot;background_background&quot;:&quot;classic&quot;,&quot;animation&quot;:&quot;fadeInRight&quot;}\">\n\t\t\t\t<div class=\"elementor-element elementor-element-61f8e2b elementor-widget elementor-widget-spacer\" data-id=\"61f8e2b\" data-element_type=\"widget\" data-e-type=\"widget\" data-widget_type=\"spacer.default\">\n\t\t\t\t<div class=\"elementor-widget-container\">\n\t\t\t\t\t\t\t<div class=\"elementor-spacer\">\n\t\t\t<div class=\"elementor-spacer-inner\"><\/div>\n\t\t<\/div>\n\t\t\t\t\t\t<\/div>\n\t\t\t\t<\/div>\n\t\t\t\t<\/div>\n\t\t\t\t\t<\/div>\n\t\t\t\t<\/div>\n\t\t\t\t<\/div>\n\t\t<div class=\"elementor-element elementor-element-4c025a4 e-flex e-con-boxed elementor-invisible e-con e-parent\" data-id=\"4c025a4\" data-element_type=\"container\" data-e-type=\"container\" id=\"area-cliente-enlaces\" data-settings=\"{&quot;animation&quot;:&quot;fadeInLeft&quot;}\">\n\t\t\t\t\t<div class=\"e-con-inner\">\n\t\t<div class=\"elementor-element elementor-element-82e5078 e-con-full e-flex e-con e-child\" data-id=\"82e5078\" data-element_type=\"container\" data-e-type=\"container\" data-settings=\"{&quot;background_background&quot;:&quot;classic&quot;}\">\n\t\t\t\t<div class=\"elementor-element elementor-element-5f57af8 elementor-align-justify elementor-laptop-align-justify elementor-widget elementor-widget-button\" data-id=\"5f57af8\" data-element_type=\"widget\" data-e-type=\"widget\" data-widget_type=\"button.default\">\n\t\t\t\t<div class=\"elementor-widget-container\">\n\t\t\t\t\t\t\t\t\t<div class=\"elementor-button-wrapper\">\n\t\t\t\t\t<a class=\"elementor-button elementor-button-link elementor-size-sm\" href=\"https:\/\/shop.avinent.com\/es\/\" target=\"_blank\">\n\t\t\t\t\t\t<span class=\"elementor-button-content-wrapper\">\n\t\t\t\t\t\t<span class=\"elementor-button-icon\">\n\t\t\t\t<svg xmlns=\"http:\/\/www.w3.org\/2000\/svg\" width=\"70\" height=\"70\" viewBox=\"0 0 70 70\" fill=\"none\"><rect x=\"0.7\" y=\"0.7\" width=\"68.6\" height=\"68.6\" rx=\"34.3\" fill=\"#151515\"><\/rect><rect x=\"0.7\" y=\"0.7\" width=\"68.6\" height=\"68.6\" rx=\"34.3\" stroke=\"white\" stroke-width=\"1.4\"><\/rect><path d=\"M22.798 47.7446L47.937 22.5687M48.2524 42.0524L48.2354 22.2703L28.4534 22.2534\" stroke=\"white\" stroke-width=\"2\" stroke-linecap=\"round\" stroke-linejoin=\"round\"><\/path><\/svg>\t\t\t<\/span>\n\t\t\t\t\t\t\t\t\t<span class=\"elementor-button-text\">BOUTIQUE EN LIGNE<\/span>\n\t\t\t\t\t<\/span>\n\t\t\t\t\t<\/a>\n\t\t\t\t<\/div>\n\t\t\t\t\t\t\t\t<\/div>\n\t\t\t\t<\/div>\n\t\t\t\t<\/div>\n\t\t<div class=\"elementor-element elementor-element-5b732db e-con-full e-flex e-con e-child\" data-id=\"5b732db\" data-element_type=\"container\" data-e-type=\"container\" data-settings=\"{&quot;background_background&quot;:&quot;classic&quot;}\">\n\t\t\t\t<div class=\"elementor-element elementor-element-1dd68cf elementor-align-justify elementor-widget elementor-widget-button\" data-id=\"1dd68cf\" data-element_type=\"widget\" data-e-type=\"widget\" data-widget_type=\"button.default\">\n\t\t\t\t<div class=\"elementor-widget-container\">\n\t\t\t\t\t\t\t\t\t<div class=\"elementor-button-wrapper\">\n\t\t\t\t\t<a class=\"elementor-button elementor-button-link elementor-size-sm\" href=\"https:\/\/portalcadcam.avinent.com\/login\" target=\"_blank\">\n\t\t\t\t\t\t<span class=\"elementor-button-content-wrapper\">\n\t\t\t\t\t\t<span class=\"elementor-button-icon\">\n\t\t\t\t<svg xmlns=\"http:\/\/www.w3.org\/2000\/svg\" width=\"70\" height=\"70\" viewBox=\"0 0 70 70\" fill=\"none\"><rect x=\"0.7\" y=\"0.7\" width=\"68.6\" height=\"68.6\" rx=\"34.3\" fill=\"#151515\"><\/rect><rect x=\"0.7\" y=\"0.7\" width=\"68.6\" height=\"68.6\" rx=\"34.3\" stroke=\"white\" stroke-width=\"1.4\"><\/rect><path d=\"M22.798 47.7446L47.937 22.5687M48.2524 42.0524L48.2354 22.2703L28.4534 22.2534\" stroke=\"white\" stroke-width=\"2\" stroke-linecap=\"round\" stroke-linejoin=\"round\"><\/path><\/svg>\t\t\t<\/span>\n\t\t\t\t\t\t\t\t\t<span class=\"elementor-button-text\">PORTAIL PROFESSIONNEL CAD CAM<\/span>\n\t\t\t\t\t<\/span>\n\t\t\t\t\t<\/a>\n\t\t\t\t<\/div>\n\t\t\t\t\t\t\t\t<\/div>\n\t\t\t\t<\/div>\n\t\t\t\t<\/div>\n\t\t<div class=\"elementor-element elementor-element-ee5bc49 e-con-full e-flex e-con e-child\" data-id=\"ee5bc49\" data-element_type=\"container\" data-e-type=\"container\" data-settings=\"{&quot;background_background&quot;:&quot;classic&quot;}\">\n\t\t\t\t<div class=\"elementor-element elementor-element-b99036c elementor-align-justify elementor-widget elementor-widget-button\" data-id=\"b99036c\" data-element_type=\"widget\" data-e-type=\"widget\" data-widget_type=\"button.default\">\n\t\t\t\t<div class=\"elementor-widget-container\">\n\t\t\t\t\t\t\t\t\t<div class=\"elementor-button-wrapper\">\n\t\t\t\t\t<a class=\"elementor-button elementor-button-link elementor-size-sm\" href=\"https:\/\/pro.recodealigners.com\/login\" target=\"_blank\">\n\t\t\t\t\t\t<span class=\"elementor-button-content-wrapper\">\n\t\t\t\t\t\t<span class=\"elementor-button-icon\">\n\t\t\t\t<svg xmlns=\"http:\/\/www.w3.org\/2000\/svg\" width=\"70\" height=\"70\" viewBox=\"0 0 70 70\" fill=\"none\"><rect x=\"0.7\" y=\"0.7\" width=\"68.6\" height=\"68.6\" rx=\"34.3\" fill=\"#151515\"><\/rect><rect x=\"0.7\" y=\"0.7\" width=\"68.6\" height=\"68.6\" rx=\"34.3\" stroke=\"white\" stroke-width=\"1.4\"><\/rect><path d=\"M22.798 47.7446L47.937 22.5687M48.2524 42.0524L48.2354 22.2703L28.4534 22.2534\" stroke=\"white\" stroke-width=\"2\" stroke-linecap=\"round\" stroke-linejoin=\"round\"><\/path><\/svg>\t\t\t<\/span>\n\t\t\t\t\t\t\t\t\t<span class=\"elementor-button-text\">PORTAIL PROFESSIONNEL ORTHODONTICS<\/span>\n\t\t\t\t\t<\/span>\n\t\t\t\t\t<\/a>\n\t\t\t\t<\/div>\n\t\t\t\t\t\t\t\t<\/div>\n\t\t\t\t<\/div>\n\t\t\t\t<\/div>\n\t\t<div class=\"elementor-element elementor-element-2b722e5 e-con-full elementor-hidden-desktop elementor-hidden-laptop elementor-hidden-tablet elementor-hidden-mobile e-flex e-con e-child\" data-id=\"2b722e5\" data-element_type=\"container\" data-e-type=\"container\" data-settings=\"{&quot;background_background&quot;:&quot;classic&quot;}\">\n\t\t\t\t<div class=\"elementor-element elementor-element-96fbfa6 elementor-align-justify elementor-widget elementor-widget-button\" data-id=\"96fbfa6\" data-element_type=\"widget\" data-e-type=\"widget\" data-widget_type=\"button.default\">\n\t\t\t\t<div class=\"elementor-widget-container\">\n\t\t\t\t\t\t\t\t\t<div class=\"elementor-button-wrapper\">\n\t\t\t\t\t<a class=\"elementor-button elementor-button-link elementor-size-sm\" href=\"http:\/\/www.adh.avinent.com\/\">\n\t\t\t\t\t\t<span class=\"elementor-button-content-wrapper\">\n\t\t\t\t\t\t<span class=\"elementor-button-icon\">\n\t\t\t\t<svg xmlns=\"http:\/\/www.w3.org\/2000\/svg\" width=\"70\" height=\"70\" viewBox=\"0 0 70 70\" fill=\"none\"><rect x=\"0.7\" y=\"0.7\" width=\"68.6\" height=\"68.6\" rx=\"34.3\" fill=\"#151515\"><\/rect><rect x=\"0.7\" y=\"0.7\" width=\"68.6\" height=\"68.6\" rx=\"34.3\" stroke=\"white\" stroke-width=\"1.4\"><\/rect><path d=\"M22.798 47.7446L47.937 22.5687M48.2524 42.0524L48.2354 22.2703L28.4534 22.2534\" stroke=\"white\" stroke-width=\"2\" stroke-linecap=\"round\" stroke-linejoin=\"round\"><\/path><\/svg>\t\t\t<\/span>\n\t\t\t\t\t\t\t\t\t<span class=\"elementor-button-text\">PORTAIL PROFESSIONNEL CMF<\/span>\n\t\t\t\t\t<\/span>\n\t\t\t\t\t<\/a>\n\t\t\t\t<\/div>\n\t\t\t\t\t\t\t\t<\/div>\n\t\t\t\t<\/div>\n\t\t\t\t<\/div>\n\t\t\t\t\t<\/div>\n\t\t\t\t<\/div>\n\t\t<div class=\"elementor-element elementor-element-457eb60 e-flex e-con-boxed elementor-invisible e-con e-child\" data-id=\"457eb60\" data-element_type=\"container\" data-e-type=\"container\" data-settings=\"{&quot;animation&quot;:&quot;fadeInRight&quot;}\">\n\t\t\t\t\t<div class=\"e-con-inner\">\n\t\t\t\t<div class=\"elementor-element elementor-element-2414d7f elementor-widget__width-initial elementor-widget-mobile__width-initial elementor-widget elementor-widget-heading\" data-id=\"2414d7f\" data-element_type=\"widget\" data-e-type=\"widget\" data-widget_type=\"heading.default\">\n\t\t\t\t<div class=\"elementor-widget-container\">\n\t\t\t\t\t<h2 class=\"elementor-heading-title elementor-size-default\">Vous avez des questions sur l\u2019acc\u00e8s \u00e0 Avinent\u00a0?<\/h2>\t\t\t\t<\/div>\n\t\t\t\t<\/div>\n\t\t\t\t<div class=\"elementor-element elementor-element-283924d elementor-widget__width-initial elementor-widget-mobile__width-initial elementor-invisible elementor-widget elementor-widget-heading\" data-id=\"283924d\" data-element_type=\"widget\" data-e-type=\"widget\" data-settings=\"{&quot;_animation&quot;:&quot;fadeInLeft&quot;}\" data-widget_type=\"heading.default\">\n\t\t\t\t<div class=\"elementor-widget-container\">\n\t\t\t\t\t<h4 class=\"elementor-heading-title elementor-size-default\"><strong>Nous vous aidons \u00e0 acc\u00e9der \u00e0 votre espace client<\/strong><\/h4>\t\t\t\t<\/div>\n\t\t\t\t<\/div>\n\t\t\t\t<div class=\"elementor-element elementor-element-1c10ad2 elementor-widget__width-initial elementor-widget elementor-widget-text-editor\" data-id=\"1c10ad2\" data-element_type=\"widget\" data-e-type=\"widget\" data-widget_type=\"text-editor.default\">\n\t\t\t\t<div class=\"elementor-widget-container\">\n\t\t\t\t\t\t\t\t\t<p>Chacun de nos portails professionnels et notre boutique en ligne dispose de son propre acc\u00e8s \u00e0 votre compte client. C\u2019est pourquoi, si vous ne vous souvenez pas du mot de passe de l\u2019un d\u2019entre eux, il vous sera toujours possible de le r\u00e9cup\u00e9rer. Et si c\u2019est la premi\u00e8re fois, contactez notre \u00e9quipe pour qu\u2019elle vous explique point par point la marche \u00e0 suivre.<\/p>\n\t\t\t\t\t\t\t\t<\/div>\n\t\t\t\t<\/div>\n\t\t\t\t<div class=\"elementor-element elementor-element-3bd2b80 elementor-align-left elementor-widget__width-initial elementor-invisible elementor-widget elementor-widget-button\" data-id=\"3bd2b80\" data-element_type=\"widget\" data-e-type=\"widget\" data-settings=\"{&quot;_animation&quot;:&quot;fadeIn&quot;}\" data-widget_type=\"button.default\">\n\t\t\t\t<div class=\"elementor-widget-container\">\n\t\t\t\t\t\t\t\t\t<div class=\"elementor-button-wrapper\">\n\t\t\t\t\t<a class=\"elementor-button elementor-button-link elementor-size-sm\" href=\"https:\/\/avinent.com\/fr\/contact\/\">\n\t\t\t\t\t\t<span class=\"elementor-button-content-wrapper\">\n\t\t\t\t\t\t\t\t\t<span class=\"elementor-button-text\">Nous contacter<\/span>\n\t\t\t\t\t<\/span>\n\t\t\t\t\t<\/a>\n\t\t\t\t<\/div>\n\t\t\t\t\t\t\t\t<\/div>\n\t\t\t\t<\/div>\n\t\t\t\t\t<\/div>\n\t\t\t\t<\/div>\n\t\t\t\t<\/div>\n\t\t","protected":false},"excerpt":{"rendered":"<p>Espace client Avinent o\u00f9 vous trouverez la boutique en ligne et les portails professionnels CAD CAM, CMF et Orthodontics.<\/p>\n","protected":false},"author":2,"featured_media":22634,"parent":0,"menu_order":2,"comment_status":"closed","ping_status":"closed","template":"","meta":{"_acf_changed":false,"inline_featured_image":false,"footnotes":""},"class_list":["post-30673","page","type-page","status-publish","has-post-thumbnail","hentry"],"acf":[],"yoast_head":"<!-- This site is optimized with the Yoast SEO plugin v26.8 - https:\/\/yoast.com\/product\/yoast-seo-wordpress\/ -->\n<title>Partenaire des cliniques dentaires et des laboratoires | Espace Client Avinent<\/title>\n<meta name=\"description\" content=\"Nous sommes le partenaire des cliniques dentaires et des laboratoires de proth\u00e8ses. Acc\u00e9dez \u00e0 l\u2019Espace client et achetez en ligne ou demandez vos travaux. Acc\u00e9der\" \/>\n<meta name=\"robots\" content=\"index, follow, max-snippet:-1, max-image-preview:large, max-video-preview:-1\" \/>\n<meta property=\"og:locale\" content=\"fr_FR\" \/>\n<meta property=\"og:type\" content=\"article\" \/>\n<meta property=\"og:title\" content=\"Partenaire des cliniques dentaires et des laboratoires | Espace Client Avinent\" \/>\n<meta property=\"og:description\" content=\"Nous sommes le partenaire des cliniques dentaires et des laboratoires de proth\u00e8ses. Acc\u00e9dez \u00e0 l\u2019Espace client et achetez en ligne ou demandez vos travaux. Acc\u00e9der\" \/>\n<meta property=\"og:url\" content=\"https:\/\/avinent.com\/area-cliente\/\" \/>\n<meta property=\"og:site_name\" content=\"Avinent\" \/>\n<meta property=\"article:modified_time\" content=\"2025-11-11T12:56:47+00:00\" \/>\n<meta property=\"og:image\" content=\"https:\/\/avinent.com\/wp-content\/uploads\/2025\/02\/Area-cliente-Avinent.jpg\" \/>\n\t<meta property=\"og:image:width\" content=\"1080\" \/>\n\t<meta property=\"og:image:height\" content=\"1080\" \/>\n\t<meta property=\"og:image:type\" content=\"image\/jpeg\" \/>\n<meta name=\"twitter:card\" content=\"summary_large_image\" \/>\n<meta name=\"twitter:label1\" content=\"Est. reading time\" \/>\n\t<meta name=\"twitter:data1\" content=\"1 minute\" \/>\n<script type=\"application\/ld+json\" class=\"yoast-schema-graph\">{\"@context\":\"https:\/\/schema.org\",\"@graph\":[{\"@type\":\"WebPage\",\"@id\":\"https:\/\/avinent.com\/area-cliente\/\",\"url\":\"https:\/\/avinent.com\/area-cliente\/\",\"name\":\"Partenaire des cliniques dentaires et des laboratoires | Espace Client Avinent\",\"isPartOf\":{\"@id\":\"https:\/\/avinent.com\/#website\"},\"primaryImageOfPage\":{\"@id\":\"https:\/\/avinent.com\/area-cliente\/#primaryimage\"},\"image\":{\"@id\":\"https:\/\/avinent.com\/area-cliente\/#primaryimage\"},\"thumbnailUrl\":\"https:\/\/avinent.com\/wp-content\/uploads\/2025\/02\/Area-cliente-Avinent.jpg\",\"datePublished\":\"2025-01-08T08:28:08+00:00\",\"dateModified\":\"2025-11-11T12:56:47+00:00\",\"description\":\"Nous sommes le partenaire des cliniques dentaires et des laboratoires de proth\u00e8ses. Acc\u00e9dez \u00e0 l\u2019Espace client et achetez en ligne ou demandez vos travaux. Acc\u00e9der\",\"breadcrumb\":{\"@id\":\"https:\/\/avinent.com\/area-cliente\/#breadcrumb\"},\"inLanguage\":\"fr\",\"potentialAction\":[{\"@type\":\"ReadAction\",\"target\":[\"https:\/\/avinent.com\/area-cliente\/\"]}]},{\"@type\":\"ImageObject\",\"inLanguage\":\"fr\",\"@id\":\"https:\/\/avinent.com\/area-cliente\/#primaryimage\",\"url\":\"https:\/\/avinent.com\/wp-content\/uploads\/2025\/02\/Area-cliente-Avinent.jpg\",\"contentUrl\":\"https:\/\/avinent.com\/wp-content\/uploads\/2025\/02\/Area-cliente-Avinent.jpg\",\"width\":1080,\"height\":1080,\"caption\":\"\u00c1rea cliente Avinent\"},{\"@type\":\"BreadcrumbList\",\"@id\":\"https:\/\/avinent.com\/area-cliente\/#breadcrumb\",\"itemListElement\":[{\"@type\":\"ListItem\",\"position\":1,\"name\":\"Portada\",\"item\":\"https:\/\/avinent.com\/fr\/home\/\"},{\"@type\":\"ListItem\",\"position\":2,\"name\":\"Espace client\"}]},{\"@type\":\"WebSite\",\"@id\":\"https:\/\/avinent.com\/#website\",\"url\":\"https:\/\/avinent.com\/\",\"name\":\"Avinent\",\"description\":\"Todas las soluciones m\u00e9dicas y dentales\",\"publisher\":{\"@id\":\"https:\/\/avinent.com\/#organization\"},\"potentialAction\":[{\"@type\":\"SearchAction\",\"target\":{\"@type\":\"EntryPoint\",\"urlTemplate\":\"https:\/\/avinent.com\/?s={search_term_string}\"},\"query-input\":{\"@type\":\"PropertyValueSpecification\",\"valueRequired\":true,\"valueName\":\"search_term_string\"}}],\"inLanguage\":\"fr\"},{\"@type\":\"Organization\",\"@id\":\"https:\/\/avinent.com\/#organization\",\"name\":\"Avinent\",\"url\":\"https:\/\/avinent.com\/\",\"logo\":{\"@type\":\"ImageObject\",\"inLanguage\":\"fr\",\"@id\":\"https:\/\/avinent.com\/#\/schema\/logo\/image\/\",\"url\":\"https:\/\/avinent.com\/wp-content\/uploads\/2021\/10\/cropped-9216650250dc9798b51ff14a0e1c16c7.png\",\"contentUrl\":\"https:\/\/avinent.com\/wp-content\/uploads\/2021\/10\/cropped-9216650250dc9798b51ff14a0e1c16c7.png\",\"width\":122,\"height\":79,\"caption\":\"Avinent\"},\"image\":{\"@id\":\"https:\/\/avinent.com\/#\/schema\/logo\/image\/\"}}]}<\/script>\n<!-- \/ Yoast SEO plugin. -->","yoast_head_json":{"title":"Partenaire des cliniques dentaires et des laboratoires | Espace Client Avinent","description":"Nous sommes le partenaire des cliniques dentaires et des laboratoires de proth\u00e8ses. Acc\u00e9dez \u00e0 l\u2019Espace client et achetez en ligne ou demandez vos travaux. Acc\u00e9der","robots":{"index":"index","follow":"follow","max-snippet":"max-snippet:-1","max-image-preview":"max-image-preview:large","max-video-preview":"max-video-preview:-1"},"og_locale":"fr_FR","og_type":"article","og_title":"Partenaire des cliniques dentaires et des laboratoires | Espace Client Avinent","og_description":"Nous sommes le partenaire des cliniques dentaires et des laboratoires de proth\u00e8ses. Acc\u00e9dez \u00e0 l\u2019Espace client et achetez en ligne ou demandez vos travaux. Acc\u00e9der","og_url":"https:\/\/avinent.com\/area-cliente\/","og_site_name":"Avinent","article_modified_time":"2025-11-11T12:56:47+00:00","og_image":[{"width":1080,"height":1080,"url":"https:\/\/avinent.com\/wp-content\/uploads\/2025\/02\/Area-cliente-Avinent.jpg","type":"image\/jpeg"}],"twitter_card":"summary_large_image","twitter_misc":{"Est. reading time":"1 minute"},"schema":{"@context":"https:\/\/schema.org","@graph":[{"@type":"WebPage","@id":"https:\/\/avinent.com\/area-cliente\/","url":"https:\/\/avinent.com\/area-cliente\/","name":"Partenaire des cliniques dentaires et des laboratoires | Espace Client Avinent","isPartOf":{"@id":"https:\/\/avinent.com\/#website"},"primaryImageOfPage":{"@id":"https:\/\/avinent.com\/area-cliente\/#primaryimage"},"image":{"@id":"https:\/\/avinent.com\/area-cliente\/#primaryimage"},"thumbnailUrl":"https:\/\/avinent.com\/wp-content\/uploads\/2025\/02\/Area-cliente-Avinent.jpg","datePublished":"2025-01-08T08:28:08+00:00","dateModified":"2025-11-11T12:56:47+00:00","description":"Nous sommes le partenaire des cliniques dentaires et des laboratoires de proth\u00e8ses. Acc\u00e9dez \u00e0 l\u2019Espace client et achetez en ligne ou demandez vos travaux. Acc\u00e9der","breadcrumb":{"@id":"https:\/\/avinent.com\/area-cliente\/#breadcrumb"},"inLanguage":"fr","potentialAction":[{"@type":"ReadAction","target":["https:\/\/avinent.com\/area-cliente\/"]}]},{"@type":"ImageObject","inLanguage":"fr","@id":"https:\/\/avinent.com\/area-cliente\/#primaryimage","url":"https:\/\/avinent.com\/wp-content\/uploads\/2025\/02\/Area-cliente-Avinent.jpg","contentUrl":"https:\/\/avinent.com\/wp-content\/uploads\/2025\/02\/Area-cliente-Avinent.jpg","width":1080,"height":1080,"caption":"\u00c1rea cliente Avinent"},{"@type":"BreadcrumbList","@id":"https:\/\/avinent.com\/area-cliente\/#breadcrumb","itemListElement":[{"@type":"ListItem","position":1,"name":"Portada","item":"https:\/\/avinent.com\/fr\/home\/"},{"@type":"ListItem","position":2,"name":"Espace client"}]},{"@type":"WebSite","@id":"https:\/\/avinent.com\/#website","url":"https:\/\/avinent.com\/","name":"Avinent","description":"Todas las soluciones m\u00e9dicas y dentales","publisher":{"@id":"https:\/\/avinent.com\/#organization"},"potentialAction":[{"@type":"SearchAction","target":{"@type":"EntryPoint","urlTemplate":"https:\/\/avinent.com\/?s={search_term_string}"},"query-input":{"@type":"PropertyValueSpecification","valueRequired":true,"valueName":"search_term_string"}}],"inLanguage":"fr"},{"@type":"Organization","@id":"https:\/\/avinent.com\/#organization","name":"Avinent","url":"https:\/\/avinent.com\/","logo":{"@type":"ImageObject","inLanguage":"fr","@id":"https:\/\/avinent.com\/#\/schema\/logo\/image\/","url":"https:\/\/avinent.com\/wp-content\/uploads\/2021\/10\/cropped-9216650250dc9798b51ff14a0e1c16c7.png","contentUrl":"https:\/\/avinent.com\/wp-content\/uploads\/2021\/10\/cropped-9216650250dc9798b51ff14a0e1c16c7.png","width":122,"height":79,"caption":"Avinent"},"image":{"@id":"https:\/\/avinent.com\/#\/schema\/logo\/image\/"}}]}},"_links":{"self":[{"href":"https:\/\/avinent.com\/fr\/wp-json\/wp\/v2\/pages\/30673","targetHints":{"allow":["GET"]}}],"collection":[{"href":"https:\/\/avinent.com\/fr\/wp-json\/wp\/v2\/pages"}],"about":[{"href":"https:\/\/avinent.com\/fr\/wp-json\/wp\/v2\/types\/page"}],"author":[{"embeddable":true,"href":"https:\/\/avinent.com\/fr\/wp-json\/wp\/v2\/users\/2"}],"replies":[{"embeddable":true,"href":"https:\/\/avinent.com\/fr\/wp-json\/wp\/v2\/comments?post=30673"}],"version-history":[{"count":5,"href":"https:\/\/avinent.com\/fr\/wp-json\/wp\/v2\/pages\/30673\/revisions"}],"predecessor-version":[{"id":35223,"href":"https:\/\/avinent.com\/fr\/wp-json\/wp\/v2\/pages\/30673\/revisions\/35223"}],"wp:featuredmedia":[{"embeddable":true,"href":"https:\/\/avinent.com\/fr\/wp-json\/wp\/v2\/media\/22634"}],"wp:attachment":[{"href":"https:\/\/avinent.com\/fr\/wp-json\/wp\/v2\/media?parent=30673"}],"curies":[{"name":"wp","href":"https:\/\/api.w.org\/{rel}","templated":true}]}}