{"id":30679,"date":"2025-01-30T21:01:22","date_gmt":"2025-01-30T20:01:22","guid":{"rendered":"https:\/\/avinent.com\/avinent-universe\/expertise\/"},"modified":"2025-03-19T11:42:53","modified_gmt":"2025-03-19T10:42:53","slug":"expertise","status":"publish","type":"page","link":"https:\/\/avinent.com\/fr\/avinent-universe\/expertise\/","title":{"rendered":"Expertise"},"content":{"rendered":"\t\t<div data-elementor-type=\"wp-page\" data-elementor-id=\"30679\" class=\"elementor elementor-30679 elementor-21637\" data-elementor-post-type=\"page\">\n\t\t\t\t<div class=\"elementor-element elementor-element-2df08b2 e-con-full e-flex e-con e-parent\" data-id=\"2df08b2\" data-element_type=\"container\" data-e-type=\"container\" data-settings=\"{&quot;background_background&quot;:&quot;classic&quot;}\">\n\t\t<div class=\"elementor-element elementor-element-b8644b0 e-flex e-con-boxed elementor-invisible e-con e-child\" data-id=\"b8644b0\" data-element_type=\"container\" data-e-type=\"container\" data-settings=\"{&quot;animation&quot;:&quot;fadeInRight&quot;}\">\n\t\t\t\t\t<div class=\"e-con-inner\">\n\t\t\t\t<div class=\"elementor-element elementor-element-23c6076 elementor-widget__width-initial elementor-widget-mobile__width-initial elementor-widget elementor-widget-heading\" data-id=\"23c6076\" data-element_type=\"widget\" data-e-type=\"widget\" data-widget_type=\"heading.default\">\n\t\t\t\t<div class=\"elementor-widget-container\">\n\t\t\t\t\t<h1 class=\"elementor-heading-title elementor-size-default\">EXPERTISE<\/h1>\t\t\t\t<\/div>\n\t\t\t\t<\/div>\n\t\t\t\t<div class=\"elementor-element elementor-element-492559a elementor-widget__width-initial elementor-widget elementor-widget-text-editor\" data-id=\"492559a\" data-element_type=\"widget\" data-e-type=\"widget\" data-widget_type=\"text-editor.default\">\n\t\t\t\t<div class=\"elementor-widget-container\">\n\t\t\t\t\t\t\t\t\t<p>Nous partageons les solutions et le savoir-faire d\u2019Avinent avec vous pour avancer et innover ensemble.\u00a0<\/p>\n<p>Vous trouverez ici les prochaines formations qu\u2019Avinent collabore, les \u00e9v\u00e9nements auxquels nous assisterons et les webinaires \u00e0 ne pas manquer pour d\u00e9couvrir les derni\u00e8res nouveaut\u00e9s.<\/p>\n\t\t\t\t\t\t\t\t<\/div>\n\t\t\t\t<\/div>\n\t\t\t\t\t<\/div>\n\t\t\t\t<\/div>\n\t\t\t\t<\/div>\n\t\t<div class=\"elementor-element elementor-element-f4c976d e-flex e-con-boxed e-con e-parent\" data-id=\"f4c976d\" data-element_type=\"container\" data-e-type=\"container\" id=\"view\">\n\t\t\t\t\t<div class=\"e-con-inner\">\n\t\t\t\t<div class=\"elementor-element elementor-element-c6c316f elementor-align-justify elementor-widget elementor-widget-button\" data-id=\"c6c316f\" data-element_type=\"widget\" data-e-type=\"widget\" data-widget_type=\"button.default\">\n\t\t\t\t<div class=\"elementor-widget-container\">\n\t\t\t\t\t\t\t\t\t<div class=\"elementor-button-wrapper\">\n\t\t\t\t\t<a class=\"elementor-button elementor-button-link elementor-size-sm\" href=\"https:\/\/avinent.com\/fr\/avinent-universe\/expertise\/formations\/#view\">\n\t\t\t\t\t\t<span class=\"elementor-button-content-wrapper\">\n\t\t\t\t\t\t\t\t\t<span class=\"elementor-button-text\">Formations<\/span>\n\t\t\t\t\t<\/span>\n\t\t\t\t\t<\/a>\n\t\t\t\t<\/div>\n\t\t\t\t\t\t\t\t<\/div>\n\t\t\t\t<\/div>\n\t\t\t\t<div class=\"elementor-element elementor-element-84a9914 elementor-align-justify elementor-widget elementor-widget-button\" data-id=\"84a9914\" data-element_type=\"widget\" data-e-type=\"widget\" data-widget_type=\"button.default\">\n\t\t\t\t<div class=\"elementor-widget-container\">\n\t\t\t\t\t\t\t\t\t<div class=\"elementor-button-wrapper\">\n\t\t\t\t\t<a class=\"elementor-button elementor-button-link elementor-size-sm\" href=\"https:\/\/avinent.com\/avinent-universe\/conocimiento\/eventos\/#view\">\n\t\t\t\t\t\t<span class=\"elementor-button-content-wrapper\">\n\t\t\t\t\t\t\t\t\t<span class=\"elementor-button-text\">\u00c9v\u00e9nements<\/span>\n\t\t\t\t\t<\/span>\n\t\t\t\t\t<\/a>\n\t\t\t\t<\/div>\n\t\t\t\t\t\t\t\t<\/div>\n\t\t\t\t<\/div>\n\t\t\t\t<div class=\"elementor-element elementor-element-9219bfc elementor-align-justify elementor-widget elementor-widget-button\" data-id=\"9219bfc\" data-element_type=\"widget\" data-e-type=\"widget\" data-widget_type=\"button.default\">\n\t\t\t\t<div class=\"elementor-widget-container\">\n\t\t\t\t\t\t\t\t\t<div class=\"elementor-button-wrapper\">\n\t\t\t\t\t<a class=\"elementor-button elementor-button-link elementor-size-sm\" href=\"https:\/\/avinent.com\/avinent-universe\/conocimiento\/webinars\/#view\">\n\t\t\t\t\t\t<span class=\"elementor-button-content-wrapper\">\n\t\t\t\t\t\t\t\t\t<span class=\"elementor-button-text\">Webinaires<\/span>\n\t\t\t\t\t<\/span>\n\t\t\t\t\t<\/a>\n\t\t\t\t<\/div>\n\t\t\t\t\t\t\t\t<\/div>\n\t\t\t\t<\/div>\n\t\t\t\t\t<\/div>\n\t\t\t\t<\/div>\n\t\t<div class=\"elementor-element elementor-element-377f5b5 e-flex e-con-boxed e-con e-parent\" data-id=\"377f5b5\" data-element_type=\"container\" data-e-type=\"container\" data-settings=\"{&quot;background_background&quot;:&quot;classic&quot;}\">\n\t\t\t\t\t<div class=\"e-con-inner\">\n\t\t<div class=\"elementor-element elementor-element-1cabd1f e-con-full e-flex elementor-invisible e-con e-child\" data-id=\"1cabd1f\" data-element_type=\"container\" data-e-type=\"container\" data-settings=\"{&quot;animation&quot;:&quot;fadeInRight&quot;}\">\n\t\t<div class=\"elementor-element elementor-element-a057d51 e-con-full e-flex elementor-invisible e-con e-child\" data-id=\"a057d51\" data-element_type=\"container\" data-e-type=\"container\" data-settings=\"{&quot;animation&quot;:&quot;fadeInLeft&quot;}\">\n\t\t\t\t<div class=\"elementor-element elementor-element-c6ae7ef elementor-widget-mobile__width-initial elementor-widget__width-initial elementor-invisible elementor-widget elementor-widget-heading\" data-id=\"c6ae7ef\" data-element_type=\"widget\" data-e-type=\"widget\" data-settings=\"{&quot;_animation&quot;:&quot;fadeInLeft&quot;}\" data-widget_type=\"heading.default\">\n\t\t\t\t<div class=\"elementor-widget-container\">\n\t\t\t\t\t<p class=\"elementor-heading-title elementor-size-default\">Que voulez-vous voir\u00a0?<\/p>\t\t\t\t<\/div>\n\t\t\t\t<\/div>\n\t\t\t\t<div class=\"elementor-element elementor-element-0fcad2d elementor-widget__width-initial elementor-widget-mobile__width-initial elementor-invisible elementor-widget elementor-widget-heading\" data-id=\"0fcad2d\" data-element_type=\"widget\" data-e-type=\"widget\" data-settings=\"{&quot;_animation&quot;:&quot;fadeInLeft&quot;}\" data-widget_type=\"heading.default\">\n\t\t\t\t<div class=\"elementor-widget-container\">\n\t\t\t\t\t<p class=\"elementor-heading-title elementor-size-default\"><strong>Filtrez par formations, \u00e9v\u00e9nements ou webinaires et d\u00e9couvrez les r\u00e9sultats.<\/strong><\/p>\t\t\t\t<\/div>\n\t\t\t\t<\/div>\n\t\t\t\t<\/div>\n\t\t\t\t<\/div>\n\t\t\t\t\t<\/div>\n\t\t\t\t<\/div>\n\t\t\t\t<\/div>\n\t\t","protected":false},"excerpt":{"rendered":"<p>EXPERTISE Nous partageons les solutions et le savoir-faire d\u2019Avinent avec vous pour avancer et innover ensemble.\u00a0 Vous trouverez ici les prochaines formations qu\u2019Avinent collabore, les \u00e9v\u00e9nements auxquels nous assisterons et les webinaires \u00e0 ne pas manquer pour d\u00e9couvrir les derni\u00e8res nouveaut\u00e9s. Formations \u00c9v\u00e9nements Webinaires Que voulez-vous voir\u00a0? Filtrez par formations, \u00e9v\u00e9nements ou webinaires et d\u00e9couvrez [&hellip;]<\/p>\n","protected":false},"author":2,"featured_media":23434,"parent":30677,"menu_order":157,"comment_status":"closed","ping_status":"closed","template":"","meta":{"_acf_changed":false,"inline_featured_image":false,"footnotes":""},"class_list":["post-30679","page","type-page","status-publish","has-post-thumbnail","hentry"],"acf":[],"yoast_head":"<!-- This site is optimized with the Yoast SEO plugin v26.8 - https:\/\/yoast.com\/product\/yoast-seo-wordpress\/ -->\n<title>D\u00e9couvrez les prochains cours de dentisterie et approfondissez vos connaissances | Avinent<\/title>\n<meta name=\"description\" content=\"Toutes les informations sur les cours dentaires, les \u00e9v\u00e9nements et les webinaires afin de partager avec vous toutes nos connaissances et solutions. Acc\u00e9dez \u00e0 Avinent\u00a0!\" \/>\n<meta name=\"robots\" content=\"index, follow, max-snippet:-1, max-image-preview:large, max-video-preview:-1\" \/>\n<meta property=\"og:locale\" content=\"fr_FR\" \/>\n<meta property=\"og:type\" content=\"article\" \/>\n<meta property=\"og:title\" content=\"D\u00e9couvrez les prochains cours de dentisterie et approfondissez vos connaissances | Avinent\" \/>\n<meta property=\"og:description\" content=\"Toutes les informations sur les cours dentaires, les \u00e9v\u00e9nements et les webinaires afin de partager avec vous toutes nos connaissances et solutions. Acc\u00e9dez \u00e0 Avinent\u00a0!\" \/>\n<meta property=\"og:url\" content=\"https:\/\/avinent.com\/avinent-universe\/conocimiento\/\" \/>\n<meta property=\"og:site_name\" content=\"Avinent\" \/>\n<meta property=\"article:modified_time\" content=\"2025-03-19T10:42:53+00:00\" \/>\n<meta property=\"og:image\" content=\"https:\/\/avinent.wwwarcelona.net\/wp-content\/uploads\/2025\/02\/11.jpg\" \/>\n\t<meta property=\"og:image:width\" content=\"1080\" \/>\n\t<meta property=\"og:image:height\" content=\"1080\" \/>\n\t<meta property=\"og:image:type\" content=\"image\/jpeg\" \/>\n<meta name=\"twitter:card\" content=\"summary_large_image\" \/>\n<script type=\"application\/ld+json\" class=\"yoast-schema-graph\">{\"@context\":\"https:\/\/schema.org\",\"@graph\":[{\"@type\":\"WebPage\",\"@id\":\"https:\/\/avinent.com\/avinent-universe\/conocimiento\/\",\"url\":\"https:\/\/avinent.com\/avinent-universe\/conocimiento\/\",\"name\":\"D\u00e9couvrez les prochains cours de dentisterie et approfondissez vos connaissances | Avinent\",\"isPartOf\":{\"@id\":\"https:\/\/avinent.com\/#website\"},\"primaryImageOfPage\":{\"@id\":\"https:\/\/avinent.com\/avinent-universe\/conocimiento\/#primaryimage\"},\"image\":{\"@id\":\"https:\/\/avinent.com\/avinent-universe\/conocimiento\/#primaryimage\"},\"thumbnailUrl\":\"https:\/\/avinent.com\/wp-content\/uploads\/2025\/02\/11.jpg\",\"datePublished\":\"2025-01-30T20:01:22+00:00\",\"dateModified\":\"2025-03-19T10:42:53+00:00\",\"description\":\"Toutes les informations sur les cours dentaires, les \u00e9v\u00e9nements et les webinaires afin de partager avec vous toutes nos connaissances et solutions. Acc\u00e9dez \u00e0 Avinent\u00a0!\",\"breadcrumb\":{\"@id\":\"https:\/\/avinent.com\/avinent-universe\/conocimiento\/#breadcrumb\"},\"inLanguage\":\"fr\",\"potentialAction\":[{\"@type\":\"ReadAction\",\"target\":[\"https:\/\/avinent.com\/avinent-universe\/conocimiento\/\"]}]},{\"@type\":\"ImageObject\",\"inLanguage\":\"fr\",\"@id\":\"https:\/\/avinent.com\/avinent-universe\/conocimiento\/#primaryimage\",\"url\":\"https:\/\/avinent.com\/wp-content\/uploads\/2025\/02\/11.jpg\",\"contentUrl\":\"https:\/\/avinent.com\/wp-content\/uploads\/2025\/02\/11.jpg\",\"width\":1080,\"height\":1080,\"caption\":\"Eventos i formaciones Avinent\"},{\"@type\":\"BreadcrumbList\",\"@id\":\"https:\/\/avinent.com\/avinent-universe\/conocimiento\/#breadcrumb\",\"itemListElement\":[{\"@type\":\"ListItem\",\"position\":1,\"name\":\"Portada\",\"item\":\"https:\/\/avinent.com\/fr\/home\/\"},{\"@type\":\"ListItem\",\"position\":2,\"name\":\"Avinent Universe\",\"item\":\"https:\/\/avinent.com\/avinent-universe\/\"},{\"@type\":\"ListItem\",\"position\":3,\"name\":\"Expertise\"}]},{\"@type\":\"WebSite\",\"@id\":\"https:\/\/avinent.com\/#website\",\"url\":\"https:\/\/avinent.com\/\",\"name\":\"Avinent\",\"description\":\"Todas las soluciones m\u00e9dicas y dentales\",\"publisher\":{\"@id\":\"https:\/\/avinent.com\/#organization\"},\"potentialAction\":[{\"@type\":\"SearchAction\",\"target\":{\"@type\":\"EntryPoint\",\"urlTemplate\":\"https:\/\/avinent.com\/?s={search_term_string}\"},\"query-input\":{\"@type\":\"PropertyValueSpecification\",\"valueRequired\":true,\"valueName\":\"search_term_string\"}}],\"inLanguage\":\"fr\"},{\"@type\":\"Organization\",\"@id\":\"https:\/\/avinent.com\/#organization\",\"name\":\"Avinent\",\"url\":\"https:\/\/avinent.com\/\",\"logo\":{\"@type\":\"ImageObject\",\"inLanguage\":\"fr\",\"@id\":\"https:\/\/avinent.com\/#\/schema\/logo\/image\/\",\"url\":\"https:\/\/avinent.com\/wp-content\/uploads\/2021\/10\/cropped-9216650250dc9798b51ff14a0e1c16c7.png\",\"contentUrl\":\"https:\/\/avinent.com\/wp-content\/uploads\/2021\/10\/cropped-9216650250dc9798b51ff14a0e1c16c7.png\",\"width\":122,\"height\":79,\"caption\":\"Avinent\"},\"image\":{\"@id\":\"https:\/\/avinent.com\/#\/schema\/logo\/image\/\"}}]}<\/script>\n<!-- \/ Yoast SEO plugin. -->","yoast_head_json":{"title":"D\u00e9couvrez les prochains cours de dentisterie et approfondissez vos connaissances | Avinent","description":"Toutes les informations sur les cours dentaires, les \u00e9v\u00e9nements et les webinaires afin de partager avec vous toutes nos connaissances et solutions. Acc\u00e9dez \u00e0 Avinent\u00a0!","robots":{"index":"index","follow":"follow","max-snippet":"max-snippet:-1","max-image-preview":"max-image-preview:large","max-video-preview":"max-video-preview:-1"},"og_locale":"fr_FR","og_type":"article","og_title":"D\u00e9couvrez les prochains cours de dentisterie et approfondissez vos connaissances | Avinent","og_description":"Toutes les informations sur les cours dentaires, les \u00e9v\u00e9nements et les webinaires afin de partager avec vous toutes nos connaissances et solutions. Acc\u00e9dez \u00e0 Avinent\u00a0!","og_url":"https:\/\/avinent.com\/avinent-universe\/conocimiento\/","og_site_name":"Avinent","article_modified_time":"2025-03-19T10:42:53+00:00","og_image":[{"width":1080,"height":1080,"url":"https:\/\/avinent.wwwarcelona.net\/wp-content\/uploads\/2025\/02\/11.jpg","type":"image\/jpeg"}],"twitter_card":"summary_large_image","schema":{"@context":"https:\/\/schema.org","@graph":[{"@type":"WebPage","@id":"https:\/\/avinent.com\/avinent-universe\/conocimiento\/","url":"https:\/\/avinent.com\/avinent-universe\/conocimiento\/","name":"D\u00e9couvrez les prochains cours de dentisterie et approfondissez vos connaissances | Avinent","isPartOf":{"@id":"https:\/\/avinent.com\/#website"},"primaryImageOfPage":{"@id":"https:\/\/avinent.com\/avinent-universe\/conocimiento\/#primaryimage"},"image":{"@id":"https:\/\/avinent.com\/avinent-universe\/conocimiento\/#primaryimage"},"thumbnailUrl":"https:\/\/avinent.com\/wp-content\/uploads\/2025\/02\/11.jpg","datePublished":"2025-01-30T20:01:22+00:00","dateModified":"2025-03-19T10:42:53+00:00","description":"Toutes les informations sur les cours dentaires, les \u00e9v\u00e9nements et les webinaires afin de partager avec vous toutes nos connaissances et solutions. Acc\u00e9dez \u00e0 Avinent\u00a0!","breadcrumb":{"@id":"https:\/\/avinent.com\/avinent-universe\/conocimiento\/#breadcrumb"},"inLanguage":"fr","potentialAction":[{"@type":"ReadAction","target":["https:\/\/avinent.com\/avinent-universe\/conocimiento\/"]}]},{"@type":"ImageObject","inLanguage":"fr","@id":"https:\/\/avinent.com\/avinent-universe\/conocimiento\/#primaryimage","url":"https:\/\/avinent.com\/wp-content\/uploads\/2025\/02\/11.jpg","contentUrl":"https:\/\/avinent.com\/wp-content\/uploads\/2025\/02\/11.jpg","width":1080,"height":1080,"caption":"Eventos i formaciones Avinent"},{"@type":"BreadcrumbList","@id":"https:\/\/avinent.com\/avinent-universe\/conocimiento\/#breadcrumb","itemListElement":[{"@type":"ListItem","position":1,"name":"Portada","item":"https:\/\/avinent.com\/fr\/home\/"},{"@type":"ListItem","position":2,"name":"Avinent Universe","item":"https:\/\/avinent.com\/avinent-universe\/"},{"@type":"ListItem","position":3,"name":"Expertise"}]},{"@type":"WebSite","@id":"https:\/\/avinent.com\/#website","url":"https:\/\/avinent.com\/","name":"Avinent","description":"Todas las soluciones m\u00e9dicas y dentales","publisher":{"@id":"https:\/\/avinent.com\/#organization"},"potentialAction":[{"@type":"SearchAction","target":{"@type":"EntryPoint","urlTemplate":"https:\/\/avinent.com\/?s={search_term_string}"},"query-input":{"@type":"PropertyValueSpecification","valueRequired":true,"valueName":"search_term_string"}}],"inLanguage":"fr"},{"@type":"Organization","@id":"https:\/\/avinent.com\/#organization","name":"Avinent","url":"https:\/\/avinent.com\/","logo":{"@type":"ImageObject","inLanguage":"fr","@id":"https:\/\/avinent.com\/#\/schema\/logo\/image\/","url":"https:\/\/avinent.com\/wp-content\/uploads\/2021\/10\/cropped-9216650250dc9798b51ff14a0e1c16c7.png","contentUrl":"https:\/\/avinent.com\/wp-content\/uploads\/2021\/10\/cropped-9216650250dc9798b51ff14a0e1c16c7.png","width":122,"height":79,"caption":"Avinent"},"image":{"@id":"https:\/\/avinent.com\/#\/schema\/logo\/image\/"}}]}},"_links":{"self":[{"href":"https:\/\/avinent.com\/fr\/wp-json\/wp\/v2\/pages\/30679","targetHints":{"allow":["GET"]}}],"collection":[{"href":"https:\/\/avinent.com\/fr\/wp-json\/wp\/v2\/pages"}],"about":[{"href":"https:\/\/avinent.com\/fr\/wp-json\/wp\/v2\/types\/page"}],"author":[{"embeddable":true,"href":"https:\/\/avinent.com\/fr\/wp-json\/wp\/v2\/users\/2"}],"replies":[{"embeddable":true,"href":"https:\/\/avinent.com\/fr\/wp-json\/wp\/v2\/comments?post=30679"}],"version-history":[{"count":4,"href":"https:\/\/avinent.com\/fr\/wp-json\/wp\/v2\/pages\/30679\/revisions"}],"predecessor-version":[{"id":31690,"href":"https:\/\/avinent.com\/fr\/wp-json\/wp\/v2\/pages\/30679\/revisions\/31690"}],"up":[{"embeddable":true,"href":"https:\/\/avinent.com\/fr\/wp-json\/wp\/v2\/pages\/30677"}],"wp:featuredmedia":[{"embeddable":true,"href":"https:\/\/avinent.com\/fr\/wp-json\/wp\/v2\/media\/23434"}],"wp:attachment":[{"href":"https:\/\/avinent.com\/fr\/wp-json\/wp\/v2\/media?parent=30679"}],"curies":[{"name":"wp","href":"https:\/\/api.w.org\/{rel}","templated":true}]}}