{"id":30681,"date":"2025-02-07T10:07:11","date_gmt":"2025-02-07T09:07:11","guid":{"rendered":"https:\/\/avinent.com\/avinent-universe\/science\/"},"modified":"2025-03-19T11:37:59","modified_gmt":"2025-03-19T10:37:59","slug":"science","status":"publish","type":"page","link":"https:\/\/avinent.com\/fr\/avinent-universe\/science\/","title":{"rendered":"Science"},"content":{"rendered":"\t\t<div data-elementor-type=\"wp-page\" data-elementor-id=\"30681\" class=\"elementor elementor-30681 elementor-23189\" data-elementor-post-type=\"page\">\n\t\t\t\t<div class=\"elementor-element elementor-element-2df08b2 e-con-full e-flex e-con e-parent\" data-id=\"2df08b2\" data-element_type=\"container\" data-e-type=\"container\" data-settings=\"{&quot;background_background&quot;:&quot;classic&quot;}\">\n\t\t<div class=\"elementor-element elementor-element-b8644b0 e-flex e-con-boxed elementor-invisible e-con e-child\" data-id=\"b8644b0\" data-element_type=\"container\" data-e-type=\"container\" data-settings=\"{&quot;animation&quot;:&quot;fadeInRight&quot;}\">\n\t\t\t\t\t<div class=\"e-con-inner\">\n\t\t\t\t<div class=\"elementor-element elementor-element-23c6076 elementor-widget__width-initial elementor-widget-mobile__width-initial elementor-widget elementor-widget-heading\" data-id=\"23c6076\" data-element_type=\"widget\" data-e-type=\"widget\" data-widget_type=\"heading.default\">\n\t\t\t\t<div class=\"elementor-widget-container\">\n\t\t\t\t\t<h1 class=\"elementor-heading-title elementor-size-default\">SCIENCE<\/h1>\t\t\t\t<\/div>\n\t\t\t\t<\/div>\n\t\t\t\t<div class=\"elementor-element elementor-element-492559a elementor-widget__width-initial elementor-widget elementor-widget-text-editor\" data-id=\"492559a\" data-element_type=\"widget\" data-e-type=\"widget\" data-widget_type=\"text-editor.default\">\n\t\t\t\t<div class=\"elementor-widget-container\">\n\t\t\t\t\t\t\t\t\t<p>L\u2019aval scientifique est l\u2019une des valeurs principales d\u2019Avinent. Nous garantissons ainsi la qualit\u00e9 et la pr\u00e9visibilit\u00e9 de chacune de nos solutions.<\/p>\n<p>Les publications scientifiques r\u00e9alis\u00e9es et les infographies que nous avons d\u00e9velopp\u00e9es r\u00e9sument tout le travail r\u00e9alis\u00e9 par l\u2019entreprise.<\/p>\n\t\t\t\t\t\t\t\t<\/div>\n\t\t\t\t<\/div>\n\t\t\t\t\t<\/div>\n\t\t\t\t<\/div>\n\t\t\t\t<\/div>\n\t\t<div class=\"elementor-element elementor-element-9b87597 e-flex e-con-boxed e-con e-parent\" data-id=\"9b87597\" data-element_type=\"container\" data-e-type=\"container\" id=\"view\">\n\t\t\t\t\t<div class=\"e-con-inner\">\n\t\t\t\t<div class=\"elementor-element elementor-element-9330dd2 elementor-align-justify elementor-widget elementor-widget-button\" data-id=\"9330dd2\" data-element_type=\"widget\" data-e-type=\"widget\" data-widget_type=\"button.default\">\n\t\t\t\t<div class=\"elementor-widget-container\">\n\t\t\t\t\t\t\t\t\t<div class=\"elementor-button-wrapper\">\n\t\t\t\t\t<a class=\"elementor-button elementor-size-sm\" role=\"button\">\n\t\t\t\t\t\t<span class=\"elementor-button-content-wrapper\">\n\t\t\t\t\t\t\t\t\t<span class=\"elementor-button-text\">Infographies<\/span>\n\t\t\t\t\t<\/span>\n\t\t\t\t\t<\/a>\n\t\t\t\t<\/div>\n\t\t\t\t\t\t\t\t<\/div>\n\t\t\t\t<\/div>\n\t\t\t\t<div class=\"elementor-element elementor-element-4ce0588 elementor-align-justify elementor-widget elementor-widget-button\" data-id=\"4ce0588\" data-element_type=\"widget\" data-e-type=\"widget\" data-widget_type=\"button.default\">\n\t\t\t\t<div class=\"elementor-widget-container\">\n\t\t\t\t\t\t\t\t\t<div class=\"elementor-button-wrapper\">\n\t\t\t\t\t<a class=\"elementor-button elementor-button-link elementor-size-sm\" href=\"https:\/\/avinent.com\/avinent-universe\/ciencia\/publicaciones-cientificas\/\">\n\t\t\t\t\t\t<span class=\"elementor-button-content-wrapper\">\n\t\t\t\t\t\t\t\t\t<span class=\"elementor-button-text\">Publications scientifiques<\/span>\n\t\t\t\t\t<\/span>\n\t\t\t\t\t<\/a>\n\t\t\t\t<\/div>\n\t\t\t\t\t\t\t\t<\/div>\n\t\t\t\t<\/div>\n\t\t\t\t\t<\/div>\n\t\t\t\t<\/div>\n\t\t<div class=\"elementor-element elementor-element-d084dc8 e-flex e-con-boxed e-con e-parent\" data-id=\"d084dc8\" data-element_type=\"container\" data-e-type=\"container\" data-settings=\"{&quot;background_background&quot;:&quot;classic&quot;}\">\n\t\t\t\t\t<div class=\"e-con-inner\">\n\t\t<div class=\"elementor-element elementor-element-79ead65 e-con-full e-flex elementor-invisible e-con e-child\" data-id=\"79ead65\" data-element_type=\"container\" data-e-type=\"container\" data-settings=\"{&quot;animation&quot;:&quot;fadeInRight&quot;}\">\n\t\t<div class=\"elementor-element elementor-element-7ef487a e-con-full e-flex elementor-invisible e-con e-child\" data-id=\"7ef487a\" data-element_type=\"container\" data-e-type=\"container\" data-settings=\"{&quot;animation&quot;:&quot;fadeInLeft&quot;}\">\n\t\t\t\t<div class=\"elementor-element elementor-element-be1ded7 elementor-widget-mobile__width-initial elementor-widget__width-initial elementor-invisible elementor-widget elementor-widget-heading\" data-id=\"be1ded7\" data-element_type=\"widget\" data-e-type=\"widget\" data-settings=\"{&quot;_animation&quot;:&quot;fadeInLeft&quot;}\" data-widget_type=\"heading.default\">\n\t\t\t\t<div class=\"elementor-widget-container\">\n\t\t\t\t\t<p class=\"elementor-heading-title elementor-size-default\">Que voulez-vous voir\u00a0?<\/p>\t\t\t\t<\/div>\n\t\t\t\t<\/div>\n\t\t\t\t<div class=\"elementor-element elementor-element-f51ab06 elementor-widget__width-initial elementor-widget-mobile__width-initial elementor-invisible elementor-widget elementor-widget-heading\" data-id=\"f51ab06\" data-element_type=\"widget\" data-e-type=\"widget\" data-settings=\"{&quot;_animation&quot;:&quot;fadeInLeft&quot;}\" data-widget_type=\"heading.default\">\n\t\t\t\t<div class=\"elementor-widget-container\">\n\t\t\t\t\t<p class=\"elementor-heading-title elementor-size-default\"><strong>Filtrez par infographies ou publications scientifiques pour afficher les r\u00e9sultats.<\/strong><\/p>\t\t\t\t<\/div>\n\t\t\t\t<\/div>\n\t\t\t\t<\/div>\n\t\t\t\t<\/div>\n\t\t\t\t\t<\/div>\n\t\t\t\t<\/div>\n\t\t\t\t<\/div>\n\t\t","protected":false},"excerpt":{"rendered":"<p>SCIENCE L\u2019aval scientifique est l\u2019une des valeurs principales d\u2019Avinent. Nous garantissons ainsi la qualit\u00e9 et la pr\u00e9visibilit\u00e9 de chacune de nos solutions. Les publications scientifiques r\u00e9alis\u00e9es et les infographies que nous avons d\u00e9velopp\u00e9es r\u00e9sument tout le travail r\u00e9alis\u00e9 par l\u2019entreprise. Infographies Publications scientifiques Que voulez-vous voir\u00a0? Filtrez par infographies ou publications scientifiques pour afficher les [&hellip;]<\/p>\n","protected":false},"author":2,"featured_media":27131,"parent":30677,"menu_order":131,"comment_status":"closed","ping_status":"closed","template":"","meta":{"_acf_changed":false,"inline_featured_image":false,"footnotes":""},"class_list":["post-30681","page","type-page","status-publish","has-post-thumbnail","hentry"],"acf":[],"yoast_head":"<!-- This site is optimized with the Yoast SEO plugin v26.8 - https:\/\/yoast.com\/product\/yoast-seo-wordpress\/ -->\n<title>Recherche dentaire - Partenaire pour cliniques et laboratoires | Avinent<\/title>\n<meta name=\"description\" content=\"Visitez notre page de recherche dentaire pour acc\u00e9der \u00e0 tous les travaux scientifiquement valid\u00e9s que nous r\u00e9alisons chez Avinent.\" \/>\n<meta name=\"robots\" content=\"index, follow, max-snippet:-1, max-image-preview:large, max-video-preview:-1\" \/>\n<meta property=\"og:locale\" content=\"fr_FR\" \/>\n<meta property=\"og:type\" content=\"article\" \/>\n<meta property=\"og:title\" content=\"Recherche dentaire - Partenaire pour cliniques et laboratoires | Avinent\" \/>\n<meta property=\"og:description\" content=\"Visitez notre page de recherche dentaire pour acc\u00e9der \u00e0 tous les travaux scientifiquement valid\u00e9s que nous r\u00e9alisons chez Avinent.\" \/>\n<meta property=\"og:url\" content=\"https:\/\/avinent.com\/avinent-universe\/ciencia\/\" \/>\n<meta property=\"og:site_name\" content=\"Avinent\" \/>\n<meta property=\"article:modified_time\" content=\"2025-03-19T10:37:59+00:00\" \/>\n<meta property=\"og:image\" content=\"https:\/\/avinent.wwwarcelona.net\/wp-content\/uploads\/2025\/03\/Placeholder-WEB-Avinent-2.jpg\" \/>\n\t<meta property=\"og:image:width\" content=\"1080\" \/>\n\t<meta property=\"og:image:height\" content=\"1080\" \/>\n\t<meta property=\"og:image:type\" content=\"image\/jpeg\" \/>\n<meta name=\"twitter:card\" content=\"summary_large_image\" \/>\n<script type=\"application\/ld+json\" class=\"yoast-schema-graph\">{\"@context\":\"https:\/\/schema.org\",\"@graph\":[{\"@type\":\"WebPage\",\"@id\":\"https:\/\/avinent.com\/avinent-universe\/ciencia\/\",\"url\":\"https:\/\/avinent.com\/avinent-universe\/ciencia\/\",\"name\":\"Recherche dentaire - Partenaire pour cliniques et laboratoires | Avinent\",\"isPartOf\":{\"@id\":\"https:\/\/avinent.com\/#website\"},\"primaryImageOfPage\":{\"@id\":\"https:\/\/avinent.com\/avinent-universe\/ciencia\/#primaryimage\"},\"image\":{\"@id\":\"https:\/\/avinent.com\/avinent-universe\/ciencia\/#primaryimage\"},\"thumbnailUrl\":\"https:\/\/avinent.com\/wp-content\/uploads\/2025\/03\/Placeholder-WEB-Avinent-2.jpg\",\"datePublished\":\"2025-02-07T09:07:11+00:00\",\"dateModified\":\"2025-03-19T10:37:59+00:00\",\"description\":\"Visitez notre page de recherche dentaire pour acc\u00e9der \u00e0 tous les travaux scientifiquement valid\u00e9s que nous r\u00e9alisons chez Avinent.\",\"breadcrumb\":{\"@id\":\"https:\/\/avinent.com\/avinent-universe\/ciencia\/#breadcrumb\"},\"inLanguage\":\"fr\",\"potentialAction\":[{\"@type\":\"ReadAction\",\"target\":[\"https:\/\/avinent.com\/avinent-universe\/ciencia\/\"]}]},{\"@type\":\"ImageObject\",\"inLanguage\":\"fr\",\"@id\":\"https:\/\/avinent.com\/avinent-universe\/ciencia\/#primaryimage\",\"url\":\"https:\/\/avinent.com\/wp-content\/uploads\/2025\/03\/Placeholder-WEB-Avinent-2.jpg\",\"contentUrl\":\"https:\/\/avinent.com\/wp-content\/uploads\/2025\/03\/Placeholder-WEB-Avinent-2.jpg\",\"width\":1080,\"height\":1080,\"caption\":\"Ciencia Avinent\"},{\"@type\":\"BreadcrumbList\",\"@id\":\"https:\/\/avinent.com\/avinent-universe\/ciencia\/#breadcrumb\",\"itemListElement\":[{\"@type\":\"ListItem\",\"position\":1,\"name\":\"Portada\",\"item\":\"https:\/\/avinent.com\/fr\/home\/\"},{\"@type\":\"ListItem\",\"position\":2,\"name\":\"Avinent Universe\",\"item\":\"https:\/\/avinent.com\/avinent-universe\/\"},{\"@type\":\"ListItem\",\"position\":3,\"name\":\"Science\"}]},{\"@type\":\"WebSite\",\"@id\":\"https:\/\/avinent.com\/#website\",\"url\":\"https:\/\/avinent.com\/\",\"name\":\"Avinent\",\"description\":\"Todas las soluciones m\u00e9dicas y dentales\",\"publisher\":{\"@id\":\"https:\/\/avinent.com\/#organization\"},\"potentialAction\":[{\"@type\":\"SearchAction\",\"target\":{\"@type\":\"EntryPoint\",\"urlTemplate\":\"https:\/\/avinent.com\/?s={search_term_string}\"},\"query-input\":{\"@type\":\"PropertyValueSpecification\",\"valueRequired\":true,\"valueName\":\"search_term_string\"}}],\"inLanguage\":\"fr\"},{\"@type\":\"Organization\",\"@id\":\"https:\/\/avinent.com\/#organization\",\"name\":\"Avinent\",\"url\":\"https:\/\/avinent.com\/\",\"logo\":{\"@type\":\"ImageObject\",\"inLanguage\":\"fr\",\"@id\":\"https:\/\/avinent.com\/#\/schema\/logo\/image\/\",\"url\":\"https:\/\/avinent.com\/wp-content\/uploads\/2021\/10\/cropped-9216650250dc9798b51ff14a0e1c16c7.png\",\"contentUrl\":\"https:\/\/avinent.com\/wp-content\/uploads\/2021\/10\/cropped-9216650250dc9798b51ff14a0e1c16c7.png\",\"width\":122,\"height\":79,\"caption\":\"Avinent\"},\"image\":{\"@id\":\"https:\/\/avinent.com\/#\/schema\/logo\/image\/\"}}]}<\/script>\n<!-- \/ Yoast SEO plugin. -->","yoast_head_json":{"title":"Recherche dentaire - Partenaire pour cliniques et laboratoires | Avinent","description":"Visitez notre page de recherche dentaire pour acc\u00e9der \u00e0 tous les travaux scientifiquement valid\u00e9s que nous r\u00e9alisons chez Avinent.","robots":{"index":"index","follow":"follow","max-snippet":"max-snippet:-1","max-image-preview":"max-image-preview:large","max-video-preview":"max-video-preview:-1"},"og_locale":"fr_FR","og_type":"article","og_title":"Recherche dentaire - Partenaire pour cliniques et laboratoires | Avinent","og_description":"Visitez notre page de recherche dentaire pour acc\u00e9der \u00e0 tous les travaux scientifiquement valid\u00e9s que nous r\u00e9alisons chez Avinent.","og_url":"https:\/\/avinent.com\/avinent-universe\/ciencia\/","og_site_name":"Avinent","article_modified_time":"2025-03-19T10:37:59+00:00","og_image":[{"width":1080,"height":1080,"url":"https:\/\/avinent.wwwarcelona.net\/wp-content\/uploads\/2025\/03\/Placeholder-WEB-Avinent-2.jpg","type":"image\/jpeg"}],"twitter_card":"summary_large_image","schema":{"@context":"https:\/\/schema.org","@graph":[{"@type":"WebPage","@id":"https:\/\/avinent.com\/avinent-universe\/ciencia\/","url":"https:\/\/avinent.com\/avinent-universe\/ciencia\/","name":"Recherche dentaire - Partenaire pour cliniques et laboratoires | Avinent","isPartOf":{"@id":"https:\/\/avinent.com\/#website"},"primaryImageOfPage":{"@id":"https:\/\/avinent.com\/avinent-universe\/ciencia\/#primaryimage"},"image":{"@id":"https:\/\/avinent.com\/avinent-universe\/ciencia\/#primaryimage"},"thumbnailUrl":"https:\/\/avinent.com\/wp-content\/uploads\/2025\/03\/Placeholder-WEB-Avinent-2.jpg","datePublished":"2025-02-07T09:07:11+00:00","dateModified":"2025-03-19T10:37:59+00:00","description":"Visitez notre page de recherche dentaire pour acc\u00e9der \u00e0 tous les travaux scientifiquement valid\u00e9s que nous r\u00e9alisons chez Avinent.","breadcrumb":{"@id":"https:\/\/avinent.com\/avinent-universe\/ciencia\/#breadcrumb"},"inLanguage":"fr","potentialAction":[{"@type":"ReadAction","target":["https:\/\/avinent.com\/avinent-universe\/ciencia\/"]}]},{"@type":"ImageObject","inLanguage":"fr","@id":"https:\/\/avinent.com\/avinent-universe\/ciencia\/#primaryimage","url":"https:\/\/avinent.com\/wp-content\/uploads\/2025\/03\/Placeholder-WEB-Avinent-2.jpg","contentUrl":"https:\/\/avinent.com\/wp-content\/uploads\/2025\/03\/Placeholder-WEB-Avinent-2.jpg","width":1080,"height":1080,"caption":"Ciencia Avinent"},{"@type":"BreadcrumbList","@id":"https:\/\/avinent.com\/avinent-universe\/ciencia\/#breadcrumb","itemListElement":[{"@type":"ListItem","position":1,"name":"Portada","item":"https:\/\/avinent.com\/fr\/home\/"},{"@type":"ListItem","position":2,"name":"Avinent Universe","item":"https:\/\/avinent.com\/avinent-universe\/"},{"@type":"ListItem","position":3,"name":"Science"}]},{"@type":"WebSite","@id":"https:\/\/avinent.com\/#website","url":"https:\/\/avinent.com\/","name":"Avinent","description":"Todas las soluciones m\u00e9dicas y dentales","publisher":{"@id":"https:\/\/avinent.com\/#organization"},"potentialAction":[{"@type":"SearchAction","target":{"@type":"EntryPoint","urlTemplate":"https:\/\/avinent.com\/?s={search_term_string}"},"query-input":{"@type":"PropertyValueSpecification","valueRequired":true,"valueName":"search_term_string"}}],"inLanguage":"fr"},{"@type":"Organization","@id":"https:\/\/avinent.com\/#organization","name":"Avinent","url":"https:\/\/avinent.com\/","logo":{"@type":"ImageObject","inLanguage":"fr","@id":"https:\/\/avinent.com\/#\/schema\/logo\/image\/","url":"https:\/\/avinent.com\/wp-content\/uploads\/2021\/10\/cropped-9216650250dc9798b51ff14a0e1c16c7.png","contentUrl":"https:\/\/avinent.com\/wp-content\/uploads\/2021\/10\/cropped-9216650250dc9798b51ff14a0e1c16c7.png","width":122,"height":79,"caption":"Avinent"},"image":{"@id":"https:\/\/avinent.com\/#\/schema\/logo\/image\/"}}]}},"_links":{"self":[{"href":"https:\/\/avinent.com\/fr\/wp-json\/wp\/v2\/pages\/30681","targetHints":{"allow":["GET"]}}],"collection":[{"href":"https:\/\/avinent.com\/fr\/wp-json\/wp\/v2\/pages"}],"about":[{"href":"https:\/\/avinent.com\/fr\/wp-json\/wp\/v2\/types\/page"}],"author":[{"embeddable":true,"href":"https:\/\/avinent.com\/fr\/wp-json\/wp\/v2\/users\/2"}],"replies":[{"embeddable":true,"href":"https:\/\/avinent.com\/fr\/wp-json\/wp\/v2\/comments?post=30681"}],"version-history":[{"count":4,"href":"https:\/\/avinent.com\/fr\/wp-json\/wp\/v2\/pages\/30681\/revisions"}],"predecessor-version":[{"id":31681,"href":"https:\/\/avinent.com\/fr\/wp-json\/wp\/v2\/pages\/30681\/revisions\/31681"}],"up":[{"embeddable":true,"href":"https:\/\/avinent.com\/fr\/wp-json\/wp\/v2\/pages\/30677"}],"wp:featuredmedia":[{"embeddable":true,"href":"https:\/\/avinent.com\/fr\/wp-json\/wp\/v2\/media\/27131"}],"wp:attachment":[{"href":"https:\/\/avinent.com\/fr\/wp-json\/wp\/v2\/media?parent=30681"}],"curies":[{"name":"wp","href":"https:\/\/api.w.org\/{rel}","templated":true}]}}