{"id":31122,"date":"2025-03-02T22:10:46","date_gmt":"2025-03-02T21:10:46","guid":{"rendered":"https:\/\/avinent.com\/a-propos-davinent\/reglementation-sanitaire\/"},"modified":"2025-03-24T09:05:48","modified_gmt":"2025-03-24T08:05:48","slug":"reglementation-sanitaire","status":"publish","type":"page","link":"https:\/\/avinent.com\/fr\/a-propos-davinent\/reglementation-sanitaire\/","title":{"rendered":"R\u00e9glementation sanitaire"},"content":{"rendered":"\t\t<div data-elementor-type=\"wp-page\" data-elementor-id=\"31122\" class=\"elementor elementor-31122 elementor-26357\" data-elementor-post-type=\"page\">\n\t\t\t\t<div class=\"elementor-element elementor-element-ecdbb7b e-flex e-con-boxed e-con e-parent\" data-id=\"ecdbb7b\" data-element_type=\"container\" data-e-type=\"container\">\n\t\t\t\t\t<div class=\"e-con-inner\">\n\t\t<div class=\"elementor-element elementor-element-362e7f1 e-con-full e-flex e-con e-child\" data-id=\"362e7f1\" data-element_type=\"container\" data-e-type=\"container\">\n\t\t\t\t<div class=\"elementor-element elementor-element-d8e84e0 elementor-widget elementor-widget-heading\" data-id=\"d8e84e0\" data-element_type=\"widget\" data-e-type=\"widget\" data-widget_type=\"heading.default\">\n\t\t\t\t<div class=\"elementor-widget-container\">\n\t\t\t\t\t<h1 class=\"elementor-heading-title elementor-size-default\"><strong>R\u00c9GLAMENTATION<br>SANITAIRE<\/strong><\/h1>\t\t\t\t<\/div>\n\t\t\t\t<\/div>\n\t\t<div class=\"elementor-element elementor-element-08495fc e-con-full sobre-nosotros-buttons e-flex e-con e-child\" data-id=\"08495fc\" data-element_type=\"container\" data-e-type=\"container\">\n\t\t\t\t<div class=\"elementor-element elementor-element-e85cd59 elementor-widget elementor-widget-text-editor\" data-id=\"e85cd59\" data-element_type=\"widget\" data-e-type=\"widget\" data-widget_type=\"text-editor.default\">\n\t\t\t\t<div class=\"elementor-widget-container\">\n\t\t\t\t\t\t\t\t\t<p>Avinent est attentive \u00e0 tous les aspects li\u00e9s \u00e0 la qualit\u00e9, des processus de fabrication \u00e0 la s\u00e9curit\u00e9 et \u00e0 la fonctionnalit\u00e9 du produit, en passant par les installations ou les r\u00e9glementations sp\u00e9cifiques \u00e0 chaque pays. Lorsqu\u2019un produit Avinent arrive dans une clinique, un laboratoire ou un h\u00f4pital, sa garantie de qualit\u00e9 reste ainsi intacte o\u00f9 que ce soit dans le monde. <\/p>\n\t\t\t\t\t\t\t\t<\/div>\n\t\t\t\t<\/div>\n\t\t\t\t<\/div>\n\t\t\t\t<\/div>\n\t\t<div class=\"elementor-element elementor-element-7a437ca e-con-full e-flex e-con e-child\" data-id=\"7a437ca\" data-element_type=\"container\" data-e-type=\"container\" data-settings=\"{&quot;background_background&quot;:&quot;classic&quot;}\">\n\t\t\t\t<div class=\"elementor-element elementor-element-e6e4ec1 elementor-widget elementor-widget-spacer\" data-id=\"e6e4ec1\" data-element_type=\"widget\" data-e-type=\"widget\" data-widget_type=\"spacer.default\">\n\t\t\t\t<div class=\"elementor-widget-container\">\n\t\t\t\t\t\t\t<div class=\"elementor-spacer\">\n\t\t\t<div class=\"elementor-spacer-inner\"><\/div>\n\t\t<\/div>\n\t\t\t\t\t\t<\/div>\n\t\t\t\t<\/div>\n\t\t\t\t<\/div>\n\t\t\t\t\t<\/div>\n\t\t\t\t<\/div>\n\t\t<div class=\"elementor-element elementor-element-98bcd2e e-flex e-con-boxed e-con e-parent\" data-id=\"98bcd2e\" data-element_type=\"container\" data-e-type=\"container\">\n\t\t\t\t\t<div class=\"e-con-inner\">\n\t\t\t\t<div class=\"elementor-element elementor-element-a118fa2 elementor-widget__width-inherit elementor-position-top elementor-widget elementor-widget-image-box\" data-id=\"a118fa2\" data-element_type=\"widget\" data-e-type=\"widget\" data-widget_type=\"image-box.default\">\n\t\t\t\t<div class=\"elementor-widget-container\">\n\t\t\t\t\t<div class=\"elementor-image-box-wrapper\"><figure class=\"elementor-image-box-img\"><img fetchpriority=\"high\" decoding=\"async\" width=\"820\" height=\"820\" src=\"https:\/\/avinent.com\/wp-content\/uploads\/2025\/03\/ns-img01.png\" class=\"attachment-full size-full wp-image-26363\" alt=\"\" srcset=\"https:\/\/avinent.com\/wp-content\/uploads\/2025\/03\/ns-img01.png 820w, https:\/\/avinent.com\/wp-content\/uploads\/2025\/03\/ns-img01-300x300.png 300w, https:\/\/avinent.com\/wp-content\/uploads\/2025\/03\/ns-img01-150x150.png 150w, https:\/\/avinent.com\/wp-content\/uploads\/2025\/03\/ns-img01-768x768.png 768w, https:\/\/avinent.com\/wp-content\/uploads\/2025\/03\/ns-img01-180x180.png 180w, https:\/\/avinent.com\/wp-content\/uploads\/2025\/03\/ns-img01-360x360.png 360w, https:\/\/avinent.com\/wp-content\/uploads\/2025\/03\/ns-img01-640x640.png 640w\" sizes=\"(max-width: 820px) 100vw, 820px\" \/><\/figure><div class=\"elementor-image-box-content\"><h4 class=\"elementor-image-box-title\">PROCESSUS DE FABRICATION<\/h4><p class=\"elementor-image-box-description\">EN ISO 13485:2016, la r\u00e9glementation pour les entreprises qui fabriquent des produits sanitaires. Ce certificat de qualit\u00e9 est renouvel\u00e9 tous les 3 ans, avec la r\u00e9alisation d\u2019audits de suivi annuels, qui sont dans notre cas effectu\u00e9s par l\u2019organisme notifi\u00e9 T\u00dcV Rheinland. La norme EN ISO 13485:2016 et les audits constituent des \u00e9l\u00e9ments essentiels pour pouvoir fabriquer. L\u2019ISO couvre l\u2019ensemble du processus de fabrication du produit, ce qui inclut \u00e0 la fois l\u2019\u00e9valuation que l\u2019entreprise effectue aupr\u00e8s de ses fournisseurs, la gestion de la tra\u00e7abilit\u00e9 du client et le contr\u00f4le qualit\u00e9 en phase de production.   <\/p><\/div><\/div>\t\t\t\t<\/div>\n\t\t\t\t<\/div>\n\t\t\t\t<div class=\"elementor-element elementor-element-11840ff elementor-widget__width-inherit elementor-position-top elementor-widget elementor-widget-image-box\" data-id=\"11840ff\" data-element_type=\"widget\" data-e-type=\"widget\" data-widget_type=\"image-box.default\">\n\t\t\t\t<div class=\"elementor-widget-container\">\n\t\t\t\t\t<div class=\"elementor-image-box-wrapper\"><figure class=\"elementor-image-box-img\"><img decoding=\"async\" width=\"820\" height=\"820\" src=\"https:\/\/avinent.com\/wp-content\/uploads\/2025\/03\/ns-img02.png\" class=\"attachment-full size-full wp-image-29949\" alt=\"\" srcset=\"https:\/\/avinent.com\/wp-content\/uploads\/2025\/03\/ns-img02.png 820w, https:\/\/avinent.com\/wp-content\/uploads\/2025\/03\/ns-img02-300x300.png 300w, https:\/\/avinent.com\/wp-content\/uploads\/2025\/03\/ns-img02-150x150.png 150w, https:\/\/avinent.com\/wp-content\/uploads\/2025\/03\/ns-img02-768x768.png 768w, https:\/\/avinent.com\/wp-content\/uploads\/2025\/03\/ns-img02-180x180.png 180w, https:\/\/avinent.com\/wp-content\/uploads\/2025\/03\/ns-img02-360x360.png 360w, https:\/\/avinent.com\/wp-content\/uploads\/2025\/03\/ns-img02-640x640.png 640w\" sizes=\"(max-width: 820px) 100vw, 820px\" \/><\/figure><div class=\"elementor-image-box-content\"><p class=\"elementor-image-box-title\">S\u00c9CURIT\u00c9 ET FONCTIONNALIT\u00c9 DU PRODUIT<\/p><p class=\"elementor-image-box-description\">La s\u00e9curit\u00e9 et la fonctionnalit\u00e9 du produit sont garanties par le marquage CE. Tous les dispositifs m\u00e9dicaux Avinent sont conformes au r\u00e8glement europ\u00e9en en vigueur MDR 2017\/74 (r\u00e8glement relatif aux dispositifs m\u00e9dicaux). Le marquage CE est compl\u00e9t\u00e9 par une s\u00e9rie de documents et de fichiers techniques qui, dans le cas d\u2019Avinent, couvre les diff\u00e9rentes gammes de produits d\u2019<strong>Avinent Implant System, Avinent CAD CAM, Avinent CMF et Avinent Orthodontics.<\/strong>   <\/p><\/div><\/div>\t\t\t\t<\/div>\n\t\t\t\t<\/div>\n\t\t\t\t\t<\/div>\n\t\t\t\t<\/div>\n\t\t<div class=\"elementor-element elementor-element-ae71ceb e-flex e-con-boxed e-con e-parent\" data-id=\"ae71ceb\" data-element_type=\"container\" data-e-type=\"container\">\n\t\t\t\t\t<div class=\"e-con-inner\">\n\t\t\t\t<div class=\"elementor-element elementor-element-b690f3f elementor-widget__width-inherit elementor-position-top elementor-widget elementor-widget-image-box\" data-id=\"b690f3f\" data-element_type=\"widget\" data-e-type=\"widget\" data-widget_type=\"image-box.default\">\n\t\t\t\t<div class=\"elementor-widget-container\">\n\t\t\t\t\t<div class=\"elementor-image-box-wrapper\"><figure class=\"elementor-image-box-img\"><img decoding=\"async\" width=\"820\" height=\"820\" src=\"https:\/\/avinent.com\/wp-content\/uploads\/2025\/03\/ns-img03.png\" class=\"attachment-full size-full wp-image-29954\" alt=\"\" srcset=\"https:\/\/avinent.com\/wp-content\/uploads\/2025\/03\/ns-img03.png 820w, https:\/\/avinent.com\/wp-content\/uploads\/2025\/03\/ns-img03-300x300.png 300w, https:\/\/avinent.com\/wp-content\/uploads\/2025\/03\/ns-img03-150x150.png 150w, https:\/\/avinent.com\/wp-content\/uploads\/2025\/03\/ns-img03-768x768.png 768w, https:\/\/avinent.com\/wp-content\/uploads\/2025\/03\/ns-img03-180x180.png 180w, https:\/\/avinent.com\/wp-content\/uploads\/2025\/03\/ns-img03-360x360.png 360w, https:\/\/avinent.com\/wp-content\/uploads\/2025\/03\/ns-img03-640x640.png 640w\" sizes=\"(max-width: 820px) 100vw, 820px\" \/><\/figure><div class=\"elementor-image-box-content\"><p class=\"elementor-image-box-title\">INSTALLATIONS<\/p><p class=\"elementor-image-box-description\">Avinent dispose d\u2019une licence pour chaque gamme de produits : elle d\u00e9tient la licence du produit s\u00e9rie d\u2019<strong>Avinent Implant System<\/strong> (accord\u00e9e par l\u2019AEMPS) ainsi que du produit personnalis\u00e9 d\u2019<strong>Avinent CAD CAM, Avinent CMF et Avinent Orthodontics<\/strong>, tous accord\u00e9s par l\u2019Autorit\u00e9 sanitaire de la Catalogne.<\/p><\/div><\/div>\t\t\t\t<\/div>\n\t\t\t\t<\/div>\n\t\t\t\t<div class=\"elementor-element elementor-element-39a4484 elementor-widget__width-inherit elementor-position-top elementor-widget elementor-widget-image-box\" data-id=\"39a4484\" data-element_type=\"widget\" data-e-type=\"widget\" data-widget_type=\"image-box.default\">\n\t\t\t\t<div class=\"elementor-widget-container\">\n\t\t\t\t\t<div class=\"elementor-image-box-wrapper\"><figure class=\"elementor-image-box-img\"><img loading=\"lazy\" decoding=\"async\" width=\"820\" height=\"820\" src=\"https:\/\/avinent.com\/wp-content\/uploads\/2025\/03\/ns-img04.png\" class=\"attachment-full size-full wp-image-29959\" alt=\"\" srcset=\"https:\/\/avinent.com\/wp-content\/uploads\/2025\/03\/ns-img04.png 820w, https:\/\/avinent.com\/wp-content\/uploads\/2025\/03\/ns-img04-300x300.png 300w, https:\/\/avinent.com\/wp-content\/uploads\/2025\/03\/ns-img04-150x150.png 150w, https:\/\/avinent.com\/wp-content\/uploads\/2025\/03\/ns-img04-768x768.png 768w, https:\/\/avinent.com\/wp-content\/uploads\/2025\/03\/ns-img04-180x180.png 180w, https:\/\/avinent.com\/wp-content\/uploads\/2025\/03\/ns-img04-360x360.png 360w, https:\/\/avinent.com\/wp-content\/uploads\/2025\/03\/ns-img04-640x640.png 640w\" sizes=\"(max-width: 820px) 100vw, 820px\" \/><\/figure><div class=\"elementor-image-box-content\"><p class=\"elementor-image-box-title\">\u00c0 L'INTERNATIONAL<\/p><p class=\"elementor-image-box-description\">Chaque pays pr\u00e9sente g\u00e9n\u00e9ralement des exigences sp\u00e9cifiques. Par exemple, aux \u00c9tats-Unis, il est obligatoire de soumettre une documentation technique afin de commercialiser un produit. Dans ce cas, la Food &amp; Drug Administration, plus connue sous les sigles FDA, examine la documentation et donne ou non son approbation \u00e0 l\u2019entreprise afin que celle-ci puisse d\u00e9marrer son activit\u00e9 commerciale. Avinent dispose \u00e9galement des certificats n\u00e9cessaires lui permettant d\u2019\u00eatre pr\u00e9sente dans d\u2019autres pays, tels que le Canada, l\u2019Australie, le Japon, Ta\u00efwan, le Mexique ou la Colombie.   <\/p><\/div><\/div>\t\t\t\t<\/div>\n\t\t\t\t<\/div>\n\t\t\t\t\t<\/div>\n\t\t\t\t<\/div>\n\t\t\t\t<\/div>\n\t\t","protected":false},"excerpt":{"rendered":"<p>R\u00c9GLAMENTATIONSANITAIRE Avinent est attentive \u00e0 tous les aspects li\u00e9s \u00e0 la qualit\u00e9, des processus de fabrication \u00e0 la s\u00e9curit\u00e9 et \u00e0 la fonctionnalit\u00e9 du produit, en passant par les installations ou les r\u00e9glementations sp\u00e9cifiques \u00e0 chaque pays. Lorsqu\u2019un produit Avinent arrive dans une clinique, un laboratoire ou un h\u00f4pital, sa garantie de qualit\u00e9 reste ainsi [&hellip;]<\/p>\n","protected":false},"author":2,"featured_media":26841,"parent":30077,"menu_order":179,"comment_status":"closed","ping_status":"closed","template":"","meta":{"_acf_changed":false,"inline_featured_image":false,"footnotes":""},"class_list":["post-31122","page","type-page","status-publish","has-post-thumbnail","hentry"],"acf":[],"yoast_head":"<!-- This site is optimized with the Yoast SEO plugin v26.8 - https:\/\/yoast.com\/product\/yoast-seo-wordpress\/ -->\n<title>R\u00e8glement sur la sant\u00e9 m\u00e9dico-dentaire | Avinent<\/title>\n<meta name=\"description\" content=\"Avinent s&#039;occupe de tous les aspects li\u00e9s \u00e0 la qualit\u00e9. Apprenez-en davantage sur les processus de fabrication, la s\u00e9curit\u00e9 des produits et leur fonctionnalit\u00e9.\" \/>\n<meta name=\"robots\" content=\"index, follow, max-snippet:-1, max-image-preview:large, max-video-preview:-1\" \/>\n<meta property=\"og:locale\" content=\"fr_FR\" \/>\n<meta property=\"og:type\" content=\"article\" \/>\n<meta property=\"og:title\" content=\"R\u00e8glement sur la sant\u00e9 m\u00e9dico-dentaire | Avinent\" \/>\n<meta property=\"og:description\" content=\"Avinent s&#039;occupe de tous les aspects li\u00e9s \u00e0 la qualit\u00e9. Apprenez-en davantage sur les processus de fabrication, la s\u00e9curit\u00e9 des produits et leur fonctionnalit\u00e9.\" \/>\n<meta property=\"og:url\" content=\"https:\/\/avinent.com\/sobre-nosotros\/normativa-sanitaria\/\" \/>\n<meta property=\"og:site_name\" content=\"Avinent\" \/>\n<meta property=\"article:modified_time\" content=\"2025-03-24T08:05:48+00:00\" \/>\n<meta property=\"og:image\" content=\"https:\/\/avinent.com\/wp-content\/uploads\/2025\/03\/Normativa-Sanitaria-Avinent.jpg\" \/>\n\t<meta property=\"og:image:width\" content=\"1080\" \/>\n\t<meta property=\"og:image:height\" content=\"1080\" \/>\n\t<meta property=\"og:image:type\" content=\"image\/jpeg\" \/>\n<meta name=\"twitter:card\" content=\"summary_large_image\" \/>\n<meta name=\"twitter:label1\" content=\"Est. reading time\" \/>\n\t<meta name=\"twitter:data1\" content=\"2 minutes\" \/>\n<script type=\"application\/ld+json\" class=\"yoast-schema-graph\">{\"@context\":\"https:\/\/schema.org\",\"@graph\":[{\"@type\":\"WebPage\",\"@id\":\"https:\/\/avinent.com\/sobre-nosotros\/normativa-sanitaria\/\",\"url\":\"https:\/\/avinent.com\/sobre-nosotros\/normativa-sanitaria\/\",\"name\":\"R\u00e8glement sur la sant\u00e9 m\u00e9dico-dentaire | Avinent\",\"isPartOf\":{\"@id\":\"https:\/\/avinent.com\/#website\"},\"primaryImageOfPage\":{\"@id\":\"https:\/\/avinent.com\/sobre-nosotros\/normativa-sanitaria\/#primaryimage\"},\"image\":{\"@id\":\"https:\/\/avinent.com\/sobre-nosotros\/normativa-sanitaria\/#primaryimage\"},\"thumbnailUrl\":\"https:\/\/avinent.com\/wp-content\/uploads\/2025\/03\/Normativa-Sanitaria-Avinent.jpg\",\"datePublished\":\"2025-03-02T21:10:46+00:00\",\"dateModified\":\"2025-03-24T08:05:48+00:00\",\"description\":\"Avinent s'occupe de tous les aspects li\u00e9s \u00e0 la qualit\u00e9. Apprenez-en davantage sur les processus de fabrication, la s\u00e9curit\u00e9 des produits et leur fonctionnalit\u00e9.\",\"breadcrumb\":{\"@id\":\"https:\/\/avinent.com\/sobre-nosotros\/normativa-sanitaria\/#breadcrumb\"},\"inLanguage\":\"fr\",\"potentialAction\":[{\"@type\":\"ReadAction\",\"target\":[\"https:\/\/avinent.com\/sobre-nosotros\/normativa-sanitaria\/\"]}]},{\"@type\":\"ImageObject\",\"inLanguage\":\"fr\",\"@id\":\"https:\/\/avinent.com\/sobre-nosotros\/normativa-sanitaria\/#primaryimage\",\"url\":\"https:\/\/avinent.com\/wp-content\/uploads\/2025\/03\/Normativa-Sanitaria-Avinent.jpg\",\"contentUrl\":\"https:\/\/avinent.com\/wp-content\/uploads\/2025\/03\/Normativa-Sanitaria-Avinent.jpg\",\"width\":1080,\"height\":1080,\"caption\":\"Normativa Sanitaria Avinent\"},{\"@type\":\"BreadcrumbList\",\"@id\":\"https:\/\/avinent.com\/sobre-nosotros\/normativa-sanitaria\/#breadcrumb\",\"itemListElement\":[{\"@type\":\"ListItem\",\"position\":1,\"name\":\"Portada\",\"item\":\"https:\/\/avinent.com\/\"},{\"@type\":\"ListItem\",\"position\":2,\"name\":\"\u00c0 propos d&#8217;Avinent\",\"item\":\"https:\/\/avinent.wwwarcelona.net\/sobre-nosotros\/\"},{\"@type\":\"ListItem\",\"position\":3,\"name\":\"R\u00e9glementation sanitaire\"}]},{\"@type\":\"WebSite\",\"@id\":\"https:\/\/avinent.com\/#website\",\"url\":\"https:\/\/avinent.com\/\",\"name\":\"Avinent\",\"description\":\"Todas las soluciones m\u00e9dicas y dentales\",\"publisher\":{\"@id\":\"https:\/\/avinent.com\/#organization\"},\"potentialAction\":[{\"@type\":\"SearchAction\",\"target\":{\"@type\":\"EntryPoint\",\"urlTemplate\":\"https:\/\/avinent.com\/?s={search_term_string}\"},\"query-input\":{\"@type\":\"PropertyValueSpecification\",\"valueRequired\":true,\"valueName\":\"search_term_string\"}}],\"inLanguage\":\"fr\"},{\"@type\":\"Organization\",\"@id\":\"https:\/\/avinent.com\/#organization\",\"name\":\"Avinent\",\"url\":\"https:\/\/avinent.com\/\",\"logo\":{\"@type\":\"ImageObject\",\"inLanguage\":\"fr\",\"@id\":\"https:\/\/avinent.com\/#\/schema\/logo\/image\/\",\"url\":\"https:\/\/avinent.com\/wp-content\/uploads\/2021\/10\/cropped-9216650250dc9798b51ff14a0e1c16c7.png\",\"contentUrl\":\"https:\/\/avinent.com\/wp-content\/uploads\/2021\/10\/cropped-9216650250dc9798b51ff14a0e1c16c7.png\",\"width\":122,\"height\":79,\"caption\":\"Avinent\"},\"image\":{\"@id\":\"https:\/\/avinent.com\/#\/schema\/logo\/image\/\"}}]}<\/script>\n<!-- \/ Yoast SEO plugin. -->","yoast_head_json":{"title":"R\u00e8glement sur la sant\u00e9 m\u00e9dico-dentaire | Avinent","description":"Avinent s'occupe de tous les aspects li\u00e9s \u00e0 la qualit\u00e9. Apprenez-en davantage sur les processus de fabrication, la s\u00e9curit\u00e9 des produits et leur fonctionnalit\u00e9.","robots":{"index":"index","follow":"follow","max-snippet":"max-snippet:-1","max-image-preview":"max-image-preview:large","max-video-preview":"max-video-preview:-1"},"og_locale":"fr_FR","og_type":"article","og_title":"R\u00e8glement sur la sant\u00e9 m\u00e9dico-dentaire | Avinent","og_description":"Avinent s'occupe de tous les aspects li\u00e9s \u00e0 la qualit\u00e9. Apprenez-en davantage sur les processus de fabrication, la s\u00e9curit\u00e9 des produits et leur fonctionnalit\u00e9.","og_url":"https:\/\/avinent.com\/sobre-nosotros\/normativa-sanitaria\/","og_site_name":"Avinent","article_modified_time":"2025-03-24T08:05:48+00:00","og_image":[{"width":1080,"height":1080,"url":"https:\/\/avinent.com\/wp-content\/uploads\/2025\/03\/Normativa-Sanitaria-Avinent.jpg","type":"image\/jpeg"}],"twitter_card":"summary_large_image","twitter_misc":{"Est. reading time":"2 minutes"},"schema":{"@context":"https:\/\/schema.org","@graph":[{"@type":"WebPage","@id":"https:\/\/avinent.com\/sobre-nosotros\/normativa-sanitaria\/","url":"https:\/\/avinent.com\/sobre-nosotros\/normativa-sanitaria\/","name":"R\u00e8glement sur la sant\u00e9 m\u00e9dico-dentaire | Avinent","isPartOf":{"@id":"https:\/\/avinent.com\/#website"},"primaryImageOfPage":{"@id":"https:\/\/avinent.com\/sobre-nosotros\/normativa-sanitaria\/#primaryimage"},"image":{"@id":"https:\/\/avinent.com\/sobre-nosotros\/normativa-sanitaria\/#primaryimage"},"thumbnailUrl":"https:\/\/avinent.com\/wp-content\/uploads\/2025\/03\/Normativa-Sanitaria-Avinent.jpg","datePublished":"2025-03-02T21:10:46+00:00","dateModified":"2025-03-24T08:05:48+00:00","description":"Avinent s'occupe de tous les aspects li\u00e9s \u00e0 la qualit\u00e9. Apprenez-en davantage sur les processus de fabrication, la s\u00e9curit\u00e9 des produits et leur fonctionnalit\u00e9.","breadcrumb":{"@id":"https:\/\/avinent.com\/sobre-nosotros\/normativa-sanitaria\/#breadcrumb"},"inLanguage":"fr","potentialAction":[{"@type":"ReadAction","target":["https:\/\/avinent.com\/sobre-nosotros\/normativa-sanitaria\/"]}]},{"@type":"ImageObject","inLanguage":"fr","@id":"https:\/\/avinent.com\/sobre-nosotros\/normativa-sanitaria\/#primaryimage","url":"https:\/\/avinent.com\/wp-content\/uploads\/2025\/03\/Normativa-Sanitaria-Avinent.jpg","contentUrl":"https:\/\/avinent.com\/wp-content\/uploads\/2025\/03\/Normativa-Sanitaria-Avinent.jpg","width":1080,"height":1080,"caption":"Normativa Sanitaria Avinent"},{"@type":"BreadcrumbList","@id":"https:\/\/avinent.com\/sobre-nosotros\/normativa-sanitaria\/#breadcrumb","itemListElement":[{"@type":"ListItem","position":1,"name":"Portada","item":"https:\/\/avinent.com\/"},{"@type":"ListItem","position":2,"name":"\u00c0 propos d&#8217;Avinent","item":"https:\/\/avinent.wwwarcelona.net\/sobre-nosotros\/"},{"@type":"ListItem","position":3,"name":"R\u00e9glementation sanitaire"}]},{"@type":"WebSite","@id":"https:\/\/avinent.com\/#website","url":"https:\/\/avinent.com\/","name":"Avinent","description":"Todas las soluciones m\u00e9dicas y dentales","publisher":{"@id":"https:\/\/avinent.com\/#organization"},"potentialAction":[{"@type":"SearchAction","target":{"@type":"EntryPoint","urlTemplate":"https:\/\/avinent.com\/?s={search_term_string}"},"query-input":{"@type":"PropertyValueSpecification","valueRequired":true,"valueName":"search_term_string"}}],"inLanguage":"fr"},{"@type":"Organization","@id":"https:\/\/avinent.com\/#organization","name":"Avinent","url":"https:\/\/avinent.com\/","logo":{"@type":"ImageObject","inLanguage":"fr","@id":"https:\/\/avinent.com\/#\/schema\/logo\/image\/","url":"https:\/\/avinent.com\/wp-content\/uploads\/2021\/10\/cropped-9216650250dc9798b51ff14a0e1c16c7.png","contentUrl":"https:\/\/avinent.com\/wp-content\/uploads\/2021\/10\/cropped-9216650250dc9798b51ff14a0e1c16c7.png","width":122,"height":79,"caption":"Avinent"},"image":{"@id":"https:\/\/avinent.com\/#\/schema\/logo\/image\/"}}]}},"_links":{"self":[{"href":"https:\/\/avinent.com\/fr\/wp-json\/wp\/v2\/pages\/31122","targetHints":{"allow":["GET"]}}],"collection":[{"href":"https:\/\/avinent.com\/fr\/wp-json\/wp\/v2\/pages"}],"about":[{"href":"https:\/\/avinent.com\/fr\/wp-json\/wp\/v2\/types\/page"}],"author":[{"embeddable":true,"href":"https:\/\/avinent.com\/fr\/wp-json\/wp\/v2\/users\/2"}],"replies":[{"embeddable":true,"href":"https:\/\/avinent.com\/fr\/wp-json\/wp\/v2\/comments?post=31122"}],"version-history":[{"count":3,"href":"https:\/\/avinent.com\/fr\/wp-json\/wp\/v2\/pages\/31122\/revisions"}],"predecessor-version":[{"id":32342,"href":"https:\/\/avinent.com\/fr\/wp-json\/wp\/v2\/pages\/31122\/revisions\/32342"}],"up":[{"embeddable":true,"href":"https:\/\/avinent.com\/fr\/wp-json\/wp\/v2\/pages\/30077"}],"wp:featuredmedia":[{"embeddable":true,"href":"https:\/\/avinent.com\/fr\/wp-json\/wp\/v2\/media\/26841"}],"wp:attachment":[{"href":"https:\/\/avinent.com\/fr\/wp-json\/wp\/v2\/media?parent=31122"}],"curies":[{"name":"wp","href":"https:\/\/api.w.org\/{rel}","templated":true}]}}