{"id":31632,"date":"2025-03-10T12:58:28","date_gmt":"2025-03-10T11:58:28","guid":{"rendered":"https:\/\/avinent.com\/politique-de-confidentialite\/"},"modified":"2025-04-28T11:10:21","modified_gmt":"2025-04-28T09:10:21","slug":"politique-de-confidentialite","status":"publish","type":"page","link":"https:\/\/avinent.com\/fr\/politique-de-confidentialite\/","title":{"rendered":"Politique de confidentialit\u00e9"},"content":{"rendered":"\t\t<div data-elementor-type=\"wp-page\" data-elementor-id=\"31632\" class=\"elementor elementor-31632 elementor-28072\" data-elementor-post-type=\"page\">\n\t\t\t\t<div class=\"elementor-element elementor-element-9b4cd27 e-flex e-con-boxed e-con e-parent\" data-id=\"9b4cd27\" data-element_type=\"container\" data-e-type=\"container\">\n\t\t\t\t\t<div class=\"e-con-inner\">\n\t\t\t\t<div class=\"elementor-element elementor-element-8b03094 elementor-widget elementor-widget-heading\" data-id=\"8b03094\" data-element_type=\"widget\" data-e-type=\"widget\" data-widget_type=\"heading.default\">\n\t\t\t\t<div class=\"elementor-widget-container\">\n\t\t\t\t\t<h1 class=\"elementor-heading-title elementor-size-default\">Politique de confidentialit\u00e9<\/h1>\t\t\t\t<\/div>\n\t\t\t\t<\/div>\n\t\t\t\t<div class=\"elementor-element elementor-element-e956df5 elementor-widget elementor-widget-text-editor\" data-id=\"e956df5\" data-element_type=\"widget\" data-e-type=\"widget\" data-widget_type=\"text-editor.default\">\n\t\t\t\t<div class=\"elementor-widget-container\">\n\t\t\t\t\t\t\t\t\t<p>Afin de se conformer \u00e0 la r\u00e9glementation sur la protection des donn\u00e9es personnelles, AVINENT IMPLANT SYSTEM, S.L.U. souhaite partager les informations suivantes :<\/p>\n<p style=\"padding-left: 40px;\"><strong>RESPONSABLE DU TRAITEMENT DES DONN\u00c9ES<\/strong><br \/>\nAVINENT IMPLANT SYSTEM, S.L.U.<br \/>\nCarretera de Navarcles, 107, Pol. Ind. Santa Anna I.<br \/>\n08251 Santpedor (Barcelone).<br \/>\nT\u00e9l. +34 902 38 38 48<br \/>\nF.+34 93 827 38 73<br \/>\nCIF ESB64286891<br \/>\nContact protection des donn\u00e9es : dpd@avinent.com<\/p>\n<p><strong>FINALIT\u00c9 DU TRAITEMENT DES DONN\u00c9ES PERSONNELLES<\/strong><br \/>Les donn\u00e9es personnelles explicitement fournies par l&#8217;utilisateur lors de l&#8217;acc\u00e8s au site Web seront int\u00e9gr\u00e9es aux registres de traitement appartenant \u00e0 AVINENT IMPLANT SYSTEM, S.L.U. Les donn\u00e9es d&#8217;identification fournies seront les suivantes : nom, pr\u00e9nom, adresse email. La finalit\u00e9 de ces donn\u00e9es collect\u00e9es est de g\u00e9rer les demandes des utilisateurs. Les donn\u00e9es collect\u00e9es ne feront pas l&#8217;objet de traitements automatis\u00e9s.<\/p>\n<p><strong>L\u00c9GITIMATION DU TRAITEMENT<\/strong><br \/>La l\u00e9gitimit\u00e9 du traitement des donn\u00e9es personnelles est le consentement donn\u00e9 explicitement et librement par l&#8217;utilisateur. Les donn\u00e9es ne seront pas transmises \u00e0 des tiers, sauf si la loi l&#8217;exige.<\/p>\n<p><strong>ORIGINE DES DONN\u00c9ES COLLECT\u00c9ES<\/strong><br \/>Les donn\u00e9es collect\u00e9es sont principalement et directement fournies par l&#8217;utilisateur du site Internet et\/ou des r\u00e9seaux sociaux. L&#8217;utilisateur est donc responsable de leur exactitude et de leur mise \u00e0 jour.<br \/>De m\u00eame, et par le biais de cookies, AVINENT collecte des informations li\u00e9es \u00e0 des donn\u00e9es statistiques ou de navigation.<\/p>\n<p><strong>P\u00c9RIODE DE CONSERVATION DES DONN\u00c9ES<\/strong><br \/>Les donn\u00e9es personnelles fournies par l&#8217;utilisateur seront conserv\u00e9es pendant toute la dur\u00e9e de la relation contractuelle, sauf si l&#8217;utilisateur demande leur suppression. ou sont n\u00e9cessaires \u00e0 l\u2019ex\u00e9cution d\u2019une obligation l\u00e9gale, telle que la d\u00e9fense des r\u00e9clamations.<br \/>Si un utilisateur r\u00e9voque son consentement explicite ou exerce son droit d&#8217;annulation ou de suppression, Avinent l&#8217;informe que ses donn\u00e9es personnelles seront bloqu\u00e9es pendant les p\u00e9riodes l\u00e9galement \u00e9tablies pour faire face aux \u00e9ventuelles responsabilit\u00e9s d\u00e9coulant de leur traitement.<\/p>\n<p><strong>DESTINATAIRES DES COMMUNICATIONS ET DES DONN\u00c9ES<\/strong><br \/>AVINENT IMPLANT SYSTEM, S.L.U.\u00a0n&#8217;effectuera pas de transferts internationaux de donn\u00e9es vers des pays tiers, sauf lorsque la loi l&#8217;exige.<\/p>\n<p><strong>DROITS DES PARTIES INT\u00c9RESS\u00c9ES<\/strong><br \/>Fran\u00e7ais Les utilisateurs peuvent exercer leurs droits d&#8217;acc\u00e8s, de rectification ou de suppression, de limitation du traitement, d&#8217;opposition, de portabilit\u00e9 et d&#8217;opposition aux d\u00e9cisions individuelles automatis\u00e9es aupr\u00e8s d&#8217;Avinent implant, le cas \u00e9ch\u00e9ant, en envoyant un courrier \u00e9lectronique \u00e0 dpd@avinent.com ou au si\u00e8ge social d&#8217;AVINENT Carretera de Navarcles, 107, Pol. Ind. Santa Anna I, 08251 Santpedor (Barcelone). De m\u00eame, vous pouvez r\u00e9voquer votre consentement si vous l\u2019avez donn\u00e9 dans un but pr\u00e9cis, et vous pouvez modifier vos pr\u00e9f\u00e9rences \u00e0 tout moment.<br \/>De m\u00eame, veuillez noter qu&#8217;AVINENT IMPLANT a d\u00e9sign\u00e9 un d\u00e9l\u00e9gu\u00e9 \u00e0 la protection des donn\u00e9es (DPD) \u00e0 qui les questions concernant le traitement des donn\u00e9es personnelles peuvent \u00eatre adress\u00e9es \u00e0 son si\u00e8ge social et\/ou par courrier \u00e9lectronique \u00e0 dpd@avinent.com avec la r\u00e9f\u00e9rence : \u00ab Protection des donn\u00e9es \u00bb.<br \/>De plus, l&#8217;Utilisateur est inform\u00e9 qu&#8217;il peut adresser tout type de r\u00e9clamation concernant la protection des donn\u00e9es personnelles \u00e0 l&#8217;Agence espagnole de protection des donn\u00e9es, www.aepd.es, s&#8217;il estime que ses droits ont \u00e9t\u00e9 viol\u00e9s.<\/p>\n\t\t\t\t\t\t\t\t<\/div>\n\t\t\t\t<\/div>\n\t\t\t\t\t<\/div>\n\t\t\t\t<\/div>\n\t\t\t\t<\/div>\n\t\t","protected":false},"excerpt":{"rendered":"<p>Politique de confidentialit\u00e9 Afin de se conformer \u00e0 la r\u00e9glementation sur la protection des donn\u00e9es personnelles, AVINENT IMPLANT SYSTEM, S.L.U. souhaite partager les informations suivantes : RESPONSABLE DU TRAITEMENT DES DONN\u00c9ES AVINENT IMPLANT SYSTEM, S.L.U. Carretera de Navarcles, 107, Pol. Ind. Santa Anna I. 08251 Santpedor (Barcelone). T\u00e9l. +34 902 38 38 48 F.+34 93 [&hellip;]<\/p>\n","protected":false},"author":2,"featured_media":0,"parent":0,"menu_order":200,"comment_status":"closed","ping_status":"closed","template":"elementor_header_footer","meta":{"_acf_changed":false,"inline_featured_image":false,"footnotes":""},"class_list":["post-31632","page","type-page","status-publish","hentry"],"acf":[],"yoast_head":"<!-- This site is optimized with the Yoast SEO plugin v26.8 - https:\/\/yoast.com\/product\/yoast-seo-wordpress\/ -->\n<title>Politique de confidentialit\u00e9 | Avinent<\/title>\n<meta name=\"description\" content=\"Politique de confidentialit\u00e9 Afin de se conformer \u00e0 la r\u00e9glementation sur la protection des donn\u00e9es personnelles, AVINENT IMPLANT SYSTEM, S.L.U. souhaite \u2713\" \/>\n<meta name=\"robots\" content=\"noindex, nofollow\" \/>\n<meta property=\"og:locale\" content=\"fr_FR\" \/>\n<meta property=\"og:type\" content=\"article\" \/>\n<meta property=\"og:title\" content=\"Politique de confidentialit\u00e9 | Avinent\" \/>\n<meta property=\"og:description\" content=\"Politique de confidentialit\u00e9 Afin de se conformer \u00e0 la r\u00e9glementation sur la protection des donn\u00e9es personnelles, AVINENT IMPLANT SYSTEM, S.L.U. souhaite \u2713\" \/>\n<meta property=\"og:url\" content=\"https:\/\/avinent.com\/politica-de-privacidad\/\" \/>\n<meta property=\"og:site_name\" content=\"Avinent\" \/>\n<meta property=\"article:modified_time\" content=\"2025-04-28T09:10:21+00:00\" \/>\n<meta name=\"twitter:card\" content=\"summary_large_image\" \/>\n<meta name=\"twitter:label1\" content=\"Est. reading time\" \/>\n\t<meta name=\"twitter:data1\" content=\"3 minutes\" \/>\n<script type=\"application\/ld+json\" class=\"yoast-schema-graph\">{\"@context\":\"https:\/\/schema.org\",\"@graph\":[{\"@type\":\"WebPage\",\"@id\":\"https:\/\/avinent.com\/politica-de-privacidad\/\",\"url\":\"https:\/\/avinent.com\/politica-de-privacidad\/\",\"name\":\"Politique de confidentialit\u00e9 | Avinent\",\"isPartOf\":{\"@id\":\"https:\/\/avinent.com\/#website\"},\"datePublished\":\"2025-03-10T11:58:28+00:00\",\"dateModified\":\"2025-04-28T09:10:21+00:00\",\"description\":\"Politique de confidentialit\u00e9 Afin de se conformer \u00e0 la r\u00e9glementation sur la protection des donn\u00e9es personnelles, AVINENT IMPLANT SYSTEM, S.L.U. souhaite \u2713\",\"breadcrumb\":{\"@id\":\"https:\/\/avinent.com\/politica-de-privacidad\/#breadcrumb\"},\"inLanguage\":\"fr\",\"potentialAction\":[{\"@type\":\"ReadAction\",\"target\":[\"https:\/\/avinent.com\/politica-de-privacidad\/\"]}]},{\"@type\":\"BreadcrumbList\",\"@id\":\"https:\/\/avinent.com\/politica-de-privacidad\/#breadcrumb\",\"itemListElement\":[{\"@type\":\"ListItem\",\"position\":1,\"name\":\"Portada\",\"item\":\"https:\/\/avinent.com\/fr\/home\/\"},{\"@type\":\"ListItem\",\"position\":2,\"name\":\"Politique de confidentialit\u00e9\"}]},{\"@type\":\"WebSite\",\"@id\":\"https:\/\/avinent.com\/#website\",\"url\":\"https:\/\/avinent.com\/\",\"name\":\"Avinent\",\"description\":\"Todas las soluciones m\u00e9dicas y dentales\",\"publisher\":{\"@id\":\"https:\/\/avinent.com\/#organization\"},\"potentialAction\":[{\"@type\":\"SearchAction\",\"target\":{\"@type\":\"EntryPoint\",\"urlTemplate\":\"https:\/\/avinent.com\/?s={search_term_string}\"},\"query-input\":{\"@type\":\"PropertyValueSpecification\",\"valueRequired\":true,\"valueName\":\"search_term_string\"}}],\"inLanguage\":\"fr\"},{\"@type\":\"Organization\",\"@id\":\"https:\/\/avinent.com\/#organization\",\"name\":\"Avinent\",\"url\":\"https:\/\/avinent.com\/\",\"logo\":{\"@type\":\"ImageObject\",\"inLanguage\":\"fr\",\"@id\":\"https:\/\/avinent.com\/#\/schema\/logo\/image\/\",\"url\":\"https:\/\/avinent.com\/wp-content\/uploads\/2021\/10\/cropped-9216650250dc9798b51ff14a0e1c16c7.png\",\"contentUrl\":\"https:\/\/avinent.com\/wp-content\/uploads\/2021\/10\/cropped-9216650250dc9798b51ff14a0e1c16c7.png\",\"width\":122,\"height\":79,\"caption\":\"Avinent\"},\"image\":{\"@id\":\"https:\/\/avinent.com\/#\/schema\/logo\/image\/\"}}]}<\/script>\n<!-- \/ Yoast SEO plugin. -->","yoast_head_json":{"title":"Politique de confidentialit\u00e9 | Avinent","description":"Politique de confidentialit\u00e9 Afin de se conformer \u00e0 la r\u00e9glementation sur la protection des donn\u00e9es personnelles, AVINENT IMPLANT SYSTEM, S.L.U. souhaite \u2713","robots":{"index":"noindex","follow":"nofollow"},"og_locale":"fr_FR","og_type":"article","og_title":"Politique de confidentialit\u00e9 | Avinent","og_description":"Politique de confidentialit\u00e9 Afin de se conformer \u00e0 la r\u00e9glementation sur la protection des donn\u00e9es personnelles, AVINENT IMPLANT SYSTEM, S.L.U. souhaite \u2713","og_url":"https:\/\/avinent.com\/politica-de-privacidad\/","og_site_name":"Avinent","article_modified_time":"2025-04-28T09:10:21+00:00","twitter_card":"summary_large_image","twitter_misc":{"Est. reading time":"3 minutes"},"schema":{"@context":"https:\/\/schema.org","@graph":[{"@type":"WebPage","@id":"https:\/\/avinent.com\/politica-de-privacidad\/","url":"https:\/\/avinent.com\/politica-de-privacidad\/","name":"Politique de confidentialit\u00e9 | Avinent","isPartOf":{"@id":"https:\/\/avinent.com\/#website"},"datePublished":"2025-03-10T11:58:28+00:00","dateModified":"2025-04-28T09:10:21+00:00","description":"Politique de confidentialit\u00e9 Afin de se conformer \u00e0 la r\u00e9glementation sur la protection des donn\u00e9es personnelles, AVINENT IMPLANT SYSTEM, S.L.U. souhaite \u2713","breadcrumb":{"@id":"https:\/\/avinent.com\/politica-de-privacidad\/#breadcrumb"},"inLanguage":"fr","potentialAction":[{"@type":"ReadAction","target":["https:\/\/avinent.com\/politica-de-privacidad\/"]}]},{"@type":"BreadcrumbList","@id":"https:\/\/avinent.com\/politica-de-privacidad\/#breadcrumb","itemListElement":[{"@type":"ListItem","position":1,"name":"Portada","item":"https:\/\/avinent.com\/fr\/home\/"},{"@type":"ListItem","position":2,"name":"Politique de confidentialit\u00e9"}]},{"@type":"WebSite","@id":"https:\/\/avinent.com\/#website","url":"https:\/\/avinent.com\/","name":"Avinent","description":"Todas las soluciones m\u00e9dicas y dentales","publisher":{"@id":"https:\/\/avinent.com\/#organization"},"potentialAction":[{"@type":"SearchAction","target":{"@type":"EntryPoint","urlTemplate":"https:\/\/avinent.com\/?s={search_term_string}"},"query-input":{"@type":"PropertyValueSpecification","valueRequired":true,"valueName":"search_term_string"}}],"inLanguage":"fr"},{"@type":"Organization","@id":"https:\/\/avinent.com\/#organization","name":"Avinent","url":"https:\/\/avinent.com\/","logo":{"@type":"ImageObject","inLanguage":"fr","@id":"https:\/\/avinent.com\/#\/schema\/logo\/image\/","url":"https:\/\/avinent.com\/wp-content\/uploads\/2021\/10\/cropped-9216650250dc9798b51ff14a0e1c16c7.png","contentUrl":"https:\/\/avinent.com\/wp-content\/uploads\/2021\/10\/cropped-9216650250dc9798b51ff14a0e1c16c7.png","width":122,"height":79,"caption":"Avinent"},"image":{"@id":"https:\/\/avinent.com\/#\/schema\/logo\/image\/"}}]}},"_links":{"self":[{"href":"https:\/\/avinent.com\/fr\/wp-json\/wp\/v2\/pages\/31632","targetHints":{"allow":["GET"]}}],"collection":[{"href":"https:\/\/avinent.com\/fr\/wp-json\/wp\/v2\/pages"}],"about":[{"href":"https:\/\/avinent.com\/fr\/wp-json\/wp\/v2\/types\/page"}],"author":[{"embeddable":true,"href":"https:\/\/avinent.com\/fr\/wp-json\/wp\/v2\/users\/2"}],"replies":[{"embeddable":true,"href":"https:\/\/avinent.com\/fr\/wp-json\/wp\/v2\/comments?post=31632"}],"version-history":[{"count":3,"href":"https:\/\/avinent.com\/fr\/wp-json\/wp\/v2\/pages\/31632\/revisions"}],"predecessor-version":[{"id":33529,"href":"https:\/\/avinent.com\/fr\/wp-json\/wp\/v2\/pages\/31632\/revisions\/33529"}],"wp:attachment":[{"href":"https:\/\/avinent.com\/fr\/wp-json\/wp\/v2\/media?parent=31632"}],"curies":[{"name":"wp","href":"https:\/\/api.w.org\/{rel}","templated":true}]}}