{"id":31640,"date":"2025-03-10T12:57:55","date_gmt":"2025-03-10T11:57:55","guid":{"rendered":"https:\/\/avinent.com\/politique-de-cookies\/"},"modified":"2025-04-28T12:25:47","modified_gmt":"2025-04-28T10:25:47","slug":"politique-de-cookies","status":"publish","type":"page","link":"https:\/\/avinent.com\/fr\/politique-de-cookies\/","title":{"rendered":"Politique de cookies"},"content":{"rendered":"\t\t<div data-elementor-type=\"wp-page\" data-elementor-id=\"31640\" class=\"elementor elementor-31640 elementor-28070\" data-elementor-post-type=\"page\">\n\t\t\t\t<div class=\"elementor-element elementor-element-9b4cd27 e-flex e-con-boxed e-con e-parent\" data-id=\"9b4cd27\" data-element_type=\"container\" data-e-type=\"container\">\n\t\t\t\t\t<div class=\"e-con-inner\">\n\t\t\t\t<div class=\"elementor-element elementor-element-8b03094 elementor-widget elementor-widget-heading\" data-id=\"8b03094\" data-element_type=\"widget\" data-e-type=\"widget\" data-widget_type=\"heading.default\">\n\t\t\t\t<div class=\"elementor-widget-container\">\n\t\t\t\t\t<h1 class=\"elementor-heading-title elementor-size-default\">Politique de cookies<\/h1>\t\t\t\t<\/div>\n\t\t\t\t<\/div>\n\t\t\t\t<div class=\"elementor-element elementor-element-e956df5 elementor-widget elementor-widget-text-editor\" data-id=\"e956df5\" data-element_type=\"widget\" data-e-type=\"widget\" data-widget_type=\"text-editor.default\">\n\t\t\t\t<div class=\"elementor-widget-container\">\n\t\t\t\t\t\t\t\t\t<p>Les cookies sont essentiels au fonctionnement d&#8217;Internet, offrant d&#8217;innombrables avantages dans la fourniture de services interactifs et facilitant la navigation et la convivialit\u00e9 de notre site Web.<\/p>\n<p>Le site Web d&#8217;Avinent Implant System, S.L.U. utilise ses propres cookies et ceux de tiers pour offrir un meilleur service \u00e0 l&#8217;utilisateur. En naviguant ou en utilisant nos services, vous acceptez l&#8217;utilisation de nos services par Avinent Implant System, S.L.U. de biscuits. Toutefois, l&#8217;utilisateur a la possibilit\u00e9 d&#8217;emp\u00eacher la g\u00e9n\u00e9ration de cookies et de les supprimer en s\u00e9lectionnant l&#8217;option correspondante dans son navigateur. Cependant, nous vous informons que si vous bloquez partiellement ou totalement l&#8217;utilisation des cookies dans votre navigateur, certains services ou fonctionnalit\u00e9s du Site Web pourraient ne pas \u00eatre disponibles.<\/p>\n<p>Cette politique de cookies a \u00e9t\u00e9 cr\u00e9\u00e9e et mise \u00e0 jour par <a href=\"https:\/\/cookiefirst.com\/es\/cookie-manager\/\">Cookie Management CookieFirst<\/a>.<\/p>\n<h3><\/h3>\n<p><\/p>\n<h3><strong>TYPES DE COOKIES UTILIS\u00c9S<\/strong><\/h3>\n<p><strong>\u00a0<\/strong><\/p>\n<p><strong>COOKIES PERMANENTS<\/strong><br \/>Un cookie permanent est stock\u00e9 sur votre disque dur et est lu \u00e0 chaque fois que vous visitez le site Web. Il cessera de fonctionner apr\u00e8s une date d&#8217;expiration.<br \/>expiration d\u00e9termin\u00e9e.<\/p>\n<p><strong>COOKIES DE PERSONNALISATION<\/strong><br \/>Un cookie de personnalisation est un cookie qui permet \u00e0 l&#8217;utilisateur d&#8217;acc\u00e9der au service avec certaines caract\u00e9ristiques g\u00e9n\u00e9rales pr\u00e9d\u00e9finies sur son appareil ou que l&#8217;utilisateur d\u00e9finit lui-m\u00eame. Des exemples de cookies de personnalisation sont : la langue, la g\u00e9olocalisation de l&#8217;appareil, etc.<\/p>\n<p><strong>COOKIES D&#8217;ANALYSE STATISTIQUE<\/strong><br \/>Un cookie d&#8217;analyse statistique est un cookie qui permet de surveiller et d&#8217;analyser le comportement des utilisateurs sur les sites Web. Les informations collect\u00e9es via ces types de cookies sont utilis\u00e9es pour cr\u00e9er des profils de navigation des utilisateurs de ces sites, dans le but d&#8217;introduire des am\u00e9liorations au service en fonction de l&#8217;utilisation des utilisateurs.<\/p>\n<p><strong>COOKIES TECHNIQUES<\/strong><br \/>Un cookie technique est un cookie qui permet \u00e0 l&#8217;utilisateur de naviguer sur le site Web.<br \/>site Web ou application et l&#8217;utilisation des diff\u00e9rentes options ou services qui y existent. Par exemple : identifier et maintenir la session de l&#8217;utilisateur, acc\u00e9der \u00e0 des sections Web restreintes, soumettre une demande d&#8217;inscription ou de participation \u00e0 un \u00e9v\u00e9nement, m\u00e9moriser les \u00e9l\u00e9ments qui composent une commande, utiliser des \u00e9l\u00e9ments de s\u00e9curit\u00e9 pendant la navigation et stocker du contenu pour la diffusion vid\u00e9o ou audio.<\/p>\n<p><strong>COOKIES TIERS<\/strong><br \/>Un cookie tiers est un cookie qui est install\u00e9 sur certains sites Web et permet la gestion et l&#8217;am\u00e9lioration des services propos\u00e9s. Par exemple, les services statistiques de LinkedIn, YouTube, Facebook, Google Analytics, Twitter, Google+, etc.<\/p>\n<p>Vous pouvez acc\u00e9der aux informations sur le traitement de vos donn\u00e9es par les cookies tiers dans leurs politiques de cookies correspondantes.<\/p>\n<p>Conform\u00e9ment aux dispositions de l&#8217;article 22.2 de la loi 34\/2002 du 11 juillet sur les services de la soci\u00e9t\u00e9 de l&#8217;information et du commerce \u00e9lectronique (LSSI-CE), AVINENT IMPLANT SYSTEM, S.L.U. informe, \u00e0 travers ce tableau, des cookies utilis\u00e9s sur son site Internet.<\/p>\n\t\t\t\t\t\t\t\t<\/div>\n\t\t\t\t<\/div>\n\t\t\t\t\t<\/div>\n\t\t\t\t<\/div>\n\t\t<div class=\"elementor-element elementor-element-b2544c9 e-flex e-con-boxed e-con e-parent\" data-id=\"b2544c9\" data-element_type=\"container\" data-e-type=\"container\">\n\t\t\t\t\t<div class=\"e-con-inner\">\n\t\t\t\t<div class=\"elementor-element elementor-element-c254cf7 elementor-widget elementor-widget-html\" data-id=\"c254cf7\" data-element_type=\"widget\" data-e-type=\"widget\" data-widget_type=\"html.default\">\n\t\t\t\t<div class=\"elementor-widget-container\">\n\t\t\t\t\t<div id=\"cookiefirst-policy-page\"><\/div> <div>Esta pol\u00edtica de cookies ha sido creada y actualizada por <a href=\"https:\/\/cookiefirst.com\/es\/cookie-manager\/\">Cookie Management CookieFirst<\/a>.<\/div>\t\t\t\t<\/div>\n\t\t\t\t<\/div>\n\t\t\t\t\t<\/div>\n\t\t\t\t<\/div>\n\t\t\t\t<\/div>\n\t\t","protected":false},"excerpt":{"rendered":"<p>Politique de cookies Les cookies sont essentiels au fonctionnement d&#8217;Internet, offrant d&#8217;innombrables avantages dans la fourniture de services interactifs et facilitant la navigation et la convivialit\u00e9 de notre site Web. Le site Web d&#8217;Avinent Implant System, S.L.U. utilise ses propres cookies et ceux de tiers pour offrir un meilleur service \u00e0 l&#8217;utilisateur. En naviguant ou [&hellip;]<\/p>\n","protected":false},"author":2,"featured_media":0,"parent":0,"menu_order":205,"comment_status":"closed","ping_status":"closed","template":"elementor_header_footer","meta":{"_acf_changed":false,"inline_featured_image":false,"footnotes":""},"class_list":["post-31640","page","type-page","status-publish","hentry"],"acf":[],"yoast_head":"<!-- This site is optimized with the Yoast SEO plugin v26.8 - https:\/\/yoast.com\/product\/yoast-seo-wordpress\/ -->\n<title>Politique de cookies | Avinent<\/title>\n<meta name=\"description\" content=\"Politique de cookies Les cookies sont essentiels au fonctionnement d&#039;Internet, offrant d&#039;innombrables avantages dans la fourniture de services interactifs \u2713\" \/>\n<meta name=\"robots\" content=\"noindex, nofollow\" \/>\n<meta property=\"og:locale\" content=\"fr_FR\" \/>\n<meta property=\"og:type\" content=\"article\" \/>\n<meta property=\"og:title\" content=\"Politique de cookies | Avinent\" \/>\n<meta property=\"og:description\" content=\"Politique de cookies Les cookies sont essentiels au fonctionnement d&#039;Internet, offrant d&#039;innombrables avantages dans la fourniture de services interactifs \u2713\" \/>\n<meta property=\"og:url\" content=\"https:\/\/avinent.com\/politica-de-cookies\/\" \/>\n<meta property=\"og:site_name\" content=\"Avinent\" \/>\n<meta property=\"article:modified_time\" content=\"2025-04-28T10:25:47+00:00\" \/>\n<meta name=\"twitter:card\" content=\"summary_large_image\" \/>\n<meta name=\"twitter:label1\" content=\"Est. reading time\" \/>\n\t<meta name=\"twitter:data1\" content=\"3 minutes\" \/>\n<script type=\"application\/ld+json\" class=\"yoast-schema-graph\">{\"@context\":\"https:\/\/schema.org\",\"@graph\":[{\"@type\":\"WebPage\",\"@id\":\"https:\/\/avinent.com\/politica-de-cookies\/\",\"url\":\"https:\/\/avinent.com\/politica-de-cookies\/\",\"name\":\"Politique de cookies | Avinent\",\"isPartOf\":{\"@id\":\"https:\/\/avinent.com\/#website\"},\"datePublished\":\"2025-03-10T11:57:55+00:00\",\"dateModified\":\"2025-04-28T10:25:47+00:00\",\"description\":\"Politique de cookies Les cookies sont essentiels au fonctionnement d'Internet, offrant d'innombrables avantages dans la fourniture de services interactifs \u2713\",\"breadcrumb\":{\"@id\":\"https:\/\/avinent.com\/politica-de-cookies\/#breadcrumb\"},\"inLanguage\":\"fr\",\"potentialAction\":[{\"@type\":\"ReadAction\",\"target\":[\"https:\/\/avinent.com\/politica-de-cookies\/\"]}]},{\"@type\":\"BreadcrumbList\",\"@id\":\"https:\/\/avinent.com\/politica-de-cookies\/#breadcrumb\",\"itemListElement\":[{\"@type\":\"ListItem\",\"position\":1,\"name\":\"Portada\",\"item\":\"https:\/\/avinent.com\/\"},{\"@type\":\"ListItem\",\"position\":2,\"name\":\"Politique de cookies\"}]},{\"@type\":\"WebSite\",\"@id\":\"https:\/\/avinent.com\/#website\",\"url\":\"https:\/\/avinent.com\/\",\"name\":\"Avinent\",\"description\":\"Todas las soluciones m\u00e9dicas y dentales\",\"publisher\":{\"@id\":\"https:\/\/avinent.com\/#organization\"},\"potentialAction\":[{\"@type\":\"SearchAction\",\"target\":{\"@type\":\"EntryPoint\",\"urlTemplate\":\"https:\/\/avinent.com\/?s={search_term_string}\"},\"query-input\":{\"@type\":\"PropertyValueSpecification\",\"valueRequired\":true,\"valueName\":\"search_term_string\"}}],\"inLanguage\":\"fr\"},{\"@type\":\"Organization\",\"@id\":\"https:\/\/avinent.com\/#organization\",\"name\":\"Avinent\",\"url\":\"https:\/\/avinent.com\/\",\"logo\":{\"@type\":\"ImageObject\",\"inLanguage\":\"fr\",\"@id\":\"https:\/\/avinent.com\/#\/schema\/logo\/image\/\",\"url\":\"https:\/\/avinent.com\/wp-content\/uploads\/2021\/10\/cropped-9216650250dc9798b51ff14a0e1c16c7.png\",\"contentUrl\":\"https:\/\/avinent.com\/wp-content\/uploads\/2021\/10\/cropped-9216650250dc9798b51ff14a0e1c16c7.png\",\"width\":122,\"height\":79,\"caption\":\"Avinent\"},\"image\":{\"@id\":\"https:\/\/avinent.com\/#\/schema\/logo\/image\/\"}}]}<\/script>\n<!-- \/ Yoast SEO plugin. -->","yoast_head_json":{"title":"Politique de cookies | Avinent","description":"Politique de cookies Les cookies sont essentiels au fonctionnement d'Internet, offrant d'innombrables avantages dans la fourniture de services interactifs \u2713","robots":{"index":"noindex","follow":"nofollow"},"og_locale":"fr_FR","og_type":"article","og_title":"Politique de cookies | Avinent","og_description":"Politique de cookies Les cookies sont essentiels au fonctionnement d'Internet, offrant d'innombrables avantages dans la fourniture de services interactifs \u2713","og_url":"https:\/\/avinent.com\/politica-de-cookies\/","og_site_name":"Avinent","article_modified_time":"2025-04-28T10:25:47+00:00","twitter_card":"summary_large_image","twitter_misc":{"Est. reading time":"3 minutes"},"schema":{"@context":"https:\/\/schema.org","@graph":[{"@type":"WebPage","@id":"https:\/\/avinent.com\/politica-de-cookies\/","url":"https:\/\/avinent.com\/politica-de-cookies\/","name":"Politique de cookies | Avinent","isPartOf":{"@id":"https:\/\/avinent.com\/#website"},"datePublished":"2025-03-10T11:57:55+00:00","dateModified":"2025-04-28T10:25:47+00:00","description":"Politique de cookies Les cookies sont essentiels au fonctionnement d'Internet, offrant d'innombrables avantages dans la fourniture de services interactifs \u2713","breadcrumb":{"@id":"https:\/\/avinent.com\/politica-de-cookies\/#breadcrumb"},"inLanguage":"fr","potentialAction":[{"@type":"ReadAction","target":["https:\/\/avinent.com\/politica-de-cookies\/"]}]},{"@type":"BreadcrumbList","@id":"https:\/\/avinent.com\/politica-de-cookies\/#breadcrumb","itemListElement":[{"@type":"ListItem","position":1,"name":"Portada","item":"https:\/\/avinent.com\/"},{"@type":"ListItem","position":2,"name":"Politique de cookies"}]},{"@type":"WebSite","@id":"https:\/\/avinent.com\/#website","url":"https:\/\/avinent.com\/","name":"Avinent","description":"Todas las soluciones m\u00e9dicas y dentales","publisher":{"@id":"https:\/\/avinent.com\/#organization"},"potentialAction":[{"@type":"SearchAction","target":{"@type":"EntryPoint","urlTemplate":"https:\/\/avinent.com\/?s={search_term_string}"},"query-input":{"@type":"PropertyValueSpecification","valueRequired":true,"valueName":"search_term_string"}}],"inLanguage":"fr"},{"@type":"Organization","@id":"https:\/\/avinent.com\/#organization","name":"Avinent","url":"https:\/\/avinent.com\/","logo":{"@type":"ImageObject","inLanguage":"fr","@id":"https:\/\/avinent.com\/#\/schema\/logo\/image\/","url":"https:\/\/avinent.com\/wp-content\/uploads\/2021\/10\/cropped-9216650250dc9798b51ff14a0e1c16c7.png","contentUrl":"https:\/\/avinent.com\/wp-content\/uploads\/2021\/10\/cropped-9216650250dc9798b51ff14a0e1c16c7.png","width":122,"height":79,"caption":"Avinent"},"image":{"@id":"https:\/\/avinent.com\/#\/schema\/logo\/image\/"}}]}},"_links":{"self":[{"href":"https:\/\/avinent.com\/fr\/wp-json\/wp\/v2\/pages\/31640","targetHints":{"allow":["GET"]}}],"collection":[{"href":"https:\/\/avinent.com\/fr\/wp-json\/wp\/v2\/pages"}],"about":[{"href":"https:\/\/avinent.com\/fr\/wp-json\/wp\/v2\/types\/page"}],"author":[{"embeddable":true,"href":"https:\/\/avinent.com\/fr\/wp-json\/wp\/v2\/users\/2"}],"replies":[{"embeddable":true,"href":"https:\/\/avinent.com\/fr\/wp-json\/wp\/v2\/comments?post=31640"}],"version-history":[{"count":4,"href":"https:\/\/avinent.com\/fr\/wp-json\/wp\/v2\/pages\/31640\/revisions"}],"predecessor-version":[{"id":33534,"href":"https:\/\/avinent.com\/fr\/wp-json\/wp\/v2\/pages\/31640\/revisions\/33534"}],"wp:attachment":[{"href":"https:\/\/avinent.com\/fr\/wp-json\/wp\/v2\/media?parent=31640"}],"curies":[{"name":"wp","href":"https:\/\/api.w.org\/{rel}","templated":true}]}}