{"id":35156,"date":"2025-10-28T13:00:30","date_gmt":"2025-10-28T12:00:30","guid":{"rendered":"https:\/\/avinent.com\/canal-et-code-dethique\/"},"modified":"2025-12-12T12:10:13","modified_gmt":"2025-12-12T11:10:13","slug":"canal-et-code-dethique","status":"publish","type":"page","link":"https:\/\/avinent.com\/fr\/canal-et-code-dethique\/","title":{"rendered":"Canal et code d&#8217;\u00e9thique"},"content":{"rendered":"\t\t<div data-elementor-type=\"wp-page\" data-elementor-id=\"35156\" class=\"elementor elementor-35156 elementor-35014\" data-elementor-post-type=\"page\">\n\t\t\t\t<div class=\"elementor-element elementor-element-9b4cd27 e-flex e-con-boxed e-con e-parent\" data-id=\"9b4cd27\" data-element_type=\"container\" data-e-type=\"container\">\n\t\t\t\t\t<div class=\"e-con-inner\">\n\t\t\t\t<div class=\"elementor-element elementor-element-8b03094 elementor-widget elementor-widget-heading\" data-id=\"8b03094\" data-element_type=\"widget\" data-e-type=\"widget\" data-widget_type=\"heading.default\">\n\t\t\t\t<div class=\"elementor-widget-container\">\n\t\t\t\t\t<h1 class=\"elementor-heading-title elementor-size-default\">Canal et code d'\u00e9thique<\/h1>\t\t\t\t<\/div>\n\t\t\t\t<\/div>\n\t\t\t\t<div class=\"elementor-element elementor-element-e956df5 elementor-widget elementor-widget-text-editor\" data-id=\"e956df5\" data-element_type=\"widget\" data-e-type=\"widget\" data-widget_type=\"text-editor.default\">\n\t\t\t\t<div class=\"elementor-widget-container\">\n\t\t\t\t\t\t\t\t\t<p>AVINENT GROUP, par le biais de son code \u00e9thique, rend publiques ses valeurs et ses normes de comportement pour l&#8217;ensemble de son personnel, ainsi que pour ses relations avec des tiers. Vous pouvez le consulter en <span style=\"text-decoration: underline;\"><a style=\"color: inherit; text-decoration: underline;\" href=\"https:\/\/avinent.com\/wp-content\/uploads\/2025\/12\/Code-of-Ethics_Avinent-Group.pdf\">cliquant ici<\/a><\/span>.<\/p>\n<p>AVINENT GROUP s&#8217;engage fermement \u00e0 respecter la r\u00e9glementation et les autres normes volontaires qui lui sont applicables. C&#8217;est pourquoi, afin de se conformer \u00e0 la loi 2\/2023, si vous pensez qu&#8217;il y a un manquement \u00e0 cette loi, vous pouvez nous contacter via ce canal \u00e9thique.<\/p>\n<p>Vous pouvez acc\u00e9der \u00e0 la politique de confidentialit\u00e9 en <a style=\"color: inherit; text-decoration: underline;\" href=\"https:\/\/avinent.com\/fr\/politique-de-confidentialite\/\">cliquant ici<\/a>.<\/p>\n<p>Pour nous contacter, nous mettons \u00e0 votre disposition les canaux de communication suivants:<\/p>\n\t\t\t\t\t\t\t\t<\/div>\n\t\t\t\t<\/div>\n\t\t\t\t\t<\/div>\n\t\t\t\t<\/div>\n\t\t<div class=\"elementor-element elementor-element-790f2e2 e-flex e-con-boxed e-con e-parent\" data-id=\"790f2e2\" data-element_type=\"container\" data-e-type=\"container\">\n\t\t\t\t\t<div class=\"e-con-inner\">\n\t\t<div class=\"elementor-element elementor-element-b0c5aea e-con-full e-flex e-con e-child\" data-id=\"b0c5aea\" data-element_type=\"container\" data-e-type=\"container\">\n\t\t\t\t<div class=\"elementor-element elementor-element-3c5dc11 elementor-widget elementor-widget-text-editor\" data-id=\"3c5dc11\" data-element_type=\"widget\" data-e-type=\"widget\" data-widget_type=\"text-editor.default\">\n\t\t\t\t<div class=\"elementor-widget-container\">\n\t\t\t\t\t\t\t\t\t<h3 style=\"text-align: center;\"><strong>FORMULAIRE INTERNE<\/strong><\/h3>\n<p>Les communications formul\u00e9es via le formulaire \u00ab Canal \u00e9thique \u00bb peuvent \u00eatre effectu\u00e9es par \u00e9crit en <a style=\"color: inherit; text-decoration: none;\" href=\"https:\/\/centinela.lefebvre.es\/public\/concept\/2293031\"><span style=\"text-decoration: underline;\">cliquant ici<\/span><\/a>.<\/p>\n\t\t\t\t\t\t\t\t<\/div>\n\t\t\t\t<\/div>\n\t\t\t\t<\/div>\n\t\t<div class=\"elementor-element elementor-element-6a03474 e-con-full e-flex e-con e-child\" data-id=\"6a03474\" data-element_type=\"container\" data-e-type=\"container\">\n\t\t\t\t<div class=\"elementor-element elementor-element-2070ccb elementor-widget elementor-widget-text-editor\" data-id=\"2070ccb\" data-element_type=\"widget\" data-e-type=\"widget\" data-widget_type=\"text-editor.default\">\n\t\t\t\t<div class=\"elementor-widget-container\">\n\t\t\t\t\t\t\t\t\t<h3 style=\"text-align: center;\"><strong>COMMUNICATION \u00c9CRITE<\/strong><\/h3>\n<p>En envoyant une communication \u00e9crite \u00e0 l&#8217;attention du responsable du syst\u00e8me d&#8217;information interne \u00e0 l&#8217;adresse postale suivante:<\/p>\n<p style=\"padding-left: 40px;\">Carretera de Navarcles, 107<br \/>\nPol. Ind. Santa Anna I<br \/>\n08251, Santpedor, Barcelona.<\/p>\n\t\t\t\t\t\t\t\t<\/div>\n\t\t\t\t<\/div>\n\t\t\t\t<\/div>\n\t\t\t\t\t<\/div>\n\t\t\t\t<\/div>\n\t\t<div class=\"elementor-element elementor-element-8c7311e e-flex e-con-boxed e-con e-parent\" data-id=\"8c7311e\" data-element_type=\"container\" data-e-type=\"container\">\n\t\t\t\t\t<div class=\"e-con-inner\">\n\t\t<div class=\"elementor-element elementor-element-ce41baf e-con-full e-flex e-con e-child\" data-id=\"ce41baf\" data-element_type=\"container\" data-e-type=\"container\">\n\t\t\t\t<div class=\"elementor-element elementor-element-ee70335 elementor-widget elementor-widget-text-editor\" data-id=\"ee70335\" data-element_type=\"widget\" data-e-type=\"widget\" data-widget_type=\"text-editor.default\">\n\t\t\t\t<div class=\"elementor-widget-container\">\n\t\t\t\t\t\t\t\t\t<h3 style=\"text-align: center;\"><strong>COMMUNICATION EN PERSONNE<\/strong><\/h3>\n<p>Vous pouvez effectuer cette communication en personne dans nos locaux situ\u00e9s \u00e0 <a href=\"https:\/\/maps.app.goo.gl\/zm55QBPHmiVXmmNQ6\">Carretera de Navarcles, 107, Pol. Ind. Santa Anna I, 08251, Santpedor, Barcelona<\/a>. Dans ce cas, vous devrez demander \u00e0 parler au responsable du syst\u00e8me d&#8217;information interne afin de pouvoir la r\u00e9aliser correctement.<\/p>\n\t\t\t\t\t\t\t\t<\/div>\n\t\t\t\t<\/div>\n\t\t\t\t<\/div>\n\t\t<div class=\"elementor-element elementor-element-b472472 e-con-full e-flex e-con e-child\" data-id=\"b472472\" data-element_type=\"container\" data-e-type=\"container\">\n\t\t\t\t<div class=\"elementor-element elementor-element-e610e17 elementor-widget elementor-widget-text-editor\" data-id=\"e610e17\" data-element_type=\"widget\" data-e-type=\"widget\" data-widget_type=\"text-editor.default\">\n\t\t\t\t<div class=\"elementor-widget-container\">\n\t\t\t\t\t\t\t\t\t<h3 style=\"text-align: center;\"><strong>COMMUNICATION T\u00c9L\u00c9PHONIQUE<\/strong><\/h3>\n<p>Enfin, vous pouvez \u00e9galement communiquer par t\u00e9l\u00e9phone, en appelant le <a href=\"tel:938273465\"><span data-olk-copy-source=\"MessageBody\">938 273 465<\/span><\/a> et en demandant \u00e0 parler au responsable du syst\u00e8me d&#8217;information interne. Nous vous informons \u00e9galement que cette communication peut \u00eatre anonyme, si vous le jugez opportun.<\/p>\n\t\t\t\t\t\t\t\t<\/div>\n\t\t\t\t<\/div>\n\t\t\t\t<\/div>\n\t\t\t\t\t<\/div>\n\t\t\t\t<\/div>\n\t\t\t\t<\/div>\n\t\t","protected":false},"excerpt":{"rendered":"<p>Canal et code d&#8217;\u00e9thique AVINENT GROUP, par le biais de son code \u00e9thique, rend publiques ses valeurs et ses normes de comportement pour l&#8217;ensemble de son personnel, ainsi que pour ses relations avec des tiers. Vous pouvez le consulter en cliquant ici. AVINENT GROUP s&#8217;engage fermement \u00e0 respecter la r\u00e9glementation et les autres normes volontaires [&hellip;]<\/p>\n","protected":false},"author":4,"featured_media":0,"parent":0,"menu_order":209,"comment_status":"closed","ping_status":"closed","template":"elementor_header_footer","meta":{"_acf_changed":false,"inline_featured_image":false,"footnotes":""},"class_list":["post-35156","page","type-page","status-publish","hentry"],"acf":[],"yoast_head":"<!-- This site is optimized with the Yoast SEO plugin v26.8 - https:\/\/yoast.com\/product\/yoast-seo-wordpress\/ -->\n<title>Canal et code d&#039;\u00e9thique | Avinent<\/title>\n<meta name=\"description\" content=\"Canal et code d&#039;\u00e9thique AVINENT GROUP, par le biais de son code \u00e9thique, rend publiques ses valeurs et ses normes de comportement pour l&#039;ensemble de son \u2713\" \/>\n<meta name=\"robots\" content=\"noindex, nofollow\" \/>\n<meta property=\"og:locale\" content=\"fr_FR\" \/>\n<meta property=\"og:type\" content=\"article\" \/>\n<meta property=\"og:title\" content=\"Canal et code d&#039;\u00e9thique | Avinent\" \/>\n<meta property=\"og:description\" content=\"Canal et code d&#039;\u00e9thique AVINENT GROUP, par le biais de son code \u00e9thique, rend publiques ses valeurs et ses normes de comportement pour l&#039;ensemble de son \u2713\" \/>\n<meta property=\"og:url\" content=\"https:\/\/avinent.com\/canal-y-codigo-etico\/\" \/>\n<meta property=\"og:site_name\" content=\"Avinent\" \/>\n<meta property=\"article:modified_time\" content=\"2025-12-12T11:10:13+00:00\" \/>\n<meta name=\"twitter:card\" content=\"summary_large_image\" \/>\n<meta name=\"twitter:label1\" content=\"Est. reading time\" \/>\n\t<meta name=\"twitter:data1\" content=\"1 minute\" \/>\n<script type=\"application\/ld+json\" class=\"yoast-schema-graph\">{\"@context\":\"https:\/\/schema.org\",\"@graph\":[{\"@type\":\"WebPage\",\"@id\":\"https:\/\/avinent.com\/canal-y-codigo-etico\/\",\"url\":\"https:\/\/avinent.com\/canal-y-codigo-etico\/\",\"name\":\"Canal et code d'\u00e9thique | Avinent\",\"isPartOf\":{\"@id\":\"https:\/\/avinent.com\/#website\"},\"datePublished\":\"2025-10-28T12:00:30+00:00\",\"dateModified\":\"2025-12-12T11:10:13+00:00\",\"description\":\"Canal et code d'\u00e9thique AVINENT GROUP, par le biais de son code \u00e9thique, rend publiques ses valeurs et ses normes de comportement pour l'ensemble de son \u2713\",\"breadcrumb\":{\"@id\":\"https:\/\/avinent.com\/canal-y-codigo-etico\/#breadcrumb\"},\"inLanguage\":\"fr\",\"potentialAction\":[{\"@type\":\"ReadAction\",\"target\":[\"https:\/\/avinent.com\/canal-y-codigo-etico\/\"]}]},{\"@type\":\"BreadcrumbList\",\"@id\":\"https:\/\/avinent.com\/canal-y-codigo-etico\/#breadcrumb\",\"itemListElement\":[{\"@type\":\"ListItem\",\"position\":1,\"name\":\"Portada\",\"item\":\"https:\/\/avinent.com\/fr\/home\/\"},{\"@type\":\"ListItem\",\"position\":2,\"name\":\"Canal et code d&#8217;\u00e9thique\"}]},{\"@type\":\"WebSite\",\"@id\":\"https:\/\/avinent.com\/#website\",\"url\":\"https:\/\/avinent.com\/\",\"name\":\"Avinent\",\"description\":\"Todas las soluciones m\u00e9dicas y dentales\",\"publisher\":{\"@id\":\"https:\/\/avinent.com\/#organization\"},\"potentialAction\":[{\"@type\":\"SearchAction\",\"target\":{\"@type\":\"EntryPoint\",\"urlTemplate\":\"https:\/\/avinent.com\/?s={search_term_string}\"},\"query-input\":{\"@type\":\"PropertyValueSpecification\",\"valueRequired\":true,\"valueName\":\"search_term_string\"}}],\"inLanguage\":\"fr\"},{\"@type\":\"Organization\",\"@id\":\"https:\/\/avinent.com\/#organization\",\"name\":\"Avinent\",\"url\":\"https:\/\/avinent.com\/\",\"logo\":{\"@type\":\"ImageObject\",\"inLanguage\":\"fr\",\"@id\":\"https:\/\/avinent.com\/#\/schema\/logo\/image\/\",\"url\":\"https:\/\/avinent.com\/wp-content\/uploads\/2021\/10\/cropped-9216650250dc9798b51ff14a0e1c16c7.png\",\"contentUrl\":\"https:\/\/avinent.com\/wp-content\/uploads\/2021\/10\/cropped-9216650250dc9798b51ff14a0e1c16c7.png\",\"width\":122,\"height\":79,\"caption\":\"Avinent\"},\"image\":{\"@id\":\"https:\/\/avinent.com\/#\/schema\/logo\/image\/\"}}]}<\/script>\n<!-- \/ Yoast SEO plugin. -->","yoast_head_json":{"title":"Canal et code d'\u00e9thique | Avinent","description":"Canal et code d'\u00e9thique AVINENT GROUP, par le biais de son code \u00e9thique, rend publiques ses valeurs et ses normes de comportement pour l'ensemble de son \u2713","robots":{"index":"noindex","follow":"nofollow"},"og_locale":"fr_FR","og_type":"article","og_title":"Canal et code d'\u00e9thique | Avinent","og_description":"Canal et code d'\u00e9thique AVINENT GROUP, par le biais de son code \u00e9thique, rend publiques ses valeurs et ses normes de comportement pour l'ensemble de son \u2713","og_url":"https:\/\/avinent.com\/canal-y-codigo-etico\/","og_site_name":"Avinent","article_modified_time":"2025-12-12T11:10:13+00:00","twitter_card":"summary_large_image","twitter_misc":{"Est. reading time":"1 minute"},"schema":{"@context":"https:\/\/schema.org","@graph":[{"@type":"WebPage","@id":"https:\/\/avinent.com\/canal-y-codigo-etico\/","url":"https:\/\/avinent.com\/canal-y-codigo-etico\/","name":"Canal et code d'\u00e9thique | Avinent","isPartOf":{"@id":"https:\/\/avinent.com\/#website"},"datePublished":"2025-10-28T12:00:30+00:00","dateModified":"2025-12-12T11:10:13+00:00","description":"Canal et code d'\u00e9thique AVINENT GROUP, par le biais de son code \u00e9thique, rend publiques ses valeurs et ses normes de comportement pour l'ensemble de son \u2713","breadcrumb":{"@id":"https:\/\/avinent.com\/canal-y-codigo-etico\/#breadcrumb"},"inLanguage":"fr","potentialAction":[{"@type":"ReadAction","target":["https:\/\/avinent.com\/canal-y-codigo-etico\/"]}]},{"@type":"BreadcrumbList","@id":"https:\/\/avinent.com\/canal-y-codigo-etico\/#breadcrumb","itemListElement":[{"@type":"ListItem","position":1,"name":"Portada","item":"https:\/\/avinent.com\/fr\/home\/"},{"@type":"ListItem","position":2,"name":"Canal et code d&#8217;\u00e9thique"}]},{"@type":"WebSite","@id":"https:\/\/avinent.com\/#website","url":"https:\/\/avinent.com\/","name":"Avinent","description":"Todas las soluciones m\u00e9dicas y dentales","publisher":{"@id":"https:\/\/avinent.com\/#organization"},"potentialAction":[{"@type":"SearchAction","target":{"@type":"EntryPoint","urlTemplate":"https:\/\/avinent.com\/?s={search_term_string}"},"query-input":{"@type":"PropertyValueSpecification","valueRequired":true,"valueName":"search_term_string"}}],"inLanguage":"fr"},{"@type":"Organization","@id":"https:\/\/avinent.com\/#organization","name":"Avinent","url":"https:\/\/avinent.com\/","logo":{"@type":"ImageObject","inLanguage":"fr","@id":"https:\/\/avinent.com\/#\/schema\/logo\/image\/","url":"https:\/\/avinent.com\/wp-content\/uploads\/2021\/10\/cropped-9216650250dc9798b51ff14a0e1c16c7.png","contentUrl":"https:\/\/avinent.com\/wp-content\/uploads\/2021\/10\/cropped-9216650250dc9798b51ff14a0e1c16c7.png","width":122,"height":79,"caption":"Avinent"},"image":{"@id":"https:\/\/avinent.com\/#\/schema\/logo\/image\/"}}]}},"_links":{"self":[{"href":"https:\/\/avinent.com\/fr\/wp-json\/wp\/v2\/pages\/35156","targetHints":{"allow":["GET"]}}],"collection":[{"href":"https:\/\/avinent.com\/fr\/wp-json\/wp\/v2\/pages"}],"about":[{"href":"https:\/\/avinent.com\/fr\/wp-json\/wp\/v2\/types\/page"}],"author":[{"embeddable":true,"href":"https:\/\/avinent.com\/fr\/wp-json\/wp\/v2\/users\/4"}],"replies":[{"embeddable":true,"href":"https:\/\/avinent.com\/fr\/wp-json\/wp\/v2\/comments?post=35156"}],"version-history":[{"count":2,"href":"https:\/\/avinent.com\/fr\/wp-json\/wp\/v2\/pages\/35156\/revisions"}],"predecessor-version":[{"id":35427,"href":"https:\/\/avinent.com\/fr\/wp-json\/wp\/v2\/pages\/35156\/revisions\/35427"}],"wp:attachment":[{"href":"https:\/\/avinent.com\/fr\/wp-json\/wp\/v2\/media?parent=35156"}],"curies":[{"name":"wp","href":"https:\/\/api.w.org\/{rel}","templated":true}]}}