{"id":30915,"date":"2025-03-03T17:15:34","date_gmt":"2025-03-03T16:15:34","guid":{"rendered":"https:\/\/avinent.com\/documentacao\/"},"modified":"2025-03-26T14:49:34","modified_gmt":"2025-03-26T13:49:34","slug":"documentacao","status":"publish","type":"page","link":"https:\/\/avinent.com\/pt-pt\/avinent-universe\/documentacao\/","title":{"rendered":"Documenta\u00e7\u00e3o"},"content":{"rendered":"\t\t<div data-elementor-type=\"wp-page\" data-elementor-id=\"30915\" class=\"elementor elementor-30915 elementor-26470\" data-elementor-post-type=\"page\">\n\t\t\t\t<div class=\"elementor-element elementor-element-a3f51a2 e-con-full e-flex e-con e-parent\" data-id=\"a3f51a2\" data-element_type=\"container\" data-e-type=\"container\" data-settings=\"{&quot;background_background&quot;:&quot;classic&quot;}\">\n\t\t<div class=\"elementor-element elementor-element-17f01d3 e-flex e-con-boxed elementor-invisible e-con e-child\" data-id=\"17f01d3\" data-element_type=\"container\" data-e-type=\"container\" data-settings=\"{&quot;animation&quot;:&quot;fadeInRight&quot;}\">\n\t\t\t\t\t<div class=\"e-con-inner\">\n\t\t\t\t<div class=\"elementor-element elementor-element-8a7bd07 elementor-widget__width-initial elementor-widget-mobile__width-initial elementor-widget elementor-widget-heading\" data-id=\"8a7bd07\" data-element_type=\"widget\" data-e-type=\"widget\" data-widget_type=\"heading.default\">\n\t\t\t\t<div class=\"elementor-widget-container\">\n\t\t\t\t\t<h1 class=\"elementor-heading-title elementor-size-default\">DOCUMENTA\u00c7\u00c3O DENT\u00c1RIA<\/h1>\t\t\t\t<\/div>\n\t\t\t\t<\/div>\n\t\t\t\t<div class=\"elementor-element elementor-element-dae0928 elementor-widget__width-initial elementor-widget elementor-widget-text-editor\" data-id=\"dae0928\" data-element_type=\"widget\" data-e-type=\"widget\" data-widget_type=\"text-editor.default\">\n\t\t\t\t<div class=\"elementor-widget-container\">\n\t\t\t\t\t\t\t\t\t<p>As nossas solu\u00e7\u00f5es dent\u00e1rias garantem a conformidade com as regulamenta\u00e7\u00f5es sanit\u00e1rias e uma excelente qualidade para obter resultados seguros e fi\u00e1veis.<\/p>\n<p>Tem, \u00e0 sua disposi\u00e7\u00e3o, toda a documenta\u00e7\u00e3o t\u00e9cnica dent\u00e1ria dos nossos produtos, para aceder ao download dos cat\u00e1logos ou \u00e0s instru\u00e7\u00f5es de utiliza\u00e7\u00e3o das refer\u00eancias de produtos Avinent.<\/p>\n\t\t\t\t\t\t\t\t<\/div>\n\t\t\t\t<\/div>\n\t\t\t\t<div class=\"elementor-element elementor-element-380f86d elementor-align-left elementor-widget__width-initial elementor-invisible elementor-widget elementor-widget-button\" data-id=\"380f86d\" data-element_type=\"widget\" data-e-type=\"widget\" data-settings=\"{&quot;_animation&quot;:&quot;fadeIn&quot;}\" data-widget_type=\"button.default\">\n\t\t\t\t<div class=\"elementor-widget-container\">\n\t\t\t\t\t\t\t\t\t<div class=\"elementor-button-wrapper\">\n\t\t\t\t\t<a class=\"elementor-button elementor-button-link elementor-size-sm\" href=\"https:\/\/avinent.com\/pt-pt\/catalogos\/\">\n\t\t\t\t\t\t<span class=\"elementor-button-content-wrapper\">\n\t\t\t\t\t\t\t\t\t<span class=\"elementor-button-text\">Aceder aos cat\u00e1logos<\/span>\n\t\t\t\t\t<\/span>\n\t\t\t\t\t<\/a>\n\t\t\t\t<\/div>\n\t\t\t\t\t\t\t\t<\/div>\n\t\t\t\t<\/div>\n\t\t\t\t\t<\/div>\n\t\t\t\t<\/div>\n\t\t\t\t<\/div>\n\t\t<div class=\"elementor-element elementor-element-4ddc5f2 solution-category-section e-flex e-con-boxed e-con e-parent\" data-id=\"4ddc5f2\" data-element_type=\"container\" data-e-type=\"container\" data-settings=\"{&quot;background_background&quot;:&quot;classic&quot;}\">\n\t\t\t\t\t<div class=\"e-con-inner\">\n\t\t\t\t<div class=\"elementor-element elementor-element-02f1edf elementor-cta--layout-image-above elementor-widget__width-initial elementor-widget-laptop__width-initial elementor-cta--skin-classic elementor-animated-content elementor-widget elementor-widget-call-to-action\" data-id=\"02f1edf\" data-element_type=\"widget\" data-e-type=\"widget\" data-widget_type=\"call-to-action.default\">\n\t\t\t\t<div class=\"elementor-widget-container\">\n\t\t\t\t\t\t\t<a class=\"elementor-cta\" href=\"https:\/\/ifu.avinent.com\/\">\n\t\t\t\t\t<div class=\"elementor-cta__bg-wrapper\">\n\t\t\t\t<div class=\"elementor-cta__bg elementor-bg\" style=\"background-image: url(https:\/\/avinent.com\/wp-content\/uploads\/2025\/03\/Documentacion-tecnica-dentales.jpg);\" role=\"img\" aria-label=\"Documentacion-tecnica-dentales\"><\/div>\n\t\t\t\t<div class=\"elementor-cta__bg-overlay\"><\/div>\n\t\t\t<\/div>\n\t\t\t\t\t\t\t<div class=\"elementor-cta__content\">\n\t\t\t\t\n\t\t\t\t\t\t\t\t\t<h2 class=\"elementor-cta__title elementor-cta__content-item elementor-content-item\">\n\t\t\t\t\t\t<b>INSTRU\u00c7\u00d5ES DE UTILIZA\u00c7\u00c3O<\/b>\t\t\t\t\t<\/h2>\n\t\t\t\t\n\t\t\t\t\t\t\t\t\t<div class=\"elementor-cta__description elementor-cta__content-item elementor-content-item\">\n\t\t\t\t\t\t<p>Aceda ao site e introduza a refer\u00eancia dos produtos da Avinent que adquiriu para obter as instru\u00e7\u00f5es de utiliza\u00e7\u00e3o dos mesmos<\/p>\n\t\t\t\t\t<\/div>\n\t\t\t\t\n\t\t\t\t\t\t\t\t\t<div class=\"elementor-cta__button-wrapper elementor-cta__content-item elementor-content-item \">\n\t\t\t\t\t<span class=\"elementor-cta__button elementor-button elementor-size-\">\n\t\t\t\t\t\tAceder \u00e0 p\u00e1gina &gt;\t\t\t\t\t<\/span>\n\t\t\t\t\t<\/div>\n\t\t\t\t\t\t\t<\/div>\n\t\t\t\t\t\t<\/a>\n\t\t\t\t\t\t<\/div>\n\t\t\t\t<\/div>\n\t\t\t\t\t<\/div>\n\t\t\t\t<\/div>\n\t\t<div class=\"elementor-element elementor-element-1a5b68d e-flex e-con-boxed e-con e-parent\" data-id=\"1a5b68d\" data-element_type=\"container\" data-e-type=\"container\" data-settings=\"{&quot;background_background&quot;:&quot;classic&quot;}\">\n\t\t\t\t\t<div class=\"e-con-inner\">\n\t\t<div class=\"elementor-element elementor-element-bb751f3 e-con-full e-flex e-con e-child\" data-id=\"bb751f3\" data-element_type=\"container\" data-e-type=\"container\">\n\t\t\t\t<div class=\"elementor-element elementor-element-54ec99e elementor-widget__width-initial elementor-widget-mobile__width-initial elementor-invisible elementor-widget elementor-widget-heading\" data-id=\"54ec99e\" data-element_type=\"widget\" data-e-type=\"widget\" data-settings=\"{&quot;_animation&quot;:&quot;fadeInLeft&quot;}\" data-widget_type=\"heading.default\">\n\t\t\t\t<div class=\"elementor-widget-container\">\n\t\t\t\t\t<h2 class=\"elementor-heading-title elementor-size-default\">Todas as informa\u00e7\u00f5es sobre solu\u00e7\u00f5es dent\u00e1rias<\/h2>\t\t\t\t<\/div>\n\t\t\t\t<\/div>\n\t\t\t\t<div class=\"elementor-element elementor-element-c1ba505 elementor-widget__width-initial elementor-widget-mobile__width-initial elementor-invisible elementor-widget elementor-widget-heading\" data-id=\"c1ba505\" data-element_type=\"widget\" data-e-type=\"widget\" data-settings=\"{&quot;_animation&quot;:&quot;fadeInLeft&quot;}\" data-widget_type=\"heading.default\">\n\t\t\t\t<div class=\"elementor-widget-container\">\n\t\t\t\t\t<h4 class=\"elementor-heading-title elementor-size-default\"><strong>Aceder ao download do nosso cat\u00e1logo de produtos<\/strong><\/h4>\t\t\t\t<\/div>\n\t\t\t\t<\/div>\n\t\t<div class=\"elementor-element elementor-element-6d569df e-con-full e-flex e-con e-child\" data-id=\"6d569df\" data-element_type=\"container\" data-e-type=\"container\">\n\t\t<a class=\"elementor-element elementor-element-7f1007a e-con-full e-flex elementor-invisible e-con e-child\" data-id=\"7f1007a\" data-element_type=\"container\" data-e-type=\"container\" data-settings=\"{&quot;background_background&quot;:&quot;classic&quot;,&quot;animation&quot;:&quot;zoomIn&quot;}\" href=\"https:\/\/avinent.com\/pt-pt\/catalogos\/\">\n\t\t\t\t<\/a>\n\t\t<div class=\"elementor-element elementor-element-ee30cbf e-con-full e-flex elementor-invisible e-con e-child\" data-id=\"ee30cbf\" data-element_type=\"container\" data-e-type=\"container\" data-settings=\"{&quot;animation&quot;:&quot;fadeInRight&quot;}\">\n\t\t\t\t<div class=\"elementor-element elementor-element-b524a44 elementor-widget__width-initial elementor-widget elementor-widget-text-editor\" data-id=\"b524a44\" data-element_type=\"widget\" data-e-type=\"widget\" data-widget_type=\"text-editor.default\">\n\t\t\t\t<div class=\"elementor-widget-container\">\n\t\t\t\t\t\t\t\t\t<p>Aqui encontrar\u00e1 toda a documenta\u00e7\u00e3o do nosso cat\u00e1logo de solu\u00e7\u00f5es m\u00e9dico-dent\u00e1rias.<\/p>\n<p>Se ainda tiver d\u00favidas, entre em contacto com a nossa equipa para resolver qualquer quest\u00e3o. Estamos dispon\u00edveis de segunda a sexta-feira, das 9h \u00e0s 19h.<\/p>\n\t\t\t\t\t\t\t\t<\/div>\n\t\t\t\t<\/div>\n\t\t\t\t<div class=\"elementor-element elementor-element-f26d2b5 elementor-align-left elementor-widget__width-initial elementor-mobile-align-left elementor-invisible elementor-widget elementor-widget-button\" data-id=\"f26d2b5\" data-element_type=\"widget\" data-e-type=\"widget\" data-settings=\"{&quot;_animation&quot;:&quot;fadeIn&quot;}\" data-widget_type=\"button.default\">\n\t\t\t\t<div class=\"elementor-widget-container\">\n\t\t\t\t\t\t\t\t\t<div class=\"elementor-button-wrapper\">\n\t\t\t\t\t<a class=\"elementor-button elementor-button-link elementor-size-sm\" href=\"https:\/\/avinent.com\/pt-pt\/contacto\/\">\n\t\t\t\t\t\t<span class=\"elementor-button-content-wrapper\">\n\t\t\t\t\t\t\t\t\t<span class=\"elementor-button-text\">Contacte-me<\/span>\n\t\t\t\t\t<\/span>\n\t\t\t\t\t<\/a>\n\t\t\t\t<\/div>\n\t\t\t\t\t\t\t\t<\/div>\n\t\t\t\t<\/div>\n\t\t\t\t<\/div>\n\t\t\t\t<\/div>\n\t\t\t\t<\/div>\n\t\t\t\t\t<\/div>\n\t\t\t\t<\/div>\n\t\t\t\t<\/div>\n\t\t","protected":false},"excerpt":{"rendered":"<p>Toda a documenta\u00e7\u00e3o t\u00e9cnica das nossas solu\u00e7\u00f5es dent\u00e1rias para cumprir as regulamenta\u00e7\u00f5es e garantir uma excelente qualidade em cada uma das nossas solu\u00e7\u00f5es.<\/p>\n","protected":false},"author":4,"featured_media":26479,"parent":30991,"menu_order":214,"comment_status":"closed","ping_status":"closed","template":"","meta":{"_acf_changed":false,"inline_featured_image":false,"footnotes":""},"class_list":["post-30915","page","type-page","status-publish","has-post-thumbnail","hentry"],"acf":[],"yoast_head":"<!-- This site is optimized with the Yoast SEO plugin v26.8 - https:\/\/yoast.com\/product\/yoast-seo-wordpress\/ -->\n<title>Aceda \u00e0 Documenta\u00e7\u00e3o T\u00e9cnica Dent\u00e1ria | Avinent<\/title>\n<meta name=\"description\" content=\"Tem, \u00e0 sua disposi\u00e7\u00e3o, as instru\u00e7\u00f5es de utiliza\u00e7\u00e3o de cada uma das nossas solu\u00e7\u00f5es dent\u00e1rias para cumprir as regulamenta\u00e7\u00f5es e garantir a qualidade.\" \/>\n<meta name=\"robots\" content=\"index, follow, max-snippet:-1, max-image-preview:large, max-video-preview:-1\" \/>\n<meta property=\"og:locale\" content=\"pt_PT\" \/>\n<meta property=\"og:type\" content=\"article\" \/>\n<meta property=\"og:title\" content=\"Aceda \u00e0 Documenta\u00e7\u00e3o T\u00e9cnica Dent\u00e1ria | Avinent\" \/>\n<meta property=\"og:description\" content=\"Tem, \u00e0 sua disposi\u00e7\u00e3o, as instru\u00e7\u00f5es de utiliza\u00e7\u00e3o de cada uma das nossas solu\u00e7\u00f5es dent\u00e1rias para cumprir as regulamenta\u00e7\u00f5es e garantir a qualidade.\" \/>\n<meta property=\"og:url\" content=\"https:\/\/avinent.com\/avinent-universe\/documentacion\/\" \/>\n<meta property=\"og:site_name\" content=\"Avinent\" \/>\n<meta property=\"article:modified_time\" content=\"2025-03-26T13:49:34+00:00\" \/>\n<meta property=\"og:image\" content=\"https:\/\/avinent.com\/wp-content\/uploads\/2025\/03\/Documentacion-tecnica-dentales.jpg\" \/>\n\t<meta property=\"og:image:width\" content=\"1080\" \/>\n\t<meta property=\"og:image:height\" content=\"1080\" \/>\n\t<meta property=\"og:image:type\" content=\"image\/jpeg\" \/>\n<meta name=\"twitter:card\" content=\"summary_large_image\" \/>\n<meta name=\"twitter:label1\" content=\"Est. reading time\" \/>\n\t<meta name=\"twitter:data1\" content=\"1 minute\" \/>\n<script type=\"application\/ld+json\" class=\"yoast-schema-graph\">{\"@context\":\"https:\/\/schema.org\",\"@graph\":[{\"@type\":\"WebPage\",\"@id\":\"https:\/\/avinent.com\/avinent-universe\/documentacion\/\",\"url\":\"https:\/\/avinent.com\/avinent-universe\/documentacion\/\",\"name\":\"Aceda \u00e0 Documenta\u00e7\u00e3o T\u00e9cnica Dent\u00e1ria | Avinent\",\"isPartOf\":{\"@id\":\"https:\/\/avinent.com\/#website\"},\"primaryImageOfPage\":{\"@id\":\"https:\/\/avinent.com\/avinent-universe\/documentacion\/#primaryimage\"},\"image\":{\"@id\":\"https:\/\/avinent.com\/avinent-universe\/documentacion\/#primaryimage\"},\"thumbnailUrl\":\"https:\/\/avinent.com\/wp-content\/uploads\/2025\/03\/Documentacion-tecnica-dentales.jpg\",\"datePublished\":\"2025-03-03T16:15:34+00:00\",\"dateModified\":\"2025-03-26T13:49:34+00:00\",\"description\":\"Tem, \u00e0 sua disposi\u00e7\u00e3o, as instru\u00e7\u00f5es de utiliza\u00e7\u00e3o de cada uma das nossas solu\u00e7\u00f5es dent\u00e1rias para cumprir as regulamenta\u00e7\u00f5es e garantir a qualidade.\",\"breadcrumb\":{\"@id\":\"https:\/\/avinent.com\/avinent-universe\/documentacion\/#breadcrumb\"},\"inLanguage\":\"pt\",\"potentialAction\":[{\"@type\":\"ReadAction\",\"target\":[\"https:\/\/avinent.com\/avinent-universe\/documentacion\/\"]}]},{\"@type\":\"ImageObject\",\"inLanguage\":\"pt\",\"@id\":\"https:\/\/avinent.com\/avinent-universe\/documentacion\/#primaryimage\",\"url\":\"https:\/\/avinent.com\/wp-content\/uploads\/2025\/03\/Documentacion-tecnica-dentales.jpg\",\"contentUrl\":\"https:\/\/avinent.com\/wp-content\/uploads\/2025\/03\/Documentacion-tecnica-dentales.jpg\",\"width\":1080,\"height\":1080},{\"@type\":\"BreadcrumbList\",\"@id\":\"https:\/\/avinent.com\/avinent-universe\/documentacion\/#breadcrumb\",\"itemListElement\":[{\"@type\":\"ListItem\",\"position\":1,\"name\":\"Portada\",\"item\":\"https:\/\/avinent.com\/pt-pt\/home\/\"},{\"@type\":\"ListItem\",\"position\":2,\"name\":\"Avinent Universe\",\"item\":\"https:\/\/avinent.com\/avinent-universe\/\"},{\"@type\":\"ListItem\",\"position\":3,\"name\":\"Documenta\u00e7\u00e3o\"}]},{\"@type\":\"WebSite\",\"@id\":\"https:\/\/avinent.com\/#website\",\"url\":\"https:\/\/avinent.com\/\",\"name\":\"Avinent\",\"description\":\"Todas las soluciones m\u00e9dicas y dentales\",\"publisher\":{\"@id\":\"https:\/\/avinent.com\/#organization\"},\"potentialAction\":[{\"@type\":\"SearchAction\",\"target\":{\"@type\":\"EntryPoint\",\"urlTemplate\":\"https:\/\/avinent.com\/?s={search_term_string}\"},\"query-input\":{\"@type\":\"PropertyValueSpecification\",\"valueRequired\":true,\"valueName\":\"search_term_string\"}}],\"inLanguage\":\"pt\"},{\"@type\":\"Organization\",\"@id\":\"https:\/\/avinent.com\/#organization\",\"name\":\"Avinent\",\"url\":\"https:\/\/avinent.com\/\",\"logo\":{\"@type\":\"ImageObject\",\"inLanguage\":\"pt\",\"@id\":\"https:\/\/avinent.com\/#\/schema\/logo\/image\/\",\"url\":\"https:\/\/avinent.com\/wp-content\/uploads\/2021\/10\/cropped-9216650250dc9798b51ff14a0e1c16c7.png\",\"contentUrl\":\"https:\/\/avinent.com\/wp-content\/uploads\/2021\/10\/cropped-9216650250dc9798b51ff14a0e1c16c7.png\",\"width\":122,\"height\":79,\"caption\":\"Avinent\"},\"image\":{\"@id\":\"https:\/\/avinent.com\/#\/schema\/logo\/image\/\"}}]}<\/script>\n<!-- \/ Yoast SEO plugin. -->","yoast_head_json":{"title":"Aceda \u00e0 Documenta\u00e7\u00e3o T\u00e9cnica Dent\u00e1ria | Avinent","description":"Tem, \u00e0 sua disposi\u00e7\u00e3o, as instru\u00e7\u00f5es de utiliza\u00e7\u00e3o de cada uma das nossas solu\u00e7\u00f5es dent\u00e1rias para cumprir as regulamenta\u00e7\u00f5es e garantir a qualidade.","robots":{"index":"index","follow":"follow","max-snippet":"max-snippet:-1","max-image-preview":"max-image-preview:large","max-video-preview":"max-video-preview:-1"},"og_locale":"pt_PT","og_type":"article","og_title":"Aceda \u00e0 Documenta\u00e7\u00e3o T\u00e9cnica Dent\u00e1ria | Avinent","og_description":"Tem, \u00e0 sua disposi\u00e7\u00e3o, as instru\u00e7\u00f5es de utiliza\u00e7\u00e3o de cada uma das nossas solu\u00e7\u00f5es dent\u00e1rias para cumprir as regulamenta\u00e7\u00f5es e garantir a qualidade.","og_url":"https:\/\/avinent.com\/avinent-universe\/documentacion\/","og_site_name":"Avinent","article_modified_time":"2025-03-26T13:49:34+00:00","og_image":[{"width":1080,"height":1080,"url":"https:\/\/avinent.com\/wp-content\/uploads\/2025\/03\/Documentacion-tecnica-dentales.jpg","type":"image\/jpeg"}],"twitter_card":"summary_large_image","twitter_misc":{"Est. reading time":"1 minute"},"schema":{"@context":"https:\/\/schema.org","@graph":[{"@type":"WebPage","@id":"https:\/\/avinent.com\/avinent-universe\/documentacion\/","url":"https:\/\/avinent.com\/avinent-universe\/documentacion\/","name":"Aceda \u00e0 Documenta\u00e7\u00e3o T\u00e9cnica Dent\u00e1ria | Avinent","isPartOf":{"@id":"https:\/\/avinent.com\/#website"},"primaryImageOfPage":{"@id":"https:\/\/avinent.com\/avinent-universe\/documentacion\/#primaryimage"},"image":{"@id":"https:\/\/avinent.com\/avinent-universe\/documentacion\/#primaryimage"},"thumbnailUrl":"https:\/\/avinent.com\/wp-content\/uploads\/2025\/03\/Documentacion-tecnica-dentales.jpg","datePublished":"2025-03-03T16:15:34+00:00","dateModified":"2025-03-26T13:49:34+00:00","description":"Tem, \u00e0 sua disposi\u00e7\u00e3o, as instru\u00e7\u00f5es de utiliza\u00e7\u00e3o de cada uma das nossas solu\u00e7\u00f5es dent\u00e1rias para cumprir as regulamenta\u00e7\u00f5es e garantir a qualidade.","breadcrumb":{"@id":"https:\/\/avinent.com\/avinent-universe\/documentacion\/#breadcrumb"},"inLanguage":"pt","potentialAction":[{"@type":"ReadAction","target":["https:\/\/avinent.com\/avinent-universe\/documentacion\/"]}]},{"@type":"ImageObject","inLanguage":"pt","@id":"https:\/\/avinent.com\/avinent-universe\/documentacion\/#primaryimage","url":"https:\/\/avinent.com\/wp-content\/uploads\/2025\/03\/Documentacion-tecnica-dentales.jpg","contentUrl":"https:\/\/avinent.com\/wp-content\/uploads\/2025\/03\/Documentacion-tecnica-dentales.jpg","width":1080,"height":1080},{"@type":"BreadcrumbList","@id":"https:\/\/avinent.com\/avinent-universe\/documentacion\/#breadcrumb","itemListElement":[{"@type":"ListItem","position":1,"name":"Portada","item":"https:\/\/avinent.com\/pt-pt\/home\/"},{"@type":"ListItem","position":2,"name":"Avinent Universe","item":"https:\/\/avinent.com\/avinent-universe\/"},{"@type":"ListItem","position":3,"name":"Documenta\u00e7\u00e3o"}]},{"@type":"WebSite","@id":"https:\/\/avinent.com\/#website","url":"https:\/\/avinent.com\/","name":"Avinent","description":"Todas las soluciones m\u00e9dicas y dentales","publisher":{"@id":"https:\/\/avinent.com\/#organization"},"potentialAction":[{"@type":"SearchAction","target":{"@type":"EntryPoint","urlTemplate":"https:\/\/avinent.com\/?s={search_term_string}"},"query-input":{"@type":"PropertyValueSpecification","valueRequired":true,"valueName":"search_term_string"}}],"inLanguage":"pt"},{"@type":"Organization","@id":"https:\/\/avinent.com\/#organization","name":"Avinent","url":"https:\/\/avinent.com\/","logo":{"@type":"ImageObject","inLanguage":"pt","@id":"https:\/\/avinent.com\/#\/schema\/logo\/image\/","url":"https:\/\/avinent.com\/wp-content\/uploads\/2021\/10\/cropped-9216650250dc9798b51ff14a0e1c16c7.png","contentUrl":"https:\/\/avinent.com\/wp-content\/uploads\/2021\/10\/cropped-9216650250dc9798b51ff14a0e1c16c7.png","width":122,"height":79,"caption":"Avinent"},"image":{"@id":"https:\/\/avinent.com\/#\/schema\/logo\/image\/"}}]}},"_links":{"self":[{"href":"https:\/\/avinent.com\/pt-pt\/wp-json\/wp\/v2\/pages\/30915","targetHints":{"allow":["GET"]}}],"collection":[{"href":"https:\/\/avinent.com\/pt-pt\/wp-json\/wp\/v2\/pages"}],"about":[{"href":"https:\/\/avinent.com\/pt-pt\/wp-json\/wp\/v2\/types\/page"}],"author":[{"embeddable":true,"href":"https:\/\/avinent.com\/pt-pt\/wp-json\/wp\/v2\/users\/4"}],"replies":[{"embeddable":true,"href":"https:\/\/avinent.com\/pt-pt\/wp-json\/wp\/v2\/comments?post=30915"}],"version-history":[{"count":8,"href":"https:\/\/avinent.com\/pt-pt\/wp-json\/wp\/v2\/pages\/30915\/revisions"}],"predecessor-version":[{"id":32779,"href":"https:\/\/avinent.com\/pt-pt\/wp-json\/wp\/v2\/pages\/30915\/revisions\/32779"}],"up":[{"embeddable":true,"href":"https:\/\/avinent.com\/pt-pt\/wp-json\/wp\/v2\/pages\/30991"}],"wp:featuredmedia":[{"embeddable":true,"href":"https:\/\/avinent.com\/pt-pt\/wp-json\/wp\/v2\/media\/26479"}],"wp:attachment":[{"href":"https:\/\/avinent.com\/pt-pt\/wp-json\/wp\/v2\/media?parent=30915"}],"curies":[{"name":"wp","href":"https:\/\/api.w.org\/{rel}","templated":true}]}}