{"id":30996,"date":"2025-01-30T21:01:22","date_gmt":"2025-01-30T20:01:22","guid":{"rendered":"https:\/\/avinent.com\/avinent-universe\/conhecimento\/"},"modified":"2025-03-19T13:08:58","modified_gmt":"2025-03-19T12:08:58","slug":"conhecimento","status":"publish","type":"page","link":"https:\/\/avinent.com\/pt-pt\/avinent-universe\/conhecimento\/","title":{"rendered":"Conhecimento"},"content":{"rendered":"\t\t<div data-elementor-type=\"wp-page\" data-elementor-id=\"30996\" class=\"elementor elementor-30996 elementor-21637\" data-elementor-post-type=\"page\">\n\t\t\t\t<div class=\"elementor-element elementor-element-2df08b2 e-con-full e-flex e-con e-parent\" data-id=\"2df08b2\" data-element_type=\"container\" data-e-type=\"container\" data-settings=\"{&quot;background_background&quot;:&quot;classic&quot;}\">\n\t\t<div class=\"elementor-element elementor-element-b8644b0 e-flex e-con-boxed elementor-invisible e-con e-child\" data-id=\"b8644b0\" data-element_type=\"container\" data-e-type=\"container\" data-settings=\"{&quot;animation&quot;:&quot;fadeInRight&quot;}\">\n\t\t\t\t\t<div class=\"e-con-inner\">\n\t\t\t\t<div class=\"elementor-element elementor-element-23c6076 elementor-widget__width-initial elementor-widget-mobile__width-initial elementor-widget elementor-widget-heading\" data-id=\"23c6076\" data-element_type=\"widget\" data-e-type=\"widget\" data-widget_type=\"heading.default\">\n\t\t\t\t<div class=\"elementor-widget-container\">\n\t\t\t\t\t<h1 class=\"elementor-heading-title elementor-size-default\">CONHECIMENTO<\/h1>\t\t\t\t<\/div>\n\t\t\t\t<\/div>\n\t\t\t\t<div class=\"elementor-element elementor-element-492559a elementor-widget__width-initial elementor-widget elementor-widget-text-editor\" data-id=\"492559a\" data-element_type=\"widget\" data-e-type=\"widget\" data-widget_type=\"text-editor.default\">\n\t\t\t\t<div class=\"elementor-widget-container\">\n\t\t\t\t\t\t\t\t\t<p>Partilhamos as solu\u00e7\u00f5es e as experi\u00eancias da Avinent para crescer e inovar de m\u00e3os dadas.\u00a0<\/p>\n<p>Aqui encontrar\u00e1 as pr\u00f3ximas forma\u00e7\u00f5es com os quais a Avinent colabora, eventos em que participaremos e webinars para conhecer as \u00faltimas novidades.<\/p>\n\t\t\t\t\t\t\t\t<\/div>\n\t\t\t\t<\/div>\n\t\t\t\t\t<\/div>\n\t\t\t\t<\/div>\n\t\t\t\t<\/div>\n\t\t<div class=\"elementor-element elementor-element-f4c976d e-flex e-con-boxed e-con e-parent\" data-id=\"f4c976d\" data-element_type=\"container\" data-e-type=\"container\" id=\"view\">\n\t\t\t\t\t<div class=\"e-con-inner\">\n\t\t\t\t<div class=\"elementor-element elementor-element-c6c316f elementor-align-justify elementor-widget elementor-widget-button\" data-id=\"c6c316f\" data-element_type=\"widget\" data-e-type=\"widget\" data-widget_type=\"button.default\">\n\t\t\t\t<div class=\"elementor-widget-container\">\n\t\t\t\t\t\t\t\t\t<div class=\"elementor-button-wrapper\">\n\t\t\t\t\t<a class=\"elementor-button elementor-button-link elementor-size-sm\" href=\"https:\/\/avinent.com\/pt-pt\/avinent-universe\/conhecimento\/formacoes\/#view\">\n\t\t\t\t\t\t<span class=\"elementor-button-content-wrapper\">\n\t\t\t\t\t\t\t\t\t<span class=\"elementor-button-text\">Forma\u00e7\u00f5es<\/span>\n\t\t\t\t\t<\/span>\n\t\t\t\t\t<\/a>\n\t\t\t\t<\/div>\n\t\t\t\t\t\t\t\t<\/div>\n\t\t\t\t<\/div>\n\t\t\t\t<div class=\"elementor-element elementor-element-84a9914 elementor-align-justify elementor-widget elementor-widget-button\" data-id=\"84a9914\" data-element_type=\"widget\" data-e-type=\"widget\" data-widget_type=\"button.default\">\n\t\t\t\t<div class=\"elementor-widget-container\">\n\t\t\t\t\t\t\t\t\t<div class=\"elementor-button-wrapper\">\n\t\t\t\t\t<a class=\"elementor-button elementor-button-link elementor-size-sm\" href=\"https:\/\/avinent.com\/pt-pt\/avinent-universe\/conhecimento\/eventos\/#view\">\n\t\t\t\t\t\t<span class=\"elementor-button-content-wrapper\">\n\t\t\t\t\t\t\t\t\t<span class=\"elementor-button-text\">Eventos<\/span>\n\t\t\t\t\t<\/span>\n\t\t\t\t\t<\/a>\n\t\t\t\t<\/div>\n\t\t\t\t\t\t\t\t<\/div>\n\t\t\t\t<\/div>\n\t\t\t\t<div class=\"elementor-element elementor-element-9219bfc elementor-align-justify elementor-widget elementor-widget-button\" data-id=\"9219bfc\" data-element_type=\"widget\" data-e-type=\"widget\" data-widget_type=\"button.default\">\n\t\t\t\t<div class=\"elementor-widget-container\">\n\t\t\t\t\t\t\t\t\t<div class=\"elementor-button-wrapper\">\n\t\t\t\t\t<a class=\"elementor-button elementor-button-link elementor-size-sm\" href=\"https:\/\/avinent.com\/avinent-universe\/conocimiento\/webinars\/#view\">\n\t\t\t\t\t\t<span class=\"elementor-button-content-wrapper\">\n\t\t\t\t\t\t\t\t\t<span class=\"elementor-button-text\">Webinars<\/span>\n\t\t\t\t\t<\/span>\n\t\t\t\t\t<\/a>\n\t\t\t\t<\/div>\n\t\t\t\t\t\t\t\t<\/div>\n\t\t\t\t<\/div>\n\t\t\t\t\t<\/div>\n\t\t\t\t<\/div>\n\t\t<div class=\"elementor-element elementor-element-377f5b5 e-flex e-con-boxed e-con e-parent\" data-id=\"377f5b5\" data-element_type=\"container\" data-e-type=\"container\" data-settings=\"{&quot;background_background&quot;:&quot;classic&quot;}\">\n\t\t\t\t\t<div class=\"e-con-inner\">\n\t\t<div class=\"elementor-element elementor-element-1cabd1f e-con-full e-flex elementor-invisible e-con e-child\" data-id=\"1cabd1f\" data-element_type=\"container\" data-e-type=\"container\" data-settings=\"{&quot;animation&quot;:&quot;fadeInRight&quot;}\">\n\t\t<div class=\"elementor-element elementor-element-a057d51 e-con-full e-flex elementor-invisible e-con e-child\" data-id=\"a057d51\" data-element_type=\"container\" data-e-type=\"container\" data-settings=\"{&quot;animation&quot;:&quot;fadeInLeft&quot;}\">\n\t\t\t\t<div class=\"elementor-element elementor-element-c6ae7ef elementor-widget-mobile__width-initial elementor-widget__width-initial elementor-invisible elementor-widget elementor-widget-heading\" data-id=\"c6ae7ef\" data-element_type=\"widget\" data-e-type=\"widget\" data-settings=\"{&quot;_animation&quot;:&quot;fadeInLeft&quot;}\" data-widget_type=\"heading.default\">\n\t\t\t\t<div class=\"elementor-widget-container\">\n\t\t\t\t\t<p class=\"elementor-heading-title elementor-size-default\">O que quer ver?<\/p>\t\t\t\t<\/div>\n\t\t\t\t<\/div>\n\t\t\t\t<div class=\"elementor-element elementor-element-0fcad2d elementor-widget__width-initial elementor-widget-mobile__width-initial elementor-invisible elementor-widget elementor-widget-heading\" data-id=\"0fcad2d\" data-element_type=\"widget\" data-e-type=\"widget\" data-settings=\"{&quot;_animation&quot;:&quot;fadeInLeft&quot;}\" data-widget_type=\"heading.default\">\n\t\t\t\t<div class=\"elementor-widget-container\">\n\t\t\t\t\t<p class=\"elementor-heading-title elementor-size-default\"><strong>Filtre por forma\u00e7\u00f5es, eventos ou webinars para obter resultados.<\/strong><\/p>\t\t\t\t<\/div>\n\t\t\t\t<\/div>\n\t\t\t\t<\/div>\n\t\t\t\t<\/div>\n\t\t\t\t\t<\/div>\n\t\t\t\t<\/div>\n\t\t\t\t<\/div>\n\t\t","protected":false},"excerpt":{"rendered":"<p>CONHECIMENTO Partilhamos as solu\u00e7\u00f5es e as experi\u00eancias da Avinent para crescer e inovar de m\u00e3os dadas.\u00a0 Aqui encontrar\u00e1 as pr\u00f3ximas forma\u00e7\u00f5es com os quais a Avinent colabora, eventos em que participaremos e webinars para conhecer as \u00faltimas novidades. Forma\u00e7\u00f5es Eventos Webinars O que quer ver? Filtre por forma\u00e7\u00f5es, eventos ou webinars para obter resultados.<\/p>\n","protected":false},"author":2,"featured_media":23435,"parent":30991,"menu_order":158,"comment_status":"closed","ping_status":"closed","template":"","meta":{"_acf_changed":false,"inline_featured_image":false,"footnotes":""},"class_list":["post-30996","page","type-page","status-publish","has-post-thumbnail","hentry"],"acf":[],"yoast_head":"<!-- This site is optimized with the Yoast SEO plugin v26.8 - https:\/\/yoast.com\/product\/yoast-seo-wordpress\/ -->\n<title>Fique a conhecer os pr\u00f3ximos cursos dent\u00e1rios e muito mais | Avinent<\/title>\n<meta name=\"description\" content=\"Todas as informa\u00e7\u00f5es sobre cursos dent\u00e1rios, eventos e webinars para partilhar consigo todo o nosso conhecimento e as nossas solu\u00e7\u00f5es. Entre em Avinent!\" \/>\n<meta name=\"robots\" content=\"index, follow, max-snippet:-1, max-image-preview:large, max-video-preview:-1\" \/>\n<meta property=\"og:locale\" content=\"pt_PT\" \/>\n<meta property=\"og:type\" content=\"article\" \/>\n<meta property=\"og:title\" content=\"Fique a conhecer os pr\u00f3ximos cursos dent\u00e1rios e muito mais | Avinent\" \/>\n<meta property=\"og:description\" content=\"Todas as informa\u00e7\u00f5es sobre cursos dent\u00e1rios, eventos e webinars para partilhar consigo todo o nosso conhecimento e as nossas solu\u00e7\u00f5es. Entre em Avinent!\" \/>\n<meta property=\"og:url\" content=\"https:\/\/avinent.com\/avinent-universe\/conocimiento\/\" \/>\n<meta property=\"og:site_name\" content=\"Avinent\" \/>\n<meta property=\"article:modified_time\" content=\"2025-03-19T12:08:58+00:00\" \/>\n<meta property=\"og:image\" content=\"https:\/\/avinent.wwwarcelona.net\/wp-content\/uploads\/2025\/02\/11.jpg\" \/>\n\t<meta property=\"og:image:width\" content=\"1080\" \/>\n\t<meta property=\"og:image:height\" content=\"1080\" \/>\n\t<meta property=\"og:image:type\" content=\"image\/jpeg\" \/>\n<meta name=\"twitter:card\" content=\"summary_large_image\" \/>\n<script type=\"application\/ld+json\" class=\"yoast-schema-graph\">{\"@context\":\"https:\/\/schema.org\",\"@graph\":[{\"@type\":\"WebPage\",\"@id\":\"https:\/\/avinent.com\/avinent-universe\/conocimiento\/\",\"url\":\"https:\/\/avinent.com\/avinent-universe\/conocimiento\/\",\"name\":\"Fique a conhecer os pr\u00f3ximos cursos dent\u00e1rios e muito mais | Avinent\",\"isPartOf\":{\"@id\":\"https:\/\/avinent.com\/#website\"},\"primaryImageOfPage\":{\"@id\":\"https:\/\/avinent.com\/avinent-universe\/conocimiento\/#primaryimage\"},\"image\":{\"@id\":\"https:\/\/avinent.com\/avinent-universe\/conocimiento\/#primaryimage\"},\"thumbnailUrl\":\"https:\/\/avinent.com\/wp-content\/uploads\/2025\/02\/11.jpg\",\"datePublished\":\"2025-01-30T20:01:22+00:00\",\"dateModified\":\"2025-03-19T12:08:58+00:00\",\"description\":\"Todas as informa\u00e7\u00f5es sobre cursos dent\u00e1rios, eventos e webinars para partilhar consigo todo o nosso conhecimento e as nossas solu\u00e7\u00f5es. Entre em Avinent!\",\"breadcrumb\":{\"@id\":\"https:\/\/avinent.com\/avinent-universe\/conocimiento\/#breadcrumb\"},\"inLanguage\":\"pt\",\"potentialAction\":[{\"@type\":\"ReadAction\",\"target\":[\"https:\/\/avinent.com\/avinent-universe\/conocimiento\/\"]}]},{\"@type\":\"ImageObject\",\"inLanguage\":\"pt\",\"@id\":\"https:\/\/avinent.com\/avinent-universe\/conocimiento\/#primaryimage\",\"url\":\"https:\/\/avinent.com\/wp-content\/uploads\/2025\/02\/11.jpg\",\"contentUrl\":\"https:\/\/avinent.com\/wp-content\/uploads\/2025\/02\/11.jpg\",\"width\":1080,\"height\":1080,\"caption\":\"Eventos i formaciones Avinent\"},{\"@type\":\"BreadcrumbList\",\"@id\":\"https:\/\/avinent.com\/avinent-universe\/conocimiento\/#breadcrumb\",\"itemListElement\":[{\"@type\":\"ListItem\",\"position\":1,\"name\":\"Portada\",\"item\":\"https:\/\/avinent.com\/pt-pt\/home\/\"},{\"@type\":\"ListItem\",\"position\":2,\"name\":\"Avinent Universe\",\"item\":\"https:\/\/avinent.com\/avinent-universe\/\"},{\"@type\":\"ListItem\",\"position\":3,\"name\":\"Conhecimento\"}]},{\"@type\":\"WebSite\",\"@id\":\"https:\/\/avinent.com\/#website\",\"url\":\"https:\/\/avinent.com\/\",\"name\":\"Avinent\",\"description\":\"Todas las soluciones m\u00e9dicas y dentales\",\"publisher\":{\"@id\":\"https:\/\/avinent.com\/#organization\"},\"potentialAction\":[{\"@type\":\"SearchAction\",\"target\":{\"@type\":\"EntryPoint\",\"urlTemplate\":\"https:\/\/avinent.com\/?s={search_term_string}\"},\"query-input\":{\"@type\":\"PropertyValueSpecification\",\"valueRequired\":true,\"valueName\":\"search_term_string\"}}],\"inLanguage\":\"pt\"},{\"@type\":\"Organization\",\"@id\":\"https:\/\/avinent.com\/#organization\",\"name\":\"Avinent\",\"url\":\"https:\/\/avinent.com\/\",\"logo\":{\"@type\":\"ImageObject\",\"inLanguage\":\"pt\",\"@id\":\"https:\/\/avinent.com\/#\/schema\/logo\/image\/\",\"url\":\"https:\/\/avinent.com\/wp-content\/uploads\/2021\/10\/cropped-9216650250dc9798b51ff14a0e1c16c7.png\",\"contentUrl\":\"https:\/\/avinent.com\/wp-content\/uploads\/2021\/10\/cropped-9216650250dc9798b51ff14a0e1c16c7.png\",\"width\":122,\"height\":79,\"caption\":\"Avinent\"},\"image\":{\"@id\":\"https:\/\/avinent.com\/#\/schema\/logo\/image\/\"}}]}<\/script>\n<!-- \/ Yoast SEO plugin. -->","yoast_head_json":{"title":"Fique a conhecer os pr\u00f3ximos cursos dent\u00e1rios e muito mais | Avinent","description":"Todas as informa\u00e7\u00f5es sobre cursos dent\u00e1rios, eventos e webinars para partilhar consigo todo o nosso conhecimento e as nossas solu\u00e7\u00f5es. Entre em Avinent!","robots":{"index":"index","follow":"follow","max-snippet":"max-snippet:-1","max-image-preview":"max-image-preview:large","max-video-preview":"max-video-preview:-1"},"og_locale":"pt_PT","og_type":"article","og_title":"Fique a conhecer os pr\u00f3ximos cursos dent\u00e1rios e muito mais | Avinent","og_description":"Todas as informa\u00e7\u00f5es sobre cursos dent\u00e1rios, eventos e webinars para partilhar consigo todo o nosso conhecimento e as nossas solu\u00e7\u00f5es. Entre em Avinent!","og_url":"https:\/\/avinent.com\/avinent-universe\/conocimiento\/","og_site_name":"Avinent","article_modified_time":"2025-03-19T12:08:58+00:00","og_image":[{"width":1080,"height":1080,"url":"https:\/\/avinent.wwwarcelona.net\/wp-content\/uploads\/2025\/02\/11.jpg","type":"image\/jpeg"}],"twitter_card":"summary_large_image","schema":{"@context":"https:\/\/schema.org","@graph":[{"@type":"WebPage","@id":"https:\/\/avinent.com\/avinent-universe\/conocimiento\/","url":"https:\/\/avinent.com\/avinent-universe\/conocimiento\/","name":"Fique a conhecer os pr\u00f3ximos cursos dent\u00e1rios e muito mais | Avinent","isPartOf":{"@id":"https:\/\/avinent.com\/#website"},"primaryImageOfPage":{"@id":"https:\/\/avinent.com\/avinent-universe\/conocimiento\/#primaryimage"},"image":{"@id":"https:\/\/avinent.com\/avinent-universe\/conocimiento\/#primaryimage"},"thumbnailUrl":"https:\/\/avinent.com\/wp-content\/uploads\/2025\/02\/11.jpg","datePublished":"2025-01-30T20:01:22+00:00","dateModified":"2025-03-19T12:08:58+00:00","description":"Todas as informa\u00e7\u00f5es sobre cursos dent\u00e1rios, eventos e webinars para partilhar consigo todo o nosso conhecimento e as nossas solu\u00e7\u00f5es. Entre em Avinent!","breadcrumb":{"@id":"https:\/\/avinent.com\/avinent-universe\/conocimiento\/#breadcrumb"},"inLanguage":"pt","potentialAction":[{"@type":"ReadAction","target":["https:\/\/avinent.com\/avinent-universe\/conocimiento\/"]}]},{"@type":"ImageObject","inLanguage":"pt","@id":"https:\/\/avinent.com\/avinent-universe\/conocimiento\/#primaryimage","url":"https:\/\/avinent.com\/wp-content\/uploads\/2025\/02\/11.jpg","contentUrl":"https:\/\/avinent.com\/wp-content\/uploads\/2025\/02\/11.jpg","width":1080,"height":1080,"caption":"Eventos i formaciones Avinent"},{"@type":"BreadcrumbList","@id":"https:\/\/avinent.com\/avinent-universe\/conocimiento\/#breadcrumb","itemListElement":[{"@type":"ListItem","position":1,"name":"Portada","item":"https:\/\/avinent.com\/pt-pt\/home\/"},{"@type":"ListItem","position":2,"name":"Avinent Universe","item":"https:\/\/avinent.com\/avinent-universe\/"},{"@type":"ListItem","position":3,"name":"Conhecimento"}]},{"@type":"WebSite","@id":"https:\/\/avinent.com\/#website","url":"https:\/\/avinent.com\/","name":"Avinent","description":"Todas las soluciones m\u00e9dicas y dentales","publisher":{"@id":"https:\/\/avinent.com\/#organization"},"potentialAction":[{"@type":"SearchAction","target":{"@type":"EntryPoint","urlTemplate":"https:\/\/avinent.com\/?s={search_term_string}"},"query-input":{"@type":"PropertyValueSpecification","valueRequired":true,"valueName":"search_term_string"}}],"inLanguage":"pt"},{"@type":"Organization","@id":"https:\/\/avinent.com\/#organization","name":"Avinent","url":"https:\/\/avinent.com\/","logo":{"@type":"ImageObject","inLanguage":"pt","@id":"https:\/\/avinent.com\/#\/schema\/logo\/image\/","url":"https:\/\/avinent.com\/wp-content\/uploads\/2021\/10\/cropped-9216650250dc9798b51ff14a0e1c16c7.png","contentUrl":"https:\/\/avinent.com\/wp-content\/uploads\/2021\/10\/cropped-9216650250dc9798b51ff14a0e1c16c7.png","width":122,"height":79,"caption":"Avinent"},"image":{"@id":"https:\/\/avinent.com\/#\/schema\/logo\/image\/"}}]}},"_links":{"self":[{"href":"https:\/\/avinent.com\/pt-pt\/wp-json\/wp\/v2\/pages\/30996","targetHints":{"allow":["GET"]}}],"collection":[{"href":"https:\/\/avinent.com\/pt-pt\/wp-json\/wp\/v2\/pages"}],"about":[{"href":"https:\/\/avinent.com\/pt-pt\/wp-json\/wp\/v2\/types\/page"}],"author":[{"embeddable":true,"href":"https:\/\/avinent.com\/pt-pt\/wp-json\/wp\/v2\/users\/2"}],"replies":[{"embeddable":true,"href":"https:\/\/avinent.com\/pt-pt\/wp-json\/wp\/v2\/comments?post=30996"}],"version-history":[{"count":4,"href":"https:\/\/avinent.com\/pt-pt\/wp-json\/wp\/v2\/pages\/30996\/revisions"}],"predecessor-version":[{"id":31842,"href":"https:\/\/avinent.com\/pt-pt\/wp-json\/wp\/v2\/pages\/30996\/revisions\/31842"}],"up":[{"embeddable":true,"href":"https:\/\/avinent.com\/pt-pt\/wp-json\/wp\/v2\/pages\/30991"}],"wp:featuredmedia":[{"embeddable":true,"href":"https:\/\/avinent.com\/pt-pt\/wp-json\/wp\/v2\/media\/23435"}],"wp:attachment":[{"href":"https:\/\/avinent.com\/pt-pt\/wp-json\/wp\/v2\/media?parent=30996"}],"curies":[{"name":"wp","href":"https:\/\/api.w.org\/{rel}","templated":true}]}}