{"id":31635,"date":"2025-03-10T12:58:28","date_gmt":"2025-03-10T11:58:28","guid":{"rendered":"https:\/\/avinent.com\/politica-de-privacidade\/"},"modified":"2025-04-28T11:11:54","modified_gmt":"2025-04-28T09:11:54","slug":"politica-de-privacidade","status":"publish","type":"page","link":"https:\/\/avinent.com\/pt-pt\/politica-de-privacidade\/","title":{"rendered":"Pol\u00edtica de privacidade"},"content":{"rendered":"\t\t<div data-elementor-type=\"wp-page\" data-elementor-id=\"31635\" class=\"elementor elementor-31635 elementor-28072\" data-elementor-post-type=\"page\">\n\t\t\t\t<div class=\"elementor-element elementor-element-9b4cd27 e-flex e-con-boxed e-con e-parent\" data-id=\"9b4cd27\" data-element_type=\"container\" data-e-type=\"container\">\n\t\t\t\t\t<div class=\"e-con-inner\">\n\t\t\t\t<div class=\"elementor-element elementor-element-8b03094 elementor-widget elementor-widget-heading\" data-id=\"8b03094\" data-element_type=\"widget\" data-e-type=\"widget\" data-widget_type=\"heading.default\">\n\t\t\t\t<div class=\"elementor-widget-container\">\n\t\t\t\t\t<h1 class=\"elementor-heading-title elementor-size-default\">Pol\u00edtica de privacidade<\/h1>\t\t\t\t<\/div>\n\t\t\t\t<\/div>\n\t\t\t\t<div class=\"elementor-element elementor-element-e956df5 elementor-widget elementor-widget-text-editor\" data-id=\"e956df5\" data-element_type=\"widget\" data-e-type=\"widget\" data-widget_type=\"text-editor.default\">\n\t\t\t\t<div class=\"elementor-widget-container\">\n\t\t\t\t\t\t\t\t\t<p>Para cumprir com a regulamenta\u00e7\u00e3o de prote\u00e7\u00e3o de dados pessoais, a AVINENT IMPLANT SYSTEM, S.L.U. quer partilhar as seguintes informa\u00e7\u00f5es:<\/p>\n<p style=\"padding-left: 40px;\"><strong>CONTROLADOR DE DADOS<\/strong><br \/>\nAVINENT IMPLANT SYSTEM, S.L.U.<br \/>\nCarretera de Navarcles, 107, Pol. Ind. Santa Ana I.<br \/>\n08251 Santpedor (Barcelona).<br \/>\nT. +34 902 38 38 48<br \/>\nF.+34 93 827 38 73<br \/>\nCIF ESB64286891<br \/>\nContacto para prote\u00e7\u00e3o de dados: dpd@avinent.com<\/p>\n<p><strong>FINALIDADE DO TRATAMENTO DE DADOS PESSOAIS<\/strong><br \/>Os dados pessoais explicitamente fornecidos pelo utilizador no acesso ao site ser\u00e3o incorporados nos registos de tratamento propriedade da AVINENT IMPLANT SYSTEM, S.L.U. Os dados de identifica\u00e7\u00e3o fornecidos ser\u00e3o os seguintes: nome, apelido, endere\u00e7o de e-mail. A finalidade destes dados recolhidos \u00e9 gerir solicita\u00e7\u00f5es dos utilizadores. Os dados recolhidos n\u00e3o ser\u00e3o processados \u200b\u200batrav\u00e9s de decis\u00f5es automatizadas.<\/p>\n<p><strong>LEGITIMA\u00c7\u00c3O DO TRATAMENTO<\/strong><br \/>A legitimidade do tratamento dos dados pessoais reside no consentimento dado de forma expl\u00edcita e livre pelo utilizador. Os dados n\u00e3o ser\u00e3o transferidos para terceiros, a menos que seja exigido por lei.<\/p>\n<p><strong>ORIGEM DOS DADOS RECOLHIDOS<\/strong><br \/>Os dados recolhidos s\u00e3o fornecidos principalmente e diretamente pelo utilizador do website e\/ou redes sociais. O utilizador \u00e9, portanto, respons\u00e1vel pela sua exatid\u00e3o e atualiza\u00e7\u00e3o.<br \/>Da mesma forma, e atrav\u00e9s de cookies, a AVINENT recolhe informa\u00e7\u00e3o relacionada com dados estat\u00edsticos ou de navega\u00e7\u00e3o.<\/p>\n<p><strong>PER\u00cdODO DE RETEN\u00c7\u00c3O DE DADOS<\/strong><br \/>Os dados pessoais fornecidos pelo utilizador ser\u00e3o conservados durante a vig\u00eancia da rela\u00e7\u00e3o contratual, salvo se o utilizador solicitar a sua elimina\u00e7\u00e3o. ou s\u00e3o necess\u00e1rias para o cumprimento de uma obriga\u00e7\u00e3o legal, como a defesa de reclama\u00e7\u00f5es.<br \/>Caso o utilizador revogue o seu consentimento expresso ou exer\u00e7a o seu direito de cancelamento ou elimina\u00e7\u00e3o, a Avinent informa que os seus dados pessoais ser\u00e3o bloqueados pelos prazos legalmente estabelecidos para fazer face a eventuais responsabilidades decorrentes do seu tratamento.<\/p>\n<p><strong>COMUNICA\u00c7\u00d5ES E DESTINAT\u00c1RIOS DE DADOS<\/strong><br \/>AVINENT IMPLANT SYSTEM, S.L.U. n\u00e3o realizar\u00e1 transfer\u00eancias internacionais de dados para pa\u00edses terceiros, exceto quando tal for exigido por lei.<\/p>\n<p><strong>DIREITOS DAS PARTES INTERESSADAS<\/strong><br \/>Os utilizadores poder\u00e3o exercer os seus direitos de acesso, retifica\u00e7\u00e3o ou elimina\u00e7\u00e3o, restri\u00e7\u00e3o de tratamento, oposi\u00e7\u00e3o, portabilidade e obje\u00e7\u00e3o a decis\u00f5es individuais automatizadas antes da implementa\u00e7\u00e3o da Avinent, se aplic\u00e1vel, enviando um e-mail para dpd@avinent.com ou na sede social da AVINENT Carretera de Navarcles, 107, Pol. Ind. Santa Anna I, 08251 Santpedor (Barcelona). Da mesma forma, pode revogar o seu consentimento se o tiver dado para uma finalidade espec\u00edfica e pode alterar as suas prefer\u00eancias a qualquer momento.<br \/>Da mesma forma, informamos que a AVINENT IMPLANT nomeou um Encarregado da Prote\u00e7\u00e3o de Dados (RPD) a quem quest\u00f5es relativas ao tratamento de dados pessoais podem ser encaminhadas na sua sede social e\/ou por e-mail para dpd@avinent.com com a refer\u00eancia: &#8220;Prote\u00e7\u00e3o de Dados&#8221;.<br \/>Al\u00e9m disso, o Utilizador \u00e9 informado de que poder\u00e1 apresentar qualquer tipo de reclama\u00e7\u00e3o relativa \u00e0 prote\u00e7\u00e3o de dados pessoais \u00e0 Ag\u00eancia Espanhola de Prote\u00e7\u00e3o de Dados, www.aepd.es, caso considere que os seus direitos foram violados.<\/p>\n\t\t\t\t\t\t\t\t<\/div>\n\t\t\t\t<\/div>\n\t\t\t\t\t<\/div>\n\t\t\t\t<\/div>\n\t\t\t\t<\/div>\n\t\t","protected":false},"excerpt":{"rendered":"<p>Pol\u00edtica de privacidade Para cumprir com a regulamenta\u00e7\u00e3o de prote\u00e7\u00e3o de dados pessoais, a AVINENT IMPLANT SYSTEM, S.L.U. quer partilhar as seguintes informa\u00e7\u00f5es: CONTROLADOR DE DADOS AVINENT IMPLANT SYSTEM, S.L.U. Carretera de Navarcles, 107, Pol. Ind. Santa Ana I. 08251 Santpedor (Barcelona). T. +34 902 38 38 48 F.+34 93 827 38 73 CIF ESB64286891 [&hellip;]<\/p>\n","protected":false},"author":2,"featured_media":0,"parent":0,"menu_order":200,"comment_status":"closed","ping_status":"closed","template":"elementor_header_footer","meta":{"_acf_changed":false,"inline_featured_image":false,"footnotes":""},"class_list":["post-31635","page","type-page","status-publish","hentry"],"acf":[],"yoast_head":"<!-- This site is optimized with the Yoast SEO plugin v26.8 - https:\/\/yoast.com\/product\/yoast-seo-wordpress\/ -->\n<title>Pol\u00edtica de privacidade | Avinent<\/title>\n<meta name=\"description\" content=\"Pol\u00edtica de privacidade Para cumprir com a regulamenta\u00e7\u00e3o de prote\u00e7\u00e3o de dados pessoais, a AVINENT IMPLANT SYSTEM, S.L.U. quer partilhar as seguintes \u2713\" \/>\n<meta name=\"robots\" content=\"noindex, nofollow\" \/>\n<meta property=\"og:locale\" content=\"pt_PT\" \/>\n<meta property=\"og:type\" content=\"article\" \/>\n<meta property=\"og:title\" content=\"Pol\u00edtica de privacidade | Avinent\" \/>\n<meta property=\"og:description\" content=\"Pol\u00edtica de privacidade Para cumprir com a regulamenta\u00e7\u00e3o de prote\u00e7\u00e3o de dados pessoais, a AVINENT IMPLANT SYSTEM, S.L.U. quer partilhar as seguintes \u2713\" \/>\n<meta property=\"og:url\" content=\"https:\/\/avinent.com\/politica-de-privacidad\/\" \/>\n<meta property=\"og:site_name\" content=\"Avinent\" \/>\n<meta property=\"article:modified_time\" content=\"2025-04-28T09:11:54+00:00\" \/>\n<meta name=\"twitter:card\" content=\"summary_large_image\" \/>\n<meta name=\"twitter:label1\" content=\"Est. reading time\" \/>\n\t<meta name=\"twitter:data1\" content=\"3 minutes\" \/>\n<script type=\"application\/ld+json\" class=\"yoast-schema-graph\">{\"@context\":\"https:\/\/schema.org\",\"@graph\":[{\"@type\":\"WebPage\",\"@id\":\"https:\/\/avinent.com\/politica-de-privacidad\/\",\"url\":\"https:\/\/avinent.com\/politica-de-privacidad\/\",\"name\":\"Pol\u00edtica de privacidade | Avinent\",\"isPartOf\":{\"@id\":\"https:\/\/avinent.com\/#website\"},\"datePublished\":\"2025-03-10T11:58:28+00:00\",\"dateModified\":\"2025-04-28T09:11:54+00:00\",\"description\":\"Pol\u00edtica de privacidade Para cumprir com a regulamenta\u00e7\u00e3o de prote\u00e7\u00e3o de dados pessoais, a AVINENT IMPLANT SYSTEM, S.L.U. quer partilhar as seguintes \u2713\",\"breadcrumb\":{\"@id\":\"https:\/\/avinent.com\/politica-de-privacidad\/#breadcrumb\"},\"inLanguage\":\"pt\",\"potentialAction\":[{\"@type\":\"ReadAction\",\"target\":[\"https:\/\/avinent.com\/politica-de-privacidad\/\"]}]},{\"@type\":\"BreadcrumbList\",\"@id\":\"https:\/\/avinent.com\/politica-de-privacidad\/#breadcrumb\",\"itemListElement\":[{\"@type\":\"ListItem\",\"position\":1,\"name\":\"Portada\",\"item\":\"https:\/\/avinent.com\/\"},{\"@type\":\"ListItem\",\"position\":2,\"name\":\"Pol\u00edtica de privacidade\"}]},{\"@type\":\"WebSite\",\"@id\":\"https:\/\/avinent.com\/#website\",\"url\":\"https:\/\/avinent.com\/\",\"name\":\"Avinent\",\"description\":\"Todas las soluciones m\u00e9dicas y dentales\",\"publisher\":{\"@id\":\"https:\/\/avinent.com\/#organization\"},\"potentialAction\":[{\"@type\":\"SearchAction\",\"target\":{\"@type\":\"EntryPoint\",\"urlTemplate\":\"https:\/\/avinent.com\/?s={search_term_string}\"},\"query-input\":{\"@type\":\"PropertyValueSpecification\",\"valueRequired\":true,\"valueName\":\"search_term_string\"}}],\"inLanguage\":\"pt\"},{\"@type\":\"Organization\",\"@id\":\"https:\/\/avinent.com\/#organization\",\"name\":\"Avinent\",\"url\":\"https:\/\/avinent.com\/\",\"logo\":{\"@type\":\"ImageObject\",\"inLanguage\":\"pt\",\"@id\":\"https:\/\/avinent.com\/#\/schema\/logo\/image\/\",\"url\":\"https:\/\/avinent.com\/wp-content\/uploads\/2021\/10\/cropped-9216650250dc9798b51ff14a0e1c16c7.png\",\"contentUrl\":\"https:\/\/avinent.com\/wp-content\/uploads\/2021\/10\/cropped-9216650250dc9798b51ff14a0e1c16c7.png\",\"width\":122,\"height\":79,\"caption\":\"Avinent\"},\"image\":{\"@id\":\"https:\/\/avinent.com\/#\/schema\/logo\/image\/\"}}]}<\/script>\n<!-- \/ Yoast SEO plugin. -->","yoast_head_json":{"title":"Pol\u00edtica de privacidade | Avinent","description":"Pol\u00edtica de privacidade Para cumprir com a regulamenta\u00e7\u00e3o de prote\u00e7\u00e3o de dados pessoais, a AVINENT IMPLANT SYSTEM, S.L.U. quer partilhar as seguintes \u2713","robots":{"index":"noindex","follow":"nofollow"},"og_locale":"pt_PT","og_type":"article","og_title":"Pol\u00edtica de privacidade | Avinent","og_description":"Pol\u00edtica de privacidade Para cumprir com a regulamenta\u00e7\u00e3o de prote\u00e7\u00e3o de dados pessoais, a AVINENT IMPLANT SYSTEM, S.L.U. quer partilhar as seguintes \u2713","og_url":"https:\/\/avinent.com\/politica-de-privacidad\/","og_site_name":"Avinent","article_modified_time":"2025-04-28T09:11:54+00:00","twitter_card":"summary_large_image","twitter_misc":{"Est. reading time":"3 minutes"},"schema":{"@context":"https:\/\/schema.org","@graph":[{"@type":"WebPage","@id":"https:\/\/avinent.com\/politica-de-privacidad\/","url":"https:\/\/avinent.com\/politica-de-privacidad\/","name":"Pol\u00edtica de privacidade | Avinent","isPartOf":{"@id":"https:\/\/avinent.com\/#website"},"datePublished":"2025-03-10T11:58:28+00:00","dateModified":"2025-04-28T09:11:54+00:00","description":"Pol\u00edtica de privacidade Para cumprir com a regulamenta\u00e7\u00e3o de prote\u00e7\u00e3o de dados pessoais, a AVINENT IMPLANT SYSTEM, S.L.U. quer partilhar as seguintes \u2713","breadcrumb":{"@id":"https:\/\/avinent.com\/politica-de-privacidad\/#breadcrumb"},"inLanguage":"pt","potentialAction":[{"@type":"ReadAction","target":["https:\/\/avinent.com\/politica-de-privacidad\/"]}]},{"@type":"BreadcrumbList","@id":"https:\/\/avinent.com\/politica-de-privacidad\/#breadcrumb","itemListElement":[{"@type":"ListItem","position":1,"name":"Portada","item":"https:\/\/avinent.com\/"},{"@type":"ListItem","position":2,"name":"Pol\u00edtica de privacidade"}]},{"@type":"WebSite","@id":"https:\/\/avinent.com\/#website","url":"https:\/\/avinent.com\/","name":"Avinent","description":"Todas las soluciones m\u00e9dicas y dentales","publisher":{"@id":"https:\/\/avinent.com\/#organization"},"potentialAction":[{"@type":"SearchAction","target":{"@type":"EntryPoint","urlTemplate":"https:\/\/avinent.com\/?s={search_term_string}"},"query-input":{"@type":"PropertyValueSpecification","valueRequired":true,"valueName":"search_term_string"}}],"inLanguage":"pt"},{"@type":"Organization","@id":"https:\/\/avinent.com\/#organization","name":"Avinent","url":"https:\/\/avinent.com\/","logo":{"@type":"ImageObject","inLanguage":"pt","@id":"https:\/\/avinent.com\/#\/schema\/logo\/image\/","url":"https:\/\/avinent.com\/wp-content\/uploads\/2021\/10\/cropped-9216650250dc9798b51ff14a0e1c16c7.png","contentUrl":"https:\/\/avinent.com\/wp-content\/uploads\/2021\/10\/cropped-9216650250dc9798b51ff14a0e1c16c7.png","width":122,"height":79,"caption":"Avinent"},"image":{"@id":"https:\/\/avinent.com\/#\/schema\/logo\/image\/"}}]}},"_links":{"self":[{"href":"https:\/\/avinent.com\/pt-pt\/wp-json\/wp\/v2\/pages\/31635","targetHints":{"allow":["GET"]}}],"collection":[{"href":"https:\/\/avinent.com\/pt-pt\/wp-json\/wp\/v2\/pages"}],"about":[{"href":"https:\/\/avinent.com\/pt-pt\/wp-json\/wp\/v2\/types\/page"}],"author":[{"embeddable":true,"href":"https:\/\/avinent.com\/pt-pt\/wp-json\/wp\/v2\/users\/2"}],"replies":[{"embeddable":true,"href":"https:\/\/avinent.com\/pt-pt\/wp-json\/wp\/v2\/comments?post=31635"}],"version-history":[{"count":3,"href":"https:\/\/avinent.com\/pt-pt\/wp-json\/wp\/v2\/pages\/31635\/revisions"}],"predecessor-version":[{"id":33531,"href":"https:\/\/avinent.com\/pt-pt\/wp-json\/wp\/v2\/pages\/31635\/revisions\/33531"}],"wp:attachment":[{"href":"https:\/\/avinent.com\/pt-pt\/wp-json\/wp\/v2\/media?parent=31635"}],"curies":[{"name":"wp","href":"https:\/\/api.w.org\/{rel}","templated":true}]}}