{"id":31645,"date":"2025-03-10T12:57:55","date_gmt":"2025-03-10T11:57:55","guid":{"rendered":"https:\/\/avinent.com\/politica-de-cookies\/"},"modified":"2025-04-28T12:27:17","modified_gmt":"2025-04-28T10:27:17","slug":"politica-de-cookies","status":"publish","type":"page","link":"https:\/\/avinent.com\/pt-pt\/politica-de-cookies\/","title":{"rendered":"Pol\u00edtica de cookies"},"content":{"rendered":"\t\t<div data-elementor-type=\"wp-page\" data-elementor-id=\"31645\" class=\"elementor elementor-31645 elementor-28070\" data-elementor-post-type=\"page\">\n\t\t\t\t<div class=\"elementor-element elementor-element-9b4cd27 e-flex e-con-boxed e-con e-parent\" data-id=\"9b4cd27\" data-element_type=\"container\" data-e-type=\"container\">\n\t\t\t\t\t<div class=\"e-con-inner\">\n\t\t\t\t<div class=\"elementor-element elementor-element-8b03094 elementor-widget elementor-widget-heading\" data-id=\"8b03094\" data-element_type=\"widget\" data-e-type=\"widget\" data-widget_type=\"heading.default\">\n\t\t\t\t<div class=\"elementor-widget-container\">\n\t\t\t\t\t<h1 class=\"elementor-heading-title elementor-size-default\">Pol\u00edtica de cookies<\/h1>\t\t\t\t<\/div>\n\t\t\t\t<\/div>\n\t\t\t\t<div class=\"elementor-element elementor-element-e956df5 elementor-widget elementor-widget-text-editor\" data-id=\"e956df5\" data-element_type=\"widget\" data-e-type=\"widget\" data-widget_type=\"text-editor.default\">\n\t\t\t\t<div class=\"elementor-widget-container\">\n\t\t\t\t\t\t\t\t\t<p>Os cookies s\u00e3o essenciais para o funcionamento da Internet, proporcionando in\u00fameras vantagens na presta\u00e7\u00e3o de servi\u00e7os interactivos e facilitando a navega\u00e7\u00e3o e a usabilidade do nosso site.<\/p>\n<p>O site da Avinent Implant System, S.L.U. utiliza cookies pr\u00f3prios e de terceiros para oferecer um melhor servi\u00e7o ao utilizador. Ao navegar ou utilizar os nossos servi\u00e7os, concorda com a utiliza\u00e7\u00e3o dos nossos servi\u00e7os pela Avinent Implant System, S.L.U. de bolachas. No entanto, o utilizador tem a op\u00e7\u00e3o de impedir a gera\u00e7\u00e3o de cookies e apag\u00e1-los selecionando a op\u00e7\u00e3o correspondente no seu browser. No entanto, informamos que se bloquear parcial ou totalmente a utiliza\u00e7\u00e3o de cookies no seu navegador, alguns servi\u00e7os ou funcionalidades do Site poder\u00e3o n\u00e3o estar dispon\u00edveis.<\/p>\n<p>Esta pol\u00edtica de cookies foi criada e atualizada pela <a href=\"https:\/\/cookiefirst.com\/es\/cookie-manager\/\">Cookie Management CookieFirst<\/a>.<\/p>\n<h3><\/h3>\n<p><\/p>\n<h3><strong>TIPOS DE COOKIES UTILIZADOS<\/strong><\/h3>\n<p><strong>\u00a0<\/strong><\/p>\n<p><strong>COOKIES PERMANENTES<\/strong><br \/>Um cookie permanente \u00e9 armazenado no seu disco r\u00edgido e \u00e9 lido sempre que visita o website. Deixar\u00e1 de funcionar ap\u00f3s uma data de expira\u00e7\u00e3o.<br \/>expira\u00e7\u00e3o determinada.<\/p>\n<p><strong>COOKIES DE PERSONALIZA\u00c7\u00c3O<\/strong><br \/>Um cookie de personaliza\u00e7\u00e3o \u00e9 aquele que permite ao utilizador aceder ao servi\u00e7o com algumas caracter\u00edsticas gerais predefinidas no seu dispositivo ou que o pr\u00f3prio utilizador define. Exemplos de cookies de personaliza\u00e7\u00e3o s\u00e3o: idioma, geolocaliza\u00e7\u00e3o do dispositivo, etc.<\/p>\n<p><strong>COOKIES DE AN\u00c1LISE ESTAT\u00cdSTICA<\/strong><br \/>Um cookie de an\u00e1lise estat\u00edstica \u00e9 aquele que permite a monitoriza\u00e7\u00e3o e a an\u00e1lise do comportamento do utilizador em websites. A informa\u00e7\u00e3o recolhida atrav\u00e9s deste tipo de cookies \u00e9 utilizada para elaborar perfis de navega\u00e7\u00e3o dos utilizadores destes sites, com o objetivo de introduzir melhorias no servi\u00e7o em fun\u00e7\u00e3o da utiliza\u00e7\u00e3o que os utilizadores fazem.<\/p>\n<p><strong>COOKIES T\u00c9CNICOS<\/strong><br \/>Um cookie t\u00e9cnico \u00e9 aquele que permite ao utilizador navegar no site.<br \/>site ou aplica\u00e7\u00e3o e a utiliza\u00e7\u00e3o das diferentes op\u00e7\u00f5es ou servi\u00e7os que nele existem. Por exemplo: identificar e manter a sess\u00e3o do utilizador, aceder a sec\u00e7\u00f5es restritas da web, enviar um pedido de inscri\u00e7\u00e3o ou participa\u00e7\u00e3o em eventos, recordar os elementos que comp\u00f5em um pedido, utilizar elementos de seguran\u00e7a durante a navega\u00e7\u00e3o e armazenar conte\u00fados para transmiss\u00e3o de v\u00eddeo ou \u00e1udio.<\/p>\n<p><strong>COOKIES DE TERCEIROS<\/strong><br \/>Um cookie de terceiros \u00e9 aquele que \u00e9 instalado em alguns sites e permite a gest\u00e3o e melhoria dos servi\u00e7os oferecidos. Por exemplo, servi\u00e7os estat\u00edsticos do LinkedIn, YouTube, Facebook, Google Analytics, Twitter, Google+, etc.<\/p>\n<p>Pode aceder a informa\u00e7\u00f5es sobre o processamento dos seus dados por cookies de terceiros nas suas pol\u00edticas de cookies correspondentes.<\/p>\n<p>De acordo com o disposto no artigo 22.2 da Lei 34\/2002, de 11 de Julho, de Servi\u00e7os da Sociedade da Informa\u00e7\u00e3o e Com\u00e9rcio Electr\u00f3nico (LSSI-CE), AVINENT IMPLANT SYSTEM, S.L.U. informa, atrav\u00e9s desta tabela, sobre os cookies utilizados no seu site.<\/p>\n\t\t\t\t\t\t\t\t<\/div>\n\t\t\t\t<\/div>\n\t\t\t\t\t<\/div>\n\t\t\t\t<\/div>\n\t\t<div class=\"elementor-element elementor-element-b2544c9 e-flex e-con-boxed e-con e-parent\" data-id=\"b2544c9\" data-element_type=\"container\" data-e-type=\"container\">\n\t\t\t\t\t<div class=\"e-con-inner\">\n\t\t\t\t<div class=\"elementor-element elementor-element-c254cf7 elementor-widget elementor-widget-html\" data-id=\"c254cf7\" data-element_type=\"widget\" data-e-type=\"widget\" data-widget_type=\"html.default\">\n\t\t\t\t<div class=\"elementor-widget-container\">\n\t\t\t\t\t<div id=\"cookiefirst-policy-page\"><\/div> <div>Esta pol\u00edtica de cookies ha sido creada y actualizada por <a href=\"https:\/\/cookiefirst.com\/es\/cookie-manager\/\">Cookie Management CookieFirst<\/a>.<\/div>\t\t\t\t<\/div>\n\t\t\t\t<\/div>\n\t\t\t\t\t<\/div>\n\t\t\t\t<\/div>\n\t\t\t\t<\/div>\n\t\t","protected":false},"excerpt":{"rendered":"<p>Pol\u00edtica de cookies Os cookies s\u00e3o essenciais para o funcionamento da Internet, proporcionando in\u00fameras vantagens na presta\u00e7\u00e3o de servi\u00e7os interactivos e facilitando a navega\u00e7\u00e3o e a usabilidade do nosso site. O site da Avinent Implant System, S.L.U. utiliza cookies pr\u00f3prios e de terceiros para oferecer um melhor servi\u00e7o ao utilizador. Ao navegar ou utilizar os [&hellip;]<\/p>\n","protected":false},"author":2,"featured_media":0,"parent":0,"menu_order":205,"comment_status":"closed","ping_status":"closed","template":"elementor_header_footer","meta":{"_acf_changed":false,"inline_featured_image":false,"footnotes":""},"class_list":["post-31645","page","type-page","status-publish","hentry"],"acf":[],"yoast_head":"<!-- This site is optimized with the Yoast SEO plugin v26.8 - https:\/\/yoast.com\/product\/yoast-seo-wordpress\/ -->\n<title>Pol\u00edtica de cookies | Avinent<\/title>\n<meta name=\"description\" content=\"Pol\u00edtica de cookies Os cookies s\u00e3o essenciais para o funcionamento da Internet, proporcionando in\u00fameras vantagens na presta\u00e7\u00e3o de servi\u00e7os interactivos e \u2713\" \/>\n<meta name=\"robots\" content=\"noindex, nofollow\" \/>\n<meta property=\"og:locale\" content=\"pt_PT\" \/>\n<meta property=\"og:type\" content=\"article\" \/>\n<meta property=\"og:title\" content=\"Pol\u00edtica de cookies | Avinent\" \/>\n<meta property=\"og:description\" content=\"Pol\u00edtica de cookies Os cookies s\u00e3o essenciais para o funcionamento da Internet, proporcionando in\u00fameras vantagens na presta\u00e7\u00e3o de servi\u00e7os interactivos e \u2713\" \/>\n<meta property=\"og:url\" content=\"https:\/\/avinent.com\/politica-de-cookies\/\" \/>\n<meta property=\"og:site_name\" content=\"Avinent\" \/>\n<meta property=\"article:modified_time\" content=\"2025-04-28T10:27:17+00:00\" \/>\n<meta name=\"twitter:card\" content=\"summary_large_image\" \/>\n<meta name=\"twitter:label1\" content=\"Est. reading time\" \/>\n\t<meta name=\"twitter:data1\" content=\"3 minutes\" \/>\n<script type=\"application\/ld+json\" class=\"yoast-schema-graph\">{\"@context\":\"https:\/\/schema.org\",\"@graph\":[{\"@type\":\"WebPage\",\"@id\":\"https:\/\/avinent.com\/politica-de-cookies\/\",\"url\":\"https:\/\/avinent.com\/politica-de-cookies\/\",\"name\":\"Pol\u00edtica de cookies | Avinent\",\"isPartOf\":{\"@id\":\"https:\/\/avinent.com\/#website\"},\"datePublished\":\"2025-03-10T11:57:55+00:00\",\"dateModified\":\"2025-04-28T10:27:17+00:00\",\"description\":\"Pol\u00edtica de cookies Os cookies s\u00e3o essenciais para o funcionamento da Internet, proporcionando in\u00fameras vantagens na presta\u00e7\u00e3o de servi\u00e7os interactivos e \u2713\",\"breadcrumb\":{\"@id\":\"https:\/\/avinent.com\/politica-de-cookies\/#breadcrumb\"},\"inLanguage\":\"pt\",\"potentialAction\":[{\"@type\":\"ReadAction\",\"target\":[\"https:\/\/avinent.com\/politica-de-cookies\/\"]}]},{\"@type\":\"BreadcrumbList\",\"@id\":\"https:\/\/avinent.com\/politica-de-cookies\/#breadcrumb\",\"itemListElement\":[{\"@type\":\"ListItem\",\"position\":1,\"name\":\"Portada\",\"item\":\"https:\/\/avinent.com\/\"},{\"@type\":\"ListItem\",\"position\":2,\"name\":\"Pol\u00edtica de cookies\"}]},{\"@type\":\"WebSite\",\"@id\":\"https:\/\/avinent.com\/#website\",\"url\":\"https:\/\/avinent.com\/\",\"name\":\"Avinent\",\"description\":\"Todas las soluciones m\u00e9dicas y dentales\",\"publisher\":{\"@id\":\"https:\/\/avinent.com\/#organization\"},\"potentialAction\":[{\"@type\":\"SearchAction\",\"target\":{\"@type\":\"EntryPoint\",\"urlTemplate\":\"https:\/\/avinent.com\/?s={search_term_string}\"},\"query-input\":{\"@type\":\"PropertyValueSpecification\",\"valueRequired\":true,\"valueName\":\"search_term_string\"}}],\"inLanguage\":\"pt\"},{\"@type\":\"Organization\",\"@id\":\"https:\/\/avinent.com\/#organization\",\"name\":\"Avinent\",\"url\":\"https:\/\/avinent.com\/\",\"logo\":{\"@type\":\"ImageObject\",\"inLanguage\":\"pt\",\"@id\":\"https:\/\/avinent.com\/#\/schema\/logo\/image\/\",\"url\":\"https:\/\/avinent.com\/wp-content\/uploads\/2021\/10\/cropped-9216650250dc9798b51ff14a0e1c16c7.png\",\"contentUrl\":\"https:\/\/avinent.com\/wp-content\/uploads\/2021\/10\/cropped-9216650250dc9798b51ff14a0e1c16c7.png\",\"width\":122,\"height\":79,\"caption\":\"Avinent\"},\"image\":{\"@id\":\"https:\/\/avinent.com\/#\/schema\/logo\/image\/\"}}]}<\/script>\n<!-- \/ Yoast SEO plugin. -->","yoast_head_json":{"title":"Pol\u00edtica de cookies | Avinent","description":"Pol\u00edtica de cookies Os cookies s\u00e3o essenciais para o funcionamento da Internet, proporcionando in\u00fameras vantagens na presta\u00e7\u00e3o de servi\u00e7os interactivos e \u2713","robots":{"index":"noindex","follow":"nofollow"},"og_locale":"pt_PT","og_type":"article","og_title":"Pol\u00edtica de cookies | Avinent","og_description":"Pol\u00edtica de cookies Os cookies s\u00e3o essenciais para o funcionamento da Internet, proporcionando in\u00fameras vantagens na presta\u00e7\u00e3o de servi\u00e7os interactivos e \u2713","og_url":"https:\/\/avinent.com\/politica-de-cookies\/","og_site_name":"Avinent","article_modified_time":"2025-04-28T10:27:17+00:00","twitter_card":"summary_large_image","twitter_misc":{"Est. reading time":"3 minutes"},"schema":{"@context":"https:\/\/schema.org","@graph":[{"@type":"WebPage","@id":"https:\/\/avinent.com\/politica-de-cookies\/","url":"https:\/\/avinent.com\/politica-de-cookies\/","name":"Pol\u00edtica de cookies | Avinent","isPartOf":{"@id":"https:\/\/avinent.com\/#website"},"datePublished":"2025-03-10T11:57:55+00:00","dateModified":"2025-04-28T10:27:17+00:00","description":"Pol\u00edtica de cookies Os cookies s\u00e3o essenciais para o funcionamento da Internet, proporcionando in\u00fameras vantagens na presta\u00e7\u00e3o de servi\u00e7os interactivos e \u2713","breadcrumb":{"@id":"https:\/\/avinent.com\/politica-de-cookies\/#breadcrumb"},"inLanguage":"pt","potentialAction":[{"@type":"ReadAction","target":["https:\/\/avinent.com\/politica-de-cookies\/"]}]},{"@type":"BreadcrumbList","@id":"https:\/\/avinent.com\/politica-de-cookies\/#breadcrumb","itemListElement":[{"@type":"ListItem","position":1,"name":"Portada","item":"https:\/\/avinent.com\/"},{"@type":"ListItem","position":2,"name":"Pol\u00edtica de cookies"}]},{"@type":"WebSite","@id":"https:\/\/avinent.com\/#website","url":"https:\/\/avinent.com\/","name":"Avinent","description":"Todas las soluciones m\u00e9dicas y dentales","publisher":{"@id":"https:\/\/avinent.com\/#organization"},"potentialAction":[{"@type":"SearchAction","target":{"@type":"EntryPoint","urlTemplate":"https:\/\/avinent.com\/?s={search_term_string}"},"query-input":{"@type":"PropertyValueSpecification","valueRequired":true,"valueName":"search_term_string"}}],"inLanguage":"pt"},{"@type":"Organization","@id":"https:\/\/avinent.com\/#organization","name":"Avinent","url":"https:\/\/avinent.com\/","logo":{"@type":"ImageObject","inLanguage":"pt","@id":"https:\/\/avinent.com\/#\/schema\/logo\/image\/","url":"https:\/\/avinent.com\/wp-content\/uploads\/2021\/10\/cropped-9216650250dc9798b51ff14a0e1c16c7.png","contentUrl":"https:\/\/avinent.com\/wp-content\/uploads\/2021\/10\/cropped-9216650250dc9798b51ff14a0e1c16c7.png","width":122,"height":79,"caption":"Avinent"},"image":{"@id":"https:\/\/avinent.com\/#\/schema\/logo\/image\/"}}]}},"_links":{"self":[{"href":"https:\/\/avinent.com\/pt-pt\/wp-json\/wp\/v2\/pages\/31645","targetHints":{"allow":["GET"]}}],"collection":[{"href":"https:\/\/avinent.com\/pt-pt\/wp-json\/wp\/v2\/pages"}],"about":[{"href":"https:\/\/avinent.com\/pt-pt\/wp-json\/wp\/v2\/types\/page"}],"author":[{"embeddable":true,"href":"https:\/\/avinent.com\/pt-pt\/wp-json\/wp\/v2\/users\/2"}],"replies":[{"embeddable":true,"href":"https:\/\/avinent.com\/pt-pt\/wp-json\/wp\/v2\/comments?post=31645"}],"version-history":[{"count":4,"href":"https:\/\/avinent.com\/pt-pt\/wp-json\/wp\/v2\/pages\/31645\/revisions"}],"predecessor-version":[{"id":33536,"href":"https:\/\/avinent.com\/pt-pt\/wp-json\/wp\/v2\/pages\/31645\/revisions\/33536"}],"wp:attachment":[{"href":"https:\/\/avinent.com\/pt-pt\/wp-json\/wp\/v2\/media?parent=31645"}],"curies":[{"name":"wp","href":"https:\/\/api.w.org\/{rel}","templated":true}]}}