{"id":31649,"date":"2021-10-16T15:24:59","date_gmt":"2021-10-16T13:24:59","guid":{"rendered":"https:\/\/avinent.com\/aviso-legal\/"},"modified":"2025-04-28T12:35:32","modified_gmt":"2025-04-28T10:35:32","slug":"aviso-legal","status":"publish","type":"page","link":"https:\/\/avinent.com\/pt-pt\/aviso-legal\/","title":{"rendered":"Aviso legal"},"content":{"rendered":"\t\t<div data-elementor-type=\"wp-page\" data-elementor-id=\"31649\" class=\"elementor elementor-31649 elementor-57\" data-elementor-post-type=\"page\">\n\t\t\t\t<div class=\"elementor-element elementor-element-9b4cd27 e-flex e-con-boxed e-con e-parent\" data-id=\"9b4cd27\" data-element_type=\"container\" data-e-type=\"container\">\n\t\t\t\t\t<div class=\"e-con-inner\">\n\t\t\t\t<div class=\"elementor-element elementor-element-8b03094 elementor-widget elementor-widget-heading\" data-id=\"8b03094\" data-element_type=\"widget\" data-e-type=\"widget\" data-widget_type=\"heading.default\">\n\t\t\t\t<div class=\"elementor-widget-container\">\n\t\t\t\t\t<h1 class=\"elementor-heading-title elementor-size-default\">Aviso legal<\/h1>\t\t\t\t<\/div>\n\t\t\t\t<\/div>\n\t\t\t\t<div class=\"elementor-element elementor-element-e956df5 elementor-widget elementor-widget-text-editor\" data-id=\"e956df5\" data-element_type=\"widget\" data-e-type=\"widget\" data-widget_type=\"text-editor.default\">\n\t\t\t\t<div class=\"elementor-widget-container\">\n\t\t\t\t\t\t\t\t\tDe acordo com o <strong>artigo 10.\u00ba da Lei 34\/2002, de 11 de Julho, de Servi\u00e7os da Sociedade da Informa\u00e7\u00e3o e Com\u00e9rcio Electr\u00f3nico,<\/strong> informamos que este site e o dom\u00ednio avinent.com pertencem a:<br><p style=\"padding-left: 40px;\">AVINENT IMPLANT SYSTEM, S.L.U.\r\nCarretera de Navarcles, 107, Pol. Ind. Santa Ana I.\r\n08251 Santpedor (Barcelona).\r\nT. +34 902 38 38 48\r\nF.+34 93 827 38 73\r\nCIF ESB64286891<\/p><br><p style=\"padding-left: 40px;\"><\/p><br><strong>OBJETO<\/strong><br>Atrav\u00e9s do site, a Avinent oferece aos utilizadores a oportunidade de aceder a informa\u00e7\u00f5es relacionadas com os nossos servi\u00e7os. Todos os dados pessoais introduzidos pelo utilizador ser\u00e3o tratados de acordo com a pol\u00edtica de privacidade, que tamb\u00e9m est\u00e1 dispon\u00edvel no site.<br><br>&nbsp;<br><br><strong>UTILIZADORES E REGIME DE RESPONSABILIDADE<\/strong><br>O acesso e\/ou utiliza\u00e7\u00e3o dos portais da Avinent confere-lhe a condi\u00e7\u00e3o de utilizador, que aceita o aviso legal da empresa a partir do momento em que acede e\/ou utiliza os mesmos. Avinent Implant System S.LU. Considera os utilizadores pessoas f\u00edsicas e jur\u00eddicas. O site oferece uma grande variedade de informa\u00e7\u00f5es, servi\u00e7os e dados. O utilizador assume a responsabilidade pela correta utiliza\u00e7\u00e3o do site. Esta responsabilidade estende-se, entre outras coisas:<br>Veracidade e licitude da informa\u00e7\u00e3o fornecida pelo utilizador nos formul\u00e1rios disponibilizados pela Avinent Implant System, S.L.U.<br>Manter atualizados os dados comunicados no site, garantindo que est\u00e3o sempre corretos. Qualquer informa\u00e7\u00e3o inexata ou falsa que possa surgir em consequ\u00eancia das informa\u00e7\u00f5es e dados fornecidos, bem como quaisquer danos e preju\u00edzos que da\u00ed possam advir, ser\u00e3o da responsabilidade dos utilizadores.<br>A utiliza\u00e7\u00e3o das informa\u00e7\u00f5es, servi\u00e7os e dados oferecidos \u00e0 AVINENT em viola\u00e7\u00e3o destes termos e condi\u00e7\u00f5es, da lei, da \u00e9tica ou de qualquer outra forma que possa violar direitos de terceiros ou o funcionamento do site.<br>Da mesma forma, o utilizador concorda em n\u00e3o causar danos f\u00edsicos ou l\u00f3gicos ao site; introduzir ou difundir na rede v\u00edrus inform\u00e1ticos que possam afetar o correto funcionamento do website e\/ou dos sistemas da empresa; tentando manipular os dados da empresa, etc.<br><br>&nbsp;<br><br><strong>DIREITOS DE PROPRIEDADE INTELECTUAL E INDUSTRIAL<\/strong><br>O site da Avinent Implant System, S.L.U. S\u00e3o regidos pela legisla\u00e7\u00e3o espanhola e est\u00e3o protegidos pela legisla\u00e7\u00e3o estatal e internacional sobre Propriedade Intelectual e Industrial.<br>Todo o conte\u00fado deste site, incluindo log\u00f3tipos, textos, fotografias, designs, refer\u00eancias de produtos ou outros elementos. A estrutura do website, o seu design, combina\u00e7\u00f5es de cores e a forma como o conte\u00fado \u00e9 apresentado est\u00e3o sujeitos aos direitos de propriedade intelectual e industrial da Avinent Implant System, S.L.U. ou terceiros com quem a Avinent Implant System S.L.U. cedeu o seu uso. Estes direitos devem ser respeitados pelos utilizadores do site. Avient Implant System, S.L.U. divulga todas estas informa\u00e7\u00f5es atrav\u00e9s do seu site para anunciar os seus produtos e atividades. Avient Implant System, S.L.U. alerta que todos estes elementos e refer\u00eancias s\u00f3 poder\u00e3o ser utilizados para este fim e citando sempre a sua fonte e refer\u00eancias de identifica\u00e7\u00e3o. A sua transforma\u00e7\u00e3o ou altera\u00e7\u00e3o, nem a sua comunica\u00e7\u00e3o p\u00fablica ou qualquer outra forma de explora\u00e7\u00e3o por qualquer t\u00e9cnica ou procedimento sem a autoriza\u00e7\u00e3o expressa da Avinent Implant System, S.L.U. n\u00e3o \u00e9 legal.<br><br>&nbsp;<br><br><strong>RESPONSABILIDADE PELO CONTE\u00daDO<\/strong><br>O utilizador deste site acede-lhe por iniciativa pr\u00f3pria. Avient Implant System, S.L.U. n\u00e3o \u00e9 respons\u00e1vel por quaisquer erros ou omiss\u00f5es que possam afetar o seu conte\u00fado. As refer\u00eancias apresentadas no site s\u00e3o apenas para fins informativos e n\u00e3o vinculam o propriet\u00e1rio do site at\u00e9 que seja dada a confirma\u00e7\u00e3o da aceita\u00e7\u00e3o de um contrato.<br>Avient Implant System, S.L.U. declina qualquer responsabilidade por informa\u00e7\u00f5es de qualquer tipo contidas noutros sites que possam ser acedidos atrav\u00e9s de links deste site. A finalidade dos links no site \u00e9 inform\u00e1-lo sobre a exist\u00eancia de outras fontes de informa\u00e7\u00e3o sobre o tema abordado na p\u00e1gina de origem e n\u00e3o constitui qualquer sugest\u00e3o ou convite ao utilizador para visitar os sites de destino. Avient Implant System, S.L.U. n\u00e3o \u00e9 respons\u00e1vel pelos resultados obtidos atrav\u00e9s desses links, os quais n\u00e3o s\u00e3o controlados ou verificados pela Avinent Implant System, S.L.U.<br>A Avinent poder\u00e1 interromper o servi\u00e7o ou rescindir imediatamente a rela\u00e7\u00e3o com o utilizador caso detete que o utilizador n\u00e3o est\u00e1 a utilizar o espa\u00e7o de acordo com este Aviso Legal.<br>Avient Implant System, S.L.U. reserva-se o direito de, sem aviso pr\u00e9vio e a qualquer momento, suspender temporariamente o acesso ao site e proceder \u00e0s altera\u00e7\u00f5es que considere oportunas nos servi\u00e7os ou produtos oferecidos, na apresenta\u00e7\u00e3o ou na localiza\u00e7\u00e3o destes.<br><br>&nbsp;<br><br><strong>AUTORIZA\u00c7\u00c3O PARA LIGA\u00c7\u00c3O PARA AVINENT.COM<\/strong><br>A cria\u00e7\u00e3o de links para qualquer sec\u00e7\u00e3o deste site \u00e9 autorizada desde que o endere\u00e7o real acedido esteja vis\u00edvel na barra de endere\u00e7os do browser. Os links podem ser criados utilizando o endere\u00e7o, o nome da empresa ou outras palavras-chave.<br><br>&nbsp;<br><br><strong>A\u00c7\u00d5ES LEGAIS, LEGISLA\u00c7\u00c3O APLIC\u00c1VEL E JURISPRUD\u00caNCIA<\/strong><br>Avient Implant System, S.L.U. Da mesma forma, reserva-se o direito de propor as a\u00e7\u00f5es c\u00edveis ou penais que considere procedentes pelo uso indevido do seu site e dos conte\u00fados nele descritos, ou pelo incumprimento das presentes condi\u00e7\u00f5es.<br>A rela\u00e7\u00e3o entre o utilizador e a Avinent Implant Sytem, \u200b\u200b\u200b\u200b\u200b\u200bS.L.U. Ser\u00e1 regido pela normativa em vigor aplic\u00e1vel no territ\u00f3rio espanhol. Em caso de lit\u00edgio, as partes envolvidas poder\u00e3o submeter os seus conflitos a arbitragem ou recorrer aos tribunais comuns, observadas as regras de jurisdi\u00e7\u00e3o e compet\u00eancia para a mat\u00e9ria. Caso haja alguma controv\u00e9rsia, a mesma ser\u00e1 ouvida nos tribunais de Manresa.<br><br>&nbsp;<br><br><strong>ISEN\u00c7\u00c3O DE RESPONSABILIDADE<\/strong><br>Avient Implant System, S.L.U. declara que adotou todas as medidas necess\u00e1rias para evitar qualquer dano aos utilizadores do seu site que possa advir da navega\u00e7\u00e3o no mesmo. Consequentemente, o Avinent Implant System, S.L.U. n\u00e3o se responsabiliza, em caso algum, por eventuais erros de seguran\u00e7a que possam ocorrer ou por quaisquer danos ou preju\u00edzos que possam ser causados \u200b\u200bao sistema inform\u00e1tico do Utilizador, aos ficheiros ou documentos nele armazenados como consequ\u00eancia do acesso ao Avinent Implant System, S.L.U. sites. ou a utiliza\u00e7\u00e3o de informa\u00e7\u00f5es ou aplica\u00e7\u00f5es nele contidas. Avient Implant System, S.L.U.<br>Da mesma forma, a Avinent n\u00e3o ser\u00e1 respons\u00e1vel em caso algum pela impossibilidade de oferecer o servi\u00e7o web devido a casos de for\u00e7a maior, como inunda\u00e7\u00f5es, cortes prolongados de energia, explos\u00f5es, etc.<br><br>&nbsp;<br><br><strong>ALTERA\u00c7\u00d5ES AO AVISO LEGAL<\/strong><br>Avient Implant System, S.L.U. reserva-se o direito de, sem aviso pr\u00e9vio e a qualquer momento, modificar o Aviso Legal aqui estabelecido. Por este motivo, \u00e9 recomend\u00e1vel que leia isto em todas as liga\u00e7\u00f5es.<br>Estas modifica\u00e7\u00f5es ser\u00e3o vinculativas enquanto forem publicadas no site e at\u00e9 que sejam validamente modificadas por modifica\u00e7\u00f5es posteriores.\t\t\t\t\t\t\t\t<\/div>\n\t\t\t\t<\/div>\n\t\t\t\t\t<\/div>\n\t\t\t\t<\/div>\n\t\t\t\t<\/div>\n\t\t","protected":false},"excerpt":{"rendered":"<p>Aviso legal De acordo com o artigo 10.\u00ba da Lei 34\/2002, de 11 de Julho, de Servi\u00e7os da Sociedade da Informa\u00e7\u00e3o e Com\u00e9rcio Electr\u00f3nico, informamos que este site e o dom\u00ednio avinent.com pertencem a: AVINENT IMPLANT SYSTEM, S.L.U. Carretera de Navarcles, 107, Pol. Ind. Santa Ana I. 08251 Santpedor (Barcelona). T. +34 902 38 38 [&hellip;]<\/p>\n","protected":false},"author":2,"featured_media":0,"parent":0,"menu_order":209,"comment_status":"closed","ping_status":"closed","template":"elementor_header_footer","meta":{"_acf_changed":false,"inline_featured_image":false,"footnotes":""},"class_list":["post-31649","page","type-page","status-publish","hentry"],"acf":[],"yoast_head":"<!-- This site is optimized with the Yoast SEO plugin v26.8 - https:\/\/yoast.com\/product\/yoast-seo-wordpress\/ -->\n<title>Aviso legal | Avinent<\/title>\n<meta name=\"description\" content=\"Aviso legal De acordo com o artigo 10.\u00ba da Lei 34\/2002, de 11 de Julho, de Servi\u00e7os da Sociedade da Informa\u00e7\u00e3o e Com\u00e9rcio Electr\u00f3nico, informamos que este \u2713\" \/>\n<meta name=\"robots\" content=\"noindex, nofollow\" \/>\n<meta property=\"og:locale\" content=\"pt_PT\" \/>\n<meta property=\"og:type\" content=\"article\" \/>\n<meta property=\"og:title\" content=\"Aviso legal | Avinent\" \/>\n<meta property=\"og:description\" content=\"Aviso legal De acordo com o artigo 10.\u00ba da Lei 34\/2002, de 11 de Julho, de Servi\u00e7os da Sociedade da Informa\u00e7\u00e3o e Com\u00e9rcio Electr\u00f3nico, informamos que este \u2713\" \/>\n<meta property=\"og:url\" content=\"https:\/\/avinent.com\/aviso-legal\/\" \/>\n<meta property=\"og:site_name\" content=\"Avinent\" \/>\n<meta property=\"article:modified_time\" content=\"2025-04-28T10:35:32+00:00\" \/>\n<meta name=\"twitter:card\" content=\"summary_large_image\" \/>\n<meta name=\"twitter:label1\" content=\"Est. reading time\" \/>\n\t<meta name=\"twitter:data1\" content=\"6 minutes\" \/>\n<script type=\"application\/ld+json\" class=\"yoast-schema-graph\">{\"@context\":\"https:\/\/schema.org\",\"@graph\":[{\"@type\":\"WebPage\",\"@id\":\"https:\/\/avinent.com\/aviso-legal\/\",\"url\":\"https:\/\/avinent.com\/aviso-legal\/\",\"name\":\"Aviso legal | Avinent\",\"isPartOf\":{\"@id\":\"https:\/\/avinent.com\/#website\"},\"datePublished\":\"2021-10-16T13:24:59+00:00\",\"dateModified\":\"2025-04-28T10:35:32+00:00\",\"description\":\"Aviso legal De acordo com o artigo 10.\u00ba da Lei 34\/2002, de 11 de Julho, de Servi\u00e7os da Sociedade da Informa\u00e7\u00e3o e Com\u00e9rcio Electr\u00f3nico, informamos que este \u2713\",\"breadcrumb\":{\"@id\":\"https:\/\/avinent.com\/aviso-legal\/#breadcrumb\"},\"inLanguage\":\"pt\",\"potentialAction\":[{\"@type\":\"ReadAction\",\"target\":[\"https:\/\/avinent.com\/aviso-legal\/\"]}]},{\"@type\":\"BreadcrumbList\",\"@id\":\"https:\/\/avinent.com\/aviso-legal\/#breadcrumb\",\"itemListElement\":[{\"@type\":\"ListItem\",\"position\":1,\"name\":\"Portada\",\"item\":\"https:\/\/avinent.com\/\"},{\"@type\":\"ListItem\",\"position\":2,\"name\":\"Aviso legal\"}]},{\"@type\":\"WebSite\",\"@id\":\"https:\/\/avinent.com\/#website\",\"url\":\"https:\/\/avinent.com\/\",\"name\":\"Avinent\",\"description\":\"Todas las soluciones m\u00e9dicas y dentales\",\"publisher\":{\"@id\":\"https:\/\/avinent.com\/#organization\"},\"potentialAction\":[{\"@type\":\"SearchAction\",\"target\":{\"@type\":\"EntryPoint\",\"urlTemplate\":\"https:\/\/avinent.com\/?s={search_term_string}\"},\"query-input\":{\"@type\":\"PropertyValueSpecification\",\"valueRequired\":true,\"valueName\":\"search_term_string\"}}],\"inLanguage\":\"pt\"},{\"@type\":\"Organization\",\"@id\":\"https:\/\/avinent.com\/#organization\",\"name\":\"Avinent\",\"url\":\"https:\/\/avinent.com\/\",\"logo\":{\"@type\":\"ImageObject\",\"inLanguage\":\"pt\",\"@id\":\"https:\/\/avinent.com\/#\/schema\/logo\/image\/\",\"url\":\"https:\/\/avinent.com\/wp-content\/uploads\/2021\/10\/cropped-9216650250dc9798b51ff14a0e1c16c7.png\",\"contentUrl\":\"https:\/\/avinent.com\/wp-content\/uploads\/2021\/10\/cropped-9216650250dc9798b51ff14a0e1c16c7.png\",\"width\":122,\"height\":79,\"caption\":\"Avinent\"},\"image\":{\"@id\":\"https:\/\/avinent.com\/#\/schema\/logo\/image\/\"}}]}<\/script>\n<!-- \/ Yoast SEO plugin. -->","yoast_head_json":{"title":"Aviso legal | Avinent","description":"Aviso legal De acordo com o artigo 10.\u00ba da Lei 34\/2002, de 11 de Julho, de Servi\u00e7os da Sociedade da Informa\u00e7\u00e3o e Com\u00e9rcio Electr\u00f3nico, informamos que este \u2713","robots":{"index":"noindex","follow":"nofollow"},"og_locale":"pt_PT","og_type":"article","og_title":"Aviso legal | Avinent","og_description":"Aviso legal De acordo com o artigo 10.\u00ba da Lei 34\/2002, de 11 de Julho, de Servi\u00e7os da Sociedade da Informa\u00e7\u00e3o e Com\u00e9rcio Electr\u00f3nico, informamos que este \u2713","og_url":"https:\/\/avinent.com\/aviso-legal\/","og_site_name":"Avinent","article_modified_time":"2025-04-28T10:35:32+00:00","twitter_card":"summary_large_image","twitter_misc":{"Est. reading time":"6 minutes"},"schema":{"@context":"https:\/\/schema.org","@graph":[{"@type":"WebPage","@id":"https:\/\/avinent.com\/aviso-legal\/","url":"https:\/\/avinent.com\/aviso-legal\/","name":"Aviso legal | Avinent","isPartOf":{"@id":"https:\/\/avinent.com\/#website"},"datePublished":"2021-10-16T13:24:59+00:00","dateModified":"2025-04-28T10:35:32+00:00","description":"Aviso legal De acordo com o artigo 10.\u00ba da Lei 34\/2002, de 11 de Julho, de Servi\u00e7os da Sociedade da Informa\u00e7\u00e3o e Com\u00e9rcio Electr\u00f3nico, informamos que este \u2713","breadcrumb":{"@id":"https:\/\/avinent.com\/aviso-legal\/#breadcrumb"},"inLanguage":"pt","potentialAction":[{"@type":"ReadAction","target":["https:\/\/avinent.com\/aviso-legal\/"]}]},{"@type":"BreadcrumbList","@id":"https:\/\/avinent.com\/aviso-legal\/#breadcrumb","itemListElement":[{"@type":"ListItem","position":1,"name":"Portada","item":"https:\/\/avinent.com\/"},{"@type":"ListItem","position":2,"name":"Aviso legal"}]},{"@type":"WebSite","@id":"https:\/\/avinent.com\/#website","url":"https:\/\/avinent.com\/","name":"Avinent","description":"Todas las soluciones m\u00e9dicas y dentales","publisher":{"@id":"https:\/\/avinent.com\/#organization"},"potentialAction":[{"@type":"SearchAction","target":{"@type":"EntryPoint","urlTemplate":"https:\/\/avinent.com\/?s={search_term_string}"},"query-input":{"@type":"PropertyValueSpecification","valueRequired":true,"valueName":"search_term_string"}}],"inLanguage":"pt"},{"@type":"Organization","@id":"https:\/\/avinent.com\/#organization","name":"Avinent","url":"https:\/\/avinent.com\/","logo":{"@type":"ImageObject","inLanguage":"pt","@id":"https:\/\/avinent.com\/#\/schema\/logo\/image\/","url":"https:\/\/avinent.com\/wp-content\/uploads\/2021\/10\/cropped-9216650250dc9798b51ff14a0e1c16c7.png","contentUrl":"https:\/\/avinent.com\/wp-content\/uploads\/2021\/10\/cropped-9216650250dc9798b51ff14a0e1c16c7.png","width":122,"height":79,"caption":"Avinent"},"image":{"@id":"https:\/\/avinent.com\/#\/schema\/logo\/image\/"}}]}},"_links":{"self":[{"href":"https:\/\/avinent.com\/pt-pt\/wp-json\/wp\/v2\/pages\/31649","targetHints":{"allow":["GET"]}}],"collection":[{"href":"https:\/\/avinent.com\/pt-pt\/wp-json\/wp\/v2\/pages"}],"about":[{"href":"https:\/\/avinent.com\/pt-pt\/wp-json\/wp\/v2\/types\/page"}],"author":[{"embeddable":true,"href":"https:\/\/avinent.com\/pt-pt\/wp-json\/wp\/v2\/users\/2"}],"replies":[{"embeddable":true,"href":"https:\/\/avinent.com\/pt-pt\/wp-json\/wp\/v2\/comments?post=31649"}],"version-history":[{"count":3,"href":"https:\/\/avinent.com\/pt-pt\/wp-json\/wp\/v2\/pages\/31649\/revisions"}],"predecessor-version":[{"id":33540,"href":"https:\/\/avinent.com\/pt-pt\/wp-json\/wp\/v2\/pages\/31649\/revisions\/33540"}],"wp:attachment":[{"href":"https:\/\/avinent.com\/pt-pt\/wp-json\/wp\/v2\/media?parent=31649"}],"curies":[{"name":"wp","href":"https:\/\/api.w.org\/{rel}","templated":true}]}}