{"id":35159,"date":"2025-10-28T13:00:30","date_gmt":"2025-10-28T12:00:30","guid":{"rendered":"https:\/\/avinent.com\/canal-e-codigo-etico\/"},"modified":"2025-12-12T12:11:18","modified_gmt":"2025-12-12T11:11:18","slug":"canal-e-codigo-etico","status":"publish","type":"page","link":"https:\/\/avinent.com\/pt-pt\/canal-e-codigo-etico\/","title":{"rendered":"Canal e c\u00f3digo \u00e9tico"},"content":{"rendered":"\t\t<div data-elementor-type=\"wp-page\" data-elementor-id=\"35159\" class=\"elementor elementor-35159 elementor-35014\" data-elementor-post-type=\"page\">\n\t\t\t\t<div class=\"elementor-element elementor-element-9b4cd27 e-flex e-con-boxed e-con e-parent\" data-id=\"9b4cd27\" data-element_type=\"container\" data-e-type=\"container\">\n\t\t\t\t\t<div class=\"e-con-inner\">\n\t\t\t\t<div class=\"elementor-element elementor-element-8b03094 elementor-widget elementor-widget-heading\" data-id=\"8b03094\" data-element_type=\"widget\" data-e-type=\"widget\" data-widget_type=\"heading.default\">\n\t\t\t\t<div class=\"elementor-widget-container\">\n\t\t\t\t\t<h1 class=\"elementor-heading-title elementor-size-default\">Canal e c\u00f3digo \u00e9tico<\/h1>\t\t\t\t<\/div>\n\t\t\t\t<\/div>\n\t\t\t\t<div class=\"elementor-element elementor-element-e956df5 elementor-widget elementor-widget-text-editor\" data-id=\"e956df5\" data-element_type=\"widget\" data-e-type=\"widget\" data-widget_type=\"text-editor.default\">\n\t\t\t\t<div class=\"elementor-widget-container\">\n\t\t\t\t\t\t\t\t\t<p>O AVINENT GROUP, atrav\u00e9s do seu c\u00f3digo \u00e9tico, divulga publicamente os valores e padr\u00f5es de comportamento de todo o seu pessoal, bem como a sua rela\u00e7\u00e3o com terceiros. Pode consult\u00e1-lo <span style=\"text-decoration: underline;\"><a style=\"color: inherit; text-decoration: underline;\" href=\"https:\/\/avinent.com\/wp-content\/uploads\/2025\/12\/Code-of-Ethics_Avinent-Group.pdf\">clicando aqui<\/a><\/span>.<\/p>\n<p>O AVINENT GROUP tem um compromisso firme com o cumprimento normativo e outras regulamenta\u00e7\u00f5es volunt\u00e1rias que lhe s\u00e3o aplic\u00e1veis. \u00c9 por isso que, e com o objetivo de cumprir a lei 2\/2023, se acreditar que pode haver algum incumprimento desta lei, pode entrar em contacto connosco atrav\u00e9s deste canal \u00e9tico.<\/p>\n<p>Pode aceder \u00e0 pol\u00edtica de privacidade <a style=\"color: inherit; text-decoration: underline;\" href=\"https:\/\/avinent.com\/pt-pt\/politica-de-privacidade\/\">clicando aqui<\/a>.<\/p>\n<p>Para entrar em contacto connosco, disponibilizamos os seguintes canais de comunica\u00e7\u00e3o:<\/p>\n\t\t\t\t\t\t\t\t<\/div>\n\t\t\t\t<\/div>\n\t\t\t\t\t<\/div>\n\t\t\t\t<\/div>\n\t\t<div class=\"elementor-element elementor-element-790f2e2 e-flex e-con-boxed e-con e-parent\" data-id=\"790f2e2\" data-element_type=\"container\" data-e-type=\"container\">\n\t\t\t\t\t<div class=\"e-con-inner\">\n\t\t<div class=\"elementor-element elementor-element-b0c5aea e-con-full e-flex e-con e-child\" data-id=\"b0c5aea\" data-element_type=\"container\" data-e-type=\"container\">\n\t\t\t\t<div class=\"elementor-element elementor-element-3c5dc11 elementor-widget elementor-widget-text-editor\" data-id=\"3c5dc11\" data-element_type=\"widget\" data-e-type=\"widget\" data-widget_type=\"text-editor.default\">\n\t\t\t\t<div class=\"elementor-widget-container\">\n\t\t\t\t\t\t\t\t\t<h3 style=\"text-align: center;\"><strong>FORMUL\u00c1RIO INTERNO<\/strong><\/h3>\n<p>As comunica\u00e7\u00f5es formuladas atrav\u00e9s do formul\u00e1rio \u00abCanal \u00e9tico\u00bb podem ser feitas por escrito no formul\u00e1rio que se encontra <a style=\"color: inherit; text-decoration: none;\" href=\"https:\/\/centinela.lefebvre.es\/public\/concept\/2293031\"><span style=\"text-decoration: underline;\">clicando aqui<\/span><\/a>.<\/p>\n\t\t\t\t\t\t\t\t<\/div>\n\t\t\t\t<\/div>\n\t\t\t\t<\/div>\n\t\t<div class=\"elementor-element elementor-element-6a03474 e-con-full e-flex e-con e-child\" data-id=\"6a03474\" data-element_type=\"container\" data-e-type=\"container\">\n\t\t\t\t<div class=\"elementor-element elementor-element-2070ccb elementor-widget elementor-widget-text-editor\" data-id=\"2070ccb\" data-element_type=\"widget\" data-e-type=\"widget\" data-widget_type=\"text-editor.default\">\n\t\t\t\t<div class=\"elementor-widget-container\">\n\t\t\t\t\t\t\t\t\t<h3 style=\"text-align: center;\"><strong>COMUNICA\u00c7\u00c3O POR ESCRITO<\/strong><\/h3>\n<p>Enviando uma comunica\u00e7\u00e3o por escrito \u00e0 aten\u00e7\u00e3o do Respons\u00e1vel pelo Sistema Interno de Informa\u00e7\u00e3o para o seguinte endere\u00e7o postal:<\/p>\n<p style=\"padding-left: 40px;\">Carretera de Navarcles, 107<br \/>Pol. Ind. Santa Anna I<br \/>08251, Santpedor, Barcelona.<\/p>\n\t\t\t\t\t\t\t\t<\/div>\n\t\t\t\t<\/div>\n\t\t\t\t<\/div>\n\t\t\t\t\t<\/div>\n\t\t\t\t<\/div>\n\t\t<div class=\"elementor-element elementor-element-8c7311e e-flex e-con-boxed e-con e-parent\" data-id=\"8c7311e\" data-element_type=\"container\" data-e-type=\"container\">\n\t\t\t\t\t<div class=\"e-con-inner\">\n\t\t<div class=\"elementor-element elementor-element-ce41baf e-con-full e-flex e-con e-child\" data-id=\"ce41baf\" data-element_type=\"container\" data-e-type=\"container\">\n\t\t\t\t<div class=\"elementor-element elementor-element-ee70335 elementor-widget elementor-widget-text-editor\" data-id=\"ee70335\" data-element_type=\"widget\" data-e-type=\"widget\" data-widget_type=\"text-editor.default\">\n\t\t\t\t<div class=\"elementor-widget-container\">\n\t\t\t\t\t\t\t\t\t<h3 style=\"text-align: center;\"><strong>COMUNICA\u00c7\u00c3O PRESENCIAL<\/strong><\/h3>\n<p>Pode efetuar esta comunica\u00e7\u00e3o presencialmente nas nossas instala\u00e7\u00f5es situadas em <a href=\"https:\/\/maps.app.goo.gl\/zm55QBPHmiVXmmNQ6\">Carretera de Navarcles, 107, Pol. Ind. Santa Anna I, 08251, Santpedor, Barcelona<\/a>. Neste caso, dever\u00e1 solicitar falar com o Respons\u00e1vel pelo Sistema Interno de Informa\u00e7\u00e3o para poder efetuar a comunica\u00e7\u00e3o corretamente.<\/p>\n\t\t\t\t\t\t\t\t<\/div>\n\t\t\t\t<\/div>\n\t\t\t\t<\/div>\n\t\t<div class=\"elementor-element elementor-element-b472472 e-con-full e-flex e-con e-child\" data-id=\"b472472\" data-element_type=\"container\" data-e-type=\"container\">\n\t\t\t\t<div class=\"elementor-element elementor-element-e610e17 elementor-widget elementor-widget-text-editor\" data-id=\"e610e17\" data-element_type=\"widget\" data-e-type=\"widget\" data-widget_type=\"text-editor.default\">\n\t\t\t\t<div class=\"elementor-widget-container\">\n\t\t\t\t\t\t\t\t\t<h3 style=\"text-align: center;\"><strong>COMUNICA\u00c7\u00c3O TELEF\u00d3NICA<\/strong><\/h3>\n<p>Por \u00faltimo, tamb\u00e9m pode realizar a comunica\u00e7\u00e3o por telefone, ligando para o n\u00famero <a href=\"tel:938273465\"><span data-olk-copy-source=\"MessageBody\">938 273 465<\/span> <\/a>e solicitando igualmente o Respons\u00e1vel pelo Sistema Interno de Informa\u00e7\u00e3o. Informamos tamb\u00e9m que esta comunica\u00e7\u00e3o pode ser realizada de forma an\u00f3nima, se assim o considerar oportuno.<\/p>\n\t\t\t\t\t\t\t\t<\/div>\n\t\t\t\t<\/div>\n\t\t\t\t<\/div>\n\t\t\t\t\t<\/div>\n\t\t\t\t<\/div>\n\t\t\t\t<\/div>\n\t\t","protected":false},"excerpt":{"rendered":"<p>Canal e c\u00f3digo \u00e9tico O AVINENT GROUP, atrav\u00e9s do seu c\u00f3digo \u00e9tico, divulga publicamente os valores e padr\u00f5es de comportamento de todo o seu pessoal, bem como a sua rela\u00e7\u00e3o com terceiros. Pode consult\u00e1-lo clicando aqui. O AVINENT GROUP tem um compromisso firme com o cumprimento normativo e outras regulamenta\u00e7\u00f5es volunt\u00e1rias que lhe s\u00e3o aplic\u00e1veis. [&hellip;]<\/p>\n","protected":false},"author":4,"featured_media":0,"parent":0,"menu_order":209,"comment_status":"closed","ping_status":"closed","template":"elementor_header_footer","meta":{"_acf_changed":false,"inline_featured_image":false,"footnotes":""},"class_list":["post-35159","page","type-page","status-publish","hentry"],"acf":[],"yoast_head":"<!-- This site is optimized with the Yoast SEO plugin v26.8 - https:\/\/yoast.com\/product\/yoast-seo-wordpress\/ -->\n<title>Canal e c\u00f3digo \u00e9tico | Avinent<\/title>\n<meta name=\"description\" content=\"Canal e c\u00f3digo \u00e9tico O AVINENT GROUP, atrav\u00e9s do seu c\u00f3digo \u00e9tico, divulga publicamente os valores e padr\u00f5es de comportamento de todo o seu pessoal, bem \u2713\" \/>\n<meta name=\"robots\" content=\"noindex, nofollow\" \/>\n<meta property=\"og:locale\" content=\"pt_PT\" \/>\n<meta property=\"og:type\" content=\"article\" \/>\n<meta property=\"og:title\" content=\"Canal e c\u00f3digo \u00e9tico | Avinent\" \/>\n<meta property=\"og:description\" content=\"Canal e c\u00f3digo \u00e9tico O AVINENT GROUP, atrav\u00e9s do seu c\u00f3digo \u00e9tico, divulga publicamente os valores e padr\u00f5es de comportamento de todo o seu pessoal, bem \u2713\" \/>\n<meta property=\"og:url\" content=\"https:\/\/avinent.com\/canal-y-codigo-etico\/\" \/>\n<meta property=\"og:site_name\" content=\"Avinent\" \/>\n<meta property=\"article:modified_time\" content=\"2025-12-12T11:11:18+00:00\" \/>\n<meta name=\"twitter:card\" content=\"summary_large_image\" \/>\n<meta name=\"twitter:label1\" content=\"Est. reading time\" \/>\n\t<meta name=\"twitter:data1\" content=\"1 minute\" \/>\n<script type=\"application\/ld+json\" class=\"yoast-schema-graph\">{\"@context\":\"https:\/\/schema.org\",\"@graph\":[{\"@type\":\"WebPage\",\"@id\":\"https:\/\/avinent.com\/canal-y-codigo-etico\/\",\"url\":\"https:\/\/avinent.com\/canal-y-codigo-etico\/\",\"name\":\"Canal e c\u00f3digo \u00e9tico | Avinent\",\"isPartOf\":{\"@id\":\"https:\/\/avinent.com\/#website\"},\"datePublished\":\"2025-10-28T12:00:30+00:00\",\"dateModified\":\"2025-12-12T11:11:18+00:00\",\"description\":\"Canal e c\u00f3digo \u00e9tico O AVINENT GROUP, atrav\u00e9s do seu c\u00f3digo \u00e9tico, divulga publicamente os valores e padr\u00f5es de comportamento de todo o seu pessoal, bem \u2713\",\"breadcrumb\":{\"@id\":\"https:\/\/avinent.com\/canal-y-codigo-etico\/#breadcrumb\"},\"inLanguage\":\"pt\",\"potentialAction\":[{\"@type\":\"ReadAction\",\"target\":[\"https:\/\/avinent.com\/canal-y-codigo-etico\/\"]}]},{\"@type\":\"BreadcrumbList\",\"@id\":\"https:\/\/avinent.com\/canal-y-codigo-etico\/#breadcrumb\",\"itemListElement\":[{\"@type\":\"ListItem\",\"position\":1,\"name\":\"Portada\",\"item\":\"https:\/\/avinent.com\/pt-pt\/home\/\"},{\"@type\":\"ListItem\",\"position\":2,\"name\":\"Canal e c\u00f3digo \u00e9tico\"}]},{\"@type\":\"WebSite\",\"@id\":\"https:\/\/avinent.com\/#website\",\"url\":\"https:\/\/avinent.com\/\",\"name\":\"Avinent\",\"description\":\"Todas las soluciones m\u00e9dicas y dentales\",\"publisher\":{\"@id\":\"https:\/\/avinent.com\/#organization\"},\"potentialAction\":[{\"@type\":\"SearchAction\",\"target\":{\"@type\":\"EntryPoint\",\"urlTemplate\":\"https:\/\/avinent.com\/?s={search_term_string}\"},\"query-input\":{\"@type\":\"PropertyValueSpecification\",\"valueRequired\":true,\"valueName\":\"search_term_string\"}}],\"inLanguage\":\"pt\"},{\"@type\":\"Organization\",\"@id\":\"https:\/\/avinent.com\/#organization\",\"name\":\"Avinent\",\"url\":\"https:\/\/avinent.com\/\",\"logo\":{\"@type\":\"ImageObject\",\"inLanguage\":\"pt\",\"@id\":\"https:\/\/avinent.com\/#\/schema\/logo\/image\/\",\"url\":\"https:\/\/avinent.com\/wp-content\/uploads\/2021\/10\/cropped-9216650250dc9798b51ff14a0e1c16c7.png\",\"contentUrl\":\"https:\/\/avinent.com\/wp-content\/uploads\/2021\/10\/cropped-9216650250dc9798b51ff14a0e1c16c7.png\",\"width\":122,\"height\":79,\"caption\":\"Avinent\"},\"image\":{\"@id\":\"https:\/\/avinent.com\/#\/schema\/logo\/image\/\"}}]}<\/script>\n<!-- \/ Yoast SEO plugin. -->","yoast_head_json":{"title":"Canal e c\u00f3digo \u00e9tico | Avinent","description":"Canal e c\u00f3digo \u00e9tico O AVINENT GROUP, atrav\u00e9s do seu c\u00f3digo \u00e9tico, divulga publicamente os valores e padr\u00f5es de comportamento de todo o seu pessoal, bem \u2713","robots":{"index":"noindex","follow":"nofollow"},"og_locale":"pt_PT","og_type":"article","og_title":"Canal e c\u00f3digo \u00e9tico | Avinent","og_description":"Canal e c\u00f3digo \u00e9tico O AVINENT GROUP, atrav\u00e9s do seu c\u00f3digo \u00e9tico, divulga publicamente os valores e padr\u00f5es de comportamento de todo o seu pessoal, bem \u2713","og_url":"https:\/\/avinent.com\/canal-y-codigo-etico\/","og_site_name":"Avinent","article_modified_time":"2025-12-12T11:11:18+00:00","twitter_card":"summary_large_image","twitter_misc":{"Est. reading time":"1 minute"},"schema":{"@context":"https:\/\/schema.org","@graph":[{"@type":"WebPage","@id":"https:\/\/avinent.com\/canal-y-codigo-etico\/","url":"https:\/\/avinent.com\/canal-y-codigo-etico\/","name":"Canal e c\u00f3digo \u00e9tico | Avinent","isPartOf":{"@id":"https:\/\/avinent.com\/#website"},"datePublished":"2025-10-28T12:00:30+00:00","dateModified":"2025-12-12T11:11:18+00:00","description":"Canal e c\u00f3digo \u00e9tico O AVINENT GROUP, atrav\u00e9s do seu c\u00f3digo \u00e9tico, divulga publicamente os valores e padr\u00f5es de comportamento de todo o seu pessoal, bem \u2713","breadcrumb":{"@id":"https:\/\/avinent.com\/canal-y-codigo-etico\/#breadcrumb"},"inLanguage":"pt","potentialAction":[{"@type":"ReadAction","target":["https:\/\/avinent.com\/canal-y-codigo-etico\/"]}]},{"@type":"BreadcrumbList","@id":"https:\/\/avinent.com\/canal-y-codigo-etico\/#breadcrumb","itemListElement":[{"@type":"ListItem","position":1,"name":"Portada","item":"https:\/\/avinent.com\/pt-pt\/home\/"},{"@type":"ListItem","position":2,"name":"Canal e c\u00f3digo \u00e9tico"}]},{"@type":"WebSite","@id":"https:\/\/avinent.com\/#website","url":"https:\/\/avinent.com\/","name":"Avinent","description":"Todas las soluciones m\u00e9dicas y dentales","publisher":{"@id":"https:\/\/avinent.com\/#organization"},"potentialAction":[{"@type":"SearchAction","target":{"@type":"EntryPoint","urlTemplate":"https:\/\/avinent.com\/?s={search_term_string}"},"query-input":{"@type":"PropertyValueSpecification","valueRequired":true,"valueName":"search_term_string"}}],"inLanguage":"pt"},{"@type":"Organization","@id":"https:\/\/avinent.com\/#organization","name":"Avinent","url":"https:\/\/avinent.com\/","logo":{"@type":"ImageObject","inLanguage":"pt","@id":"https:\/\/avinent.com\/#\/schema\/logo\/image\/","url":"https:\/\/avinent.com\/wp-content\/uploads\/2021\/10\/cropped-9216650250dc9798b51ff14a0e1c16c7.png","contentUrl":"https:\/\/avinent.com\/wp-content\/uploads\/2021\/10\/cropped-9216650250dc9798b51ff14a0e1c16c7.png","width":122,"height":79,"caption":"Avinent"},"image":{"@id":"https:\/\/avinent.com\/#\/schema\/logo\/image\/"}}]}},"_links":{"self":[{"href":"https:\/\/avinent.com\/pt-pt\/wp-json\/wp\/v2\/pages\/35159","targetHints":{"allow":["GET"]}}],"collection":[{"href":"https:\/\/avinent.com\/pt-pt\/wp-json\/wp\/v2\/pages"}],"about":[{"href":"https:\/\/avinent.com\/pt-pt\/wp-json\/wp\/v2\/types\/page"}],"author":[{"embeddable":true,"href":"https:\/\/avinent.com\/pt-pt\/wp-json\/wp\/v2\/users\/4"}],"replies":[{"embeddable":true,"href":"https:\/\/avinent.com\/pt-pt\/wp-json\/wp\/v2\/comments?post=35159"}],"version-history":[{"count":2,"href":"https:\/\/avinent.com\/pt-pt\/wp-json\/wp\/v2\/pages\/35159\/revisions"}],"predecessor-version":[{"id":35428,"href":"https:\/\/avinent.com\/pt-pt\/wp-json\/wp\/v2\/pages\/35159\/revisions\/35428"}],"wp:attachment":[{"href":"https:\/\/avinent.com\/pt-pt\/wp-json\/wp\/v2\/media?parent=35159"}],"curies":[{"name":"wp","href":"https:\/\/api.w.org\/{rel}","templated":true}]}}